{"id":1079,"date":"2022-01-31T16:08:30","date_gmt":"2022-01-31T15:08:30","guid":{"rendered":"https:\/\/www.cruise-friendly.com\/fr\/cable-car-to-mont-faron-world-war-ii-museum"},"modified":"2022-05-05T08:29:08","modified_gmt":"2022-05-05T08:29:08","slug":"telepherique-du-mont-faron-et-musee-de-la-seconde-guerre-mondiale","status":"publish","type":"page","link":"https:\/\/www.cruise-friendly.com\/fr\/destinations-cruise-friendly\/toulon\/telepherique-du-mont-faron-et-musee-de-la-seconde-guerre-mondiale\/","title":{"rendered":"T\u00e9l\u00e9ph\u00e9rique du Mont Faron et  mus\u00e9e de la Seconde\u00a0Guerre mondiale"},"content":{"rendered":"\n<p class=\"has-text-align-center\">Venez profiter d&rsquo;un magnifique panorama au sommet du Mont Faron ! De l\u00e0-haut, la vue embrasse toute la Rade de Toulon, c&rsquo;est peut-\u00eatre aussi l&rsquo;occasion de visiter le mus\u00e9e de la Seconde Guerre mondiale, id\u00e9alement situ\u00e9 au sommet de la colline.<\/p>\n\n\n\n<div class=\"wp-block-buttons is-content-justification-center\">\n<div class=\"wp-block-button\"><a class=\"wp-block-button__link\" href=\"https:\/\/www.varprovence-cruise.com\/fr\/bnb\/telepherique-du-mont-faron-aller-retour-avec-entree-au-memorial\/\" style=\"border-radius:5px\" target=\"_blank\" rel=\"noreferrer noopener\">Plus d&rsquo;informations<\/a><\/div>\n<\/div>\n","protected":false},"excerpt":{"rendered":"<p>Venez profiter d&rsquo;un magnifique panorama au sommet du Mont Faron ! De l\u00e0-haut, la vue embrasse toute la Rade de Toulon, c&rsquo;est peut-\u00eatre aussi l&rsquo;occasion de visiter le mus\u00e9e de la Seconde Guerre mondiale, id\u00e9alement situ\u00e9 au sommet de la colline.<\/p>\n","protected":false},"author":1,"featured_media":1080,"parent":75,"menu_order":0,"comment_status":"closed","ping_status":"closed","template":"","meta":{"_relevanssi_hide_post":"","_relevanssi_pin_for_all":"","_relevanssi_pin_keywords":"","_relevanssi_unpin_keywords":"","_relevanssi_related_keywords":"","_relevanssi_related_include_ids":"","_relevanssi_related_exclude_ids":"","_relevanssi_related_no_append":"","_relevanssi_related_not_related":"","_relevanssi_related_posts":"847,247,521,251,252,245","_relevanssi_noindex_reason":""},"yoast_head":"<!-- This site is optimized with the Yoast SEO plugin v16.1.1 - https:\/\/yoast.com\/wordpress\/plugins\/seo\/ -->\n<meta name=\"description\" content=\"Venez profiter d&#039;un magnifique panorama au sommet du Mont Faron ! De l\u00e0-haut, la vue embrasse toute la Rade de Toulon, c&#039;est peut-\u00eatre aussi l&#039;occasion de\" \/>\n<link rel=\"canonical\" href=\"https:\/\/www.cruise-friendly.com\/fr\/destinations-cruise-friendly\/toulon\/telepherique-du-mont-faron-et-musee-de-la-seconde-guerre-mondiale\/\" \/>\n<meta property=\"og:locale\" content=\"fr_FR\" \/>\n<meta property=\"og:type\" content=\"article\" \/>\n<meta property=\"og:title\" content=\"T\u00e9l\u00e9ph\u00e9rique du Mont Faron et mus\u00e9e de la Seconde\u00a0Guerre mondiale - Cruise Friendly FR\" \/>\n<meta property=\"og:description\" content=\"Venez profiter d&#039;un magnifique panorama au sommet du Mont Faron ! De l\u00e0-haut, la vue embrasse toute la Rade de Toulon, c&#039;est peut-\u00eatre aussi l&#039;occasion de\" \/>\n<meta property=\"og:url\" content=\"https:\/\/www.cruise-friendly.com\/fr\/destinations-cruise-friendly\/toulon\/telepherique-du-mont-faron-et-musee-de-la-seconde-guerre-mondiale\/\" \/>\n<meta property=\"og:site_name\" content=\"Cruise Friendly FR\" \/>\n<meta property=\"article:modified_time\" content=\"2022-05-05T08:29:08+00:00\" \/>\n<meta property=\"og:image\" content=\"https:\/\/www.cruise-friendly.com\/fr\/wp-content\/uploads\/sites\/3\/2021\/01\/cable-cart-toulon-office-de-tourisme-de-toulon.jpg\" \/>\n\t<meta property=\"og:image:width\" content=\"1200\" \/>\n\t<meta property=\"og:image:height\" content=\"580\" \/>\n<meta name=\"twitter:card\" content=\"summary_large_image\" \/>\n<meta name=\"twitter:label1\" content=\"Dur\u00e9e de lecture est.\">\n\t<meta name=\"twitter:data1\" content=\"1 minute\">\n<script type=\"application\/ld+json\" class=\"yoast-schema-graph\">{\"@context\":\"https:\/\/schema.org\",\"@graph\":[{\"@type\":\"WebSite\",\"@id\":\"https:\/\/www.cruise-friendly.com\/fr\/#website\",\"url\":\"https:\/\/www.cruise-friendly.com\/fr\/\",\"name\":\"Cruise Friendly FR\",\"description\":\"Nous nous effor\\u00e7ons de vous offrir la meilleure exp\\u00e9rience \\u00e0 terre lors de votre visite dans notre ville.\",\"potentialAction\":[{\"@type\":\"SearchAction\",\"target\":\"https:\/\/www.cruise-friendly.com\/fr\/?s={search_term_string}\",\"query-input\":\"required name=search_term_string\"}],\"inLanguage\":\"fr-FR\"},{\"@type\":\"ImageObject\",\"@id\":\"https:\/\/www.cruise-friendly.com\/fr\/destinations-cruise-friendly\/toulon\/telepherique-du-mont-faron-et-musee-de-la-seconde-guerre-mondiale\/#primaryimage\",\"inLanguage\":\"fr-FR\",\"url\":\"https:\/\/www.cruise-friendly.com\/fr\/wp-content\/uploads\/sites\/3\/2021\/01\/cable-cart-toulon-office-de-tourisme-de-toulon.jpg\",\"contentUrl\":\"https:\/\/www.cruise-friendly.com\/fr\/wp-content\/uploads\/sites\/3\/2021\/01\/cable-cart-toulon-office-de-tourisme-de-toulon.jpg\",\"width\":1200,\"height\":580},{\"@type\":\"WebPage\",\"@id\":\"https:\/\/www.cruise-friendly.com\/fr\/destinations-cruise-friendly\/toulon\/telepherique-du-mont-faron-et-musee-de-la-seconde-guerre-mondiale\/#webpage\",\"url\":\"https:\/\/www.cruise-friendly.com\/fr\/destinations-cruise-friendly\/toulon\/telepherique-du-mont-faron-et-musee-de-la-seconde-guerre-mondiale\/\",\"name\":\"T\\u00e9l\\u00e9ph\\u00e9rique du Mont Faron et mus\\u00e9e de la Seconde\\u00a0Guerre mondiale - Cruise Friendly FR\",\"isPartOf\":{\"@id\":\"https:\/\/www.cruise-friendly.com\/fr\/#website\"},\"primaryImageOfPage\":{\"@id\":\"https:\/\/www.cruise-friendly.com\/fr\/destinations-cruise-friendly\/toulon\/telepherique-du-mont-faron-et-musee-de-la-seconde-guerre-mondiale\/#primaryimage\"},\"datePublished\":\"2022-01-31T15:08:30+00:00\",\"dateModified\":\"2022-05-05T08:29:08+00:00\",\"description\":\"Venez profiter d'un magnifique panorama au sommet du Mont Faron ! De l\\u00e0-haut, la vue embrasse toute la Rade de Toulon, c'est peut-\\u00eatre aussi l'occasion de\",\"breadcrumb\":{\"@id\":\"https:\/\/www.cruise-friendly.com\/fr\/destinations-cruise-friendly\/toulon\/telepherique-du-mont-faron-et-musee-de-la-seconde-guerre-mondiale\/#breadcrumb\"},\"inLanguage\":\"fr-FR\",\"potentialAction\":[{\"@type\":\"ReadAction\",\"target\":[\"https:\/\/www.cruise-friendly.com\/fr\/destinations-cruise-friendly\/toulon\/telepherique-du-mont-faron-et-musee-de-la-seconde-guerre-mondiale\/\"]}]},{\"@type\":\"BreadcrumbList\",\"@id\":\"https:\/\/www.cruise-friendly.com\/fr\/destinations-cruise-friendly\/toulon\/telepherique-du-mont-faron-et-musee-de-la-seconde-guerre-mondiale\/#breadcrumb\",\"itemListElement\":[{\"@type\":\"ListItem\",\"position\":1,\"item\":{\"@type\":\"WebPage\",\"@id\":\"https:\/\/www.cruise-friendly.com\/fr\/\",\"url\":\"https:\/\/www.cruise-friendly.com\/fr\/\",\"name\":\"Accueil\"}},{\"@type\":\"ListItem\",\"position\":2,\"item\":{\"@type\":\"WebPage\",\"@id\":\"https:\/\/www.cruise-friendly.com\/fr\/destinations-cruise-friendly\/\",\"url\":\"https:\/\/www.cruise-friendly.com\/fr\/destinations-cruise-friendly\/\",\"name\":\"Destinations Cruise Friendly\"}},{\"@type\":\"ListItem\",\"position\":3,\"item\":{\"@type\":\"WebPage\",\"@id\":\"https:\/\/www.cruise-friendly.com\/fr\/destinations-cruise-friendly\/toulon\/\",\"url\":\"https:\/\/www.cruise-friendly.com\/fr\/destinations-cruise-friendly\/toulon\/\",\"name\":\"Toulon\"}},{\"@type\":\"ListItem\",\"position\":4,\"item\":{\"@type\":\"WebPage\",\"@id\":\"https:\/\/www.cruise-friendly.com\/fr\/destinations-cruise-friendly\/toulon\/telepherique-du-mont-faron-et-musee-de-la-seconde-guerre-mondiale\/\",\"url\":\"https:\/\/www.cruise-friendly.com\/fr\/destinations-cruise-friendly\/toulon\/telepherique-du-mont-faron-et-musee-de-la-seconde-guerre-mondiale\/\",\"name\":\"T\\u00e9l\\u00e9ph\\u00e9rique du Mont Faron et mus\\u00e9e de la Seconde\\u00a0Guerre mondiale\"}}]}]}<\/script>\n<!-- \/ Yoast SEO plugin. -->","_links":{"self":[{"href":"https:\/\/www.cruise-friendly.com\/fr\/wp-json\/wp\/v2\/pages\/1079"}],"collection":[{"href":"https:\/\/www.cruise-friendly.com\/fr\/wp-json\/wp\/v2\/pages"}],"about":[{"href":"https:\/\/www.cruise-friendly.com\/fr\/wp-json\/wp\/v2\/types\/page"}],"author":[{"embeddable":true,"href":"https:\/\/www.cruise-friendly.com\/fr\/wp-json\/wp\/v2\/users\/1"}],"replies":[{"embeddable":true,"href":"https:\/\/www.cruise-friendly.com\/fr\/wp-json\/wp\/v2\/comments?post=1079"}],"version-history":[{"count":2,"href":"https:\/\/www.cruise-friendly.com\/fr\/wp-json\/wp\/v2\/pages\/1079\/revisions"}],"predecessor-version":[{"id":7455,"href":"https:\/\/www.cruise-friendly.com\/fr\/wp-json\/wp\/v2\/pages\/1079\/revisions\/7455"}],"up":[{"embeddable":true,"href":"https:\/\/www.cruise-friendly.com\/fr\/wp-json\/wp\/v2\/pages\/75"}],"wp:featuredmedia":[{"embeddable":true,"href":"https:\/\/www.cruise-friendly.com\/fr\/wp-json\/wp\/v2\/media\/1080"}],"wp:attachment":[{"href":"https:\/\/www.cruise-friendly.com\/fr\/wp-json\/wp\/v2\/media?parent=1079"}],"curies":[{"name":"wp","href":"https:\/\/api.w.org\/{rel}","templated":true}]}}