{"id":1126,"date":"2022-01-31T16:08:30","date_gmt":"2022-01-31T15:08:30","guid":{"rendered":"https:\/\/www.cruise-friendly.com\/fr\/the-shipyards-bascule-bridge"},"modified":"2022-02-06T18:11:39","modified_gmt":"2022-02-06T18:11:39","slug":"le-pont-levant-des-chantiers-navals","status":"publish","type":"page","link":"https:\/\/www.cruise-friendly.com\/fr\/destinations-cruise-friendly\/la-seyne-sur-mer\/le-pont-levant-des-chantiers-navals\/","title":{"rendered":"Le pont Levant des chantiers navals"},"content":{"rendered":"\n<p class=\"has-text-align-center\">Les chantiers navals de La Seyne-sur-Mer ont \u00e9t\u00e9 construits en 1856 dans le but de lib\u00e9rer les navires marchands. Le pont Levant ouvert en 1917 reliait \u00e0 cette \u00e9poque la gare aux chantiers navals. Inscrit \u00e0 l&rsquo;inventaire suppl\u00e9mentaire des Monuments Historiques depuis 1987, le pont des chantiers navals accueille d\u00e9sormais un belv\u00e9d\u00e8re (40 m de haut) d&rsquo;o\u00f9 l&rsquo;on peut admirer la plus belle baie d&rsquo;Europe.<\/p>\n\n\n\n<div class=\"wp-block-buttons is-content-justification-center\">\n<div class=\"wp-block-button\"><a class=\"wp-block-button__link has-background\" href=\"https:\/\/www.varprovence-cruise.com\/cultural-heritage\/the-shipyards-bascule-bridge\/\" style=\"border-radius:50px;background:linear-gradient(135deg,rgb(2,3,129) 0%,rgb(40,116,252) 52%)\" target=\"_blank\" rel=\"noreferrer noopener\">Plus d&rsquo;informations<\/a><\/div>\n<\/div>\n","protected":false},"excerpt":{"rendered":"<p>Les chantiers navals de La Seyne-sur-Mer ont \u00e9t\u00e9 construits en 1856 dans le but de lib\u00e9rer les navires marchands. Le pont Levant ouvert en 1917 reliait \u00e0 cette \u00e9poque la gare aux chantiers navals. Inscrit \u00e0 l&rsquo;inventaire suppl\u00e9mentaire des Monuments Historiques depuis 1987, le pont des chantiers navals accueille d\u00e9sormais un belv\u00e9d\u00e8re (40 m de [&hellip;]<\/p>\n","protected":false},"author":1,"featured_media":1581,"parent":76,"menu_order":0,"comment_status":"closed","ping_status":"closed","template":"","meta":{"_relevanssi_hide_post":"","_relevanssi_pin_for_all":"","_relevanssi_pin_keywords":"","_relevanssi_unpin_keywords":"","_relevanssi_related_keywords":"","_relevanssi_related_include_ids":"","_relevanssi_related_exclude_ids":"","_relevanssi_related_no_append":"","_relevanssi_related_not_related":"","_relevanssi_related_posts":"847,521,252,245,247,251","_relevanssi_noindex_reason":""},"yoast_head":"<!-- This site is optimized with the Yoast SEO plugin v16.1.1 - https:\/\/yoast.com\/wordpress\/plugins\/seo\/ -->\n<meta name=\"description\" content=\"Les chantiers navals de La Seyne-sur-Mer ont \u00e9t\u00e9 construits en 1856 dans le but de lib\u00e9rer les navires marchands. Le pont Levant ouvert en 1917 reliait \u00e0\" \/>\n<link rel=\"canonical\" href=\"https:\/\/www.cruise-friendly.com\/fr\/destinations-cruise-friendly\/la-seyne-sur-mer\/le-pont-levant-des-chantiers-navals\/\" \/>\n<meta property=\"og:locale\" content=\"fr_FR\" \/>\n<meta property=\"og:type\" content=\"article\" \/>\n<meta property=\"og:title\" content=\"Le pont Levant des chantiers navals - Cruise Friendly FR\" \/>\n<meta property=\"og:description\" content=\"Les chantiers navals de La Seyne-sur-Mer ont \u00e9t\u00e9 construits en 1856 dans le but de lib\u00e9rer les navires marchands. Le pont Levant ouvert en 1917 reliait \u00e0\" \/>\n<meta property=\"og:url\" content=\"https:\/\/www.cruise-friendly.com\/fr\/destinations-cruise-friendly\/la-seyne-sur-mer\/le-pont-levant-des-chantiers-navals\/\" \/>\n<meta property=\"og:site_name\" content=\"Cruise Friendly FR\" \/>\n<meta property=\"article:modified_time\" content=\"2022-02-06T18:11:39+00:00\" \/>\n<meta property=\"og:image\" content=\"https:\/\/www.cruise-friendly.com\/fr\/wp-content\/uploads\/sites\/3\/2021\/01\/800x600_142738-walzl_1682_2012.jpg\" \/>\n\t<meta property=\"og:image:width\" content=\"800\" \/>\n\t<meta property=\"og:image:height\" content=\"536\" \/>\n<meta name=\"twitter:card\" content=\"summary_large_image\" \/>\n<meta name=\"twitter:label1\" content=\"Dur\u00e9e de lecture est.\">\n\t<meta name=\"twitter:data1\" content=\"1 minute\">\n<script type=\"application\/ld+json\" class=\"yoast-schema-graph\">{\"@context\":\"https:\/\/schema.org\",\"@graph\":[{\"@type\":\"WebSite\",\"@id\":\"https:\/\/www.cruise-friendly.com\/fr\/#website\",\"url\":\"https:\/\/www.cruise-friendly.com\/fr\/\",\"name\":\"Cruise Friendly FR\",\"description\":\"Nous nous effor\\u00e7ons de vous offrir la meilleure exp\\u00e9rience \\u00e0 terre lors de votre visite dans notre ville.\",\"potentialAction\":[{\"@type\":\"SearchAction\",\"target\":\"https:\/\/www.cruise-friendly.com\/fr\/?s={search_term_string}\",\"query-input\":\"required name=search_term_string\"}],\"inLanguage\":\"fr-FR\"},{\"@type\":\"ImageObject\",\"@id\":\"https:\/\/www.cruise-friendly.com\/fr\/destinations-cruise-friendly\/la-seyne-sur-mer\/le-pont-levant-des-chantiers-navals\/#primaryimage\",\"inLanguage\":\"fr-FR\",\"url\":\"https:\/\/www.cruise-friendly.com\/fr\/wp-content\/uploads\/sites\/3\/2021\/01\/800x600_142738-walzl_1682_2012.jpg\",\"contentUrl\":\"https:\/\/www.cruise-friendly.com\/fr\/wp-content\/uploads\/sites\/3\/2021\/01\/800x600_142738-walzl_1682_2012.jpg\",\"width\":800,\"height\":536},{\"@type\":\"WebPage\",\"@id\":\"https:\/\/www.cruise-friendly.com\/fr\/destinations-cruise-friendly\/la-seyne-sur-mer\/le-pont-levant-des-chantiers-navals\/#webpage\",\"url\":\"https:\/\/www.cruise-friendly.com\/fr\/destinations-cruise-friendly\/la-seyne-sur-mer\/le-pont-levant-des-chantiers-navals\/\",\"name\":\"Le pont Levant des chantiers navals - Cruise Friendly FR\",\"isPartOf\":{\"@id\":\"https:\/\/www.cruise-friendly.com\/fr\/#website\"},\"primaryImageOfPage\":{\"@id\":\"https:\/\/www.cruise-friendly.com\/fr\/destinations-cruise-friendly\/la-seyne-sur-mer\/le-pont-levant-des-chantiers-navals\/#primaryimage\"},\"datePublished\":\"2022-01-31T15:08:30+00:00\",\"dateModified\":\"2022-02-06T18:11:39+00:00\",\"description\":\"Les chantiers navals de La Seyne-sur-Mer ont \\u00e9t\\u00e9 construits en 1856 dans le but de lib\\u00e9rer les navires marchands. Le pont Levant ouvert en 1917 reliait \\u00e0\",\"breadcrumb\":{\"@id\":\"https:\/\/www.cruise-friendly.com\/fr\/destinations-cruise-friendly\/la-seyne-sur-mer\/le-pont-levant-des-chantiers-navals\/#breadcrumb\"},\"inLanguage\":\"fr-FR\",\"potentialAction\":[{\"@type\":\"ReadAction\",\"target\":[\"https:\/\/www.cruise-friendly.com\/fr\/destinations-cruise-friendly\/la-seyne-sur-mer\/le-pont-levant-des-chantiers-navals\/\"]}]},{\"@type\":\"BreadcrumbList\",\"@id\":\"https:\/\/www.cruise-friendly.com\/fr\/destinations-cruise-friendly\/la-seyne-sur-mer\/le-pont-levant-des-chantiers-navals\/#breadcrumb\",\"itemListElement\":[{\"@type\":\"ListItem\",\"position\":1,\"item\":{\"@type\":\"WebPage\",\"@id\":\"https:\/\/www.cruise-friendly.com\/fr\/\",\"url\":\"https:\/\/www.cruise-friendly.com\/fr\/\",\"name\":\"Accueil\"}},{\"@type\":\"ListItem\",\"position\":2,\"item\":{\"@type\":\"WebPage\",\"@id\":\"https:\/\/www.cruise-friendly.com\/fr\/destinations-cruise-friendly\/\",\"url\":\"https:\/\/www.cruise-friendly.com\/fr\/destinations-cruise-friendly\/\",\"name\":\"Destinations Cruise Friendly\"}},{\"@type\":\"ListItem\",\"position\":3,\"item\":{\"@type\":\"WebPage\",\"@id\":\"https:\/\/www.cruise-friendly.com\/fr\/destinations-cruise-friendly\/la-seyne-sur-mer\/\",\"url\":\"https:\/\/www.cruise-friendly.com\/fr\/destinations-cruise-friendly\/la-seyne-sur-mer\/\",\"name\":\"La Seyne-sur-Mer\"}},{\"@type\":\"ListItem\",\"position\":4,\"item\":{\"@type\":\"WebPage\",\"@id\":\"https:\/\/www.cruise-friendly.com\/fr\/destinations-cruise-friendly\/la-seyne-sur-mer\/le-pont-levant-des-chantiers-navals\/\",\"url\":\"https:\/\/www.cruise-friendly.com\/fr\/destinations-cruise-friendly\/la-seyne-sur-mer\/le-pont-levant-des-chantiers-navals\/\",\"name\":\"Le pont Levant des chantiers navals\"}}]}]}<\/script>\n<!-- \/ Yoast SEO plugin. -->","_links":{"self":[{"href":"https:\/\/www.cruise-friendly.com\/fr\/wp-json\/wp\/v2\/pages\/1126"}],"collection":[{"href":"https:\/\/www.cruise-friendly.com\/fr\/wp-json\/wp\/v2\/pages"}],"about":[{"href":"https:\/\/www.cruise-friendly.com\/fr\/wp-json\/wp\/v2\/types\/page"}],"author":[{"embeddable":true,"href":"https:\/\/www.cruise-friendly.com\/fr\/wp-json\/wp\/v2\/users\/1"}],"replies":[{"embeddable":true,"href":"https:\/\/www.cruise-friendly.com\/fr\/wp-json\/wp\/v2\/comments?post=1126"}],"version-history":[{"count":1,"href":"https:\/\/www.cruise-friendly.com\/fr\/wp-json\/wp\/v2\/pages\/1126\/revisions"}],"predecessor-version":[{"id":6919,"href":"https:\/\/www.cruise-friendly.com\/fr\/wp-json\/wp\/v2\/pages\/1126\/revisions\/6919"}],"up":[{"embeddable":true,"href":"https:\/\/www.cruise-friendly.com\/fr\/wp-json\/wp\/v2\/pages\/76"}],"wp:featuredmedia":[{"embeddable":true,"href":"https:\/\/www.cruise-friendly.com\/fr\/wp-json\/wp\/v2\/media\/1581"}],"wp:attachment":[{"href":"https:\/\/www.cruise-friendly.com\/fr\/wp-json\/wp\/v2\/media?parent=1126"}],"curies":[{"name":"wp","href":"https:\/\/api.w.org\/{rel}","templated":true}]}}