{"id":1170,"date":"2022-01-31T16:08:30","date_gmt":"2022-01-31T15:08:30","guid":{"rendered":"https:\/\/www.cruise-friendly.com\/fr\/le-lavandou-harbour"},"modified":"2022-05-05T08:54:09","modified_gmt":"2022-05-05T08:54:09","slug":"port-du-lavandou","status":"publish","type":"page","link":"https:\/\/www.cruise-friendly.com\/fr\/destinations-cruise-friendly\/le-lavandou\/port-du-lavandou\/","title":{"rendered":"Port du Lavandou"},"content":{"rendered":"\n<p class=\"has-text-align-center\">Situ\u00e9 face aux \u00eeles du Levant et de Port Cros, joyaux de la C\u00f4te d&rsquo;Azur, le port est tr\u00e8s bien prot\u00e9g\u00e9 du Mistral gr\u00e2ce au Cap B\u00e9nat et du vent d&rsquo;Est gr\u00e2ce au Cap N\u00e8gre.<br>Le port dispose de deux zones distinctes, l&rsquo;ancien port historique et le nouveau port construit en 1983. Il offre 1021 emplacements aux bateaux. Le Vieux-Port, \u00e0 deux pas de la cri\u00e9e des p\u00eacheurs, est d\u00e9di\u00e9 aux activit\u00e9s locales et on peut y admirer les bateaux de p\u00eache traditionnels ou \u00ab pointus \u00bb toujours en activit\u00e9. De nombreux services tels que le wifi gratuit ainsi que les commerces et restaurants se trouvent \u00e0 proximit\u00e9\u2026<\/p>\n\n\n\n<div class=\"wp-block-buttons is-content-justification-center\">\n<div class=\"wp-block-button\"><a class=\"wp-block-button__link\" href=\"https:\/\/www.varprovence-cruise.com\/fr\/equipments\/port-du-lavandou\/\" style=\"border-radius:5px\" target=\"_blank\" rel=\"noreferrer noopener\">Plus d&rsquo;informations<\/a><\/div>\n<\/div>\n","protected":false},"excerpt":{"rendered":"<p>Situ\u00e9 face aux \u00eeles du Levant et de Port Cros, joyaux de la C\u00f4te d&rsquo;Azur, le port est tr\u00e8s bien prot\u00e9g\u00e9 du Mistral gr\u00e2ce au Cap B\u00e9nat et du vent d&rsquo;Est gr\u00e2ce au Cap N\u00e8gre.Le port dispose de deux zones distinctes, l&rsquo;ancien port historique et le nouveau port construit en 1983. Il offre 1021 emplacements [&hellip;]<\/p>\n","protected":false},"author":1,"featured_media":1171,"parent":81,"menu_order":0,"comment_status":"closed","ping_status":"closed","template":"","meta":{"_relevanssi_hide_post":"","_relevanssi_pin_for_all":"","_relevanssi_pin_keywords":"","_relevanssi_unpin_keywords":"","_relevanssi_related_keywords":"","_relevanssi_related_include_ids":"","_relevanssi_related_exclude_ids":"","_relevanssi_related_no_append":"","_relevanssi_related_not_related":"","_relevanssi_related_posts":"252,847,245,521,837,247","_relevanssi_noindex_reason":""},"yoast_head":"<!-- This site is optimized with the Yoast SEO plugin v16.1.1 - https:\/\/yoast.com\/wordpress\/plugins\/seo\/ -->\n<meta name=\"description\" content=\"Situ\u00e9 face aux \u00eeles du Levant et de Port Cros, joyaux de la C\u00f4te d&#039;Azur, le port est tr\u00e8s bien prot\u00e9g\u00e9 du Mistral gr\u00e2ce au Cap B\u00e9nat et du vent d&#039;Est\" \/>\n<link rel=\"canonical\" href=\"https:\/\/www.cruise-friendly.com\/fr\/destinations-cruise-friendly\/le-lavandou\/port-du-lavandou\/\" \/>\n<meta property=\"og:locale\" content=\"fr_FR\" \/>\n<meta property=\"og:type\" content=\"article\" \/>\n<meta property=\"og:title\" content=\"Port du Lavandou - Cruise Friendly FR\" \/>\n<meta property=\"og:description\" content=\"Situ\u00e9 face aux \u00eeles du Levant et de Port Cros, joyaux de la C\u00f4te d&#039;Azur, le port est tr\u00e8s bien prot\u00e9g\u00e9 du Mistral gr\u00e2ce au Cap B\u00e9nat et du vent d&#039;Est\" \/>\n<meta property=\"og:url\" content=\"https:\/\/www.cruise-friendly.com\/fr\/destinations-cruise-friendly\/le-lavandou\/port-du-lavandou\/\" \/>\n<meta property=\"og:site_name\" content=\"Cruise Friendly FR\" \/>\n<meta property=\"article:modified_time\" content=\"2022-05-05T08:54:09+00:00\" \/>\n<meta property=\"og:image\" content=\"https:\/\/www.cruise-friendly.com\/fr\/wp-content\/uploads\/sites\/3\/2021\/01\/port-lavandou.jpg\" \/>\n\t<meta property=\"og:image:width\" content=\"1600\" \/>\n\t<meta property=\"og:image:height\" content=\"1067\" \/>\n<meta name=\"twitter:card\" content=\"summary_large_image\" \/>\n<meta name=\"twitter:label1\" content=\"Dur\u00e9e de lecture est.\">\n\t<meta name=\"twitter:data1\" content=\"1 minute\">\n<script type=\"application\/ld+json\" class=\"yoast-schema-graph\">{\"@context\":\"https:\/\/schema.org\",\"@graph\":[{\"@type\":\"WebSite\",\"@id\":\"https:\/\/www.cruise-friendly.com\/fr\/#website\",\"url\":\"https:\/\/www.cruise-friendly.com\/fr\/\",\"name\":\"Cruise Friendly FR\",\"description\":\"Nous nous effor\\u00e7ons de vous offrir la meilleure exp\\u00e9rience \\u00e0 terre lors de votre visite dans notre ville.\",\"potentialAction\":[{\"@type\":\"SearchAction\",\"target\":\"https:\/\/www.cruise-friendly.com\/fr\/?s={search_term_string}\",\"query-input\":\"required name=search_term_string\"}],\"inLanguage\":\"fr-FR\"},{\"@type\":\"ImageObject\",\"@id\":\"https:\/\/www.cruise-friendly.com\/fr\/destinations-cruise-friendly\/le-lavandou\/port-du-lavandou\/#primaryimage\",\"inLanguage\":\"fr-FR\",\"url\":\"https:\/\/www.cruise-friendly.com\/fr\/wp-content\/uploads\/sites\/3\/2021\/01\/port-lavandou.jpg\",\"contentUrl\":\"https:\/\/www.cruise-friendly.com\/fr\/wp-content\/uploads\/sites\/3\/2021\/01\/port-lavandou.jpg\",\"width\":1600,\"height\":1067},{\"@type\":\"WebPage\",\"@id\":\"https:\/\/www.cruise-friendly.com\/fr\/destinations-cruise-friendly\/le-lavandou\/port-du-lavandou\/#webpage\",\"url\":\"https:\/\/www.cruise-friendly.com\/fr\/destinations-cruise-friendly\/le-lavandou\/port-du-lavandou\/\",\"name\":\"Port du Lavandou - Cruise Friendly FR\",\"isPartOf\":{\"@id\":\"https:\/\/www.cruise-friendly.com\/fr\/#website\"},\"primaryImageOfPage\":{\"@id\":\"https:\/\/www.cruise-friendly.com\/fr\/destinations-cruise-friendly\/le-lavandou\/port-du-lavandou\/#primaryimage\"},\"datePublished\":\"2022-01-31T15:08:30+00:00\",\"dateModified\":\"2022-05-05T08:54:09+00:00\",\"description\":\"Situ\\u00e9 face aux \\u00eeles du Levant et de Port Cros, joyaux de la C\\u00f4te d'Azur, le port est tr\\u00e8s bien prot\\u00e9g\\u00e9 du Mistral gr\\u00e2ce au Cap B\\u00e9nat et du vent d'Est\",\"breadcrumb\":{\"@id\":\"https:\/\/www.cruise-friendly.com\/fr\/destinations-cruise-friendly\/le-lavandou\/port-du-lavandou\/#breadcrumb\"},\"inLanguage\":\"fr-FR\",\"potentialAction\":[{\"@type\":\"ReadAction\",\"target\":[\"https:\/\/www.cruise-friendly.com\/fr\/destinations-cruise-friendly\/le-lavandou\/port-du-lavandou\/\"]}]},{\"@type\":\"BreadcrumbList\",\"@id\":\"https:\/\/www.cruise-friendly.com\/fr\/destinations-cruise-friendly\/le-lavandou\/port-du-lavandou\/#breadcrumb\",\"itemListElement\":[{\"@type\":\"ListItem\",\"position\":1,\"item\":{\"@type\":\"WebPage\",\"@id\":\"https:\/\/www.cruise-friendly.com\/fr\/\",\"url\":\"https:\/\/www.cruise-friendly.com\/fr\/\",\"name\":\"Accueil\"}},{\"@type\":\"ListItem\",\"position\":2,\"item\":{\"@type\":\"WebPage\",\"@id\":\"https:\/\/www.cruise-friendly.com\/fr\/destinations-cruise-friendly\/\",\"url\":\"https:\/\/www.cruise-friendly.com\/fr\/destinations-cruise-friendly\/\",\"name\":\"Destinations Cruise Friendly\"}},{\"@type\":\"ListItem\",\"position\":3,\"item\":{\"@type\":\"WebPage\",\"@id\":\"https:\/\/www.cruise-friendly.com\/fr\/?page_id=81\",\"url\":\"https:\/\/www.cruise-friendly.com\/fr\/?page_id=81\",\"name\":\"Le Lavandou\"}},{\"@type\":\"ListItem\",\"position\":4,\"item\":{\"@type\":\"WebPage\",\"@id\":\"https:\/\/www.cruise-friendly.com\/fr\/destinations-cruise-friendly\/le-lavandou\/port-du-lavandou\/\",\"url\":\"https:\/\/www.cruise-friendly.com\/fr\/destinations-cruise-friendly\/le-lavandou\/port-du-lavandou\/\",\"name\":\"Port du Lavandou\"}}]}]}<\/script>\n<!-- \/ Yoast SEO plugin. -->","_links":{"self":[{"href":"https:\/\/www.cruise-friendly.com\/fr\/wp-json\/wp\/v2\/pages\/1170"}],"collection":[{"href":"https:\/\/www.cruise-friendly.com\/fr\/wp-json\/wp\/v2\/pages"}],"about":[{"href":"https:\/\/www.cruise-friendly.com\/fr\/wp-json\/wp\/v2\/types\/page"}],"author":[{"embeddable":true,"href":"https:\/\/www.cruise-friendly.com\/fr\/wp-json\/wp\/v2\/users\/1"}],"replies":[{"embeddable":true,"href":"https:\/\/www.cruise-friendly.com\/fr\/wp-json\/wp\/v2\/comments?post=1170"}],"version-history":[{"count":3,"href":"https:\/\/www.cruise-friendly.com\/fr\/wp-json\/wp\/v2\/pages\/1170\/revisions"}],"predecessor-version":[{"id":7467,"href":"https:\/\/www.cruise-friendly.com\/fr\/wp-json\/wp\/v2\/pages\/1170\/revisions\/7467"}],"up":[{"embeddable":true,"href":"https:\/\/www.cruise-friendly.com\/fr\/wp-json\/wp\/v2\/pages\/81"}],"wp:featuredmedia":[{"embeddable":true,"href":"https:\/\/www.cruise-friendly.com\/fr\/wp-json\/wp\/v2\/media\/1171"}],"wp:attachment":[{"href":"https:\/\/www.cruise-friendly.com\/fr\/wp-json\/wp\/v2\/media?parent=1170"}],"curies":[{"name":"wp","href":"https:\/\/api.w.org\/{rel}","templated":true}]}}