{"id":1177,"date":"2022-01-31T16:08:30","date_gmt":"2022-01-31T15:08:30","guid":{"rendered":"https:\/\/www.cruise-friendly.com\/fr\/floral-sites-tour"},"modified":"2022-05-05T08:57:19","modified_gmt":"2022-05-05T08:57:19","slug":"circuit-des-jardins-et-espaces-fleuris","status":"publish","type":"page","link":"https:\/\/www.cruise-friendly.com\/fr\/destinations-cruise-friendly\/le-lavandou\/circuit-des-jardins-et-espaces-fleuris\/","title":{"rendered":"Circuit des Jardins et Espaces fleuris"},"content":{"rendered":"\n<p class=\"has-text-align-center\">Des centaines d&rsquo;esp\u00e8ces et de vari\u00e9t\u00e9s v\u00e9g\u00e9tales diff\u00e9rentes cohabitent harmonieusement pour le plus grand plaisir de vos sens. Royaume de la biodiversit\u00e9, Le Lavandou est une \u00ab cit\u00e9 jardin \u00bb o\u00f9 chaque rue, chaque recoin isol\u00e9, chaque avenue a sa propre identit\u00e9 v\u00e9g\u00e9tale et vous conduit vers des espaces uniques. Envie de les d\u00e9couvrir ? Alors le circuit floral est fait pour vous.<\/p>\n\n\n\n<div class=\"wp-block-buttons is-content-justification-center\">\n<div class=\"wp-block-button\"><a class=\"wp-block-button__link\" href=\"https:\/\/www.varprovence-cruise.com\/fr\/equipments\/circuit-des-jardins-et-espaces-fleuris\/\" style=\"border-radius:5px\" target=\"_blank\" rel=\"noreferrer noopener\">Plus d&rsquo;informations<\/a><\/div>\n<\/div>\n","protected":false},"excerpt":{"rendered":"<p>Des centaines d&rsquo;esp\u00e8ces et de vari\u00e9t\u00e9s v\u00e9g\u00e9tales diff\u00e9rentes cohabitent harmonieusement pour le plus grand plaisir de vos sens. Royaume de la biodiversit\u00e9, Le Lavandou est une \u00ab cit\u00e9 jardin \u00bb o\u00f9 chaque rue, chaque recoin isol\u00e9, chaque avenue a sa propre identit\u00e9 v\u00e9g\u00e9tale et vous conduit vers des espaces uniques. Envie de les d\u00e9couvrir ? [&hellip;]<\/p>\n","protected":false},"author":1,"featured_media":1178,"parent":81,"menu_order":0,"comment_status":"closed","ping_status":"closed","template":"","meta":{"_relevanssi_hide_post":"","_relevanssi_pin_for_all":"","_relevanssi_pin_keywords":"","_relevanssi_unpin_keywords":"","_relevanssi_related_keywords":"","_relevanssi_related_include_ids":"","_relevanssi_related_exclude_ids":"","_relevanssi_related_no_append":"","_relevanssi_related_not_related":"","_relevanssi_related_posts":"251,847,252,521,245,837","_relevanssi_noindex_reason":""},"yoast_head":"<!-- This site is optimized with the Yoast SEO plugin v16.1.1 - https:\/\/yoast.com\/wordpress\/plugins\/seo\/ -->\n<meta name=\"description\" content=\"Des centaines d&#039;esp\u00e8ces et de vari\u00e9t\u00e9s v\u00e9g\u00e9tales diff\u00e9rentes cohabitent harmonieusement pour le plus grand plaisir de vos sens. Royaume de la\" \/>\n<link rel=\"canonical\" href=\"https:\/\/www.cruise-friendly.com\/fr\/destinations-cruise-friendly\/le-lavandou\/circuit-des-jardins-et-espaces-fleuris\/\" \/>\n<meta property=\"og:locale\" content=\"fr_FR\" \/>\n<meta property=\"og:type\" content=\"article\" \/>\n<meta property=\"og:title\" content=\"Circuit des Jardins et Espaces fleuris - Cruise Friendly FR\" \/>\n<meta property=\"og:description\" content=\"Des centaines d&#039;esp\u00e8ces et de vari\u00e9t\u00e9s v\u00e9g\u00e9tales diff\u00e9rentes cohabitent harmonieusement pour le plus grand plaisir de vos sens. Royaume de la\" \/>\n<meta property=\"og:url\" content=\"https:\/\/www.cruise-friendly.com\/fr\/destinations-cruise-friendly\/le-lavandou\/circuit-des-jardins-et-espaces-fleuris\/\" \/>\n<meta property=\"og:site_name\" content=\"Cruise Friendly FR\" \/>\n<meta property=\"article:modified_time\" content=\"2022-05-05T08:57:19+00:00\" \/>\n<meta property=\"og:image\" content=\"https:\/\/www.cruise-friendly.com\/fr\/wp-content\/uploads\/sites\/3\/2021\/01\/jardin-lavandou.jpg\" \/>\n\t<meta property=\"og:image:width\" content=\"950\" \/>\n\t<meta property=\"og:image:height\" content=\"713\" \/>\n<meta name=\"twitter:card\" content=\"summary_large_image\" \/>\n<meta name=\"twitter:label1\" content=\"Dur\u00e9e de lecture est.\">\n\t<meta name=\"twitter:data1\" content=\"1 minute\">\n<script type=\"application\/ld+json\" class=\"yoast-schema-graph\">{\"@context\":\"https:\/\/schema.org\",\"@graph\":[{\"@type\":\"WebSite\",\"@id\":\"https:\/\/www.cruise-friendly.com\/fr\/#website\",\"url\":\"https:\/\/www.cruise-friendly.com\/fr\/\",\"name\":\"Cruise Friendly FR\",\"description\":\"Nous nous effor\\u00e7ons de vous offrir la meilleure exp\\u00e9rience \\u00e0 terre lors de votre visite dans notre ville.\",\"potentialAction\":[{\"@type\":\"SearchAction\",\"target\":\"https:\/\/www.cruise-friendly.com\/fr\/?s={search_term_string}\",\"query-input\":\"required name=search_term_string\"}],\"inLanguage\":\"fr-FR\"},{\"@type\":\"ImageObject\",\"@id\":\"https:\/\/www.cruise-friendly.com\/fr\/destinations-cruise-friendly\/le-lavandou\/circuit-des-jardins-et-espaces-fleuris\/#primaryimage\",\"inLanguage\":\"fr-FR\",\"url\":\"https:\/\/www.cruise-friendly.com\/fr\/wp-content\/uploads\/sites\/3\/2021\/01\/jardin-lavandou.jpg\",\"contentUrl\":\"https:\/\/www.cruise-friendly.com\/fr\/wp-content\/uploads\/sites\/3\/2021\/01\/jardin-lavandou.jpg\",\"width\":950,\"height\":713},{\"@type\":\"WebPage\",\"@id\":\"https:\/\/www.cruise-friendly.com\/fr\/destinations-cruise-friendly\/le-lavandou\/circuit-des-jardins-et-espaces-fleuris\/#webpage\",\"url\":\"https:\/\/www.cruise-friendly.com\/fr\/destinations-cruise-friendly\/le-lavandou\/circuit-des-jardins-et-espaces-fleuris\/\",\"name\":\"Circuit des Jardins et Espaces fleuris - Cruise Friendly FR\",\"isPartOf\":{\"@id\":\"https:\/\/www.cruise-friendly.com\/fr\/#website\"},\"primaryImageOfPage\":{\"@id\":\"https:\/\/www.cruise-friendly.com\/fr\/destinations-cruise-friendly\/le-lavandou\/circuit-des-jardins-et-espaces-fleuris\/#primaryimage\"},\"datePublished\":\"2022-01-31T15:08:30+00:00\",\"dateModified\":\"2022-05-05T08:57:19+00:00\",\"description\":\"Des centaines d'esp\\u00e8ces et de vari\\u00e9t\\u00e9s v\\u00e9g\\u00e9tales diff\\u00e9rentes cohabitent harmonieusement pour le plus grand plaisir de vos sens. Royaume de la\",\"breadcrumb\":{\"@id\":\"https:\/\/www.cruise-friendly.com\/fr\/destinations-cruise-friendly\/le-lavandou\/circuit-des-jardins-et-espaces-fleuris\/#breadcrumb\"},\"inLanguage\":\"fr-FR\",\"potentialAction\":[{\"@type\":\"ReadAction\",\"target\":[\"https:\/\/www.cruise-friendly.com\/fr\/destinations-cruise-friendly\/le-lavandou\/circuit-des-jardins-et-espaces-fleuris\/\"]}]},{\"@type\":\"BreadcrumbList\",\"@id\":\"https:\/\/www.cruise-friendly.com\/fr\/destinations-cruise-friendly\/le-lavandou\/circuit-des-jardins-et-espaces-fleuris\/#breadcrumb\",\"itemListElement\":[{\"@type\":\"ListItem\",\"position\":1,\"item\":{\"@type\":\"WebPage\",\"@id\":\"https:\/\/www.cruise-friendly.com\/fr\/\",\"url\":\"https:\/\/www.cruise-friendly.com\/fr\/\",\"name\":\"Accueil\"}},{\"@type\":\"ListItem\",\"position\":2,\"item\":{\"@type\":\"WebPage\",\"@id\":\"https:\/\/www.cruise-friendly.com\/fr\/destinations-cruise-friendly\/\",\"url\":\"https:\/\/www.cruise-friendly.com\/fr\/destinations-cruise-friendly\/\",\"name\":\"Destinations Cruise Friendly\"}},{\"@type\":\"ListItem\",\"position\":3,\"item\":{\"@type\":\"WebPage\",\"@id\":\"https:\/\/www.cruise-friendly.com\/fr\/?page_id=81\",\"url\":\"https:\/\/www.cruise-friendly.com\/fr\/?page_id=81\",\"name\":\"Le Lavandou\"}},{\"@type\":\"ListItem\",\"position\":4,\"item\":{\"@type\":\"WebPage\",\"@id\":\"https:\/\/www.cruise-friendly.com\/fr\/destinations-cruise-friendly\/le-lavandou\/circuit-des-jardins-et-espaces-fleuris\/\",\"url\":\"https:\/\/www.cruise-friendly.com\/fr\/destinations-cruise-friendly\/le-lavandou\/circuit-des-jardins-et-espaces-fleuris\/\",\"name\":\"Circuit des Jardins et Espaces fleuris\"}}]}]}<\/script>\n<!-- \/ Yoast SEO plugin. -->","_links":{"self":[{"href":"https:\/\/www.cruise-friendly.com\/fr\/wp-json\/wp\/v2\/pages\/1177"}],"collection":[{"href":"https:\/\/www.cruise-friendly.com\/fr\/wp-json\/wp\/v2\/pages"}],"about":[{"href":"https:\/\/www.cruise-friendly.com\/fr\/wp-json\/wp\/v2\/types\/page"}],"author":[{"embeddable":true,"href":"https:\/\/www.cruise-friendly.com\/fr\/wp-json\/wp\/v2\/users\/1"}],"replies":[{"embeddable":true,"href":"https:\/\/www.cruise-friendly.com\/fr\/wp-json\/wp\/v2\/comments?post=1177"}],"version-history":[{"count":2,"href":"https:\/\/www.cruise-friendly.com\/fr\/wp-json\/wp\/v2\/pages\/1177\/revisions"}],"predecessor-version":[{"id":7470,"href":"https:\/\/www.cruise-friendly.com\/fr\/wp-json\/wp\/v2\/pages\/1177\/revisions\/7470"}],"up":[{"embeddable":true,"href":"https:\/\/www.cruise-friendly.com\/fr\/wp-json\/wp\/v2\/pages\/81"}],"wp:featuredmedia":[{"embeddable":true,"href":"https:\/\/www.cruise-friendly.com\/fr\/wp-json\/wp\/v2\/media\/1178"}],"wp:attachment":[{"href":"https:\/\/www.cruise-friendly.com\/fr\/wp-json\/wp\/v2\/media?parent=1177"}],"curies":[{"name":"wp","href":"https:\/\/api.w.org\/{rel}","templated":true}]}}