{"id":1190,"date":"2022-01-31T16:08:30","date_gmt":"2022-01-31T15:08:30","guid":{"rendered":"https:\/\/www.cruise-friendly.com\/fr\/saint-louis-church"},"modified":"2022-05-05T08:42:08","modified_gmt":"2022-05-05T08:42:08","slug":"eglise-saint-louis","status":"publish","type":"page","link":"https:\/\/www.cruise-friendly.com\/fr\/destinations-cruise-friendly\/le-lavandou\/eglise-saint-louis\/","title":{"rendered":"\u00c9glise Saint-Louis"},"content":{"rendered":"\n<p class=\"has-text-align-center\">Construite en 1855 et endommag\u00e9e pendant la Seconde Guerre mondiale, l&rsquo;\u00e9glise Saint-Louis s&rsquo;est transform\u00e9e au fil des ann\u00e9es. Le clocher a \u00e9t\u00e9 remplac\u00e9 gr\u00e2ce \u00e0 l&rsquo;abb\u00e9 H\u00e9lin, r\u00e9sistant local. Le ch\u0153ur a \u00e9t\u00e9 r\u00e9nov\u00e9 avec une fresque r\u00e9alis\u00e9e \u00e0 la main par l&rsquo;artiste Jean-Baptiste Garrigou en 2009.<\/p>\n\n\n\n<div class=\"wp-block-buttons is-content-justification-center\">\n<div class=\"wp-block-button\"><a class=\"wp-block-button__link has-background\" href=\"https:\/\/www.varprovence-cruise.com\/fr\/cultural-heritage\/eglise-saint-louis\/\" style=\"border-radius:50px;background:linear-gradient(135deg,rgb(2,3,129) 0%,rgb(40,116,252) 51%)\" target=\"_blank\" rel=\"noreferrer noopener\">Plus d&rsquo;informations<\/a><\/div>\n<\/div>\n\n\n\n<p><\/p>\n","protected":false},"excerpt":{"rendered":"<p>Construite en 1855 et endommag\u00e9e pendant la Seconde Guerre mondiale, l&rsquo;\u00e9glise Saint-Louis s&rsquo;est transform\u00e9e au fil des ann\u00e9es. Le clocher a \u00e9t\u00e9 remplac\u00e9 gr\u00e2ce \u00e0 l&rsquo;abb\u00e9 H\u00e9lin, r\u00e9sistant local. Le ch\u0153ur a \u00e9t\u00e9 r\u00e9nov\u00e9 avec une fresque r\u00e9alis\u00e9e \u00e0 la main par l&rsquo;artiste Jean-Baptiste Garrigou en 2009.<\/p>\n","protected":false},"author":1,"featured_media":0,"parent":81,"menu_order":0,"comment_status":"closed","ping_status":"closed","template":"","meta":{"_relevanssi_hide_post":"","_relevanssi_pin_for_all":"","_relevanssi_pin_keywords":"","_relevanssi_unpin_keywords":"","_relevanssi_related_keywords":"","_relevanssi_related_include_ids":"","_relevanssi_related_exclude_ids":"","_relevanssi_related_no_append":"","_relevanssi_related_not_related":"","_relevanssi_related_posts":"837,251,247,521,847,245","_relevanssi_noindex_reason":""},"yoast_head":"<!-- This site is optimized with the Yoast SEO plugin v16.1.1 - https:\/\/yoast.com\/wordpress\/plugins\/seo\/ -->\n<meta name=\"description\" content=\"Construite en 1855 et endommag\u00e9e pendant la Seconde Guerre mondiale, l&#039;\u00e9glise Saint-Louis s&#039;est transform\u00e9e au fil des ann\u00e9es. Le clocher a \u00e9t\u00e9 remplac\u00e9\" \/>\n<link rel=\"canonical\" href=\"https:\/\/www.cruise-friendly.com\/fr\/destinations-cruise-friendly\/le-lavandou\/eglise-saint-louis\/\" \/>\n<meta property=\"og:locale\" content=\"fr_FR\" \/>\n<meta property=\"og:type\" content=\"article\" \/>\n<meta property=\"og:title\" content=\"\u00c9glise Saint-Louis - Cruise Friendly FR\" \/>\n<meta property=\"og:description\" content=\"Construite en 1855 et endommag\u00e9e pendant la Seconde Guerre mondiale, l&#039;\u00e9glise Saint-Louis s&#039;est transform\u00e9e au fil des ann\u00e9es. Le clocher a \u00e9t\u00e9 remplac\u00e9\" \/>\n<meta property=\"og:url\" content=\"https:\/\/www.cruise-friendly.com\/fr\/destinations-cruise-friendly\/le-lavandou\/eglise-saint-louis\/\" \/>\n<meta property=\"og:site_name\" content=\"Cruise Friendly FR\" \/>\n<meta property=\"article:modified_time\" content=\"2022-05-05T08:42:08+00:00\" \/>\n<meta property=\"og:image\" content=\"https:\/\/www.cruise-friendly.com\/fr\/wp-content\/uploads\/sites\/3\/2020\/06\/sun-var-provence-cruise-pro.jpg\" \/>\n\t<meta property=\"og:image:width\" content=\"1220\" \/>\n\t<meta property=\"og:image:height\" content=\"540\" \/>\n<meta name=\"twitter:card\" content=\"summary_large_image\" \/>\n<meta name=\"twitter:label1\" content=\"Dur\u00e9e de lecture est.\">\n\t<meta name=\"twitter:data1\" content=\"1 minute\">\n<script type=\"application\/ld+json\" class=\"yoast-schema-graph\">{\"@context\":\"https:\/\/schema.org\",\"@graph\":[{\"@type\":\"WebSite\",\"@id\":\"https:\/\/www.cruise-friendly.com\/fr\/#website\",\"url\":\"https:\/\/www.cruise-friendly.com\/fr\/\",\"name\":\"Cruise Friendly FR\",\"description\":\"Nous nous effor\\u00e7ons de vous offrir la meilleure exp\\u00e9rience \\u00e0 terre lors de votre visite dans notre ville.\",\"potentialAction\":[{\"@type\":\"SearchAction\",\"target\":\"https:\/\/www.cruise-friendly.com\/fr\/?s={search_term_string}\",\"query-input\":\"required name=search_term_string\"}],\"inLanguage\":\"fr-FR\"},{\"@type\":\"WebPage\",\"@id\":\"https:\/\/www.cruise-friendly.com\/fr\/destinations-cruise-friendly\/le-lavandou\/eglise-saint-louis\/#webpage\",\"url\":\"https:\/\/www.cruise-friendly.com\/fr\/destinations-cruise-friendly\/le-lavandou\/eglise-saint-louis\/\",\"name\":\"\\u00c9glise Saint-Louis - Cruise Friendly FR\",\"isPartOf\":{\"@id\":\"https:\/\/www.cruise-friendly.com\/fr\/#website\"},\"datePublished\":\"2022-01-31T15:08:30+00:00\",\"dateModified\":\"2022-05-05T08:42:08+00:00\",\"description\":\"Construite en 1855 et endommag\\u00e9e pendant la Seconde Guerre mondiale, l'\\u00e9glise Saint-Louis s'est transform\\u00e9e au fil des ann\\u00e9es. Le clocher a \\u00e9t\\u00e9 remplac\\u00e9\",\"breadcrumb\":{\"@id\":\"https:\/\/www.cruise-friendly.com\/fr\/destinations-cruise-friendly\/le-lavandou\/eglise-saint-louis\/#breadcrumb\"},\"inLanguage\":\"fr-FR\",\"potentialAction\":[{\"@type\":\"ReadAction\",\"target\":[\"https:\/\/www.cruise-friendly.com\/fr\/destinations-cruise-friendly\/le-lavandou\/eglise-saint-louis\/\"]}]},{\"@type\":\"BreadcrumbList\",\"@id\":\"https:\/\/www.cruise-friendly.com\/fr\/destinations-cruise-friendly\/le-lavandou\/eglise-saint-louis\/#breadcrumb\",\"itemListElement\":[{\"@type\":\"ListItem\",\"position\":1,\"item\":{\"@type\":\"WebPage\",\"@id\":\"https:\/\/www.cruise-friendly.com\/fr\/\",\"url\":\"https:\/\/www.cruise-friendly.com\/fr\/\",\"name\":\"Accueil\"}},{\"@type\":\"ListItem\",\"position\":2,\"item\":{\"@type\":\"WebPage\",\"@id\":\"https:\/\/www.cruise-friendly.com\/fr\/destinations-cruise-friendly\/\",\"url\":\"https:\/\/www.cruise-friendly.com\/fr\/destinations-cruise-friendly\/\",\"name\":\"Destinations Cruise Friendly\"}},{\"@type\":\"ListItem\",\"position\":3,\"item\":{\"@type\":\"WebPage\",\"@id\":\"https:\/\/www.cruise-friendly.com\/fr\/?page_id=81\",\"url\":\"https:\/\/www.cruise-friendly.com\/fr\/?page_id=81\",\"name\":\"Le Lavandou\"}},{\"@type\":\"ListItem\",\"position\":4,\"item\":{\"@type\":\"WebPage\",\"@id\":\"https:\/\/www.cruise-friendly.com\/fr\/destinations-cruise-friendly\/le-lavandou\/eglise-saint-louis\/\",\"url\":\"https:\/\/www.cruise-friendly.com\/fr\/destinations-cruise-friendly\/le-lavandou\/eglise-saint-louis\/\",\"name\":\"\\u00c9glise Saint-Louis\"}}]}]}<\/script>\n<!-- \/ Yoast SEO plugin. -->","_links":{"self":[{"href":"https:\/\/www.cruise-friendly.com\/fr\/wp-json\/wp\/v2\/pages\/1190"}],"collection":[{"href":"https:\/\/www.cruise-friendly.com\/fr\/wp-json\/wp\/v2\/pages"}],"about":[{"href":"https:\/\/www.cruise-friendly.com\/fr\/wp-json\/wp\/v2\/types\/page"}],"author":[{"embeddable":true,"href":"https:\/\/www.cruise-friendly.com\/fr\/wp-json\/wp\/v2\/users\/1"}],"replies":[{"embeddable":true,"href":"https:\/\/www.cruise-friendly.com\/fr\/wp-json\/wp\/v2\/comments?post=1190"}],"version-history":[{"count":2,"href":"https:\/\/www.cruise-friendly.com\/fr\/wp-json\/wp\/v2\/pages\/1190\/revisions"}],"predecessor-version":[{"id":7460,"href":"https:\/\/www.cruise-friendly.com\/fr\/wp-json\/wp\/v2\/pages\/1190\/revisions\/7460"}],"up":[{"embeddable":true,"href":"https:\/\/www.cruise-friendly.com\/fr\/wp-json\/wp\/v2\/pages\/81"}],"wp:attachment":[{"href":"https:\/\/www.cruise-friendly.com\/fr\/wp-json\/wp\/v2\/media?parent=1190"}],"curies":[{"name":"wp","href":"https:\/\/api.w.org\/{rel}","templated":true}]}}