{"id":1278,"date":"2022-01-31T16:08:30","date_gmt":"2022-01-31T15:08:30","guid":{"rendered":"https:\/\/www.cruise-friendly.com\/fr\/museum-louis-de-funes"},"modified":"2022-05-05T09:42:37","modified_gmt":"2022-05-05T09:42:37","slug":"musee-louis-de-funes","status":"publish","type":"page","link":"https:\/\/www.cruise-friendly.com\/fr\/destinations-cruise-friendly\/saint-raphael\/musee-louis-de-funes\/","title":{"rendered":"Mus\u00e9e Louis de Fun\u00e8s"},"content":{"rendered":"\n<p class=\"has-text-align-center\">Venez d\u00e9couvrir dans un espace de 400m2, la vie et l\u2019\u0153uvre du com\u00e9dien pr\u00e9f\u00e9r\u00e9 des Fran\u00e7ais : son intimit\u00e9, son parcours, ses amis, ses r\u00e9compenses ! Seul mus\u00e9e enti\u00e8rement d\u00e9di\u00e9 \u00e0 Louis de Fun\u00e8s &#8211; l\u2019artiste et l\u2019homme &#8211; le mus\u00e9e Louis de Fun\u00e8s de Saint-Rapha\u00ebl vous fait d\u00e9couvrir Louis de Fun\u00e8s dans l\u2019intimit\u00e9 familiale de son ch\u00e2teau et de son jardin avec centaines d&rsquo;objets li\u00e9s \u00e0 l&rsquo;acteur pr\u00e9f\u00e9r\u00e9 des Fran\u00e7ais.<\/p>\n\n\n\n<div class=\"wp-block-buttons is-content-justification-center\">\n<div class=\"wp-block-button\"><a class=\"wp-block-button__link has-background\" href=\"https:\/\/www.varprovence-cruise.com\/fr\/cultural-heritage\/musee-louis-de-funes\/\" style=\"border-radius:50px;background:linear-gradient(135deg,rgb(2,3,129) 0%,rgb(40,116,252) 45%)\" target=\"_blank\" rel=\"noreferrer noopener\">Plus d&rsquo;informations<\/a><\/div>\n<\/div>\n","protected":false},"excerpt":{"rendered":"<p>Venez d\u00e9couvrir dans un espace de 400m2, la vie et l\u2019\u0153uvre du com\u00e9dien pr\u00e9f\u00e9r\u00e9 des Fran\u00e7ais : son intimit\u00e9, son parcours, ses amis, ses r\u00e9compenses ! Seul mus\u00e9e enti\u00e8rement d\u00e9di\u00e9 \u00e0 Louis de Fun\u00e8s &#8211; l\u2019artiste et l\u2019homme &#8211; le mus\u00e9e Louis de Fun\u00e8s de Saint-Rapha\u00ebl vous fait d\u00e9couvrir Louis de Fun\u00e8s dans l\u2019intimit\u00e9 familiale [&hellip;]<\/p>\n","protected":false},"author":1,"featured_media":1279,"parent":82,"menu_order":0,"comment_status":"closed","ping_status":"closed","template":"","meta":{"_relevanssi_hide_post":"","_relevanssi_pin_for_all":"","_relevanssi_pin_keywords":"","_relevanssi_unpin_keywords":"","_relevanssi_related_keywords":"","_relevanssi_related_include_ids":"","_relevanssi_related_exclude_ids":"","_relevanssi_related_no_append":"","_relevanssi_related_not_related":"","_relevanssi_related_posts":"252,521,251,837,847,247","_relevanssi_noindex_reason":""},"yoast_head":"<!-- This site is optimized with the Yoast SEO plugin v16.1.1 - https:\/\/yoast.com\/wordpress\/plugins\/seo\/ -->\n<meta name=\"description\" content=\"Venez d\u00e9couvrir dans un espace de 400m2, la vie et l\u2019\u0153uvre du com\u00e9dien pr\u00e9f\u00e9r\u00e9 des Fran\u00e7ais : son intimit\u00e9, son parcours, ses amis, ses r\u00e9compenses ! Seul\" \/>\n<link rel=\"canonical\" href=\"https:\/\/www.cruise-friendly.com\/fr\/destinations-cruise-friendly\/saint-raphael\/musee-louis-de-funes\/\" \/>\n<meta property=\"og:locale\" content=\"fr_FR\" \/>\n<meta property=\"og:type\" content=\"article\" \/>\n<meta property=\"og:title\" content=\"Mus\u00e9e Louis de Fun\u00e8s - Cruise Friendly FR\" \/>\n<meta property=\"og:description\" content=\"Venez d\u00e9couvrir dans un espace de 400m2, la vie et l\u2019\u0153uvre du com\u00e9dien pr\u00e9f\u00e9r\u00e9 des Fran\u00e7ais : son intimit\u00e9, son parcours, ses amis, ses r\u00e9compenses ! Seul\" \/>\n<meta property=\"og:url\" content=\"https:\/\/www.cruise-friendly.com\/fr\/destinations-cruise-friendly\/saint-raphael\/musee-louis-de-funes\/\" \/>\n<meta property=\"og:site_name\" content=\"Cruise Friendly FR\" \/>\n<meta property=\"article:modified_time\" content=\"2022-05-05T09:42:37+00:00\" \/>\n<meta property=\"og:image\" content=\"https:\/\/www.cruise-friendly.com\/fr\/wp-content\/uploads\/sites\/3\/2021\/01\/louis-de-fun\u00e8s-museum.jpg\" \/>\n\t<meta property=\"og:image:width\" content=\"1400\" \/>\n\t<meta property=\"og:image:height\" content=\"933\" \/>\n<meta name=\"twitter:card\" content=\"summary_large_image\" \/>\n<meta name=\"twitter:label1\" content=\"Dur\u00e9e de lecture est.\">\n\t<meta name=\"twitter:data1\" content=\"1 minute\">\n<script type=\"application\/ld+json\" class=\"yoast-schema-graph\">{\"@context\":\"https:\/\/schema.org\",\"@graph\":[{\"@type\":\"WebSite\",\"@id\":\"https:\/\/www.cruise-friendly.com\/fr\/#website\",\"url\":\"https:\/\/www.cruise-friendly.com\/fr\/\",\"name\":\"Cruise Friendly FR\",\"description\":\"Nous nous effor\\u00e7ons de vous offrir la meilleure exp\\u00e9rience \\u00e0 terre lors de votre visite dans notre ville.\",\"potentialAction\":[{\"@type\":\"SearchAction\",\"target\":\"https:\/\/www.cruise-friendly.com\/fr\/?s={search_term_string}\",\"query-input\":\"required name=search_term_string\"}],\"inLanguage\":\"fr-FR\"},{\"@type\":\"ImageObject\",\"@id\":\"https:\/\/www.cruise-friendly.com\/fr\/destinations-cruise-friendly\/saint-raphael\/musee-louis-de-funes\/#primaryimage\",\"inLanguage\":\"fr-FR\",\"url\":\"https:\/\/www.cruise-friendly.com\/fr\/wp-content\/uploads\/sites\/3\/2021\/01\/louis-de-fun\\u00e8s-museum.jpg\",\"contentUrl\":\"https:\/\/www.cruise-friendly.com\/fr\/wp-content\/uploads\/sites\/3\/2021\/01\/louis-de-fun\\u00e8s-museum.jpg\",\"width\":1400,\"height\":933},{\"@type\":\"WebPage\",\"@id\":\"https:\/\/www.cruise-friendly.com\/fr\/destinations-cruise-friendly\/saint-raphael\/musee-louis-de-funes\/#webpage\",\"url\":\"https:\/\/www.cruise-friendly.com\/fr\/destinations-cruise-friendly\/saint-raphael\/musee-louis-de-funes\/\",\"name\":\"Mus\\u00e9e Louis de Fun\\u00e8s - Cruise Friendly FR\",\"isPartOf\":{\"@id\":\"https:\/\/www.cruise-friendly.com\/fr\/#website\"},\"primaryImageOfPage\":{\"@id\":\"https:\/\/www.cruise-friendly.com\/fr\/destinations-cruise-friendly\/saint-raphael\/musee-louis-de-funes\/#primaryimage\"},\"datePublished\":\"2022-01-31T15:08:30+00:00\",\"dateModified\":\"2022-05-05T09:42:37+00:00\",\"description\":\"Venez d\\u00e9couvrir dans un espace de 400m2, la vie et l\\u2019\\u0153uvre du com\\u00e9dien pr\\u00e9f\\u00e9r\\u00e9 des Fran\\u00e7ais : son intimit\\u00e9, son parcours, ses amis, ses r\\u00e9compenses ! Seul\",\"breadcrumb\":{\"@id\":\"https:\/\/www.cruise-friendly.com\/fr\/destinations-cruise-friendly\/saint-raphael\/musee-louis-de-funes\/#breadcrumb\"},\"inLanguage\":\"fr-FR\",\"potentialAction\":[{\"@type\":\"ReadAction\",\"target\":[\"https:\/\/www.cruise-friendly.com\/fr\/destinations-cruise-friendly\/saint-raphael\/musee-louis-de-funes\/\"]}]},{\"@type\":\"BreadcrumbList\",\"@id\":\"https:\/\/www.cruise-friendly.com\/fr\/destinations-cruise-friendly\/saint-raphael\/musee-louis-de-funes\/#breadcrumb\",\"itemListElement\":[{\"@type\":\"ListItem\",\"position\":1,\"item\":{\"@type\":\"WebPage\",\"@id\":\"https:\/\/www.cruise-friendly.com\/fr\/\",\"url\":\"https:\/\/www.cruise-friendly.com\/fr\/\",\"name\":\"Accueil\"}},{\"@type\":\"ListItem\",\"position\":2,\"item\":{\"@type\":\"WebPage\",\"@id\":\"https:\/\/www.cruise-friendly.com\/fr\/destinations-cruise-friendly\/\",\"url\":\"https:\/\/www.cruise-friendly.com\/fr\/destinations-cruise-friendly\/\",\"name\":\"Destinations Cruise Friendly\"}},{\"@type\":\"ListItem\",\"position\":3,\"item\":{\"@type\":\"WebPage\",\"@id\":\"https:\/\/www.cruise-friendly.com\/fr\/destinations-cruise-friendly\/saint-raphael\/\",\"url\":\"https:\/\/www.cruise-friendly.com\/fr\/destinations-cruise-friendly\/saint-raphael\/\",\"name\":\"Saint-Rapha\\u00ebl\"}},{\"@type\":\"ListItem\",\"position\":4,\"item\":{\"@type\":\"WebPage\",\"@id\":\"https:\/\/www.cruise-friendly.com\/fr\/destinations-cruise-friendly\/saint-raphael\/musee-louis-de-funes\/\",\"url\":\"https:\/\/www.cruise-friendly.com\/fr\/destinations-cruise-friendly\/saint-raphael\/musee-louis-de-funes\/\",\"name\":\"Mus\\u00e9e Louis de Fun\\u00e8s\"}}]}]}<\/script>\n<!-- \/ Yoast SEO plugin. -->","_links":{"self":[{"href":"https:\/\/www.cruise-friendly.com\/fr\/wp-json\/wp\/v2\/pages\/1278"}],"collection":[{"href":"https:\/\/www.cruise-friendly.com\/fr\/wp-json\/wp\/v2\/pages"}],"about":[{"href":"https:\/\/www.cruise-friendly.com\/fr\/wp-json\/wp\/v2\/types\/page"}],"author":[{"embeddable":true,"href":"https:\/\/www.cruise-friendly.com\/fr\/wp-json\/wp\/v2\/users\/1"}],"replies":[{"embeddable":true,"href":"https:\/\/www.cruise-friendly.com\/fr\/wp-json\/wp\/v2\/comments?post=1278"}],"version-history":[{"count":2,"href":"https:\/\/www.cruise-friendly.com\/fr\/wp-json\/wp\/v2\/pages\/1278\/revisions"}],"predecessor-version":[{"id":7506,"href":"https:\/\/www.cruise-friendly.com\/fr\/wp-json\/wp\/v2\/pages\/1278\/revisions\/7506"}],"up":[{"embeddable":true,"href":"https:\/\/www.cruise-friendly.com\/fr\/wp-json\/wp\/v2\/pages\/82"}],"wp:featuredmedia":[{"embeddable":true,"href":"https:\/\/www.cruise-friendly.com\/fr\/wp-json\/wp\/v2\/media\/1279"}],"wp:attachment":[{"href":"https:\/\/www.cruise-friendly.com\/fr\/wp-json\/wp\/v2\/media?parent=1278"}],"curies":[{"name":"wp","href":"https:\/\/api.w.org\/{rel}","templated":true}]}}