{"id":1285,"date":"2022-01-31T16:08:30","date_gmt":"2022-01-31T15:08:30","guid":{"rendered":"https:\/\/www.cruise-friendly.com\/fr\/basilique-notre-dame-de-la-victoire"},"modified":"2022-05-05T09:40:33","modified_gmt":"2022-05-05T09:40:33","slug":"basilique-notre-dame-de-la-victoire","status":"publish","type":"page","link":"https:\/\/www.cruise-friendly.com\/fr\/destinations-cruise-friendly\/saint-raphael\/basilique-notre-dame-de-la-victoire\/","title":{"rendered":"Basilique Notre Dame de la Victoire"},"content":{"rendered":"\n<p>La cath\u00e9drale date du XIXe si\u00e8cle, \u00e9poque \u00e0 laquelle Saint-Rapha\u00ebl subit une importante r\u00e9novation. L&rsquo;abb\u00e9 Bernard, premier cur\u00e9 de 1882 \u00e0 1890, confia alors la construction d\u2019un nouveau lieu de culte \u00e0 l\u2019architecte Pierre Aubl\u00e9. Originaire de Lyon, Aub\u00e9 s&rsquo;est inspir\u00e9 \u00e0 la fois de l&rsquo;architecture byzantine et mauresque. Levez les yeux vers le d\u00f4me : il a \u00e9t\u00e9 dessin\u00e9 d&rsquo;apr\u00e8s Sainte-Sophie \u00e0 Istanbul.<\/p>\n\n\n\n<div class=\"wp-block-buttons is-content-justification-center\">\n<div class=\"wp-block-button\"><a class=\"wp-block-button__link\" href=\"https:\/\/www.varprovence-cruise.com\/fr\/cultural-heritage\/basilique-notre-dame-de-la-victoire\/\" style=\"border-radius:5px\" target=\"_blank\" rel=\"noreferrer noopener\">Plus d&rsquo;informations<\/a><\/div>\n<\/div>\n","protected":false},"excerpt":{"rendered":"<p>La cath\u00e9drale date du XIXe si\u00e8cle, \u00e9poque \u00e0 laquelle Saint-Rapha\u00ebl subit une importante r\u00e9novation. L&rsquo;abb\u00e9 Bernard, premier cur\u00e9 de 1882 \u00e0 1890, confia alors la construction d\u2019un nouveau lieu de culte \u00e0 l\u2019architecte Pierre Aubl\u00e9. Originaire de Lyon, Aub\u00e9 s&rsquo;est inspir\u00e9 \u00e0 la fois de l&rsquo;architecture byzantine et mauresque. Levez les yeux vers le d\u00f4me [&hellip;]<\/p>\n","protected":false},"author":1,"featured_media":1286,"parent":82,"menu_order":0,"comment_status":"closed","ping_status":"closed","template":"","meta":{"_relevanssi_hide_post":"","_relevanssi_pin_for_all":"","_relevanssi_pin_keywords":"","_relevanssi_unpin_keywords":"","_relevanssi_related_keywords":"","_relevanssi_related_include_ids":"","_relevanssi_related_exclude_ids":"","_relevanssi_related_no_append":"","_relevanssi_related_not_related":"","_relevanssi_related_posts":"521,837,847,251,252,245","_relevanssi_noindex_reason":""},"yoast_head":"<!-- This site is optimized with the Yoast SEO plugin v16.1.1 - https:\/\/yoast.com\/wordpress\/plugins\/seo\/ -->\n<meta name=\"description\" content=\"La cath\u00e9drale date du XIXe si\u00e8cle, \u00e9poque \u00e0 laquelle Saint-Rapha\u00ebl subit une importante r\u00e9novation. L&#039;abb\u00e9 Bernard, premier cur\u00e9 de 1882 \u00e0 1890, confia\" \/>\n<link rel=\"canonical\" href=\"https:\/\/www.cruise-friendly.com\/fr\/destinations-cruise-friendly\/saint-raphael\/basilique-notre-dame-de-la-victoire\/\" \/>\n<meta property=\"og:locale\" content=\"fr_FR\" \/>\n<meta property=\"og:type\" content=\"article\" \/>\n<meta property=\"og:title\" content=\"Basilique Notre Dame de la Victoire - Cruise Friendly FR\" \/>\n<meta property=\"og:description\" content=\"La cath\u00e9drale date du XIXe si\u00e8cle, \u00e9poque \u00e0 laquelle Saint-Rapha\u00ebl subit une importante r\u00e9novation. L&#039;abb\u00e9 Bernard, premier cur\u00e9 de 1882 \u00e0 1890, confia\" \/>\n<meta property=\"og:url\" content=\"https:\/\/www.cruise-friendly.com\/fr\/destinations-cruise-friendly\/saint-raphael\/basilique-notre-dame-de-la-victoire\/\" \/>\n<meta property=\"og:site_name\" content=\"Cruise Friendly FR\" \/>\n<meta property=\"article:modified_time\" content=\"2022-05-05T09:40:33+00:00\" \/>\n<meta property=\"og:image\" content=\"https:\/\/www.cruise-friendly.com\/fr\/wp-content\/uploads\/sites\/3\/2021\/01\/notre-dame-de-la-victoire-saint-rapha\u00ebl.jpg\" \/>\n\t<meta property=\"og:image:width\" content=\"1600\" \/>\n\t<meta property=\"og:image:height\" content=\"1200\" \/>\n<meta name=\"twitter:card\" content=\"summary_large_image\" \/>\n<meta name=\"twitter:label1\" content=\"Dur\u00e9e de lecture est.\">\n\t<meta name=\"twitter:data1\" content=\"1 minute\">\n<script type=\"application\/ld+json\" class=\"yoast-schema-graph\">{\"@context\":\"https:\/\/schema.org\",\"@graph\":[{\"@type\":\"WebSite\",\"@id\":\"https:\/\/www.cruise-friendly.com\/fr\/#website\",\"url\":\"https:\/\/www.cruise-friendly.com\/fr\/\",\"name\":\"Cruise Friendly FR\",\"description\":\"Nous nous effor\\u00e7ons de vous offrir la meilleure exp\\u00e9rience \\u00e0 terre lors de votre visite dans notre ville.\",\"potentialAction\":[{\"@type\":\"SearchAction\",\"target\":\"https:\/\/www.cruise-friendly.com\/fr\/?s={search_term_string}\",\"query-input\":\"required name=search_term_string\"}],\"inLanguage\":\"fr-FR\"},{\"@type\":\"ImageObject\",\"@id\":\"https:\/\/www.cruise-friendly.com\/fr\/destinations-cruise-friendly\/saint-raphael\/basilique-notre-dame-de-la-victoire\/#primaryimage\",\"inLanguage\":\"fr-FR\",\"url\":\"https:\/\/www.cruise-friendly.com\/fr\/wp-content\/uploads\/sites\/3\/2021\/01\/notre-dame-de-la-victoire-saint-rapha\\u00ebl.jpg\",\"contentUrl\":\"https:\/\/www.cruise-friendly.com\/fr\/wp-content\/uploads\/sites\/3\/2021\/01\/notre-dame-de-la-victoire-saint-rapha\\u00ebl.jpg\",\"width\":1600,\"height\":1200},{\"@type\":\"WebPage\",\"@id\":\"https:\/\/www.cruise-friendly.com\/fr\/destinations-cruise-friendly\/saint-raphael\/basilique-notre-dame-de-la-victoire\/#webpage\",\"url\":\"https:\/\/www.cruise-friendly.com\/fr\/destinations-cruise-friendly\/saint-raphael\/basilique-notre-dame-de-la-victoire\/\",\"name\":\"Basilique Notre Dame de la Victoire - Cruise Friendly FR\",\"isPartOf\":{\"@id\":\"https:\/\/www.cruise-friendly.com\/fr\/#website\"},\"primaryImageOfPage\":{\"@id\":\"https:\/\/www.cruise-friendly.com\/fr\/destinations-cruise-friendly\/saint-raphael\/basilique-notre-dame-de-la-victoire\/#primaryimage\"},\"datePublished\":\"2022-01-31T15:08:30+00:00\",\"dateModified\":\"2022-05-05T09:40:33+00:00\",\"description\":\"La cath\\u00e9drale date du XIXe si\\u00e8cle, \\u00e9poque \\u00e0 laquelle Saint-Rapha\\u00ebl subit une importante r\\u00e9novation. L'abb\\u00e9 Bernard, premier cur\\u00e9 de 1882 \\u00e0 1890, confia\",\"breadcrumb\":{\"@id\":\"https:\/\/www.cruise-friendly.com\/fr\/destinations-cruise-friendly\/saint-raphael\/basilique-notre-dame-de-la-victoire\/#breadcrumb\"},\"inLanguage\":\"fr-FR\",\"potentialAction\":[{\"@type\":\"ReadAction\",\"target\":[\"https:\/\/www.cruise-friendly.com\/fr\/destinations-cruise-friendly\/saint-raphael\/basilique-notre-dame-de-la-victoire\/\"]}]},{\"@type\":\"BreadcrumbList\",\"@id\":\"https:\/\/www.cruise-friendly.com\/fr\/destinations-cruise-friendly\/saint-raphael\/basilique-notre-dame-de-la-victoire\/#breadcrumb\",\"itemListElement\":[{\"@type\":\"ListItem\",\"position\":1,\"item\":{\"@type\":\"WebPage\",\"@id\":\"https:\/\/www.cruise-friendly.com\/fr\/\",\"url\":\"https:\/\/www.cruise-friendly.com\/fr\/\",\"name\":\"Accueil\"}},{\"@type\":\"ListItem\",\"position\":2,\"item\":{\"@type\":\"WebPage\",\"@id\":\"https:\/\/www.cruise-friendly.com\/fr\/destinations-cruise-friendly\/\",\"url\":\"https:\/\/www.cruise-friendly.com\/fr\/destinations-cruise-friendly\/\",\"name\":\"Destinations Cruise Friendly\"}},{\"@type\":\"ListItem\",\"position\":3,\"item\":{\"@type\":\"WebPage\",\"@id\":\"https:\/\/www.cruise-friendly.com\/fr\/destinations-cruise-friendly\/saint-raphael\/\",\"url\":\"https:\/\/www.cruise-friendly.com\/fr\/destinations-cruise-friendly\/saint-raphael\/\",\"name\":\"Saint-Rapha\\u00ebl\"}},{\"@type\":\"ListItem\",\"position\":4,\"item\":{\"@type\":\"WebPage\",\"@id\":\"https:\/\/www.cruise-friendly.com\/fr\/destinations-cruise-friendly\/saint-raphael\/basilique-notre-dame-de-la-victoire\/\",\"url\":\"https:\/\/www.cruise-friendly.com\/fr\/destinations-cruise-friendly\/saint-raphael\/basilique-notre-dame-de-la-victoire\/\",\"name\":\"Basilique Notre Dame de la Victoire\"}}]}]}<\/script>\n<!-- \/ Yoast SEO plugin. -->","_links":{"self":[{"href":"https:\/\/www.cruise-friendly.com\/fr\/wp-json\/wp\/v2\/pages\/1285"}],"collection":[{"href":"https:\/\/www.cruise-friendly.com\/fr\/wp-json\/wp\/v2\/pages"}],"about":[{"href":"https:\/\/www.cruise-friendly.com\/fr\/wp-json\/wp\/v2\/types\/page"}],"author":[{"embeddable":true,"href":"https:\/\/www.cruise-friendly.com\/fr\/wp-json\/wp\/v2\/users\/1"}],"replies":[{"embeddable":true,"href":"https:\/\/www.cruise-friendly.com\/fr\/wp-json\/wp\/v2\/comments?post=1285"}],"version-history":[{"count":3,"href":"https:\/\/www.cruise-friendly.com\/fr\/wp-json\/wp\/v2\/pages\/1285\/revisions"}],"predecessor-version":[{"id":7500,"href":"https:\/\/www.cruise-friendly.com\/fr\/wp-json\/wp\/v2\/pages\/1285\/revisions\/7500"}],"up":[{"embeddable":true,"href":"https:\/\/www.cruise-friendly.com\/fr\/wp-json\/wp\/v2\/pages\/82"}],"wp:featuredmedia":[{"embeddable":true,"href":"https:\/\/www.cruise-friendly.com\/fr\/wp-json\/wp\/v2\/media\/1286"}],"wp:attachment":[{"href":"https:\/\/www.cruise-friendly.com\/fr\/wp-json\/wp\/v2\/media?parent=1285"}],"curies":[{"name":"wp","href":"https:\/\/api.w.org\/{rel}","templated":true}]}}