{"id":1292,"date":"2022-01-31T16:08:30","date_gmt":"2022-01-31T15:08:30","guid":{"rendered":"https:\/\/www.cruise-friendly.com\/fr\/museum-of-history-prehistory-underwater-archeology"},"modified":"2022-05-05T09:43:14","modified_gmt":"2022-05-05T09:43:14","slug":"musee-dhistoire-de-prehistoire-darcheologie-sous-marine","status":"publish","type":"page","link":"https:\/\/www.cruise-friendly.com\/fr\/destinations-cruise-friendly\/saint-raphael\/musee-dhistoire-de-prehistoire-darcheologie-sous-marine\/","title":{"rendered":"Mus\u00e9e d&rsquo;Histoire, de Pr\u00e9histoire &#038; d&rsquo;Arch\u00e9ologie sous marine"},"content":{"rendered":"\n<p class=\"has-text-align-center\">Le mus\u00e9e arch\u00e9ologique de Saint-Rapha\u00ebl, \u00e9difi\u00e9 dans un b\u00e2timent class\u00e9 Monument Historique, est situ\u00e9 dans la vieille ville.L&rsquo;\u00e9glise romane attenante et le mus\u00e9e sont des joyaux historiques et culturels. Au cours d&rsquo;une visite de 2 heures, vous pourrez d\u00e9couvrir les cryptes d&rsquo;une \u00e9glise pal\u00e9ochr\u00e9tienne et les tr\u00e9sors trouv\u00e9s dans des \u00e9paves de navires datant de la p\u00e9riode de l&rsquo;Empire romain. Vous y verrez des amphores et des objets pr\u00e9historiques. La tour de guet offre une vue panoramique \u00e0 360 degr\u00e9s que vous ne pouvez pas manquer.<\/p>\n\n\n\n<div class=\"wp-block-buttons is-content-justification-center\">\n<div class=\"wp-block-button\"><a class=\"wp-block-button__link has-background\" href=\"https:\/\/www.varprovence-cruise.com\/fr\/cultural-heritage\/musee-dhistoire-de-prehistoire-et-darcheologie-sous-marine\/\" style=\"border-radius:50px;background:linear-gradient(135deg,rgb(2,3,129) 0%,rgb(40,116,252) 51%)\" target=\"_blank\" rel=\"noreferrer noopener\">Plus d&rsquo;informations<\/a><\/div>\n<\/div>\n","protected":false},"excerpt":{"rendered":"<p>Le mus\u00e9e arch\u00e9ologique de Saint-Rapha\u00ebl, \u00e9difi\u00e9 dans un b\u00e2timent class\u00e9 Monument Historique, est situ\u00e9 dans la vieille ville.L&rsquo;\u00e9glise romane attenante et le mus\u00e9e sont des joyaux historiques et culturels. Au cours d&rsquo;une visite de 2 heures, vous pourrez d\u00e9couvrir les cryptes d&rsquo;une \u00e9glise pal\u00e9ochr\u00e9tienne et les tr\u00e9sors trouv\u00e9s dans des \u00e9paves de navires datant de [&hellip;]<\/p>\n","protected":false},"author":1,"featured_media":1293,"parent":82,"menu_order":0,"comment_status":"closed","ping_status":"closed","template":"","meta":{"_relevanssi_hide_post":"","_relevanssi_pin_for_all":"","_relevanssi_pin_keywords":"","_relevanssi_unpin_keywords":"","_relevanssi_related_keywords":"","_relevanssi_related_include_ids":"","_relevanssi_related_exclude_ids":"","_relevanssi_related_no_append":"","_relevanssi_related_not_related":"","_relevanssi_related_posts":"247,251,245,521,252,847","_relevanssi_noindex_reason":""},"yoast_head":"<!-- This site is optimized with the Yoast SEO plugin v16.1.1 - https:\/\/yoast.com\/wordpress\/plugins\/seo\/ -->\n<meta name=\"description\" content=\"Le mus\u00e9e arch\u00e9ologique de Saint-Rapha\u00ebl, \u00e9difi\u00e9 dans un b\u00e2timent class\u00e9 Monument Historique, est situ\u00e9 dans la vieille ville.L&#039;\u00e9glise romane attenante et\" \/>\n<link rel=\"canonical\" href=\"https:\/\/www.cruise-friendly.com\/fr\/destinations-cruise-friendly\/saint-raphael\/musee-dhistoire-de-prehistoire-darcheologie-sous-marine\/\" \/>\n<meta property=\"og:locale\" content=\"fr_FR\" \/>\n<meta property=\"og:type\" content=\"article\" \/>\n<meta property=\"og:title\" content=\"Mus\u00e9e d&#039;Histoire, de Pr\u00e9histoire &amp; d&#039;Arch\u00e9ologie sous marine - Cruise Friendly FR\" \/>\n<meta property=\"og:description\" content=\"Le mus\u00e9e arch\u00e9ologique de Saint-Rapha\u00ebl, \u00e9difi\u00e9 dans un b\u00e2timent class\u00e9 Monument Historique, est situ\u00e9 dans la vieille ville.L&#039;\u00e9glise romane attenante et\" \/>\n<meta property=\"og:url\" content=\"https:\/\/www.cruise-friendly.com\/fr\/destinations-cruise-friendly\/saint-raphael\/musee-dhistoire-de-prehistoire-darcheologie-sous-marine\/\" \/>\n<meta property=\"og:site_name\" content=\"Cruise Friendly FR\" \/>\n<meta property=\"article:modified_time\" content=\"2022-05-05T09:43:14+00:00\" \/>\n<meta property=\"og:image\" content=\"https:\/\/www.cruise-friendly.com\/fr\/wp-content\/uploads\/sites\/3\/2021\/01\/musee-d-histoire-de-prehistoire-et-d-archeologie-sous-marine_799926_2.jpg\" \/>\n\t<meta property=\"og:image:width\" content=\"1334\" \/>\n\t<meta property=\"og:image:height\" content=\"1000\" \/>\n<meta name=\"twitter:card\" content=\"summary_large_image\" \/>\n<meta name=\"twitter:label1\" content=\"Dur\u00e9e de lecture est.\">\n\t<meta name=\"twitter:data1\" content=\"1 minute\">\n<script type=\"application\/ld+json\" class=\"yoast-schema-graph\">{\"@context\":\"https:\/\/schema.org\",\"@graph\":[{\"@type\":\"WebSite\",\"@id\":\"https:\/\/www.cruise-friendly.com\/fr\/#website\",\"url\":\"https:\/\/www.cruise-friendly.com\/fr\/\",\"name\":\"Cruise Friendly FR\",\"description\":\"Nous nous effor\\u00e7ons de vous offrir la meilleure exp\\u00e9rience \\u00e0 terre lors de votre visite dans notre ville.\",\"potentialAction\":[{\"@type\":\"SearchAction\",\"target\":\"https:\/\/www.cruise-friendly.com\/fr\/?s={search_term_string}\",\"query-input\":\"required name=search_term_string\"}],\"inLanguage\":\"fr-FR\"},{\"@type\":\"ImageObject\",\"@id\":\"https:\/\/www.cruise-friendly.com\/fr\/destinations-cruise-friendly\/saint-raphael\/musee-dhistoire-de-prehistoire-darcheologie-sous-marine\/#primaryimage\",\"inLanguage\":\"fr-FR\",\"url\":\"https:\/\/www.cruise-friendly.com\/fr\/wp-content\/uploads\/sites\/3\/2021\/01\/musee-d-histoire-de-prehistoire-et-d-archeologie-sous-marine_799926_2.jpg\",\"contentUrl\":\"https:\/\/www.cruise-friendly.com\/fr\/wp-content\/uploads\/sites\/3\/2021\/01\/musee-d-histoire-de-prehistoire-et-d-archeologie-sous-marine_799926_2.jpg\",\"width\":1334,\"height\":1000},{\"@type\":\"WebPage\",\"@id\":\"https:\/\/www.cruise-friendly.com\/fr\/destinations-cruise-friendly\/saint-raphael\/musee-dhistoire-de-prehistoire-darcheologie-sous-marine\/#webpage\",\"url\":\"https:\/\/www.cruise-friendly.com\/fr\/destinations-cruise-friendly\/saint-raphael\/musee-dhistoire-de-prehistoire-darcheologie-sous-marine\/\",\"name\":\"Mus\\u00e9e d'Histoire, de Pr\\u00e9histoire & d'Arch\\u00e9ologie sous marine - Cruise Friendly FR\",\"isPartOf\":{\"@id\":\"https:\/\/www.cruise-friendly.com\/fr\/#website\"},\"primaryImageOfPage\":{\"@id\":\"https:\/\/www.cruise-friendly.com\/fr\/destinations-cruise-friendly\/saint-raphael\/musee-dhistoire-de-prehistoire-darcheologie-sous-marine\/#primaryimage\"},\"datePublished\":\"2022-01-31T15:08:30+00:00\",\"dateModified\":\"2022-05-05T09:43:14+00:00\",\"description\":\"Le mus\\u00e9e arch\\u00e9ologique de Saint-Rapha\\u00ebl, \\u00e9difi\\u00e9 dans un b\\u00e2timent class\\u00e9 Monument Historique, est situ\\u00e9 dans la vieille ville.L'\\u00e9glise romane attenante et\",\"breadcrumb\":{\"@id\":\"https:\/\/www.cruise-friendly.com\/fr\/destinations-cruise-friendly\/saint-raphael\/musee-dhistoire-de-prehistoire-darcheologie-sous-marine\/#breadcrumb\"},\"inLanguage\":\"fr-FR\",\"potentialAction\":[{\"@type\":\"ReadAction\",\"target\":[\"https:\/\/www.cruise-friendly.com\/fr\/destinations-cruise-friendly\/saint-raphael\/musee-dhistoire-de-prehistoire-darcheologie-sous-marine\/\"]}]},{\"@type\":\"BreadcrumbList\",\"@id\":\"https:\/\/www.cruise-friendly.com\/fr\/destinations-cruise-friendly\/saint-raphael\/musee-dhistoire-de-prehistoire-darcheologie-sous-marine\/#breadcrumb\",\"itemListElement\":[{\"@type\":\"ListItem\",\"position\":1,\"item\":{\"@type\":\"WebPage\",\"@id\":\"https:\/\/www.cruise-friendly.com\/fr\/\",\"url\":\"https:\/\/www.cruise-friendly.com\/fr\/\",\"name\":\"Accueil\"}},{\"@type\":\"ListItem\",\"position\":2,\"item\":{\"@type\":\"WebPage\",\"@id\":\"https:\/\/www.cruise-friendly.com\/fr\/destinations-cruise-friendly\/\",\"url\":\"https:\/\/www.cruise-friendly.com\/fr\/destinations-cruise-friendly\/\",\"name\":\"Destinations Cruise Friendly\"}},{\"@type\":\"ListItem\",\"position\":3,\"item\":{\"@type\":\"WebPage\",\"@id\":\"https:\/\/www.cruise-friendly.com\/fr\/destinations-cruise-friendly\/saint-raphael\/\",\"url\":\"https:\/\/www.cruise-friendly.com\/fr\/destinations-cruise-friendly\/saint-raphael\/\",\"name\":\"Saint-Rapha\\u00ebl\"}},{\"@type\":\"ListItem\",\"position\":4,\"item\":{\"@type\":\"WebPage\",\"@id\":\"https:\/\/www.cruise-friendly.com\/fr\/destinations-cruise-friendly\/saint-raphael\/musee-dhistoire-de-prehistoire-darcheologie-sous-marine\/\",\"url\":\"https:\/\/www.cruise-friendly.com\/fr\/destinations-cruise-friendly\/saint-raphael\/musee-dhistoire-de-prehistoire-darcheologie-sous-marine\/\",\"name\":\"Mus\\u00e9e d&rsquo;Histoire, de Pr\\u00e9histoire &#038; d&rsquo;Arch\\u00e9ologie sous marine\"}}]}]}<\/script>\n<!-- \/ Yoast SEO plugin. -->","_links":{"self":[{"href":"https:\/\/www.cruise-friendly.com\/fr\/wp-json\/wp\/v2\/pages\/1292"}],"collection":[{"href":"https:\/\/www.cruise-friendly.com\/fr\/wp-json\/wp\/v2\/pages"}],"about":[{"href":"https:\/\/www.cruise-friendly.com\/fr\/wp-json\/wp\/v2\/types\/page"}],"author":[{"embeddable":true,"href":"https:\/\/www.cruise-friendly.com\/fr\/wp-json\/wp\/v2\/users\/1"}],"replies":[{"embeddable":true,"href":"https:\/\/www.cruise-friendly.com\/fr\/wp-json\/wp\/v2\/comments?post=1292"}],"version-history":[{"count":2,"href":"https:\/\/www.cruise-friendly.com\/fr\/wp-json\/wp\/v2\/pages\/1292\/revisions"}],"predecessor-version":[{"id":7509,"href":"https:\/\/www.cruise-friendly.com\/fr\/wp-json\/wp\/v2\/pages\/1292\/revisions\/7509"}],"up":[{"embeddable":true,"href":"https:\/\/www.cruise-friendly.com\/fr\/wp-json\/wp\/v2\/pages\/82"}],"wp:featuredmedia":[{"embeddable":true,"href":"https:\/\/www.cruise-friendly.com\/fr\/wp-json\/wp\/v2\/media\/1293"}],"wp:attachment":[{"href":"https:\/\/www.cruise-friendly.com\/fr\/wp-json\/wp\/v2\/media?parent=1292"}],"curies":[{"name":"wp","href":"https:\/\/api.w.org\/{rel}","templated":true}]}}