{"id":1651,"date":"2022-01-31T16:08:30","date_gmt":"2022-01-31T15:08:30","guid":{"rendered":"https:\/\/www.cruise-friendly.com\/fr\/le-lavandou-a-beach-paradise"},"modified":"2023-02-02T14:18:28","modified_gmt":"2023-02-02T14:18:28","slug":"le-lavandou-un-paradis-de-plages","status":"publish","type":"page","link":"https:\/\/www.cruise-friendly.com\/fr\/destinations-cruise-friendly\/le-lavandou\/le-lavandou-un-paradis-de-plages\/","title":{"rendered":"Le Lavandou, un paradis de plages"},"content":{"rendered":"\n<p><strong>Le Lavandou<\/strong> est un ancien village de p\u00eacheurs rempli de charme. D\u00e9ambulez dans ses rues pav\u00e9es pi\u00e9tonnes en empruntant le <strong>parcours des 14 fontaines<\/strong> dont chacune a une histoire \u00e0 raconter. Cette balade dans le village vous invitera sans nul doute \u00e0 faire vos emplettes dans les commerces adh\u00e9rents&nbsp;\u201c<strong>Cruise Friendly<\/strong>\u201d o\u00f9 vous sera r\u00e9serv\u00e9 le meilleur accueil!&nbsp;<\/p>\n\n\n\n<p>D\u00e9couvrez les places ombrag\u00e9es du village dont la place Reyer, o\u00f9 vous pourrez&nbsp; observer les habitants jouer \u00e0 la traditionnelle p\u00e9tanque, et d\u00e9guster un verre de Ros\u00e9.&nbsp;<\/p>\n\n\n\n<p>Au fil de la journ\u00e9e, ne manquez pas le <strong>Sentier des Peintres<\/strong> et marchez sur les traces des artistes qui se sont install\u00e9s jadis dans la r\u00e9gion au 19e si\u00e8cle pendant la p\u00e9riode n\u00e9o-impressionniste (1892-1926). Familiarisez-vous avec les \u0153uvres de <strong>Theo Van Rysselberghe, Paul Signac et Henri-Edmond Cross<\/strong>, d\u00e9couvrez des \u00e9crivains c\u00e9l\u00e8bres tels qu&rsquo;Andr\u00e9 Gide et Emile Verhaeren. Le long du sentier de 2,5 km (1,5 mile) sont expos\u00e9es des copies des \u0153uvres de ces artistes. La promenade vous m\u00e8nera \u00e0 la <strong>Villa Th\u00e9o<\/strong>, \u00e0 l&rsquo;origine la r\u00e9sidence du peintre Theo Van Rysselberghe, aujourd&rsquo;hui transform\u00e9e en mus\u00e9e d&rsquo;art.<\/p>\n\n\n\n<p>Et comme Le Lavandou dispose de 12 km (ou 7,5 miles) de c\u00f4tes et de <strong>12 des plus belles plages de sable de Provence<\/strong>, vous pouvez \u00e9galement d\u00e9cider d&rsquo;aller nager ou de vous d\u00e9tendre au soleil.<\/p>\n","protected":false},"excerpt":{"rendered":"<p>Le Lavandou est un ancien village de p\u00eacheurs rempli de charme. D\u00e9ambulez dans ses rues pav\u00e9es pi\u00e9tonnes en empruntant le parcours des 14 fontaines dont chacune a une histoire \u00e0 raconter. Cette balade dans le village vous invitera sans nul doute \u00e0 faire vos emplettes dans les commerces adh\u00e9rents&nbsp;\u201cCruise Friendly\u201d o\u00f9 vous sera r\u00e9serv\u00e9 le [&hellip;]<\/p>\n","protected":false},"author":1,"featured_media":1153,"parent":81,"menu_order":0,"comment_status":"closed","ping_status":"closed","template":"","meta":{"_relevanssi_hide_post":"","_relevanssi_pin_for_all":"","_relevanssi_pin_keywords":"","_relevanssi_unpin_keywords":"","_relevanssi_related_keywords":"","_relevanssi_related_include_ids":"","_relevanssi_related_exclude_ids":"","_relevanssi_related_no_append":"","_relevanssi_related_not_related":"","_relevanssi_related_posts":"252,847,247,521,245,251","_relevanssi_noindex_reason":""},"yoast_head":"<!-- This site is optimized with the Yoast SEO plugin v16.1.1 - https:\/\/yoast.com\/wordpress\/plugins\/seo\/ -->\n<meta name=\"description\" content=\"Le Lavandou est un ancien village de p\u00eacheurs rempli de charme. D\u00e9ambulez dans ses rues pav\u00e9es pi\u00e9tonnes en empruntant le parcours des 14 fontaines dont\" \/>\n<link rel=\"canonical\" href=\"https:\/\/www.cruise-friendly.com\/fr\/destinations-cruise-friendly\/le-lavandou\/le-lavandou-un-paradis-de-plages\/\" \/>\n<meta property=\"og:locale\" content=\"fr_FR\" \/>\n<meta property=\"og:type\" content=\"article\" \/>\n<meta property=\"og:title\" content=\"Le Lavandou, un paradis de plages - Cruise Friendly FR\" \/>\n<meta property=\"og:description\" content=\"Le Lavandou est un ancien village de p\u00eacheurs rempli de charme. D\u00e9ambulez dans ses rues pav\u00e9es pi\u00e9tonnes en empruntant le parcours des 14 fontaines dont\" \/>\n<meta property=\"og:url\" content=\"https:\/\/www.cruise-friendly.com\/fr\/destinations-cruise-friendly\/le-lavandou\/le-lavandou-un-paradis-de-plages\/\" \/>\n<meta property=\"og:site_name\" content=\"Cruise Friendly FR\" \/>\n<meta property=\"article:modified_time\" content=\"2023-02-02T14:18:28+00:00\" \/>\n<meta property=\"og:image\" content=\"https:\/\/www.cruise-friendly.com\/fr\/wp-content\/uploads\/sites\/3\/2021\/01\/Chemin-des-peintres-cF.-BROCHOT-OTLavandou-1.jpg\" \/>\n\t<meta property=\"og:image:width\" content=\"1920\" \/>\n\t<meta property=\"og:image:height\" content=\"1763\" \/>\n<meta name=\"twitter:card\" content=\"summary_large_image\" \/>\n<meta name=\"twitter:label1\" content=\"Dur\u00e9e de lecture est.\">\n\t<meta name=\"twitter:data1\" content=\"1 minute\">\n<script type=\"application\/ld+json\" class=\"yoast-schema-graph\">{\"@context\":\"https:\/\/schema.org\",\"@graph\":[{\"@type\":\"WebSite\",\"@id\":\"https:\/\/www.cruise-friendly.com\/fr\/#website\",\"url\":\"https:\/\/www.cruise-friendly.com\/fr\/\",\"name\":\"Cruise Friendly FR\",\"description\":\"Nous nous effor\\u00e7ons de vous offrir la meilleure exp\\u00e9rience \\u00e0 terre lors de votre visite dans notre ville.\",\"potentialAction\":[{\"@type\":\"SearchAction\",\"target\":\"https:\/\/www.cruise-friendly.com\/fr\/?s={search_term_string}\",\"query-input\":\"required name=search_term_string\"}],\"inLanguage\":\"fr-FR\"},{\"@type\":\"ImageObject\",\"@id\":\"https:\/\/www.cruise-friendly.com\/fr\/destinations-cruise-friendly\/le-lavandou\/le-lavandou-un-paradis-de-plages\/#primaryimage\",\"inLanguage\":\"fr-FR\",\"url\":\"https:\/\/www.cruise-friendly.com\/fr\/wp-content\/uploads\/sites\/3\/2021\/01\/Chemin-des-peintres-cF.-BROCHOT-OTLavandou-1.jpg\",\"contentUrl\":\"https:\/\/www.cruise-friendly.com\/fr\/wp-content\/uploads\/sites\/3\/2021\/01\/Chemin-des-peintres-cF.-BROCHOT-OTLavandou-1.jpg\",\"width\":1920,\"height\":1763},{\"@type\":\"WebPage\",\"@id\":\"https:\/\/www.cruise-friendly.com\/fr\/destinations-cruise-friendly\/le-lavandou\/le-lavandou-un-paradis-de-plages\/#webpage\",\"url\":\"https:\/\/www.cruise-friendly.com\/fr\/destinations-cruise-friendly\/le-lavandou\/le-lavandou-un-paradis-de-plages\/\",\"name\":\"Le Lavandou, un paradis de plages - Cruise Friendly FR\",\"isPartOf\":{\"@id\":\"https:\/\/www.cruise-friendly.com\/fr\/#website\"},\"primaryImageOfPage\":{\"@id\":\"https:\/\/www.cruise-friendly.com\/fr\/destinations-cruise-friendly\/le-lavandou\/le-lavandou-un-paradis-de-plages\/#primaryimage\"},\"datePublished\":\"2022-01-31T15:08:30+00:00\",\"dateModified\":\"2023-02-02T14:18:28+00:00\",\"description\":\"Le Lavandou est un ancien village de p\\u00eacheurs rempli de charme. D\\u00e9ambulez dans ses rues pav\\u00e9es pi\\u00e9tonnes en empruntant le parcours des 14 fontaines dont\",\"breadcrumb\":{\"@id\":\"https:\/\/www.cruise-friendly.com\/fr\/destinations-cruise-friendly\/le-lavandou\/le-lavandou-un-paradis-de-plages\/#breadcrumb\"},\"inLanguage\":\"fr-FR\",\"potentialAction\":[{\"@type\":\"ReadAction\",\"target\":[\"https:\/\/www.cruise-friendly.com\/fr\/destinations-cruise-friendly\/le-lavandou\/le-lavandou-un-paradis-de-plages\/\"]}]},{\"@type\":\"BreadcrumbList\",\"@id\":\"https:\/\/www.cruise-friendly.com\/fr\/destinations-cruise-friendly\/le-lavandou\/le-lavandou-un-paradis-de-plages\/#breadcrumb\",\"itemListElement\":[{\"@type\":\"ListItem\",\"position\":1,\"item\":{\"@type\":\"WebPage\",\"@id\":\"https:\/\/www.cruise-friendly.com\/fr\/\",\"url\":\"https:\/\/www.cruise-friendly.com\/fr\/\",\"name\":\"Accueil\"}},{\"@type\":\"ListItem\",\"position\":2,\"item\":{\"@type\":\"WebPage\",\"@id\":\"https:\/\/www.cruise-friendly.com\/fr\/destinations-cruise-friendly\/\",\"url\":\"https:\/\/www.cruise-friendly.com\/fr\/destinations-cruise-friendly\/\",\"name\":\"Destinations Cruise Friendly\"}},{\"@type\":\"ListItem\",\"position\":3,\"item\":{\"@type\":\"WebPage\",\"@id\":\"https:\/\/www.cruise-friendly.com\/fr\/?page_id=81\",\"url\":\"https:\/\/www.cruise-friendly.com\/fr\/?page_id=81\",\"name\":\"Le Lavandou\"}},{\"@type\":\"ListItem\",\"position\":4,\"item\":{\"@type\":\"WebPage\",\"@id\":\"https:\/\/www.cruise-friendly.com\/fr\/destinations-cruise-friendly\/le-lavandou\/le-lavandou-un-paradis-de-plages\/\",\"url\":\"https:\/\/www.cruise-friendly.com\/fr\/destinations-cruise-friendly\/le-lavandou\/le-lavandou-un-paradis-de-plages\/\",\"name\":\"Le Lavandou, un paradis de plages\"}}]}]}<\/script>\n<!-- \/ Yoast SEO plugin. -->","_links":{"self":[{"href":"https:\/\/www.cruise-friendly.com\/fr\/wp-json\/wp\/v2\/pages\/1651"}],"collection":[{"href":"https:\/\/www.cruise-friendly.com\/fr\/wp-json\/wp\/v2\/pages"}],"about":[{"href":"https:\/\/www.cruise-friendly.com\/fr\/wp-json\/wp\/v2\/types\/page"}],"author":[{"embeddable":true,"href":"https:\/\/www.cruise-friendly.com\/fr\/wp-json\/wp\/v2\/users\/1"}],"replies":[{"embeddable":true,"href":"https:\/\/www.cruise-friendly.com\/fr\/wp-json\/wp\/v2\/comments?post=1651"}],"version-history":[{"count":3,"href":"https:\/\/www.cruise-friendly.com\/fr\/wp-json\/wp\/v2\/pages\/1651\/revisions"}],"predecessor-version":[{"id":7917,"href":"https:\/\/www.cruise-friendly.com\/fr\/wp-json\/wp\/v2\/pages\/1651\/revisions\/7917"}],"up":[{"embeddable":true,"href":"https:\/\/www.cruise-friendly.com\/fr\/wp-json\/wp\/v2\/pages\/81"}],"wp:featuredmedia":[{"embeddable":true,"href":"https:\/\/www.cruise-friendly.com\/fr\/wp-json\/wp\/v2\/media\/1153"}],"wp:attachment":[{"href":"https:\/\/www.cruise-friendly.com\/fr\/wp-json\/wp\/v2\/media?parent=1651"}],"curies":[{"name":"wp","href":"https:\/\/api.w.org\/{rel}","templated":true}]}}