{"id":1671,"date":"2022-01-31T16:08:30","date_gmt":"2022-01-31T15:08:30","guid":{"rendered":"https:\/\/www.cruise-friendly.com\/fr\/sanary-sur-mer-and-its-pointus"},"modified":"2022-05-05T09:21:59","modified_gmt":"2022-05-05T09:21:59","slug":"sanary-sur-mer-et-ses-pointus","status":"publish","type":"page","link":"https:\/\/www.cruise-friendly.com\/fr\/destinations-cruise-friendly\/sanary\/sanary-sur-mer-et-ses-pointus\/","title":{"rendered":"Sanary-sur-Mer et ses \u00ab\u00a0Pointus\u00a0\u00bb"},"content":{"rendered":"\n<p><strong>Sanary <\/strong>est l&rsquo;un des plus <strong>authentiques villages de p\u00eacheurs proven\u00e7aux<\/strong> ; ses bateaux de p\u00eache traditionnels appel\u00e9s \u00ab\u00a0<strong>pointus<\/strong>\u00a0\u00bb datent pour certains de 1895. Arr\u00eatez-vous pour les admirer sur le port, douze d\u2019entre eux encore en fonction y ram\u00e8nent leurs prises quotidiennes. Laissez-vous ensuite charmer par les rues pi\u00e9tonnes arr\u00eatez vous faire plaisir dans l&rsquo;une des<strong> boutiques labellis\u00e9es Cruise Friendly<\/strong>.<\/p>\n\n\n\n<p>Visitez le <strong>mus\u00e9e d&rsquo;arch\u00e9ologie<\/strong> de la Tour Sarrasine et d\u00e9couvrez le march\u00e9<strong> \u00e9lu Plus beau march\u00e9 de France<\/strong>. Au d\u00e9tour des ruelles parsem\u00e9es de fontaines (comme la fontaine de la Marine), prenez la pause aupr\u00e8s d\u2019\u00e9difices dont la pierre blonde se chauffe au soleil comme par exemple l\u2019\u00e9glise Saint-Nazaire ou le traditionnel lavoir proven\u00e7al.<\/p>\n\n\n\n<p>Les alentours de Sanary vous invitent soit \u00e0 la d\u00e9couverte d&rsquo;une nature pr\u00e9serv\u00e9e et des <strong>vignobles locaux<\/strong> ; adeptes de d\u00e9couverte ? Empruntez le <strong>sentier sous-marin de Portissol<\/strong> et pr\u00e9lassez-vous sur la <strong>plage<\/strong> du m\u00eame nom.Gourmet et d\u00e9sireux de d\u00e9couvrir nos vignobles ? Les amateurs de vin pourront d\u00e9guster les meilleurs crus du vignoble \u00ab <strong>Domaine La Begude<\/strong> \u00bb.<\/p>\n\n\n\n<div class=\"wp-block-buttons is-content-justification-center\">\n<div class=\"wp-block-button\"><a class=\"wp-block-button__link has-background\" href=\"https:\/\/www.varprovence-cruise.com\/fr\/next-calls\/?port=190\" style=\"border-radius:21px;background:linear-gradient(135deg,rgb(2,3,129) 0%,rgb(40,116,252) 67%)\" target=\"_blank\" rel=\"noreferrer noopener\">Toutes les escales \u00e0 Sanary<\/a><\/div>\n<\/div>\n","protected":false},"excerpt":{"rendered":"<p>Sanary est l&rsquo;un des plus authentiques villages de p\u00eacheurs proven\u00e7aux ; ses bateaux de p\u00eache traditionnels appel\u00e9s \u00ab\u00a0pointus\u00a0\u00bb datent pour certains de 1895. Arr\u00eatez-vous pour les admirer sur le port, douze d\u2019entre eux encore en fonction y ram\u00e8nent leurs prises quotidiennes. Laissez-vous ensuite charmer par les rues pi\u00e9tonnes arr\u00eatez vous faire plaisir dans l&rsquo;une des [&hellip;]<\/p>\n","protected":false},"author":1,"featured_media":0,"parent":77,"menu_order":0,"comment_status":"closed","ping_status":"closed","template":"","meta":{"_relevanssi_hide_post":"","_relevanssi_pin_for_all":"","_relevanssi_pin_keywords":"","_relevanssi_unpin_keywords":"","_relevanssi_related_keywords":"","_relevanssi_related_include_ids":"","_relevanssi_related_exclude_ids":"","_relevanssi_related_no_append":"","_relevanssi_related_not_related":"","_relevanssi_related_posts":"847,245,251,252,247,521","_relevanssi_noindex_reason":""},"yoast_head":"<!-- This site is optimized with the Yoast SEO plugin v16.1.1 - https:\/\/yoast.com\/wordpress\/plugins\/seo\/ -->\n<meta name=\"description\" content=\"Sanary est l&#039;un des plus authentiques villages de p\u00eacheurs proven\u00e7aux ; ses bateaux de p\u00eache traditionnels appel\u00e9s &quot;pointus&quot; datent pour certains de 1895.\" \/>\n<link rel=\"canonical\" href=\"https:\/\/www.cruise-friendly.com\/fr\/destinations-cruise-friendly\/sanary\/sanary-sur-mer-et-ses-pointus\/\" \/>\n<meta property=\"og:locale\" content=\"fr_FR\" \/>\n<meta property=\"og:type\" content=\"article\" \/>\n<meta property=\"og:title\" content=\"Sanary-sur-Mer et ses &quot;Pointus&quot; - Cruise Friendly FR\" \/>\n<meta property=\"og:description\" content=\"Sanary est l&#039;un des plus authentiques villages de p\u00eacheurs proven\u00e7aux ; ses bateaux de p\u00eache traditionnels appel\u00e9s &quot;pointus&quot; datent pour certains de 1895.\" \/>\n<meta property=\"og:url\" content=\"https:\/\/www.cruise-friendly.com\/fr\/destinations-cruise-friendly\/sanary\/sanary-sur-mer-et-ses-pointus\/\" \/>\n<meta property=\"og:site_name\" content=\"Cruise Friendly FR\" \/>\n<meta property=\"article:modified_time\" content=\"2022-05-05T09:21:59+00:00\" \/>\n<meta property=\"og:image\" content=\"https:\/\/www.cruise-friendly.com\/fr\/wp-content\/uploads\/sites\/3\/2020\/06\/sun-var-provence-cruise-pro.jpg\" \/>\n\t<meta property=\"og:image:width\" content=\"1220\" \/>\n\t<meta property=\"og:image:height\" content=\"540\" \/>\n<meta name=\"twitter:card\" content=\"summary_large_image\" \/>\n<meta name=\"twitter:label1\" content=\"Dur\u00e9e de lecture est.\">\n\t<meta name=\"twitter:data1\" content=\"1 minute\">\n<script type=\"application\/ld+json\" class=\"yoast-schema-graph\">{\"@context\":\"https:\/\/schema.org\",\"@graph\":[{\"@type\":\"WebSite\",\"@id\":\"https:\/\/www.cruise-friendly.com\/fr\/#website\",\"url\":\"https:\/\/www.cruise-friendly.com\/fr\/\",\"name\":\"Cruise Friendly FR\",\"description\":\"Nous nous effor\\u00e7ons de vous offrir la meilleure exp\\u00e9rience \\u00e0 terre lors de votre visite dans notre ville.\",\"potentialAction\":[{\"@type\":\"SearchAction\",\"target\":\"https:\/\/www.cruise-friendly.com\/fr\/?s={search_term_string}\",\"query-input\":\"required name=search_term_string\"}],\"inLanguage\":\"fr-FR\"},{\"@type\":\"WebPage\",\"@id\":\"https:\/\/www.cruise-friendly.com\/fr\/destinations-cruise-friendly\/sanary\/sanary-sur-mer-et-ses-pointus\/#webpage\",\"url\":\"https:\/\/www.cruise-friendly.com\/fr\/destinations-cruise-friendly\/sanary\/sanary-sur-mer-et-ses-pointus\/\",\"name\":\"Sanary-sur-Mer et ses \\\"Pointus\\\" - Cruise Friendly FR\",\"isPartOf\":{\"@id\":\"https:\/\/www.cruise-friendly.com\/fr\/#website\"},\"datePublished\":\"2022-01-31T15:08:30+00:00\",\"dateModified\":\"2022-05-05T09:21:59+00:00\",\"description\":\"Sanary est l'un des plus authentiques villages de p\\u00eacheurs proven\\u00e7aux ; ses bateaux de p\\u00eache traditionnels appel\\u00e9s \\\"pointus\\\" datent pour certains de 1895.\",\"breadcrumb\":{\"@id\":\"https:\/\/www.cruise-friendly.com\/fr\/destinations-cruise-friendly\/sanary\/sanary-sur-mer-et-ses-pointus\/#breadcrumb\"},\"inLanguage\":\"fr-FR\",\"potentialAction\":[{\"@type\":\"ReadAction\",\"target\":[\"https:\/\/www.cruise-friendly.com\/fr\/destinations-cruise-friendly\/sanary\/sanary-sur-mer-et-ses-pointus\/\"]}]},{\"@type\":\"BreadcrumbList\",\"@id\":\"https:\/\/www.cruise-friendly.com\/fr\/destinations-cruise-friendly\/sanary\/sanary-sur-mer-et-ses-pointus\/#breadcrumb\",\"itemListElement\":[{\"@type\":\"ListItem\",\"position\":1,\"item\":{\"@type\":\"WebPage\",\"@id\":\"https:\/\/www.cruise-friendly.com\/fr\/\",\"url\":\"https:\/\/www.cruise-friendly.com\/fr\/\",\"name\":\"Accueil\"}},{\"@type\":\"ListItem\",\"position\":2,\"item\":{\"@type\":\"WebPage\",\"@id\":\"https:\/\/www.cruise-friendly.com\/fr\/destinations-cruise-friendly\/\",\"url\":\"https:\/\/www.cruise-friendly.com\/fr\/destinations-cruise-friendly\/\",\"name\":\"Destinations Cruise Friendly\"}},{\"@type\":\"ListItem\",\"position\":3,\"item\":{\"@type\":\"WebPage\",\"@id\":\"https:\/\/www.cruise-friendly.com\/fr\/?page_id=77\",\"url\":\"https:\/\/www.cruise-friendly.com\/fr\/?page_id=77\",\"name\":\"Sanary-sur-Mer\"}},{\"@type\":\"ListItem\",\"position\":4,\"item\":{\"@type\":\"WebPage\",\"@id\":\"https:\/\/www.cruise-friendly.com\/fr\/destinations-cruise-friendly\/sanary\/sanary-sur-mer-et-ses-pointus\/\",\"url\":\"https:\/\/www.cruise-friendly.com\/fr\/destinations-cruise-friendly\/sanary\/sanary-sur-mer-et-ses-pointus\/\",\"name\":\"Sanary-sur-Mer et ses \\u00ab\\u00a0Pointus\\u00a0\\u00bb\"}}]}]}<\/script>\n<!-- \/ Yoast SEO plugin. -->","_links":{"self":[{"href":"https:\/\/www.cruise-friendly.com\/fr\/wp-json\/wp\/v2\/pages\/1671"}],"collection":[{"href":"https:\/\/www.cruise-friendly.com\/fr\/wp-json\/wp\/v2\/pages"}],"about":[{"href":"https:\/\/www.cruise-friendly.com\/fr\/wp-json\/wp\/v2\/types\/page"}],"author":[{"embeddable":true,"href":"https:\/\/www.cruise-friendly.com\/fr\/wp-json\/wp\/v2\/users\/1"}],"replies":[{"embeddable":true,"href":"https:\/\/www.cruise-friendly.com\/fr\/wp-json\/wp\/v2\/comments?post=1671"}],"version-history":[{"count":4,"href":"https:\/\/www.cruise-friendly.com\/fr\/wp-json\/wp\/v2\/pages\/1671\/revisions"}],"predecessor-version":[{"id":7491,"href":"https:\/\/www.cruise-friendly.com\/fr\/wp-json\/wp\/v2\/pages\/1671\/revisions\/7491"}],"up":[{"embeddable":true,"href":"https:\/\/www.cruise-friendly.com\/fr\/wp-json\/wp\/v2\/pages\/77"}],"wp:attachment":[{"href":"https:\/\/www.cruise-friendly.com\/fr\/wp-json\/wp\/v2\/media?parent=1671"}],"curies":[{"name":"wp","href":"https:\/\/api.w.org\/{rel}","templated":true}]}}