{"id":1754,"date":"2022-01-31T16:08:30","date_gmt":"2022-01-31T15:08:30","guid":{"rendered":"https:\/\/www.cruise-friendly.com\/fr\/la-seyne-sur-mer-a-long-life-sea-connection"},"modified":"2022-05-05T09:25:09","modified_gmt":"2022-05-05T09:25:09","slug":"la-seyne-sur-mer-une-liaison-maritime-intemporel","status":"publish","type":"page","link":"https:\/\/www.cruise-friendly.com\/fr\/destinations-cruise-friendly\/la-seyne-sur-mer\/la-seyne-sur-mer-une-liaison-maritime-intemporel\/","title":{"rendered":"La Seyne-sur-Mer, une liaison maritime intemporelle"},"content":{"rendered":"\n<p>\u00c0 la Seyne-sur-Mer, la vie et l&rsquo;\u00e9conomie se sont longtemps repos\u00e9e sur la mer avec une histoire de construction navale riche de 500 ans comme en t\u00e9moignent aujourd\u2019hui l\u2019imposante <strong>Porte des Chantiers<\/strong> et le pittoresque <strong>Pont Levant<\/strong>. Depuis le belv\u00e9d\u00e8re du pont, vous dominerez le village o\u00f9 nous vous invitons \u00e0 fl\u00e2ner. Lors de votre exploration, vous pourrez vous arr\u00eater dans l&rsquo;une de nos <strong>boutiques affili\u00e9es Cruise Friendly !<\/strong><\/p>\n\n\n\n<p>Aujourd&rsquo;hui, la mer constitue toujours un cadre idyllique \u00e9poustouflant de carte postale avec un large \u00e9ventail d&rsquo;activit\u00e9s. Marcher sur le magnifique front de mer vous m\u00e8nera soit au <strong>Fort Balaguier<\/strong> &#8211; ancienne prison &#8211; soit \u00e0 la <strong>villa<\/strong> <strong>Michel Pacha<\/strong>. Vous pouvez d\u00e9cider de monter \u00e0 bord d&rsquo;un bateau local et de vous diriger vers des fermes ostr\u00e9icoles inattendues \u00e0 Tamaris et dans la <strong>baie abrit\u00e9e du Lazaret<\/strong>. Si vous avez l&rsquo;intention de vous relaxer, dirigez-vous simplement vers les<strong> plages des Sablettes ou de Fabregas<\/strong>.<\/p>\n\n\n\n<p>Vous avez envie de randonner ? Arpentez les pentes vallonn\u00e9es jusqu&rsquo;\u00e0 Notre-Dame du Mai, qui surplombe les 391 hectares (966 acres) de la for\u00eat de Janas.<\/p>\n\n\n\n<div class=\"wp-block-buttons is-content-justification-center\">\n<div class=\"wp-block-button\"><a class=\"wp-block-button__link has-background\" href=\"https:\/\/www.varprovence-cruise.com\/fr\/next-calls\/?port=14583\" style=\"border-radius:2px;background:linear-gradient(135deg,rgb(2,3,129) 0%,rgb(40,116,252) 54%)\" target=\"_blank\" rel=\"noreferrer noopener\">Toutes les escales \u00e0 La Seyne<\/a><\/div>\n<\/div>\n","protected":false},"excerpt":{"rendered":"<p>\u00c0 la Seyne-sur-Mer, la vie et l&rsquo;\u00e9conomie se sont longtemps repos\u00e9e sur la mer avec une histoire de construction navale riche de 500 ans comme en t\u00e9moignent aujourd\u2019hui l\u2019imposante Porte des Chantiers et le pittoresque Pont Levant. Depuis le belv\u00e9d\u00e8re du pont, vous dominerez le village o\u00f9 nous vous invitons \u00e0 fl\u00e2ner. Lors de votre [&hellip;]<\/p>\n","protected":false},"author":1,"featured_media":0,"parent":76,"menu_order":0,"comment_status":"closed","ping_status":"closed","template":"","meta":{"_relevanssi_hide_post":"","_relevanssi_pin_for_all":"","_relevanssi_pin_keywords":"","_relevanssi_unpin_keywords":"","_relevanssi_related_keywords":"","_relevanssi_related_include_ids":"","_relevanssi_related_exclude_ids":"","_relevanssi_related_no_append":"","_relevanssi_related_not_related":"","_relevanssi_related_posts":"521,847,252,247,251,245","_relevanssi_noindex_reason":""},"yoast_head":"<!-- This site is optimized with the Yoast SEO plugin v16.1.1 - https:\/\/yoast.com\/wordpress\/plugins\/seo\/ -->\n<meta name=\"description\" content=\"\u00c0 la Seyne-sur-Mer, la vie et l&#039;\u00e9conomie se sont longtemps repos\u00e9e sur la mer avec une histoire de construction navale riche de 500 ans comme en\" \/>\n<link rel=\"canonical\" href=\"https:\/\/www.cruise-friendly.com\/fr\/destinations-cruise-friendly\/la-seyne-sur-mer\/la-seyne-sur-mer-une-liaison-maritime-intemporel\/\" \/>\n<meta property=\"og:locale\" content=\"fr_FR\" \/>\n<meta property=\"og:type\" content=\"article\" \/>\n<meta property=\"og:title\" content=\"La Seyne-sur-Mer, une liaison maritime intemporelle - Cruise Friendly FR\" \/>\n<meta property=\"og:description\" content=\"\u00c0 la Seyne-sur-Mer, la vie et l&#039;\u00e9conomie se sont longtemps repos\u00e9e sur la mer avec une histoire de construction navale riche de 500 ans comme en\" \/>\n<meta property=\"og:url\" content=\"https:\/\/www.cruise-friendly.com\/fr\/destinations-cruise-friendly\/la-seyne-sur-mer\/la-seyne-sur-mer-une-liaison-maritime-intemporel\/\" \/>\n<meta property=\"og:site_name\" content=\"Cruise Friendly FR\" \/>\n<meta property=\"article:modified_time\" content=\"2022-05-05T09:25:09+00:00\" \/>\n<meta property=\"og:image\" content=\"https:\/\/www.cruise-friendly.com\/fr\/wp-content\/uploads\/sites\/3\/2020\/06\/sun-var-provence-cruise-pro.jpg\" \/>\n\t<meta property=\"og:image:width\" content=\"1220\" \/>\n\t<meta property=\"og:image:height\" content=\"540\" \/>\n<meta name=\"twitter:card\" content=\"summary_large_image\" \/>\n<meta name=\"twitter:label1\" content=\"Dur\u00e9e de lecture est.\">\n\t<meta name=\"twitter:data1\" content=\"1 minute\">\n<script type=\"application\/ld+json\" class=\"yoast-schema-graph\">{\"@context\":\"https:\/\/schema.org\",\"@graph\":[{\"@type\":\"WebSite\",\"@id\":\"https:\/\/www.cruise-friendly.com\/fr\/#website\",\"url\":\"https:\/\/www.cruise-friendly.com\/fr\/\",\"name\":\"Cruise Friendly FR\",\"description\":\"Nous nous effor\\u00e7ons de vous offrir la meilleure exp\\u00e9rience \\u00e0 terre lors de votre visite dans notre ville.\",\"potentialAction\":[{\"@type\":\"SearchAction\",\"target\":\"https:\/\/www.cruise-friendly.com\/fr\/?s={search_term_string}\",\"query-input\":\"required name=search_term_string\"}],\"inLanguage\":\"fr-FR\"},{\"@type\":\"WebPage\",\"@id\":\"https:\/\/www.cruise-friendly.com\/fr\/destinations-cruise-friendly\/la-seyne-sur-mer\/la-seyne-sur-mer-une-liaison-maritime-intemporel\/#webpage\",\"url\":\"https:\/\/www.cruise-friendly.com\/fr\/destinations-cruise-friendly\/la-seyne-sur-mer\/la-seyne-sur-mer-une-liaison-maritime-intemporel\/\",\"name\":\"La Seyne-sur-Mer, une liaison maritime intemporelle - Cruise Friendly FR\",\"isPartOf\":{\"@id\":\"https:\/\/www.cruise-friendly.com\/fr\/#website\"},\"datePublished\":\"2022-01-31T15:08:30+00:00\",\"dateModified\":\"2022-05-05T09:25:09+00:00\",\"description\":\"\\u00c0 la Seyne-sur-Mer, la vie et l'\\u00e9conomie se sont longtemps repos\\u00e9e sur la mer avec une histoire de construction navale riche de 500 ans comme en\",\"breadcrumb\":{\"@id\":\"https:\/\/www.cruise-friendly.com\/fr\/destinations-cruise-friendly\/la-seyne-sur-mer\/la-seyne-sur-mer-une-liaison-maritime-intemporel\/#breadcrumb\"},\"inLanguage\":\"fr-FR\",\"potentialAction\":[{\"@type\":\"ReadAction\",\"target\":[\"https:\/\/www.cruise-friendly.com\/fr\/destinations-cruise-friendly\/la-seyne-sur-mer\/la-seyne-sur-mer-une-liaison-maritime-intemporel\/\"]}]},{\"@type\":\"BreadcrumbList\",\"@id\":\"https:\/\/www.cruise-friendly.com\/fr\/destinations-cruise-friendly\/la-seyne-sur-mer\/la-seyne-sur-mer-une-liaison-maritime-intemporel\/#breadcrumb\",\"itemListElement\":[{\"@type\":\"ListItem\",\"position\":1,\"item\":{\"@type\":\"WebPage\",\"@id\":\"https:\/\/www.cruise-friendly.com\/fr\/\",\"url\":\"https:\/\/www.cruise-friendly.com\/fr\/\",\"name\":\"Accueil\"}},{\"@type\":\"ListItem\",\"position\":2,\"item\":{\"@type\":\"WebPage\",\"@id\":\"https:\/\/www.cruise-friendly.com\/fr\/destinations-cruise-friendly\/\",\"url\":\"https:\/\/www.cruise-friendly.com\/fr\/destinations-cruise-friendly\/\",\"name\":\"Destinations Cruise Friendly\"}},{\"@type\":\"ListItem\",\"position\":3,\"item\":{\"@type\":\"WebPage\",\"@id\":\"https:\/\/www.cruise-friendly.com\/fr\/destinations-cruise-friendly\/la-seyne-sur-mer\/\",\"url\":\"https:\/\/www.cruise-friendly.com\/fr\/destinations-cruise-friendly\/la-seyne-sur-mer\/\",\"name\":\"La Seyne-sur-Mer\"}},{\"@type\":\"ListItem\",\"position\":4,\"item\":{\"@type\":\"WebPage\",\"@id\":\"https:\/\/www.cruise-friendly.com\/fr\/destinations-cruise-friendly\/la-seyne-sur-mer\/la-seyne-sur-mer-une-liaison-maritime-intemporel\/\",\"url\":\"https:\/\/www.cruise-friendly.com\/fr\/destinations-cruise-friendly\/la-seyne-sur-mer\/la-seyne-sur-mer-une-liaison-maritime-intemporel\/\",\"name\":\"La Seyne-sur-Mer, une liaison maritime intemporelle\"}}]}]}<\/script>\n<!-- \/ Yoast SEO plugin. -->","_links":{"self":[{"href":"https:\/\/www.cruise-friendly.com\/fr\/wp-json\/wp\/v2\/pages\/1754"}],"collection":[{"href":"https:\/\/www.cruise-friendly.com\/fr\/wp-json\/wp\/v2\/pages"}],"about":[{"href":"https:\/\/www.cruise-friendly.com\/fr\/wp-json\/wp\/v2\/types\/page"}],"author":[{"embeddable":true,"href":"https:\/\/www.cruise-friendly.com\/fr\/wp-json\/wp\/v2\/users\/1"}],"replies":[{"embeddable":true,"href":"https:\/\/www.cruise-friendly.com\/fr\/wp-json\/wp\/v2\/comments?post=1754"}],"version-history":[{"count":4,"href":"https:\/\/www.cruise-friendly.com\/fr\/wp-json\/wp\/v2\/pages\/1754\/revisions"}],"predecessor-version":[{"id":7480,"href":"https:\/\/www.cruise-friendly.com\/fr\/wp-json\/wp\/v2\/pages\/1754\/revisions\/7480"}],"up":[{"embeddable":true,"href":"https:\/\/www.cruise-friendly.com\/fr\/wp-json\/wp\/v2\/pages\/76"}],"wp:attachment":[{"href":"https:\/\/www.cruise-friendly.com\/fr\/wp-json\/wp\/v2\/media?parent=1754"}],"curies":[{"name":"wp","href":"https:\/\/api.w.org\/{rel}","templated":true}]}}