{"id":1762,"date":"2022-01-31T16:08:30","date_gmt":"2022-01-31T15:08:30","guid":{"rendered":"https:\/\/www.cruise-friendly.com\/fr\/plage-des-sablettes"},"modified":"2022-05-05T09:11:04","modified_gmt":"2022-05-05T09:11:04","slug":"plage-des-sablettes","status":"publish","type":"page","link":"https:\/\/www.cruise-friendly.com\/fr\/destinations-cruise-friendly\/la-seyne-sur-mer\/plage-des-sablettes\/","title":{"rendered":"Plage des Sablettes"},"content":{"rendered":"\n<p class=\"has-text-align-center\">La plus connue, la plus grande et la plus fr\u00e9quent\u00e9e des plages de La Seyne-sur- Mer. Elle se situe au sud de la commune avant la presqu&rsquo;\u00eele de Saint-Mandrier dans le quartier touristique des Sablettes. Longue de plus d&rsquo;un kilom\u00e8tre, cette plage de sable blanc et fin est extr\u00eamement appr\u00e9ci\u00e9e des r\u00e9sidents comme des visiteurs ! Il y a beaucoup d&rsquo;installations et de restaurants en bord de mer, et les activit\u00e9s baln\u00e9aires ne manquent pas en \u00e9t\u00e9 : plong\u00e9e sous-marine, planche \u00e0 voile, kayak, zodiac et clubs de sport sont tous disponibles.<\/p>\n\n\n\n<div class=\"wp-block-buttons is-content-justification-center\">\n<div class=\"wp-block-button\"><a class=\"wp-block-button__link has-midnight-gradient-background has-background\" href=\"https:\/\/www.varprovence-cruise.com\/fr\/equipments\/plage-des-sablettes\/\" style=\"border-radius:25px\" target=\"_blank\" rel=\"noreferrer noopener\">Plus d&rsquo;informations<\/a><\/div>\n<\/div>\n\n\n\n<p><\/p>\n","protected":false},"excerpt":{"rendered":"<p>La plus connue, la plus grande et la plus fr\u00e9quent\u00e9e des plages de La Seyne-sur- Mer. Elle se situe au sud de la commune avant la presqu&rsquo;\u00eele de Saint-Mandrier dans le quartier touristique des Sablettes. Longue de plus d&rsquo;un kilom\u00e8tre, cette plage de sable blanc et fin est extr\u00eamement appr\u00e9ci\u00e9e des r\u00e9sidents comme des visiteurs [&hellip;]<\/p>\n","protected":false},"author":1,"featured_media":1769,"parent":76,"menu_order":0,"comment_status":"closed","ping_status":"closed","template":"","meta":{"_relevanssi_hide_post":"","_relevanssi_pin_for_all":"","_relevanssi_pin_keywords":"","_relevanssi_unpin_keywords":"","_relevanssi_related_keywords":"","_relevanssi_related_include_ids":"","_relevanssi_related_exclude_ids":"","_relevanssi_related_no_append":"","_relevanssi_related_not_related":"","_relevanssi_related_posts":"252,521,251,837,847,245","_relevanssi_noindex_reason":""},"yoast_head":"<!-- This site is optimized with the Yoast SEO plugin v16.1.1 - https:\/\/yoast.com\/wordpress\/plugins\/seo\/ -->\n<meta name=\"description\" content=\"La plus connue, la plus grande et la plus fr\u00e9quent\u00e9e des plages de La Seyne-sur- Mer. Elle se situe au sud de la commune avant la presqu&#039;\u00eele de\" \/>\n<link rel=\"canonical\" href=\"https:\/\/www.cruise-friendly.com\/fr\/destinations-cruise-friendly\/la-seyne-sur-mer\/plage-des-sablettes\/\" \/>\n<meta property=\"og:locale\" content=\"fr_FR\" \/>\n<meta property=\"og:type\" content=\"article\" \/>\n<meta property=\"og:title\" content=\"Plage des Sablettes - Cruise Friendly FR\" \/>\n<meta property=\"og:description\" content=\"La plus connue, la plus grande et la plus fr\u00e9quent\u00e9e des plages de La Seyne-sur- Mer. Elle se situe au sud de la commune avant la presqu&#039;\u00eele de\" \/>\n<meta property=\"og:url\" content=\"https:\/\/www.cruise-friendly.com\/fr\/destinations-cruise-friendly\/la-seyne-sur-mer\/plage-des-sablettes\/\" \/>\n<meta property=\"og:site_name\" content=\"Cruise Friendly FR\" \/>\n<meta property=\"article:modified_time\" content=\"2022-05-05T09:11:04+00:00\" \/>\n<meta property=\"og:image\" content=\"https:\/\/www.cruise-friendly.com\/fr\/wp-content\/uploads\/sites\/3\/2021\/02\/Sablettes.jpg\" \/>\n\t<meta property=\"og:image:width\" content=\"1728\" \/>\n\t<meta property=\"og:image:height\" content=\"1152\" \/>\n<meta name=\"twitter:card\" content=\"summary_large_image\" \/>\n<meta name=\"twitter:label1\" content=\"Dur\u00e9e de lecture est.\">\n\t<meta name=\"twitter:data1\" content=\"1 minute\">\n<script type=\"application\/ld+json\" class=\"yoast-schema-graph\">{\"@context\":\"https:\/\/schema.org\",\"@graph\":[{\"@type\":\"WebSite\",\"@id\":\"https:\/\/www.cruise-friendly.com\/fr\/#website\",\"url\":\"https:\/\/www.cruise-friendly.com\/fr\/\",\"name\":\"Cruise Friendly FR\",\"description\":\"Nous nous effor\\u00e7ons de vous offrir la meilleure exp\\u00e9rience \\u00e0 terre lors de votre visite dans notre ville.\",\"potentialAction\":[{\"@type\":\"SearchAction\",\"target\":\"https:\/\/www.cruise-friendly.com\/fr\/?s={search_term_string}\",\"query-input\":\"required name=search_term_string\"}],\"inLanguage\":\"fr-FR\"},{\"@type\":\"ImageObject\",\"@id\":\"https:\/\/www.cruise-friendly.com\/fr\/destinations-cruise-friendly\/la-seyne-sur-mer\/plage-des-sablettes\/#primaryimage\",\"inLanguage\":\"fr-FR\",\"url\":\"https:\/\/www.cruise-friendly.com\/fr\/wp-content\/uploads\/sites\/3\/2021\/02\/Sablettes.jpg\",\"contentUrl\":\"https:\/\/www.cruise-friendly.com\/fr\/wp-content\/uploads\/sites\/3\/2021\/02\/Sablettes.jpg\",\"width\":1728,\"height\":1152},{\"@type\":\"WebPage\",\"@id\":\"https:\/\/www.cruise-friendly.com\/fr\/destinations-cruise-friendly\/la-seyne-sur-mer\/plage-des-sablettes\/#webpage\",\"url\":\"https:\/\/www.cruise-friendly.com\/fr\/destinations-cruise-friendly\/la-seyne-sur-mer\/plage-des-sablettes\/\",\"name\":\"Plage des Sablettes - Cruise Friendly FR\",\"isPartOf\":{\"@id\":\"https:\/\/www.cruise-friendly.com\/fr\/#website\"},\"primaryImageOfPage\":{\"@id\":\"https:\/\/www.cruise-friendly.com\/fr\/destinations-cruise-friendly\/la-seyne-sur-mer\/plage-des-sablettes\/#primaryimage\"},\"datePublished\":\"2022-01-31T15:08:30+00:00\",\"dateModified\":\"2022-05-05T09:11:04+00:00\",\"description\":\"La plus connue, la plus grande et la plus fr\\u00e9quent\\u00e9e des plages de La Seyne-sur- Mer. Elle se situe au sud de la commune avant la presqu'\\u00eele de\",\"breadcrumb\":{\"@id\":\"https:\/\/www.cruise-friendly.com\/fr\/destinations-cruise-friendly\/la-seyne-sur-mer\/plage-des-sablettes\/#breadcrumb\"},\"inLanguage\":\"fr-FR\",\"potentialAction\":[{\"@type\":\"ReadAction\",\"target\":[\"https:\/\/www.cruise-friendly.com\/fr\/destinations-cruise-friendly\/la-seyne-sur-mer\/plage-des-sablettes\/\"]}]},{\"@type\":\"BreadcrumbList\",\"@id\":\"https:\/\/www.cruise-friendly.com\/fr\/destinations-cruise-friendly\/la-seyne-sur-mer\/plage-des-sablettes\/#breadcrumb\",\"itemListElement\":[{\"@type\":\"ListItem\",\"position\":1,\"item\":{\"@type\":\"WebPage\",\"@id\":\"https:\/\/www.cruise-friendly.com\/fr\/\",\"url\":\"https:\/\/www.cruise-friendly.com\/fr\/\",\"name\":\"Accueil\"}},{\"@type\":\"ListItem\",\"position\":2,\"item\":{\"@type\":\"WebPage\",\"@id\":\"https:\/\/www.cruise-friendly.com\/fr\/destinations-cruise-friendly\/\",\"url\":\"https:\/\/www.cruise-friendly.com\/fr\/destinations-cruise-friendly\/\",\"name\":\"Destinations Cruise Friendly\"}},{\"@type\":\"ListItem\",\"position\":3,\"item\":{\"@type\":\"WebPage\",\"@id\":\"https:\/\/www.cruise-friendly.com\/fr\/destinations-cruise-friendly\/la-seyne-sur-mer\/\",\"url\":\"https:\/\/www.cruise-friendly.com\/fr\/destinations-cruise-friendly\/la-seyne-sur-mer\/\",\"name\":\"La Seyne-sur-Mer\"}},{\"@type\":\"ListItem\",\"position\":4,\"item\":{\"@type\":\"WebPage\",\"@id\":\"https:\/\/www.cruise-friendly.com\/fr\/destinations-cruise-friendly\/la-seyne-sur-mer\/plage-des-sablettes\/\",\"url\":\"https:\/\/www.cruise-friendly.com\/fr\/destinations-cruise-friendly\/la-seyne-sur-mer\/plage-des-sablettes\/\",\"name\":\"Plage des Sablettes\"}}]}]}<\/script>\n<!-- \/ Yoast SEO plugin. -->","_links":{"self":[{"href":"https:\/\/www.cruise-friendly.com\/fr\/wp-json\/wp\/v2\/pages\/1762"}],"collection":[{"href":"https:\/\/www.cruise-friendly.com\/fr\/wp-json\/wp\/v2\/pages"}],"about":[{"href":"https:\/\/www.cruise-friendly.com\/fr\/wp-json\/wp\/v2\/types\/page"}],"author":[{"embeddable":true,"href":"https:\/\/www.cruise-friendly.com\/fr\/wp-json\/wp\/v2\/users\/1"}],"replies":[{"embeddable":true,"href":"https:\/\/www.cruise-friendly.com\/fr\/wp-json\/wp\/v2\/comments?post=1762"}],"version-history":[{"count":2,"href":"https:\/\/www.cruise-friendly.com\/fr\/wp-json\/wp\/v2\/pages\/1762\/revisions"}],"predecessor-version":[{"id":7486,"href":"https:\/\/www.cruise-friendly.com\/fr\/wp-json\/wp\/v2\/pages\/1762\/revisions\/7486"}],"up":[{"embeddable":true,"href":"https:\/\/www.cruise-friendly.com\/fr\/wp-json\/wp\/v2\/pages\/76"}],"wp:featuredmedia":[{"embeddable":true,"href":"https:\/\/www.cruise-friendly.com\/fr\/wp-json\/wp\/v2\/media\/1769"}],"wp:attachment":[{"href":"https:\/\/www.cruise-friendly.com\/fr\/wp-json\/wp\/v2\/media?parent=1762"}],"curies":[{"name":"wp","href":"https:\/\/api.w.org\/{rel}","templated":true}]}}