{"id":1824,"date":"2022-01-31T16:08:30","date_gmt":"2022-01-31T15:08:30","guid":{"rendered":"https:\/\/www.cruise-friendly.com\/fr\/bandol-a-wine-capital"},"modified":"2022-05-05T08:46:04","modified_gmt":"2022-05-05T08:46:04","slug":"decouvrez-bandol","status":"publish","type":"page","link":"https:\/\/www.cruise-friendly.com\/fr\/destinations-cruise-friendly\/bandol\/decouvrez-bandol\/","title":{"rendered":"D\u00e9couvrez Bandol"},"content":{"rendered":"\n<p><strong>Bandol, <\/strong>mondialement connu pour son appellation viticole, est un charmant village proven\u00e7al du XVIIIe si\u00e8cle qui a su garder son <strong>authenticit\u00e9<\/strong>. Ne manquez pas son <strong>march\u00e9 proven\u00e7al quotidien<\/strong> (le matin) ni de faire halte chez l\u2019un des commer\u00e7ants en front de mer, <strong>tous ouverts 7 jours sur 7<\/strong>. Parmi eux, vous pourrez d\u00e9couvrir un de nos nombreux <strong>partenaires Cruise Friendly <\/strong>!<\/p>\n\n\n\n<p>Poursuivez votre d\u00e9couverte des saveurs et des produits locaux \u00e0 la <strong>Maison des Vins<\/strong> situ\u00e9e dans le centre du village ; s\u2019il en est un que vous ne devez pas manquer c\u2019est bien le<strong> vin de Bandol prot\u00e9g\u00e9 par une AOC<\/strong> ! <\/p>\n\n\n\n<p>Poussez plus loin et empruntez le <strong>Circuit des Vins<\/strong> jalonn\u00e9 d\u2019une soixantaine de vignobles et d\u2019autant d\u2019\u00e9tapes de d\u00e9gustation. Vos papilles ne seront pas en reste ! A 15 minutes de Bandol, \u00e0 <strong>La Cadi\u00e8re<\/strong>, le <strong>Chef Fran\u00e7ois B\u00e9rard<\/strong> vous accueille dans son restaurant \u00e9toil\u00e9 pour un <strong>cours de cuisine<\/strong> et des recettes gourmandes.<\/p>\n\n\n\n<p>Le littoral de Bandol offre \u00e9galement de <strong>merveilleuses plages<\/strong>, comme celle de <strong>Ren\u00e9cros<\/strong> et vous tomberez s\u00fbrement sous le charme de la paisible <strong>\u00eele de Bendor<\/strong> (\u00e0 7 minutes de bateau de Bandol) ; les amoureux de la nature y trouveront un pr\u00e9cieux \u00e9crin de verdure.<\/p>\n\n\n\n<div class=\"wp-block-buttons is-content-justification-center\">\n<div class=\"wp-block-button\"><a class=\"wp-block-button__link has-background\" href=\"https:\/\/www.varprovence-cruise.com\/fr\/next-calls\/?port=325\" style=\"border-radius:17px;background:linear-gradient(135deg,rgb(2,3,129) 0%,rgb(40,116,252) 73%)\" target=\"_blank\" rel=\"noreferrer noopener\">Toutes les Escales \u00e0 bandol<\/a><\/div>\n<\/div>\n","protected":false},"excerpt":{"rendered":"<p>Bandol, mondialement connu pour son appellation viticole, est un charmant village proven\u00e7al du XVIIIe si\u00e8cle qui a su garder son authenticit\u00e9. Ne manquez pas son march\u00e9 proven\u00e7al quotidien (le matin) ni de faire halte chez l\u2019un des commer\u00e7ants en front de mer, tous ouverts 7 jours sur 7. Parmi eux, vous pourrez d\u00e9couvrir un de [&hellip;]<\/p>\n","protected":false},"author":1,"featured_media":0,"parent":78,"menu_order":0,"comment_status":"closed","ping_status":"closed","template":"","meta":{"_relevanssi_hide_post":"","_relevanssi_pin_for_all":"","_relevanssi_pin_keywords":"","_relevanssi_unpin_keywords":"","_relevanssi_related_keywords":"","_relevanssi_related_include_ids":"","_relevanssi_related_exclude_ids":"","_relevanssi_related_no_append":"","_relevanssi_related_not_related":"","_relevanssi_related_posts":"521,847,1812,252,837,245","_relevanssi_noindex_reason":""},"yoast_head":"<!-- This site is optimized with the Yoast SEO plugin v16.1.1 - https:\/\/yoast.com\/wordpress\/plugins\/seo\/ -->\n<meta name=\"description\" content=\"Bandol, mondialement connu pour son appellation viticole, est un charmant village proven\u00e7al du XVIIIe si\u00e8cle qui a su garder son authenticit\u00e9. Ne manquez\" \/>\n<link rel=\"canonical\" href=\"https:\/\/www.cruise-friendly.com\/fr\/destinations-cruise-friendly\/bandol\/decouvrez-bandol\/\" \/>\n<meta property=\"og:locale\" content=\"fr_FR\" \/>\n<meta property=\"og:type\" content=\"article\" \/>\n<meta property=\"og:title\" content=\"D\u00e9couvrez Bandol - Cruise Friendly FR\" \/>\n<meta property=\"og:description\" content=\"Bandol, mondialement connu pour son appellation viticole, est un charmant village proven\u00e7al du XVIIIe si\u00e8cle qui a su garder son authenticit\u00e9. Ne manquez\" \/>\n<meta property=\"og:url\" content=\"https:\/\/www.cruise-friendly.com\/fr\/destinations-cruise-friendly\/bandol\/decouvrez-bandol\/\" \/>\n<meta property=\"og:site_name\" content=\"Cruise Friendly FR\" \/>\n<meta property=\"article:modified_time\" content=\"2022-05-05T08:46:04+00:00\" \/>\n<meta property=\"og:image\" content=\"https:\/\/www.cruise-friendly.com\/fr\/wp-content\/uploads\/sites\/3\/2020\/06\/sun-var-provence-cruise-pro.jpg\" \/>\n\t<meta property=\"og:image:width\" content=\"1220\" \/>\n\t<meta property=\"og:image:height\" content=\"540\" \/>\n<meta name=\"twitter:card\" content=\"summary_large_image\" \/>\n<meta name=\"twitter:label1\" content=\"Dur\u00e9e de lecture est.\">\n\t<meta name=\"twitter:data1\" content=\"1 minute\">\n<script type=\"application\/ld+json\" class=\"yoast-schema-graph\">{\"@context\":\"https:\/\/schema.org\",\"@graph\":[{\"@type\":\"WebSite\",\"@id\":\"https:\/\/www.cruise-friendly.com\/fr\/#website\",\"url\":\"https:\/\/www.cruise-friendly.com\/fr\/\",\"name\":\"Cruise Friendly FR\",\"description\":\"Nous nous effor\\u00e7ons de vous offrir la meilleure exp\\u00e9rience \\u00e0 terre lors de votre visite dans notre ville.\",\"potentialAction\":[{\"@type\":\"SearchAction\",\"target\":\"https:\/\/www.cruise-friendly.com\/fr\/?s={search_term_string}\",\"query-input\":\"required name=search_term_string\"}],\"inLanguage\":\"fr-FR\"},{\"@type\":\"WebPage\",\"@id\":\"https:\/\/www.cruise-friendly.com\/fr\/destinations-cruise-friendly\/bandol\/decouvrez-bandol\/#webpage\",\"url\":\"https:\/\/www.cruise-friendly.com\/fr\/destinations-cruise-friendly\/bandol\/decouvrez-bandol\/\",\"name\":\"D\\u00e9couvrez Bandol - Cruise Friendly FR\",\"isPartOf\":{\"@id\":\"https:\/\/www.cruise-friendly.com\/fr\/#website\"},\"datePublished\":\"2022-01-31T15:08:30+00:00\",\"dateModified\":\"2022-05-05T08:46:04+00:00\",\"description\":\"Bandol, mondialement connu pour son appellation viticole, est un charmant village proven\\u00e7al du XVIIIe si\\u00e8cle qui a su garder son authenticit\\u00e9. Ne manquez\",\"breadcrumb\":{\"@id\":\"https:\/\/www.cruise-friendly.com\/fr\/destinations-cruise-friendly\/bandol\/decouvrez-bandol\/#breadcrumb\"},\"inLanguage\":\"fr-FR\",\"potentialAction\":[{\"@type\":\"ReadAction\",\"target\":[\"https:\/\/www.cruise-friendly.com\/fr\/destinations-cruise-friendly\/bandol\/decouvrez-bandol\/\"]}]},{\"@type\":\"BreadcrumbList\",\"@id\":\"https:\/\/www.cruise-friendly.com\/fr\/destinations-cruise-friendly\/bandol\/decouvrez-bandol\/#breadcrumb\",\"itemListElement\":[{\"@type\":\"ListItem\",\"position\":1,\"item\":{\"@type\":\"WebPage\",\"@id\":\"https:\/\/www.cruise-friendly.com\/fr\/\",\"url\":\"https:\/\/www.cruise-friendly.com\/fr\/\",\"name\":\"Accueil\"}},{\"@type\":\"ListItem\",\"position\":2,\"item\":{\"@type\":\"WebPage\",\"@id\":\"https:\/\/www.cruise-friendly.com\/fr\/destinations-cruise-friendly\/\",\"url\":\"https:\/\/www.cruise-friendly.com\/fr\/destinations-cruise-friendly\/\",\"name\":\"Destinations Cruise Friendly\"}},{\"@type\":\"ListItem\",\"position\":3,\"item\":{\"@type\":\"WebPage\",\"@id\":\"https:\/\/www.cruise-friendly.com\/fr\/?page_id=78\",\"url\":\"https:\/\/www.cruise-friendly.com\/fr\/?page_id=78\",\"name\":\"Bandol\"}},{\"@type\":\"ListItem\",\"position\":4,\"item\":{\"@type\":\"WebPage\",\"@id\":\"https:\/\/www.cruise-friendly.com\/fr\/destinations-cruise-friendly\/bandol\/decouvrez-bandol\/\",\"url\":\"https:\/\/www.cruise-friendly.com\/fr\/destinations-cruise-friendly\/bandol\/decouvrez-bandol\/\",\"name\":\"D\\u00e9couvrez Bandol\"}}]}]}<\/script>\n<!-- \/ Yoast SEO plugin. -->","_links":{"self":[{"href":"https:\/\/www.cruise-friendly.com\/fr\/wp-json\/wp\/v2\/pages\/1824"}],"collection":[{"href":"https:\/\/www.cruise-friendly.com\/fr\/wp-json\/wp\/v2\/pages"}],"about":[{"href":"https:\/\/www.cruise-friendly.com\/fr\/wp-json\/wp\/v2\/types\/page"}],"author":[{"embeddable":true,"href":"https:\/\/www.cruise-friendly.com\/fr\/wp-json\/wp\/v2\/users\/1"}],"replies":[{"embeddable":true,"href":"https:\/\/www.cruise-friendly.com\/fr\/wp-json\/wp\/v2\/comments?post=1824"}],"version-history":[{"count":5,"href":"https:\/\/www.cruise-friendly.com\/fr\/wp-json\/wp\/v2\/pages\/1824\/revisions"}],"predecessor-version":[{"id":7463,"href":"https:\/\/www.cruise-friendly.com\/fr\/wp-json\/wp\/v2\/pages\/1824\/revisions\/7463"}],"up":[{"embeddable":true,"href":"https:\/\/www.cruise-friendly.com\/fr\/wp-json\/wp\/v2\/pages\/78"}],"wp:attachment":[{"href":"https:\/\/www.cruise-friendly.com\/fr\/wp-json\/wp\/v2\/media?parent=1824"}],"curies":[{"name":"wp","href":"https:\/\/api.w.org\/{rel}","templated":true}]}}