{"id":1879,"date":"2022-01-31T16:08:30","date_gmt":"2022-01-31T15:08:30","guid":{"rendered":"https:\/\/www.cruise-friendly.com\/fr\/saint-raphael-an-active-sea-resort"},"modified":"2022-07-15T09:52:23","modified_gmt":"2022-07-15T09:52:23","slug":"saint-raphael-une-station-balneaire-animee","status":"publish","type":"page","link":"https:\/\/www.cruise-friendly.com\/fr\/destinations-cruise-friendly\/saint-raphael\/saint-raphael-une-station-balneaire-animee\/","title":{"rendered":"Saint-Rapha\u00ebl, station baln\u00e9aire anim\u00e9e"},"content":{"rendered":"\n<p>Bien connue pour son <strong>club nautique<\/strong> et sa <strong>promenade de front de mer<\/strong>, Saint Rapha\u00ebl peut s\u2019enorgueillir de 2 si\u00e8cles d\u2019histoire en tant que<strong> station baln\u00e9aire<\/strong>. Fl\u00e2nez sur le <strong>march\u00e9 proven\u00e7al<\/strong> ou les boutiques et commerces de proximit\u00e9 \u00e0 la recherche du souvenir que vous emporterez chez vous. Les <strong>boutiques partenaires Cruise Friendly<\/strong> se feront un plaisir de vous \u00e9pauler dans vos choix.<\/p>\n\n\n\n<p>Prenez le temps de d\u00e9couvrir son <strong>c\u0153ur historique<\/strong> et la chapelle du XVI\u00e8me si\u00e8cle, sans oublier le tout r\u00e9cent et excellent <strong>Mus\u00e9e Louis de Fun\u00e8s<\/strong>. Saint Rapha\u00ebl c\u2019est aussi de <strong>splendides r\u00e9sidences<\/strong> historiques des <strong>XIX\u00e8me et XX\u00e8me si\u00e8cles<\/strong> que vous pourrez d\u00e9couvrir au gr\u00e9 de la ville.<\/p>\n\n\n\n<p>Si vous pr\u00e9f\u00e9rez la campagne et le littoral, alors ce <strong>road trip<\/strong> est fait pour vous : laissez vous conduire depuis les <strong>plages ou les criques du bord de mer<\/strong> jusque dans le <strong>massif volcanique de l\u2019Est\u00e9rel<\/strong>. Parmi les plages n\u2019oublions pas la <strong>plage du Dramont<\/strong>, sc\u00e8ne du <strong>d\u00e9barquement alli\u00e9 de la Seconde Guerre mondiale<\/strong>. La r\u00e9gion est aussi un <strong>haut lieu du sport <\/strong>: \u00e9quitation, v\u00e9lo, randonn\u00e9es et activit\u00e9s nautiques \u00e0 volont\u00e9 comme le paddle, le kayak, le jet ski et bien plus encore\u2026<\/p>\n\n\n\n<div class=\"wp-block-buttons is-content-justification-center\">\n<div class=\"wp-block-button\"><a class=\"wp-block-button__link has-background\" href=\"https:\/\/www.varprovence-cruise.com\/fr\/next-calls\/?port=333\" style=\"border-radius:24px;background:linear-gradient(135deg,rgb(2,3,129) 0%,rgb(40,116,252) 68%)\" target=\"_blank\" rel=\"noreferrer noopener\">Toutes les escales \u00e0 saint-Rapha\u00ebl<\/a><\/div>\n<\/div>\n\n\n\n<figure class=\"wp-block-embed is-type-video is-provider-youtube wp-block-embed-youtube wp-embed-aspect-16-9 wp-has-aspect-ratio\"><div class=\"wp-block-embed__wrapper\">\n<iframe loading=\"lazy\" title=\"Cruise ships in Saint-Rapha\u00ebl\" width=\"500\" height=\"281\" data-src=\"https:\/\/www.youtube.com\/embed\/8VqyzVmGVIs?feature=oembed\" frameborder=\"0\" allow=\"accelerometer; autoplay; clipboard-write; encrypted-media; gyroscope; picture-in-picture\" allowfullscreen><\/iframe>\n<\/div><\/figure>\n\n\n\n<figure class=\"wp-block-embed is-type-video is-provider-youtube wp-block-embed-youtube wp-embed-aspect-16-9 wp-has-aspect-ratio\"><div class=\"wp-block-embed__wrapper\">\n<iframe loading=\"lazy\" title=\"Saint-Rapha\u00ebl &quot;C&#039;est ici et pas ailleurs&quot; !\" width=\"500\" height=\"281\" data-src=\"https:\/\/www.youtube.com\/embed\/uGiONrwbBVg?start=2&#038;feature=oembed\" frameborder=\"0\" allow=\"accelerometer; autoplay; clipboard-write; encrypted-media; gyroscope; picture-in-picture\" allowfullscreen title=\"Saint-Rapha\u00ebl \"C'est ici et pas ailleurs\" !\"><\/iframe>\n<\/div><\/figure>\n","protected":false},"excerpt":{"rendered":"<p>Bien connue pour son club nautique et sa promenade de front de mer, Saint Rapha\u00ebl peut s\u2019enorgueillir de 2 si\u00e8cles d\u2019histoire en tant que station baln\u00e9aire. Fl\u00e2nez sur le march\u00e9 proven\u00e7al ou les boutiques et commerces de proximit\u00e9 \u00e0 la recherche du souvenir que vous emporterez chez vous. Les boutiques partenaires Cruise Friendly se feront [&hellip;]<\/p>\n","protected":false},"author":1,"featured_media":0,"parent":82,"menu_order":0,"comment_status":"closed","ping_status":"closed","template":"","meta":{"_relevanssi_hide_post":"","_relevanssi_pin_for_all":"","_relevanssi_pin_keywords":"","_relevanssi_unpin_keywords":"","_relevanssi_related_keywords":"","_relevanssi_related_include_ids":"","_relevanssi_related_exclude_ids":"","_relevanssi_related_no_append":"","_relevanssi_related_not_related":"","_relevanssi_related_posts":"247,837,521,251,252,1812","_relevanssi_noindex_reason":""},"yoast_head":"<!-- This site is optimized with the Yoast SEO plugin v16.1.1 - https:\/\/yoast.com\/wordpress\/plugins\/seo\/ -->\n<meta name=\"description\" content=\"Bien connue pour son club nautique et sa promenade de front de mer, Saint Rapha\u00ebl peut s\u2019enorgueillir de 2 si\u00e8cles d\u2019histoire en tant que station\" \/>\n<link rel=\"canonical\" href=\"https:\/\/www.cruise-friendly.com\/fr\/destinations-cruise-friendly\/saint-raphael\/saint-raphael-une-station-balneaire-animee\/\" \/>\n<meta property=\"og:locale\" content=\"fr_FR\" \/>\n<meta property=\"og:type\" content=\"article\" \/>\n<meta property=\"og:title\" content=\"Saint-Rapha\u00ebl, station baln\u00e9aire anim\u00e9e - Cruise Friendly FR\" \/>\n<meta property=\"og:description\" content=\"Bien connue pour son club nautique et sa promenade de front de mer, Saint Rapha\u00ebl peut s\u2019enorgueillir de 2 si\u00e8cles d\u2019histoire en tant que station\" \/>\n<meta property=\"og:url\" content=\"https:\/\/www.cruise-friendly.com\/fr\/destinations-cruise-friendly\/saint-raphael\/saint-raphael-une-station-balneaire-animee\/\" \/>\n<meta property=\"og:site_name\" content=\"Cruise Friendly FR\" \/>\n<meta property=\"article:modified_time\" content=\"2022-07-15T09:52:23+00:00\" \/>\n<meta property=\"og:image\" content=\"https:\/\/www.cruise-friendly.com\/fr\/wp-content\/uploads\/sites\/3\/2020\/06\/sun-var-provence-cruise-pro.jpg\" \/>\n\t<meta property=\"og:image:width\" content=\"1220\" \/>\n\t<meta property=\"og:image:height\" content=\"540\" \/>\n<meta name=\"twitter:card\" content=\"summary_large_image\" \/>\n<meta name=\"twitter:label1\" content=\"Dur\u00e9e de lecture est.\">\n\t<meta name=\"twitter:data1\" content=\"1 minute\">\n<script type=\"application\/ld+json\" class=\"yoast-schema-graph\">{\"@context\":\"https:\/\/schema.org\",\"@graph\":[{\"@type\":\"WebSite\",\"@id\":\"https:\/\/www.cruise-friendly.com\/fr\/#website\",\"url\":\"https:\/\/www.cruise-friendly.com\/fr\/\",\"name\":\"Cruise Friendly FR\",\"description\":\"Nous nous effor\\u00e7ons de vous offrir la meilleure exp\\u00e9rience \\u00e0 terre lors de votre visite dans notre ville.\",\"potentialAction\":[{\"@type\":\"SearchAction\",\"target\":\"https:\/\/www.cruise-friendly.com\/fr\/?s={search_term_string}\",\"query-input\":\"required name=search_term_string\"}],\"inLanguage\":\"fr-FR\"},{\"@type\":\"WebPage\",\"@id\":\"https:\/\/www.cruise-friendly.com\/fr\/destinations-cruise-friendly\/saint-raphael\/saint-raphael-une-station-balneaire-animee\/#webpage\",\"url\":\"https:\/\/www.cruise-friendly.com\/fr\/destinations-cruise-friendly\/saint-raphael\/saint-raphael-une-station-balneaire-animee\/\",\"name\":\"Saint-Rapha\\u00ebl, station baln\\u00e9aire anim\\u00e9e - Cruise Friendly FR\",\"isPartOf\":{\"@id\":\"https:\/\/www.cruise-friendly.com\/fr\/#website\"},\"datePublished\":\"2022-01-31T15:08:30+00:00\",\"dateModified\":\"2022-07-15T09:52:23+00:00\",\"description\":\"Bien connue pour son club nautique et sa promenade de front de mer, Saint Rapha\\u00ebl peut s\\u2019enorgueillir de 2 si\\u00e8cles d\\u2019histoire en tant que station\",\"breadcrumb\":{\"@id\":\"https:\/\/www.cruise-friendly.com\/fr\/destinations-cruise-friendly\/saint-raphael\/saint-raphael-une-station-balneaire-animee\/#breadcrumb\"},\"inLanguage\":\"fr-FR\",\"potentialAction\":[{\"@type\":\"ReadAction\",\"target\":[\"https:\/\/www.cruise-friendly.com\/fr\/destinations-cruise-friendly\/saint-raphael\/saint-raphael-une-station-balneaire-animee\/\"]}]},{\"@type\":\"BreadcrumbList\",\"@id\":\"https:\/\/www.cruise-friendly.com\/fr\/destinations-cruise-friendly\/saint-raphael\/saint-raphael-une-station-balneaire-animee\/#breadcrumb\",\"itemListElement\":[{\"@type\":\"ListItem\",\"position\":1,\"item\":{\"@type\":\"WebPage\",\"@id\":\"https:\/\/www.cruise-friendly.com\/fr\/\",\"url\":\"https:\/\/www.cruise-friendly.com\/fr\/\",\"name\":\"Accueil\"}},{\"@type\":\"ListItem\",\"position\":2,\"item\":{\"@type\":\"WebPage\",\"@id\":\"https:\/\/www.cruise-friendly.com\/fr\/destinations-cruise-friendly\/\",\"url\":\"https:\/\/www.cruise-friendly.com\/fr\/destinations-cruise-friendly\/\",\"name\":\"Destinations Cruise Friendly\"}},{\"@type\":\"ListItem\",\"position\":3,\"item\":{\"@type\":\"WebPage\",\"@id\":\"https:\/\/www.cruise-friendly.com\/fr\/destinations-cruise-friendly\/saint-raphael\/\",\"url\":\"https:\/\/www.cruise-friendly.com\/fr\/destinations-cruise-friendly\/saint-raphael\/\",\"name\":\"Saint-Rapha\\u00ebl\"}},{\"@type\":\"ListItem\",\"position\":4,\"item\":{\"@type\":\"WebPage\",\"@id\":\"https:\/\/www.cruise-friendly.com\/fr\/destinations-cruise-friendly\/saint-raphael\/saint-raphael-une-station-balneaire-animee\/\",\"url\":\"https:\/\/www.cruise-friendly.com\/fr\/destinations-cruise-friendly\/saint-raphael\/saint-raphael-une-station-balneaire-animee\/\",\"name\":\"Saint-Rapha\\u00ebl, station baln\\u00e9aire anim\\u00e9e\"}}]}]}<\/script>\n<!-- \/ Yoast SEO plugin. -->","_links":{"self":[{"href":"https:\/\/www.cruise-friendly.com\/fr\/wp-json\/wp\/v2\/pages\/1879"}],"collection":[{"href":"https:\/\/www.cruise-friendly.com\/fr\/wp-json\/wp\/v2\/pages"}],"about":[{"href":"https:\/\/www.cruise-friendly.com\/fr\/wp-json\/wp\/v2\/types\/page"}],"author":[{"embeddable":true,"href":"https:\/\/www.cruise-friendly.com\/fr\/wp-json\/wp\/v2\/users\/1"}],"replies":[{"embeddable":true,"href":"https:\/\/www.cruise-friendly.com\/fr\/wp-json\/wp\/v2\/comments?post=1879"}],"version-history":[{"count":9,"href":"https:\/\/www.cruise-friendly.com\/fr\/wp-json\/wp\/v2\/pages\/1879\/revisions"}],"predecessor-version":[{"id":7632,"href":"https:\/\/www.cruise-friendly.com\/fr\/wp-json\/wp\/v2\/pages\/1879\/revisions\/7632"}],"up":[{"embeddable":true,"href":"https:\/\/www.cruise-friendly.com\/fr\/wp-json\/wp\/v2\/pages\/82"}],"wp:attachment":[{"href":"https:\/\/www.cruise-friendly.com\/fr\/wp-json\/wp\/v2\/media?parent=1879"}],"curies":[{"name":"wp","href":"https:\/\/api.w.org\/{rel}","templated":true}]}}