{"id":1905,"date":"2022-01-31T16:08:30","date_gmt":"2022-01-31T15:08:30","guid":{"rendered":"https:\/\/www.cruise-friendly.com\/fr\/valescure-golf-course"},"modified":"2022-05-05T09:41:12","modified_gmt":"2022-05-05T09:41:12","slug":"golf-de-valescure","status":"publish","type":"page","link":"https:\/\/www.cruise-friendly.com\/fr\/destinations-cruise-friendly\/saint-raphael\/golf-de-valescure\/","title":{"rendered":"Golf de Valescure"},"content":{"rendered":"\n<p>Cr\u00e9\u00e9 en 1895, le Golf de Valescure est le plus ancien golf du Var et le 5\u00e8me de France.<\/p>\n\n\n\n<div class=\"wp-block-buttons is-content-justification-center\">\n<div class=\"wp-block-button\"><a class=\"wp-block-button__link has-midnight-gradient-background has-background\" href=\"https:\/\/www.varprovence-cruise.com\/fr\/equipments\/golf-de-valescure\/\" style=\"border-radius:25px\" target=\"_blank\" rel=\"noreferrer noopener\">Plus d&rsquo;informations<\/a><\/div>\n<\/div>\n","protected":false},"excerpt":{"rendered":"<p>Cr\u00e9\u00e9 en 1895, le Golf de Valescure est le plus ancien golf du Var et le 5\u00e8me de France.<\/p>\n","protected":false},"author":1,"featured_media":1909,"parent":82,"menu_order":0,"comment_status":"closed","ping_status":"closed","template":"","meta":{"_relevanssi_hide_post":"","_relevanssi_pin_for_all":"","_relevanssi_pin_keywords":"","_relevanssi_unpin_keywords":"","_relevanssi_related_keywords":"","_relevanssi_related_include_ids":"","_relevanssi_related_exclude_ids":"","_relevanssi_related_no_append":"","_relevanssi_related_not_related":"","_relevanssi_related_posts":"521,247,251,837,1812,245","_relevanssi_noindex_reason":""},"yoast_head":"<!-- This site is optimized with the Yoast SEO plugin v16.1.1 - https:\/\/yoast.com\/wordpress\/plugins\/seo\/ -->\n<meta name=\"description\" content=\"Cr\u00e9\u00e9 en 1895, le Golf de Valescure est le plus ancien golf du Var et le 5\u00e8me de France.   Plus d&#039;informations\" \/>\n<link rel=\"canonical\" href=\"https:\/\/www.cruise-friendly.com\/fr\/destinations-cruise-friendly\/saint-raphael\/golf-de-valescure\/\" \/>\n<meta property=\"og:locale\" content=\"fr_FR\" \/>\n<meta property=\"og:type\" content=\"article\" \/>\n<meta property=\"og:title\" content=\"Golf de Valescure - Cruise Friendly FR\" \/>\n<meta property=\"og:description\" content=\"Cr\u00e9\u00e9 en 1895, le Golf de Valescure est le plus ancien golf du Var et le 5\u00e8me de France.   Plus d&#039;informations\" \/>\n<meta property=\"og:url\" content=\"https:\/\/www.cruise-friendly.com\/fr\/destinations-cruise-friendly\/saint-raphael\/golf-de-valescure\/\" \/>\n<meta property=\"og:site_name\" content=\"Cruise Friendly FR\" \/>\n<meta property=\"article:modified_time\" content=\"2022-05-05T09:41:12+00:00\" \/>\n<meta property=\"og:image\" content=\"https:\/\/www.cruise-friendly.com\/fr\/wp-content\/uploads\/sites\/3\/2021\/02\/Golf-Valescure-Copyright-P-Berlan.jpg\" \/>\n\t<meta property=\"og:image:width\" content=\"799\" \/>\n\t<meta property=\"og:image:height\" content=\"1203\" \/>\n<meta name=\"twitter:card\" content=\"summary_large_image\" \/>\n<meta name=\"twitter:label1\" content=\"Dur\u00e9e de lecture est.\">\n\t<meta name=\"twitter:data1\" content=\"1 minute\">\n<script type=\"application\/ld+json\" class=\"yoast-schema-graph\">{\"@context\":\"https:\/\/schema.org\",\"@graph\":[{\"@type\":\"WebSite\",\"@id\":\"https:\/\/www.cruise-friendly.com\/fr\/#website\",\"url\":\"https:\/\/www.cruise-friendly.com\/fr\/\",\"name\":\"Cruise Friendly FR\",\"description\":\"Nous nous effor\\u00e7ons de vous offrir la meilleure exp\\u00e9rience \\u00e0 terre lors de votre visite dans notre ville.\",\"potentialAction\":[{\"@type\":\"SearchAction\",\"target\":\"https:\/\/www.cruise-friendly.com\/fr\/?s={search_term_string}\",\"query-input\":\"required name=search_term_string\"}],\"inLanguage\":\"fr-FR\"},{\"@type\":\"ImageObject\",\"@id\":\"https:\/\/www.cruise-friendly.com\/fr\/destinations-cruise-friendly\/saint-raphael\/golf-de-valescure\/#primaryimage\",\"inLanguage\":\"fr-FR\",\"url\":\"https:\/\/www.cruise-friendly.com\/fr\/wp-content\/uploads\/sites\/3\/2021\/02\/Golf-Valescure-Copyright-P-Berlan.jpg\",\"contentUrl\":\"https:\/\/www.cruise-friendly.com\/fr\/wp-content\/uploads\/sites\/3\/2021\/02\/Golf-Valescure-Copyright-P-Berlan.jpg\",\"width\":799,\"height\":1203},{\"@type\":\"WebPage\",\"@id\":\"https:\/\/www.cruise-friendly.com\/fr\/destinations-cruise-friendly\/saint-raphael\/golf-de-valescure\/#webpage\",\"url\":\"https:\/\/www.cruise-friendly.com\/fr\/destinations-cruise-friendly\/saint-raphael\/golf-de-valescure\/\",\"name\":\"Golf de Valescure - Cruise Friendly FR\",\"isPartOf\":{\"@id\":\"https:\/\/www.cruise-friendly.com\/fr\/#website\"},\"primaryImageOfPage\":{\"@id\":\"https:\/\/www.cruise-friendly.com\/fr\/destinations-cruise-friendly\/saint-raphael\/golf-de-valescure\/#primaryimage\"},\"datePublished\":\"2022-01-31T15:08:30+00:00\",\"dateModified\":\"2022-05-05T09:41:12+00:00\",\"description\":\"Cr\\u00e9\\u00e9 en 1895, le Golf de Valescure est le plus ancien golf du Var et le 5\\u00e8me de France. Plus d'informations\",\"breadcrumb\":{\"@id\":\"https:\/\/www.cruise-friendly.com\/fr\/destinations-cruise-friendly\/saint-raphael\/golf-de-valescure\/#breadcrumb\"},\"inLanguage\":\"fr-FR\",\"potentialAction\":[{\"@type\":\"ReadAction\",\"target\":[\"https:\/\/www.cruise-friendly.com\/fr\/destinations-cruise-friendly\/saint-raphael\/golf-de-valescure\/\"]}]},{\"@type\":\"BreadcrumbList\",\"@id\":\"https:\/\/www.cruise-friendly.com\/fr\/destinations-cruise-friendly\/saint-raphael\/golf-de-valescure\/#breadcrumb\",\"itemListElement\":[{\"@type\":\"ListItem\",\"position\":1,\"item\":{\"@type\":\"WebPage\",\"@id\":\"https:\/\/www.cruise-friendly.com\/fr\/\",\"url\":\"https:\/\/www.cruise-friendly.com\/fr\/\",\"name\":\"Accueil\"}},{\"@type\":\"ListItem\",\"position\":2,\"item\":{\"@type\":\"WebPage\",\"@id\":\"https:\/\/www.cruise-friendly.com\/fr\/destinations-cruise-friendly\/\",\"url\":\"https:\/\/www.cruise-friendly.com\/fr\/destinations-cruise-friendly\/\",\"name\":\"Destinations Cruise Friendly\"}},{\"@type\":\"ListItem\",\"position\":3,\"item\":{\"@type\":\"WebPage\",\"@id\":\"https:\/\/www.cruise-friendly.com\/fr\/destinations-cruise-friendly\/saint-raphael\/\",\"url\":\"https:\/\/www.cruise-friendly.com\/fr\/destinations-cruise-friendly\/saint-raphael\/\",\"name\":\"Saint-Rapha\\u00ebl\"}},{\"@type\":\"ListItem\",\"position\":4,\"item\":{\"@type\":\"WebPage\",\"@id\":\"https:\/\/www.cruise-friendly.com\/fr\/destinations-cruise-friendly\/saint-raphael\/golf-de-valescure\/\",\"url\":\"https:\/\/www.cruise-friendly.com\/fr\/destinations-cruise-friendly\/saint-raphael\/golf-de-valescure\/\",\"name\":\"Golf de Valescure\"}}]}]}<\/script>\n<!-- \/ Yoast SEO plugin. -->","_links":{"self":[{"href":"https:\/\/www.cruise-friendly.com\/fr\/wp-json\/wp\/v2\/pages\/1905"}],"collection":[{"href":"https:\/\/www.cruise-friendly.com\/fr\/wp-json\/wp\/v2\/pages"}],"about":[{"href":"https:\/\/www.cruise-friendly.com\/fr\/wp-json\/wp\/v2\/types\/page"}],"author":[{"embeddable":true,"href":"https:\/\/www.cruise-friendly.com\/fr\/wp-json\/wp\/v2\/users\/1"}],"replies":[{"embeddable":true,"href":"https:\/\/www.cruise-friendly.com\/fr\/wp-json\/wp\/v2\/comments?post=1905"}],"version-history":[{"count":2,"href":"https:\/\/www.cruise-friendly.com\/fr\/wp-json\/wp\/v2\/pages\/1905\/revisions"}],"predecessor-version":[{"id":7502,"href":"https:\/\/www.cruise-friendly.com\/fr\/wp-json\/wp\/v2\/pages\/1905\/revisions\/7502"}],"up":[{"embeddable":true,"href":"https:\/\/www.cruise-friendly.com\/fr\/wp-json\/wp\/v2\/pages\/82"}],"wp:featuredmedia":[{"embeddable":true,"href":"https:\/\/www.cruise-friendly.com\/fr\/wp-json\/wp\/v2\/media\/1909"}],"wp:attachment":[{"href":"https:\/\/www.cruise-friendly.com\/fr\/wp-json\/wp\/v2\/media?parent=1905"}],"curies":[{"name":"wp","href":"https:\/\/api.w.org\/{rel}","templated":true}]}}