{"id":2001,"date":"2022-01-31T16:08:30","date_gmt":"2022-01-31T15:08:30","guid":{"rendered":"https:\/\/www.cruise-friendly.com\/fr\/le-castellet-medieval-village"},"modified":"2022-02-06T23:23:55","modified_gmt":"2022-02-06T23:23:55","slug":"village-medieval-du-castellet","status":"publish","type":"page","link":"https:\/\/www.cruise-friendly.com\/fr\/destinations-cruise-friendly\/le-castellet\/village-medieval-du-castellet\/","title":{"rendered":"Village m\u00e9di\u00e9val du Castellet"},"content":{"rendered":"\n<p><strong>Le Castellet<\/strong> est un <strong>charmant petit village f\u00e9oda<\/strong>l perch\u00e9 avec ses toits couleur brique qui se d\u00e9tachent sur le massif de la Sainte-Baume. Des maisons proven\u00e7ales en pierre soigneusement restaur\u00e9es se nichent au c\u0153ur du village auquel on p\u00e9n\u00e8tre par <strong>la porte fortifi\u00e9e<\/strong>. Promenez-vous dans les <strong>ruelles pav\u00e9es \u00e9troites<\/strong>. L&rsquo;inspiration est telle que plusieurs artistes et commerces d&rsquo;artisanat s&rsquo;y sont install\u00e9s avec parmi eux, plusieurs r\u00e9f\u00e9renc\u00e9s <strong>Cruise Friendly.<\/strong> <\/p>\n\n\n\n<p>Apr\u00e8s cette paisible parenth\u00e8se, rendez-vous sur le <strong>Circuit Paul Ricard<\/strong> pour une exp\u00e9rience exaltante ; les amateurs de vitesse seront ravis car le <strong>circuit est mondialement connu<\/strong> pour ses courses de <strong>voitures<\/strong> et de <strong>motos<\/strong> (circuit de Formule 1). <\/p>\n\n\n\n<p>C\u00f4t\u00e9 nature ou en plein air, vous pourrez aussi d\u00e9couvrir le <strong>Domaine Lou Capelan<\/strong> ; lors de la visite de la cave, d\u00e9couvrez le patrimoine viticole local avant de participer \u00e0 une <strong>d\u00e9gustation de vins de Bandol<\/strong>. La <strong>beaut\u00e9 et la diversit\u00e9 des paysages<\/strong> et l&rsquo;\u00e9ventail des <strong>activit\u00e9s de plein air<\/strong> plairont \u00e0 tous car la colline de la <strong>Sainte Baume <\/strong>a beaucoup \u00e0 offrir.<\/p>\n\n\n\n<p>&nbsp;<\/p>\n","protected":false},"excerpt":{"rendered":"<p>Le Castellet est un charmant petit village f\u00e9odal perch\u00e9 avec ses toits couleur brique qui se d\u00e9tachent sur le massif de la Sainte-Baume. Des maisons proven\u00e7ales en pierre soigneusement restaur\u00e9es se nichent au c\u0153ur du village auquel on p\u00e9n\u00e8tre par la porte fortifi\u00e9e. Promenez-vous dans les ruelles pav\u00e9es \u00e9troites. L&rsquo;inspiration est telle que plusieurs artistes [&hellip;]<\/p>\n","protected":false},"author":1,"featured_media":2002,"parent":79,"menu_order":0,"comment_status":"closed","ping_status":"closed","template":"","meta":{"_relevanssi_hide_post":"","_relevanssi_pin_for_all":"","_relevanssi_pin_keywords":"","_relevanssi_unpin_keywords":"","_relevanssi_related_keywords":"","_relevanssi_related_include_ids":"","_relevanssi_related_exclude_ids":"","_relevanssi_related_no_append":"","_relevanssi_related_not_related":"","_relevanssi_related_posts":"837,847,251,1812,521,245","_relevanssi_noindex_reason":""},"yoast_head":"<!-- This site is optimized with the Yoast SEO plugin v16.1.1 - https:\/\/yoast.com\/wordpress\/plugins\/seo\/ -->\n<meta name=\"description\" content=\"Le Castellet est un charmant petit village f\u00e9odal perch\u00e9 avec ses toits couleur brique qui se d\u00e9tachent sur le massif de la Sainte-Baume. Des maisons\" \/>\n<link rel=\"canonical\" href=\"https:\/\/www.cruise-friendly.com\/fr\/destinations-cruise-friendly\/le-castellet\/village-medieval-du-castellet\/\" \/>\n<meta property=\"og:locale\" content=\"fr_FR\" \/>\n<meta property=\"og:type\" content=\"article\" \/>\n<meta property=\"og:title\" content=\"Village m\u00e9di\u00e9val du Castellet - Cruise Friendly FR\" \/>\n<meta property=\"og:description\" content=\"Le Castellet est un charmant petit village f\u00e9odal perch\u00e9 avec ses toits couleur brique qui se d\u00e9tachent sur le massif de la Sainte-Baume. Des maisons\" \/>\n<meta property=\"og:url\" content=\"https:\/\/www.cruise-friendly.com\/fr\/destinations-cruise-friendly\/le-castellet\/village-medieval-du-castellet\/\" \/>\n<meta property=\"og:site_name\" content=\"Cruise Friendly FR\" \/>\n<meta property=\"article:modified_time\" content=\"2022-02-06T23:23:55+00:00\" \/>\n<meta property=\"og:image\" content=\"https:\/\/www.cruise-friendly.com\/fr\/wp-content\/uploads\/sites\/3\/2021\/02\/Le-Castellet-photo-P-Hilly-Visit-Var.jpg\" \/>\n\t<meta property=\"og:image:width\" content=\"1920\" \/>\n\t<meta property=\"og:image:height\" content=\"641\" \/>\n<meta name=\"twitter:card\" content=\"summary_large_image\" \/>\n<meta name=\"twitter:label1\" content=\"Dur\u00e9e de lecture est.\">\n\t<meta name=\"twitter:data1\" content=\"1 minute\">\n<script type=\"application\/ld+json\" class=\"yoast-schema-graph\">{\"@context\":\"https:\/\/schema.org\",\"@graph\":[{\"@type\":\"WebSite\",\"@id\":\"https:\/\/www.cruise-friendly.com\/fr\/#website\",\"url\":\"https:\/\/www.cruise-friendly.com\/fr\/\",\"name\":\"Cruise Friendly FR\",\"description\":\"Nous nous effor\\u00e7ons de vous offrir la meilleure exp\\u00e9rience \\u00e0 terre lors de votre visite dans notre ville.\",\"potentialAction\":[{\"@type\":\"SearchAction\",\"target\":\"https:\/\/www.cruise-friendly.com\/fr\/?s={search_term_string}\",\"query-input\":\"required name=search_term_string\"}],\"inLanguage\":\"fr-FR\"},{\"@type\":\"ImageObject\",\"@id\":\"https:\/\/www.cruise-friendly.com\/fr\/destinations-cruise-friendly\/le-castellet\/village-medieval-du-castellet\/#primaryimage\",\"inLanguage\":\"fr-FR\",\"url\":\"https:\/\/www.cruise-friendly.com\/fr\/wp-content\/uploads\/sites\/3\/2021\/02\/Le-Castellet-photo-P-Hilly-Visit-Var.jpg\",\"contentUrl\":\"https:\/\/www.cruise-friendly.com\/fr\/wp-content\/uploads\/sites\/3\/2021\/02\/Le-Castellet-photo-P-Hilly-Visit-Var.jpg\",\"width\":1920,\"height\":641},{\"@type\":\"WebPage\",\"@id\":\"https:\/\/www.cruise-friendly.com\/fr\/destinations-cruise-friendly\/le-castellet\/village-medieval-du-castellet\/#webpage\",\"url\":\"https:\/\/www.cruise-friendly.com\/fr\/destinations-cruise-friendly\/le-castellet\/village-medieval-du-castellet\/\",\"name\":\"Village m\\u00e9di\\u00e9val du Castellet - Cruise Friendly FR\",\"isPartOf\":{\"@id\":\"https:\/\/www.cruise-friendly.com\/fr\/#website\"},\"primaryImageOfPage\":{\"@id\":\"https:\/\/www.cruise-friendly.com\/fr\/destinations-cruise-friendly\/le-castellet\/village-medieval-du-castellet\/#primaryimage\"},\"datePublished\":\"2022-01-31T15:08:30+00:00\",\"dateModified\":\"2022-02-06T23:23:55+00:00\",\"description\":\"Le Castellet est un charmant petit village f\\u00e9odal perch\\u00e9 avec ses toits couleur brique qui se d\\u00e9tachent sur le massif de la Sainte-Baume. Des maisons\",\"breadcrumb\":{\"@id\":\"https:\/\/www.cruise-friendly.com\/fr\/destinations-cruise-friendly\/le-castellet\/village-medieval-du-castellet\/#breadcrumb\"},\"inLanguage\":\"fr-FR\",\"potentialAction\":[{\"@type\":\"ReadAction\",\"target\":[\"https:\/\/www.cruise-friendly.com\/fr\/destinations-cruise-friendly\/le-castellet\/village-medieval-du-castellet\/\"]}]},{\"@type\":\"BreadcrumbList\",\"@id\":\"https:\/\/www.cruise-friendly.com\/fr\/destinations-cruise-friendly\/le-castellet\/village-medieval-du-castellet\/#breadcrumb\",\"itemListElement\":[{\"@type\":\"ListItem\",\"position\":1,\"item\":{\"@type\":\"WebPage\",\"@id\":\"https:\/\/www.cruise-friendly.com\/fr\/\",\"url\":\"https:\/\/www.cruise-friendly.com\/fr\/\",\"name\":\"Accueil\"}},{\"@type\":\"ListItem\",\"position\":2,\"item\":{\"@type\":\"WebPage\",\"@id\":\"https:\/\/www.cruise-friendly.com\/fr\/destinations-cruise-friendly\/\",\"url\":\"https:\/\/www.cruise-friendly.com\/fr\/destinations-cruise-friendly\/\",\"name\":\"Destinations Cruise Friendly\"}},{\"@type\":\"ListItem\",\"position\":3,\"item\":{\"@type\":\"WebPage\",\"@id\":\"https:\/\/www.cruise-friendly.com\/fr\/?page_id=79\",\"url\":\"https:\/\/www.cruise-friendly.com\/fr\/?page_id=79\",\"name\":\"Le Castellet\"}},{\"@type\":\"ListItem\",\"position\":4,\"item\":{\"@type\":\"WebPage\",\"@id\":\"https:\/\/www.cruise-friendly.com\/fr\/destinations-cruise-friendly\/le-castellet\/village-medieval-du-castellet\/\",\"url\":\"https:\/\/www.cruise-friendly.com\/fr\/destinations-cruise-friendly\/le-castellet\/village-medieval-du-castellet\/\",\"name\":\"Village m\\u00e9di\\u00e9val du Castellet\"}}]}]}<\/script>\n<!-- \/ Yoast SEO plugin. -->","_links":{"self":[{"href":"https:\/\/www.cruise-friendly.com\/fr\/wp-json\/wp\/v2\/pages\/2001"}],"collection":[{"href":"https:\/\/www.cruise-friendly.com\/fr\/wp-json\/wp\/v2\/pages"}],"about":[{"href":"https:\/\/www.cruise-friendly.com\/fr\/wp-json\/wp\/v2\/types\/page"}],"author":[{"embeddable":true,"href":"https:\/\/www.cruise-friendly.com\/fr\/wp-json\/wp\/v2\/users\/1"}],"replies":[{"embeddable":true,"href":"https:\/\/www.cruise-friendly.com\/fr\/wp-json\/wp\/v2\/comments?post=2001"}],"version-history":[{"count":3,"href":"https:\/\/www.cruise-friendly.com\/fr\/wp-json\/wp\/v2\/pages\/2001\/revisions"}],"predecessor-version":[{"id":6954,"href":"https:\/\/www.cruise-friendly.com\/fr\/wp-json\/wp\/v2\/pages\/2001\/revisions\/6954"}],"up":[{"embeddable":true,"href":"https:\/\/www.cruise-friendly.com\/fr\/wp-json\/wp\/v2\/pages\/79"}],"wp:featuredmedia":[{"embeddable":true,"href":"https:\/\/www.cruise-friendly.com\/fr\/wp-json\/wp\/v2\/media\/2002"}],"wp:attachment":[{"href":"https:\/\/www.cruise-friendly.com\/fr\/wp-json\/wp\/v2\/media?parent=2001"}],"curies":[{"name":"wp","href":"https:\/\/api.w.org\/{rel}","templated":true}]}}