{"id":2023,"date":"2022-01-31T16:08:30","date_gmt":"2022-01-31T15:08:30","guid":{"rendered":"https:\/\/www.cruise-friendly.com\/fr\/hyeres-city-of-art-history"},"modified":"2022-02-16T15:36:29","modified_gmt":"2022-02-16T15:36:29","slug":"hyeres-ville-dart-dhistoire","status":"publish","type":"page","link":"https:\/\/www.cruise-friendly.com\/fr\/destinations-cruise-friendly\/hyeres\/hyeres-ville-dart-dhistoire\/","title":{"rendered":"Hy\u00e8res, ville d&rsquo;Art &#038; d&rsquo;Histoire"},"content":{"rendered":"\n<p>Vous serez assur\u00e9ment s\u00e9duit par Hy\u00e8res dont le <strong>noyau historique m\u00e9di\u00e9val du 11\u00e8me<\/strong> <strong>si\u00e8cle<\/strong> est formidablement pr\u00e9serv\u00e9 ; domin\u00e9 par les <strong>vestiges du ch\u00e2teau m\u00e9di\u00e9val<\/strong>, le c\u0153ur de la ville bat sur les places ensoleill\u00e9es et dans les ruelles pentues. Comme autant de jalons sur votre parcours &#8211; si bien qu\u2019a \u00e9t\u00e9 cr\u00e9\u00e9 un <strong>Parcours des Arts<\/strong> &#8211; s&rsquo;\u00e9gr\u00e8nent galeries et cr\u00e9ateurs locaux (telle que la Galerie Art Danh). Sans oublier les <strong>partenaires Cruise Friendly<\/strong> qui seront heureux de vous guider dans votre qu\u00eate de beaux souvenirs !<\/p>\n\n\n\n<p>Sur la <strong>place Massillon<\/strong> anim\u00e9e de caf\u00e9s et de boutiques, arr\u00eatez-vous \u00e0 la <strong>Tour des Templiers<\/strong>. En ceinture de ville, la <strong>Villa Romaine<\/strong>, <strong>r\u00e9sidence n\u00e9oclassique<\/strong> de 1880 et son parc exotique n\u2019est que l\u2019un des innombrables tr\u00e9sors d\u2019architecture qui rappelle que Hy\u00e8res a \u00e9t\u00e9 une des premi\u00e8res stations baln\u00e9aires m\u00e9diterran\u00e9ennes.<\/p>\n\n\n\n<p>Au large de Hy\u00e8res, accessibles par un court trajet en <strong>bateau navette de 30 minutes<\/strong>, vous attendent les <strong>Iles d&rsquo;or (Porquerolles, Port-Cros <\/strong>et l&rsquo;<strong>\u00eele du Levant<\/strong>), toutes appartenant au <strong>Parc National de Port-Cros<\/strong>. <\/p>\n\n\n\n<p>La<strong> c\u00f4te <\/strong>et les <strong>plages<\/strong> se pr\u00eatent \u00e0 une palette d\u2019<strong>activit\u00e9s nautiques vari\u00e9es<\/strong> :kitesurf, planche \u00e0 voile, paddle, snorkeling, plong\u00e9e sous-marine, kayak&#8230; vous aurez l\u2019embarras du choix et la journ\u00e9e sera trop courte !<\/p>\n","protected":false},"excerpt":{"rendered":"<p>Vous serez assur\u00e9ment s\u00e9duit par Hy\u00e8res dont le noyau historique m\u00e9di\u00e9val du 11\u00e8me si\u00e8cle est formidablement pr\u00e9serv\u00e9 ; domin\u00e9 par les vestiges du ch\u00e2teau m\u00e9di\u00e9val, le c\u0153ur de la ville bat sur les places ensoleill\u00e9es et dans les ruelles pentues. Comme autant de jalons sur votre parcours &#8211; si bien qu\u2019a \u00e9t\u00e9 cr\u00e9\u00e9 un Parcours [&hellip;]<\/p>\n","protected":false},"author":1,"featured_media":2028,"parent":80,"menu_order":0,"comment_status":"closed","ping_status":"closed","template":"","meta":{"_relevanssi_hide_post":"","_relevanssi_pin_for_all":"","_relevanssi_pin_keywords":"","_relevanssi_unpin_keywords":"","_relevanssi_related_keywords":"","_relevanssi_related_include_ids":"","_relevanssi_related_exclude_ids":"","_relevanssi_related_no_append":"","_relevanssi_related_not_related":"","_relevanssi_related_posts":"247,521,1812,251,847,252","_relevanssi_noindex_reason":""},"yoast_head":"<!-- This site is optimized with the Yoast SEO plugin v16.1.1 - https:\/\/yoast.com\/wordpress\/plugins\/seo\/ -->\n<meta name=\"description\" content=\"Vous serez assur\u00e9ment s\u00e9duit par Hy\u00e8res dont le noyau historique m\u00e9di\u00e9val du 11\u00e8me si\u00e8cle est formidablement pr\u00e9serv\u00e9 ; domin\u00e9 par les vestiges du ch\u00e2teau\" \/>\n<link rel=\"canonical\" href=\"https:\/\/www.cruise-friendly.com\/fr\/destinations-cruise-friendly\/hyeres\/hyeres-ville-dart-dhistoire\/\" \/>\n<meta property=\"og:locale\" content=\"fr_FR\" \/>\n<meta property=\"og:type\" content=\"article\" \/>\n<meta property=\"og:title\" content=\"Hy\u00e8res, ville d&#039;Art &amp; d&#039;Histoire - Cruise Friendly FR\" \/>\n<meta property=\"og:description\" content=\"Vous serez assur\u00e9ment s\u00e9duit par Hy\u00e8res dont le noyau historique m\u00e9di\u00e9val du 11\u00e8me si\u00e8cle est formidablement pr\u00e9serv\u00e9 ; domin\u00e9 par les vestiges du ch\u00e2teau\" \/>\n<meta property=\"og:url\" content=\"https:\/\/www.cruise-friendly.com\/fr\/destinations-cruise-friendly\/hyeres\/hyeres-ville-dart-dhistoire\/\" \/>\n<meta property=\"og:site_name\" content=\"Cruise Friendly FR\" \/>\n<meta property=\"article:modified_time\" content=\"2022-02-16T15:36:29+00:00\" \/>\n<meta property=\"og:image\" content=\"https:\/\/www.cruise-friendly.com\/fr\/wp-content\/uploads\/sites\/3\/2021\/02\/\u00a9Gilles_Bourgeade-OT-redimensionn\u00e9.jpg\" \/>\n\t<meta property=\"og:image:width\" content=\"1728\" \/>\n\t<meta property=\"og:image:height\" content=\"1157\" \/>\n<meta name=\"twitter:card\" content=\"summary_large_image\" \/>\n<meta name=\"twitter:label1\" content=\"Dur\u00e9e de lecture est.\">\n\t<meta name=\"twitter:data1\" content=\"1 minute\">\n<script type=\"application\/ld+json\" class=\"yoast-schema-graph\">{\"@context\":\"https:\/\/schema.org\",\"@graph\":[{\"@type\":\"WebSite\",\"@id\":\"https:\/\/www.cruise-friendly.com\/fr\/#website\",\"url\":\"https:\/\/www.cruise-friendly.com\/fr\/\",\"name\":\"Cruise Friendly FR\",\"description\":\"Nous nous effor\\u00e7ons de vous offrir la meilleure exp\\u00e9rience \\u00e0 terre lors de votre visite dans notre ville.\",\"potentialAction\":[{\"@type\":\"SearchAction\",\"target\":\"https:\/\/www.cruise-friendly.com\/fr\/?s={search_term_string}\",\"query-input\":\"required name=search_term_string\"}],\"inLanguage\":\"fr-FR\"},{\"@type\":\"ImageObject\",\"@id\":\"https:\/\/www.cruise-friendly.com\/fr\/destinations-cruise-friendly\/hyeres\/hyeres-ville-dart-dhistoire\/#primaryimage\",\"inLanguage\":\"fr-FR\",\"url\":\"https:\/\/www.cruise-friendly.com\/fr\/wp-content\/uploads\/sites\/3\/2021\/02\/\\u00a9Gilles_Bourgeade-OT-redimensionn\\u00e9.jpg\",\"contentUrl\":\"https:\/\/www.cruise-friendly.com\/fr\/wp-content\/uploads\/sites\/3\/2021\/02\/\\u00a9Gilles_Bourgeade-OT-redimensionn\\u00e9.jpg\",\"width\":1728,\"height\":1157},{\"@type\":\"WebPage\",\"@id\":\"https:\/\/www.cruise-friendly.com\/fr\/destinations-cruise-friendly\/hyeres\/hyeres-ville-dart-dhistoire\/#webpage\",\"url\":\"https:\/\/www.cruise-friendly.com\/fr\/destinations-cruise-friendly\/hyeres\/hyeres-ville-dart-dhistoire\/\",\"name\":\"Hy\\u00e8res, ville d'Art & d'Histoire - Cruise Friendly FR\",\"isPartOf\":{\"@id\":\"https:\/\/www.cruise-friendly.com\/fr\/#website\"},\"primaryImageOfPage\":{\"@id\":\"https:\/\/www.cruise-friendly.com\/fr\/destinations-cruise-friendly\/hyeres\/hyeres-ville-dart-dhistoire\/#primaryimage\"},\"datePublished\":\"2022-01-31T15:08:30+00:00\",\"dateModified\":\"2022-02-16T15:36:29+00:00\",\"description\":\"Vous serez assur\\u00e9ment s\\u00e9duit par Hy\\u00e8res dont le noyau historique m\\u00e9di\\u00e9val du 11\\u00e8me si\\u00e8cle est formidablement pr\\u00e9serv\\u00e9 ; domin\\u00e9 par les vestiges du ch\\u00e2teau\",\"breadcrumb\":{\"@id\":\"https:\/\/www.cruise-friendly.com\/fr\/destinations-cruise-friendly\/hyeres\/hyeres-ville-dart-dhistoire\/#breadcrumb\"},\"inLanguage\":\"fr-FR\",\"potentialAction\":[{\"@type\":\"ReadAction\",\"target\":[\"https:\/\/www.cruise-friendly.com\/fr\/destinations-cruise-friendly\/hyeres\/hyeres-ville-dart-dhistoire\/\"]}]},{\"@type\":\"BreadcrumbList\",\"@id\":\"https:\/\/www.cruise-friendly.com\/fr\/destinations-cruise-friendly\/hyeres\/hyeres-ville-dart-dhistoire\/#breadcrumb\",\"itemListElement\":[{\"@type\":\"ListItem\",\"position\":1,\"item\":{\"@type\":\"WebPage\",\"@id\":\"https:\/\/www.cruise-friendly.com\/fr\/\",\"url\":\"https:\/\/www.cruise-friendly.com\/fr\/\",\"name\":\"Accueil\"}},{\"@type\":\"ListItem\",\"position\":2,\"item\":{\"@type\":\"WebPage\",\"@id\":\"https:\/\/www.cruise-friendly.com\/fr\/destinations-cruise-friendly\/\",\"url\":\"https:\/\/www.cruise-friendly.com\/fr\/destinations-cruise-friendly\/\",\"name\":\"Destinations Cruise Friendly\"}},{\"@type\":\"ListItem\",\"position\":3,\"item\":{\"@type\":\"WebPage\",\"@id\":\"https:\/\/www.cruise-friendly.com\/fr\/?page_id=80\",\"url\":\"https:\/\/www.cruise-friendly.com\/fr\/?page_id=80\",\"name\":\"Hy\\u00e8res\"}},{\"@type\":\"ListItem\",\"position\":4,\"item\":{\"@type\":\"WebPage\",\"@id\":\"https:\/\/www.cruise-friendly.com\/fr\/destinations-cruise-friendly\/hyeres\/hyeres-ville-dart-dhistoire\/\",\"url\":\"https:\/\/www.cruise-friendly.com\/fr\/destinations-cruise-friendly\/hyeres\/hyeres-ville-dart-dhistoire\/\",\"name\":\"Hy\\u00e8res, ville d&rsquo;Art &#038; d&rsquo;Histoire\"}}]}]}<\/script>\n<!-- \/ Yoast SEO plugin. -->","_links":{"self":[{"href":"https:\/\/www.cruise-friendly.com\/fr\/wp-json\/wp\/v2\/pages\/2023"}],"collection":[{"href":"https:\/\/www.cruise-friendly.com\/fr\/wp-json\/wp\/v2\/pages"}],"about":[{"href":"https:\/\/www.cruise-friendly.com\/fr\/wp-json\/wp\/v2\/types\/page"}],"author":[{"embeddable":true,"href":"https:\/\/www.cruise-friendly.com\/fr\/wp-json\/wp\/v2\/users\/1"}],"replies":[{"embeddable":true,"href":"https:\/\/www.cruise-friendly.com\/fr\/wp-json\/wp\/v2\/comments?post=2023"}],"version-history":[{"count":3,"href":"https:\/\/www.cruise-friendly.com\/fr\/wp-json\/wp\/v2\/pages\/2023\/revisions"}],"predecessor-version":[{"id":6987,"href":"https:\/\/www.cruise-friendly.com\/fr\/wp-json\/wp\/v2\/pages\/2023\/revisions\/6987"}],"up":[{"embeddable":true,"href":"https:\/\/www.cruise-friendly.com\/fr\/wp-json\/wp\/v2\/pages\/80"}],"wp:featuredmedia":[{"embeddable":true,"href":"https:\/\/www.cruise-friendly.com\/fr\/wp-json\/wp\/v2\/media\/2028"}],"wp:attachment":[{"href":"https:\/\/www.cruise-friendly.com\/fr\/wp-json\/wp\/v2\/media?parent=2023"}],"curies":[{"name":"wp","href":"https:\/\/api.w.org\/{rel}","templated":true}]}}