{"id":2079,"date":"2022-01-31T16:08:30","date_gmt":"2022-01-31T15:08:30","guid":{"rendered":"https:\/\/www.cruise-friendly.com\/fr\/frejus-the-french-pompeii"},"modified":"2022-08-01T20:01:55","modified_gmt":"2022-08-01T20:01:55","slug":"frejus-la-pompei-provencale","status":"publish","type":"page","link":"https:\/\/www.cruise-friendly.com\/fr\/destinations-cruise-friendly\/frejus\/frejus-la-pompei-provencale\/","title":{"rendered":"Fr\u00e9jus, la Pomp\u00e9i proven\u00e7ale"},"content":{"rendered":"\n<p>Labellis\u00e9e \u201c<strong>Ville d\u2019Art et d&rsquo;Histoire<\/strong>\u201d, Fr\u00e9jus n\u2019a rien reni\u00e9 de son h\u00e9ritage de <strong>port romain<\/strong>. Ar\u00e8nes, th\u00e9\u00e2tre romain, vivier romain\u2026 Voil\u00e0 quelques-uns des <strong>vestiges<\/strong> in\u00e9puisables qui lient Fr\u00e9jus \u00e0 son incroyable pass\u00e9 romain d&rsquo;il y a 2 000 ans. De la p\u00e9riode pal\u00e9ochr\u00e9tienne aux si\u00e8cles suivants, la ville a conserv\u00e9 une collection de pr\u00e9cieux monuments tels que la <strong>cath\u00e9drale, le baptist\u00e8re et le clo\u00eetre<\/strong>. Fr\u00e9jus ne s\u2019est pourtant pas fig\u00e9e dans le temps et il vous suffira de vous promener dans ses <strong>rues et sur ses march\u00e9s anim\u00e9s<\/strong> pour le comprendre. Faites une pause dans l&rsquo;une de nos <strong>boutiques partenaires Cruise Friendly<\/strong> ou dans l&rsquo;un des ateliers d&rsquo;artisans du <strong>Parcours des Arts<\/strong>.<\/p>\n\n\n\n<p>Fr\u00e9jus est aussi la <strong>capitale de la p\u00e9tanque<\/strong>, jeu de tradition proven\u00e7ale auquel vous ne devriez pas manquer de vous pr\u00eater.<\/p>\n\n\n\n<p>L\u2019<strong>Est\u00e9rel voisin<\/strong> et la <strong>base nature Fran\u00e7ois L\u00e9otard<\/strong> constituent un tr\u00e9sor naturel qui se pr\u00eate \u00e0 une grande diversit\u00e9 d\u2019<strong>activit\u00e9s sportives et de plein air<\/strong> telles que les balades embl\u00e9matiques en M\u00e9hari \u00e9lectrique (v\u00e9hicules \u00e9cologiques), le paddle, les balades en kayak sans oublier bien s\u00fbr la plaisance sur la Grande Bleue.<\/p>\n\n\n\n<div class=\"wp-block-buttons is-content-justification-center\">\n<div class=\"wp-block-button\"><a class=\"wp-block-button__link has-background\" href=\"https:\/\/www.varprovence-cruise.com\/next-calls\/?port=191\" style=\"border-radius:24px;background:linear-gradient(135deg,rgb(2,3,129) 0%,rgb(40,116,252) 77%)\" target=\"_blank\" rel=\"noreferrer noopener\">Toutes les escales \u00e0 Fr\u00e9jus<\/a><\/div>\n<\/div>\n","protected":false},"excerpt":{"rendered":"<p>Labellis\u00e9e \u201cVille d\u2019Art et d&rsquo;Histoire\u201d, Fr\u00e9jus n\u2019a rien reni\u00e9 de son h\u00e9ritage de port romain. Ar\u00e8nes, th\u00e9\u00e2tre romain, vivier romain\u2026 Voil\u00e0 quelques-uns des vestiges in\u00e9puisables qui lient Fr\u00e9jus \u00e0 son incroyable pass\u00e9 romain d&rsquo;il y a 2 000 ans. De la p\u00e9riode pal\u00e9ochr\u00e9tienne aux si\u00e8cles suivants, la ville a conserv\u00e9 une collection de pr\u00e9cieux monuments [&hellip;]<\/p>\n","protected":false},"author":1,"featured_media":2075,"parent":2074,"menu_order":0,"comment_status":"closed","ping_status":"closed","template":"","meta":{"_relevanssi_hide_post":"","_relevanssi_pin_for_all":"","_relevanssi_pin_keywords":"","_relevanssi_unpin_keywords":"","_relevanssi_related_keywords":"","_relevanssi_related_include_ids":"","_relevanssi_related_exclude_ids":"","_relevanssi_related_no_append":"","_relevanssi_related_not_related":"","_relevanssi_related_posts":"247,847,521,245,837,1812","_relevanssi_noindex_reason":""},"yoast_head":"<!-- This site is optimized with the Yoast SEO plugin v16.1.1 - https:\/\/yoast.com\/wordpress\/plugins\/seo\/ -->\n<meta name=\"description\" content=\"Labellis\u00e9e \u201cVille d\u2019Art et d&#039;Histoire\u201d, Fr\u00e9jus n\u2019a rien reni\u00e9 de son h\u00e9ritage de port romain. Ar\u00e8nes, th\u00e9\u00e2tre romain, vivier romain\u2026 Voil\u00e0 quelques-uns\" \/>\n<link rel=\"canonical\" href=\"https:\/\/www.cruise-friendly.com\/fr\/destinations-cruise-friendly\/frejus\/frejus-la-pompei-provencale\/\" \/>\n<meta property=\"og:locale\" content=\"fr_FR\" \/>\n<meta property=\"og:type\" content=\"article\" \/>\n<meta property=\"og:title\" content=\"Fr\u00e9jus, la Pomp\u00e9i proven\u00e7ale - Cruise Friendly FR\" \/>\n<meta property=\"og:description\" content=\"Labellis\u00e9e \u201cVille d\u2019Art et d&#039;Histoire\u201d, Fr\u00e9jus n\u2019a rien reni\u00e9 de son h\u00e9ritage de port romain. Ar\u00e8nes, th\u00e9\u00e2tre romain, vivier romain\u2026 Voil\u00e0 quelques-uns\" \/>\n<meta property=\"og:url\" content=\"https:\/\/www.cruise-friendly.com\/fr\/destinations-cruise-friendly\/frejus\/frejus-la-pompei-provencale\/\" \/>\n<meta property=\"og:site_name\" content=\"Cruise Friendly FR\" \/>\n<meta property=\"article:modified_time\" content=\"2022-08-01T20:01:55+00:00\" \/>\n<meta property=\"og:image\" content=\"https:\/\/www.cruise-friendly.com\/fr\/wp-content\/uploads\/sites\/3\/2021\/03\/Ar\u00e8nes-Fr\u00e9jus-cMelina_MacheNaud.jpg\" \/>\n\t<meta property=\"og:image:width\" content=\"1600\" \/>\n\t<meta property=\"og:image:height\" content=\"730\" \/>\n<meta name=\"twitter:card\" content=\"summary_large_image\" \/>\n<meta name=\"twitter:label1\" content=\"Dur\u00e9e de lecture est.\">\n\t<meta name=\"twitter:data1\" content=\"1 minute\">\n<script type=\"application\/ld+json\" class=\"yoast-schema-graph\">{\"@context\":\"https:\/\/schema.org\",\"@graph\":[{\"@type\":\"WebSite\",\"@id\":\"https:\/\/www.cruise-friendly.com\/fr\/#website\",\"url\":\"https:\/\/www.cruise-friendly.com\/fr\/\",\"name\":\"Cruise Friendly FR\",\"description\":\"Nous nous effor\\u00e7ons de vous offrir la meilleure exp\\u00e9rience \\u00e0 terre lors de votre visite dans notre ville.\",\"potentialAction\":[{\"@type\":\"SearchAction\",\"target\":\"https:\/\/www.cruise-friendly.com\/fr\/?s={search_term_string}\",\"query-input\":\"required name=search_term_string\"}],\"inLanguage\":\"fr-FR\"},{\"@type\":\"ImageObject\",\"@id\":\"https:\/\/www.cruise-friendly.com\/fr\/destinations-cruise-friendly\/frejus\/frejus-la-pompei-provencale\/#primaryimage\",\"inLanguage\":\"fr-FR\",\"url\":\"https:\/\/www.cruise-friendly.com\/fr\/wp-content\/uploads\/sites\/3\/2021\/03\/Ar\\u00e8nes-Fr\\u00e9jus-cMelina_MacheNaud.jpg\",\"contentUrl\":\"https:\/\/www.cruise-friendly.com\/fr\/wp-content\/uploads\/sites\/3\/2021\/03\/Ar\\u00e8nes-Fr\\u00e9jus-cMelina_MacheNaud.jpg\",\"width\":1600,\"height\":730},{\"@type\":\"WebPage\",\"@id\":\"https:\/\/www.cruise-friendly.com\/fr\/destinations-cruise-friendly\/frejus\/frejus-la-pompei-provencale\/#webpage\",\"url\":\"https:\/\/www.cruise-friendly.com\/fr\/destinations-cruise-friendly\/frejus\/frejus-la-pompei-provencale\/\",\"name\":\"Fr\\u00e9jus, la Pomp\\u00e9i proven\\u00e7ale - Cruise Friendly FR\",\"isPartOf\":{\"@id\":\"https:\/\/www.cruise-friendly.com\/fr\/#website\"},\"primaryImageOfPage\":{\"@id\":\"https:\/\/www.cruise-friendly.com\/fr\/destinations-cruise-friendly\/frejus\/frejus-la-pompei-provencale\/#primaryimage\"},\"datePublished\":\"2022-01-31T15:08:30+00:00\",\"dateModified\":\"2022-08-01T20:01:55+00:00\",\"description\":\"Labellis\\u00e9e \\u201cVille d\\u2019Art et d'Histoire\\u201d, Fr\\u00e9jus n\\u2019a rien reni\\u00e9 de son h\\u00e9ritage de port romain. Ar\\u00e8nes, th\\u00e9\\u00e2tre romain, vivier romain\\u2026 Voil\\u00e0 quelques-uns\",\"breadcrumb\":{\"@id\":\"https:\/\/www.cruise-friendly.com\/fr\/destinations-cruise-friendly\/frejus\/frejus-la-pompei-provencale\/#breadcrumb\"},\"inLanguage\":\"fr-FR\",\"potentialAction\":[{\"@type\":\"ReadAction\",\"target\":[\"https:\/\/www.cruise-friendly.com\/fr\/destinations-cruise-friendly\/frejus\/frejus-la-pompei-provencale\/\"]}]},{\"@type\":\"BreadcrumbList\",\"@id\":\"https:\/\/www.cruise-friendly.com\/fr\/destinations-cruise-friendly\/frejus\/frejus-la-pompei-provencale\/#breadcrumb\",\"itemListElement\":[{\"@type\":\"ListItem\",\"position\":1,\"item\":{\"@type\":\"WebPage\",\"@id\":\"https:\/\/www.cruise-friendly.com\/fr\/\",\"url\":\"https:\/\/www.cruise-friendly.com\/fr\/\",\"name\":\"Accueil\"}},{\"@type\":\"ListItem\",\"position\":2,\"item\":{\"@type\":\"WebPage\",\"@id\":\"https:\/\/www.cruise-friendly.com\/fr\/destinations-cruise-friendly\/\",\"url\":\"https:\/\/www.cruise-friendly.com\/fr\/destinations-cruise-friendly\/\",\"name\":\"Destinations Cruise Friendly\"}},{\"@type\":\"ListItem\",\"position\":3,\"item\":{\"@type\":\"WebPage\",\"@id\":\"https:\/\/www.cruise-friendly.com\/fr\/?page_id=2074\",\"url\":\"https:\/\/www.cruise-friendly.com\/fr\/?page_id=2074\",\"name\":\"Fr\\u00e9jus\"}},{\"@type\":\"ListItem\",\"position\":4,\"item\":{\"@type\":\"WebPage\",\"@id\":\"https:\/\/www.cruise-friendly.com\/fr\/destinations-cruise-friendly\/frejus\/frejus-la-pompei-provencale\/\",\"url\":\"https:\/\/www.cruise-friendly.com\/fr\/destinations-cruise-friendly\/frejus\/frejus-la-pompei-provencale\/\",\"name\":\"Fr\\u00e9jus, la Pomp\\u00e9i proven\\u00e7ale\"}}]}]}<\/script>\n<!-- \/ Yoast SEO plugin. -->","_links":{"self":[{"href":"https:\/\/www.cruise-friendly.com\/fr\/wp-json\/wp\/v2\/pages\/2079"}],"collection":[{"href":"https:\/\/www.cruise-friendly.com\/fr\/wp-json\/wp\/v2\/pages"}],"about":[{"href":"https:\/\/www.cruise-friendly.com\/fr\/wp-json\/wp\/v2\/types\/page"}],"author":[{"embeddable":true,"href":"https:\/\/www.cruise-friendly.com\/fr\/wp-json\/wp\/v2\/users\/1"}],"replies":[{"embeddable":true,"href":"https:\/\/www.cruise-friendly.com\/fr\/wp-json\/wp\/v2\/comments?post=2079"}],"version-history":[{"count":2,"href":"https:\/\/www.cruise-friendly.com\/fr\/wp-json\/wp\/v2\/pages\/2079\/revisions"}],"predecessor-version":[{"id":7674,"href":"https:\/\/www.cruise-friendly.com\/fr\/wp-json\/wp\/v2\/pages\/2079\/revisions\/7674"}],"up":[{"embeddable":true,"href":"https:\/\/www.cruise-friendly.com\/fr\/wp-json\/wp\/v2\/pages\/2074"}],"wp:featuredmedia":[{"embeddable":true,"href":"https:\/\/www.cruise-friendly.com\/fr\/wp-json\/wp\/v2\/media\/2075"}],"wp:attachment":[{"href":"https:\/\/www.cruise-friendly.com\/fr\/wp-json\/wp\/v2\/media?parent=2079"}],"curies":[{"name":"wp","href":"https:\/\/api.w.org\/{rel}","templated":true}]}}