{"id":2093,"date":"2022-01-31T16:08:30","date_gmt":"2022-01-31T15:08:30","guid":{"rendered":"https:\/\/www.cruise-friendly.com\/fr\/the-roman-amphitheater"},"modified":"2022-05-05T09:52:36","modified_gmt":"2022-05-05T09:52:36","slug":"lamphitheatre-romain","status":"publish","type":"page","link":"https:\/\/www.cruise-friendly.com\/fr\/destinations-cruise-friendly\/frejus\/lamphitheatre-romain\/","title":{"rendered":"L&rsquo;Amphith\u00e9\u00e2tre romain"},"content":{"rendered":"\n<p>Fi\u00e8rement dress\u00e9 aux abords de la ville, l\u2019amphith\u00e9\u00e2tre romain de Fr\u00e9jus s\u2019impose comme un des monuments embl\u00e9matiques de Fr\u00e9jus. Pouvant accueillir aujourd\u2019hui quelques cinq mille spectateurs et plus du double en son temps, il se d\u00e9voile \u00e0 nos yeux comme le t\u00e9moignage d\u2019un grand peuple anim\u00e9 par les jeux, les spectacles et les combats de gladiateurs ou de fauves.<\/p>\n\n\n\n<div class=\"wp-block-buttons is-content-justification-center\">\n<div class=\"wp-block-button\"><a class=\"wp-block-button__link has-midnight-gradient-background has-background\" href=\"https:\/\/www.varprovence-cruise.com\/cultural-heritage\/amphitheatre\/\" style=\"border-radius:25px\" target=\"_blank\" rel=\"noreferrer noopener\">Plus d&rsquo;informations<\/a><\/div>\n<\/div>\n\n\n\n<p><\/p>\n","protected":false},"excerpt":{"rendered":"<p>Fi\u00e8rement dress\u00e9 aux abords de la ville, l\u2019amphith\u00e9\u00e2tre romain de Fr\u00e9jus s\u2019impose comme un des monuments embl\u00e9matiques de Fr\u00e9jus. Pouvant accueillir aujourd\u2019hui quelques cinq mille spectateurs et plus du double en son temps, il se d\u00e9voile \u00e0 nos yeux comme le t\u00e9moignage d\u2019un grand peuple anim\u00e9 par les jeux, les spectacles et les combats de [&hellip;]<\/p>\n","protected":false},"author":1,"featured_media":2075,"parent":2074,"menu_order":0,"comment_status":"closed","ping_status":"closed","template":"","meta":{"_relevanssi_hide_post":"","_relevanssi_pin_for_all":"","_relevanssi_pin_keywords":"","_relevanssi_unpin_keywords":"","_relevanssi_related_keywords":"","_relevanssi_related_include_ids":"","_relevanssi_related_exclude_ids":"","_relevanssi_related_no_append":"","_relevanssi_related_not_related":"","_relevanssi_related_posts":"245,247,521,837,252,251","_relevanssi_noindex_reason":""},"yoast_head":"<!-- This site is optimized with the Yoast SEO plugin v16.1.1 - https:\/\/yoast.com\/wordpress\/plugins\/seo\/ -->\n<meta name=\"description\" content=\"Fi\u00e8rement dress\u00e9 aux abords de la ville, l\u2019amphith\u00e9\u00e2tre romain de Fr\u00e9jus s\u2019impose comme un des monuments embl\u00e9matiques de Fr\u00e9jus. Pouvant accueillir\" \/>\n<link rel=\"canonical\" href=\"https:\/\/www.cruise-friendly.com\/fr\/destinations-cruise-friendly\/frejus\/lamphitheatre-romain\/\" \/>\n<meta property=\"og:locale\" content=\"fr_FR\" \/>\n<meta property=\"og:type\" content=\"article\" \/>\n<meta property=\"og:title\" content=\"L&#039;Amphith\u00e9\u00e2tre romain - Cruise Friendly FR\" \/>\n<meta property=\"og:description\" content=\"Fi\u00e8rement dress\u00e9 aux abords de la ville, l\u2019amphith\u00e9\u00e2tre romain de Fr\u00e9jus s\u2019impose comme un des monuments embl\u00e9matiques de Fr\u00e9jus. Pouvant accueillir\" \/>\n<meta property=\"og:url\" content=\"https:\/\/www.cruise-friendly.com\/fr\/destinations-cruise-friendly\/frejus\/lamphitheatre-romain\/\" \/>\n<meta property=\"og:site_name\" content=\"Cruise Friendly FR\" \/>\n<meta property=\"article:modified_time\" content=\"2022-05-05T09:52:36+00:00\" \/>\n<meta property=\"og:image\" content=\"https:\/\/www.cruise-friendly.com\/fr\/wp-content\/uploads\/sites\/3\/2021\/03\/Ar\u00e8nes-Fr\u00e9jus-cMelina_MacheNaud.jpg\" \/>\n\t<meta property=\"og:image:width\" content=\"1600\" \/>\n\t<meta property=\"og:image:height\" content=\"730\" \/>\n<meta name=\"twitter:card\" content=\"summary_large_image\" \/>\n<meta name=\"twitter:label1\" content=\"Dur\u00e9e de lecture est.\">\n\t<meta name=\"twitter:data1\" content=\"1 minute\">\n<script type=\"application\/ld+json\" class=\"yoast-schema-graph\">{\"@context\":\"https:\/\/schema.org\",\"@graph\":[{\"@type\":\"WebSite\",\"@id\":\"https:\/\/www.cruise-friendly.com\/fr\/#website\",\"url\":\"https:\/\/www.cruise-friendly.com\/fr\/\",\"name\":\"Cruise Friendly FR\",\"description\":\"Nous nous effor\\u00e7ons de vous offrir la meilleure exp\\u00e9rience \\u00e0 terre lors de votre visite dans notre ville.\",\"potentialAction\":[{\"@type\":\"SearchAction\",\"target\":\"https:\/\/www.cruise-friendly.com\/fr\/?s={search_term_string}\",\"query-input\":\"required name=search_term_string\"}],\"inLanguage\":\"fr-FR\"},{\"@type\":\"ImageObject\",\"@id\":\"https:\/\/www.cruise-friendly.com\/fr\/destinations-cruise-friendly\/frejus\/lamphitheatre-romain\/#primaryimage\",\"inLanguage\":\"fr-FR\",\"url\":\"https:\/\/www.cruise-friendly.com\/fr\/wp-content\/uploads\/sites\/3\/2021\/03\/Ar\\u00e8nes-Fr\\u00e9jus-cMelina_MacheNaud.jpg\",\"contentUrl\":\"https:\/\/www.cruise-friendly.com\/fr\/wp-content\/uploads\/sites\/3\/2021\/03\/Ar\\u00e8nes-Fr\\u00e9jus-cMelina_MacheNaud.jpg\",\"width\":1600,\"height\":730},{\"@type\":\"WebPage\",\"@id\":\"https:\/\/www.cruise-friendly.com\/fr\/destinations-cruise-friendly\/frejus\/lamphitheatre-romain\/#webpage\",\"url\":\"https:\/\/www.cruise-friendly.com\/fr\/destinations-cruise-friendly\/frejus\/lamphitheatre-romain\/\",\"name\":\"L'Amphith\\u00e9\\u00e2tre romain - Cruise Friendly FR\",\"isPartOf\":{\"@id\":\"https:\/\/www.cruise-friendly.com\/fr\/#website\"},\"primaryImageOfPage\":{\"@id\":\"https:\/\/www.cruise-friendly.com\/fr\/destinations-cruise-friendly\/frejus\/lamphitheatre-romain\/#primaryimage\"},\"datePublished\":\"2022-01-31T15:08:30+00:00\",\"dateModified\":\"2022-05-05T09:52:36+00:00\",\"description\":\"Fi\\u00e8rement dress\\u00e9 aux abords de la ville, l\\u2019amphith\\u00e9\\u00e2tre romain de Fr\\u00e9jus s\\u2019impose comme un des monuments embl\\u00e9matiques de Fr\\u00e9jus. Pouvant accueillir\",\"breadcrumb\":{\"@id\":\"https:\/\/www.cruise-friendly.com\/fr\/destinations-cruise-friendly\/frejus\/lamphitheatre-romain\/#breadcrumb\"},\"inLanguage\":\"fr-FR\",\"potentialAction\":[{\"@type\":\"ReadAction\",\"target\":[\"https:\/\/www.cruise-friendly.com\/fr\/destinations-cruise-friendly\/frejus\/lamphitheatre-romain\/\"]}]},{\"@type\":\"BreadcrumbList\",\"@id\":\"https:\/\/www.cruise-friendly.com\/fr\/destinations-cruise-friendly\/frejus\/lamphitheatre-romain\/#breadcrumb\",\"itemListElement\":[{\"@type\":\"ListItem\",\"position\":1,\"item\":{\"@type\":\"WebPage\",\"@id\":\"https:\/\/www.cruise-friendly.com\/fr\/\",\"url\":\"https:\/\/www.cruise-friendly.com\/fr\/\",\"name\":\"Accueil\"}},{\"@type\":\"ListItem\",\"position\":2,\"item\":{\"@type\":\"WebPage\",\"@id\":\"https:\/\/www.cruise-friendly.com\/fr\/destinations-cruise-friendly\/\",\"url\":\"https:\/\/www.cruise-friendly.com\/fr\/destinations-cruise-friendly\/\",\"name\":\"Destinations Cruise Friendly\"}},{\"@type\":\"ListItem\",\"position\":3,\"item\":{\"@type\":\"WebPage\",\"@id\":\"https:\/\/www.cruise-friendly.com\/fr\/?page_id=2074\",\"url\":\"https:\/\/www.cruise-friendly.com\/fr\/?page_id=2074\",\"name\":\"Fr\\u00e9jus\"}},{\"@type\":\"ListItem\",\"position\":4,\"item\":{\"@type\":\"WebPage\",\"@id\":\"https:\/\/www.cruise-friendly.com\/fr\/destinations-cruise-friendly\/frejus\/lamphitheatre-romain\/\",\"url\":\"https:\/\/www.cruise-friendly.com\/fr\/destinations-cruise-friendly\/frejus\/lamphitheatre-romain\/\",\"name\":\"L&rsquo;Amphith\\u00e9\\u00e2tre romain\"}}]}]}<\/script>\n<!-- \/ Yoast SEO plugin. -->","_links":{"self":[{"href":"https:\/\/www.cruise-friendly.com\/fr\/wp-json\/wp\/v2\/pages\/2093"}],"collection":[{"href":"https:\/\/www.cruise-friendly.com\/fr\/wp-json\/wp\/v2\/pages"}],"about":[{"href":"https:\/\/www.cruise-friendly.com\/fr\/wp-json\/wp\/v2\/types\/page"}],"author":[{"embeddable":true,"href":"https:\/\/www.cruise-friendly.com\/fr\/wp-json\/wp\/v2\/users\/1"}],"replies":[{"embeddable":true,"href":"https:\/\/www.cruise-friendly.com\/fr\/wp-json\/wp\/v2\/comments?post=2093"}],"version-history":[{"count":1,"href":"https:\/\/www.cruise-friendly.com\/fr\/wp-json\/wp\/v2\/pages\/2093\/revisions"}],"predecessor-version":[{"id":7133,"href":"https:\/\/www.cruise-friendly.com\/fr\/wp-json\/wp\/v2\/pages\/2093\/revisions\/7133"}],"up":[{"embeddable":true,"href":"https:\/\/www.cruise-friendly.com\/fr\/wp-json\/wp\/v2\/pages\/2074"}],"wp:featuredmedia":[{"embeddable":true,"href":"https:\/\/www.cruise-friendly.com\/fr\/wp-json\/wp\/v2\/media\/2075"}],"wp:attachment":[{"href":"https:\/\/www.cruise-friendly.com\/fr\/wp-json\/wp\/v2\/media?parent=2093"}],"curies":[{"name":"wp","href":"https:\/\/api.w.org\/{rel}","templated":true}]}}