{"id":2095,"date":"2022-01-31T16:08:30","date_gmt":"2022-01-31T15:08:30","guid":{"rendered":"https:\/\/www.cruise-friendly.com\/fr\/the-cathedrals-cloister"},"modified":"2022-05-05T10:07:14","modified_gmt":"2022-05-05T10:07:14","slug":"cloitre-de-la-cathedrale","status":"publish","type":"page","link":"https:\/\/www.cruise-friendly.com\/fr\/destinations-cruise-friendly\/frejus\/cloitre-de-la-cathedrale\/","title":{"rendered":"Clo\u00eetre de la cath\u00e9drale"},"content":{"rendered":"\n<p><\/p>\n\n\n\n<p>Le clo\u00eetre fait partie d&rsquo;un ensemble \u00e9lev\u00e9 entre le Ve et le XIVe si\u00e8cle \u00e0 l&#8217;emplacement de l&rsquo;antique cit\u00e9. Cet ensemble de b\u00e2timents uniques comprend \u00e9galement le baptist\u00e8re et la cath\u00e9drale. Le clo\u00eetre est r\u00e9parti sur 2 \u00e9tages avec un plafond de bois richement d\u00e9cor\u00e9 o\u00fa figure un fantastique bestiaire animalier.<\/p>\n\n\n\n<div class=\"wp-block-buttons is-content-justification-center\">\n<div class=\"wp-block-button\"><a class=\"wp-block-button__link has-midnight-gradient-background has-background\" href=\"https:\/\/www.varprovence-cruise.com\/fr\/cultural-heritage\/cloitre-de-la-cathedrale\/\" style=\"border-radius:25px\" target=\"_blank\" rel=\"noreferrer noopener\">Plus d&rsquo;informations<\/a><\/div>\n<\/div>\n","protected":false},"excerpt":{"rendered":"<p>Le clo\u00eetre fait partie d&rsquo;un ensemble \u00e9lev\u00e9 entre le Ve et le XIVe si\u00e8cle \u00e0 l&#8217;emplacement de l&rsquo;antique cit\u00e9. Cet ensemble de b\u00e2timents uniques comprend \u00e9galement le baptist\u00e8re et la cath\u00e9drale. Le clo\u00eetre est r\u00e9parti sur 2 \u00e9tages avec un plafond de bois richement d\u00e9cor\u00e9 o\u00fa figure un fantastique bestiaire animalier.<\/p>\n","protected":false},"author":1,"featured_media":2120,"parent":2074,"menu_order":0,"comment_status":"closed","ping_status":"closed","template":"","meta":{"_relevanssi_hide_post":"","_relevanssi_pin_for_all":"","_relevanssi_pin_keywords":"","_relevanssi_unpin_keywords":"","_relevanssi_related_keywords":"","_relevanssi_related_include_ids":"","_relevanssi_related_exclude_ids":"","_relevanssi_related_no_append":"","_relevanssi_related_not_related":"","_relevanssi_related_posts":"245,247,521,252,847,251","_relevanssi_noindex_reason":""},"yoast_head":"<!-- This site is optimized with the Yoast SEO plugin v16.1.1 - https:\/\/yoast.com\/wordpress\/plugins\/seo\/ -->\n<meta name=\"description\" content=\"Le clo\u00eetre fait partie d&#039;un ensemble \u00e9lev\u00e9 entre le Ve et le XIVe si\u00e8cle \u00e0 l&#039;emplacement de l&#039;antique cit\u00e9. Cet ensemble de b\u00e2timents uniques comprend\" \/>\n<link rel=\"canonical\" href=\"https:\/\/www.cruise-friendly.com\/fr\/destinations-cruise-friendly\/frejus\/cloitre-de-la-cathedrale\/\" \/>\n<meta property=\"og:locale\" content=\"fr_FR\" \/>\n<meta property=\"og:type\" content=\"article\" \/>\n<meta property=\"og:title\" content=\"Clo\u00eetre de la cath\u00e9drale - Cruise Friendly FR\" \/>\n<meta property=\"og:description\" content=\"Le clo\u00eetre fait partie d&#039;un ensemble \u00e9lev\u00e9 entre le Ve et le XIVe si\u00e8cle \u00e0 l&#039;emplacement de l&#039;antique cit\u00e9. Cet ensemble de b\u00e2timents uniques comprend\" \/>\n<meta property=\"og:url\" content=\"https:\/\/www.cruise-friendly.com\/fr\/destinations-cruise-friendly\/frejus\/cloitre-de-la-cathedrale\/\" \/>\n<meta property=\"og:site_name\" content=\"Cruise Friendly FR\" \/>\n<meta property=\"article:modified_time\" content=\"2022-05-05T10:07:14+00:00\" \/>\n<meta property=\"og:image\" content=\"https:\/\/www.cruise-friendly.com\/fr\/wp-content\/uploads\/sites\/3\/2021\/03\/frejus_cloitre.jpg\" \/>\n\t<meta property=\"og:image:width\" content=\"847\" \/>\n\t<meta property=\"og:image:height\" content=\"573\" \/>\n<meta name=\"twitter:card\" content=\"summary_large_image\" \/>\n<meta name=\"twitter:label1\" content=\"Dur\u00e9e de lecture est.\">\n\t<meta name=\"twitter:data1\" content=\"1 minute\">\n<script type=\"application\/ld+json\" class=\"yoast-schema-graph\">{\"@context\":\"https:\/\/schema.org\",\"@graph\":[{\"@type\":\"WebSite\",\"@id\":\"https:\/\/www.cruise-friendly.com\/fr\/#website\",\"url\":\"https:\/\/www.cruise-friendly.com\/fr\/\",\"name\":\"Cruise Friendly FR\",\"description\":\"Nous nous effor\\u00e7ons de vous offrir la meilleure exp\\u00e9rience \\u00e0 terre lors de votre visite dans notre ville.\",\"potentialAction\":[{\"@type\":\"SearchAction\",\"target\":\"https:\/\/www.cruise-friendly.com\/fr\/?s={search_term_string}\",\"query-input\":\"required name=search_term_string\"}],\"inLanguage\":\"fr-FR\"},{\"@type\":\"ImageObject\",\"@id\":\"https:\/\/www.cruise-friendly.com\/fr\/destinations-cruise-friendly\/frejus\/cloitre-de-la-cathedrale\/#primaryimage\",\"inLanguage\":\"fr-FR\",\"url\":\"https:\/\/www.cruise-friendly.com\/fr\/wp-content\/uploads\/sites\/3\/2021\/03\/frejus_cloitre.jpg\",\"contentUrl\":\"https:\/\/www.cruise-friendly.com\/fr\/wp-content\/uploads\/sites\/3\/2021\/03\/frejus_cloitre.jpg\",\"width\":847,\"height\":573,\"caption\":\"Le clo\\u00eetre de la cath\\u00e9drale de Fr\\u00e9jus\"},{\"@type\":\"WebPage\",\"@id\":\"https:\/\/www.cruise-friendly.com\/fr\/destinations-cruise-friendly\/frejus\/cloitre-de-la-cathedrale\/#webpage\",\"url\":\"https:\/\/www.cruise-friendly.com\/fr\/destinations-cruise-friendly\/frejus\/cloitre-de-la-cathedrale\/\",\"name\":\"Clo\\u00eetre de la cath\\u00e9drale - Cruise Friendly FR\",\"isPartOf\":{\"@id\":\"https:\/\/www.cruise-friendly.com\/fr\/#website\"},\"primaryImageOfPage\":{\"@id\":\"https:\/\/www.cruise-friendly.com\/fr\/destinations-cruise-friendly\/frejus\/cloitre-de-la-cathedrale\/#primaryimage\"},\"datePublished\":\"2022-01-31T15:08:30+00:00\",\"dateModified\":\"2022-05-05T10:07:14+00:00\",\"description\":\"Le clo\\u00eetre fait partie d'un ensemble \\u00e9lev\\u00e9 entre le Ve et le XIVe si\\u00e8cle \\u00e0 l'emplacement de l'antique cit\\u00e9. Cet ensemble de b\\u00e2timents uniques comprend\",\"breadcrumb\":{\"@id\":\"https:\/\/www.cruise-friendly.com\/fr\/destinations-cruise-friendly\/frejus\/cloitre-de-la-cathedrale\/#breadcrumb\"},\"inLanguage\":\"fr-FR\",\"potentialAction\":[{\"@type\":\"ReadAction\",\"target\":[\"https:\/\/www.cruise-friendly.com\/fr\/destinations-cruise-friendly\/frejus\/cloitre-de-la-cathedrale\/\"]}]},{\"@type\":\"BreadcrumbList\",\"@id\":\"https:\/\/www.cruise-friendly.com\/fr\/destinations-cruise-friendly\/frejus\/cloitre-de-la-cathedrale\/#breadcrumb\",\"itemListElement\":[{\"@type\":\"ListItem\",\"position\":1,\"item\":{\"@type\":\"WebPage\",\"@id\":\"https:\/\/www.cruise-friendly.com\/fr\/\",\"url\":\"https:\/\/www.cruise-friendly.com\/fr\/\",\"name\":\"Accueil\"}},{\"@type\":\"ListItem\",\"position\":2,\"item\":{\"@type\":\"WebPage\",\"@id\":\"https:\/\/www.cruise-friendly.com\/fr\/destinations-cruise-friendly\/\",\"url\":\"https:\/\/www.cruise-friendly.com\/fr\/destinations-cruise-friendly\/\",\"name\":\"Destinations Cruise Friendly\"}},{\"@type\":\"ListItem\",\"position\":3,\"item\":{\"@type\":\"WebPage\",\"@id\":\"https:\/\/www.cruise-friendly.com\/fr\/?page_id=2074\",\"url\":\"https:\/\/www.cruise-friendly.com\/fr\/?page_id=2074\",\"name\":\"Fr\\u00e9jus\"}},{\"@type\":\"ListItem\",\"position\":4,\"item\":{\"@type\":\"WebPage\",\"@id\":\"https:\/\/www.cruise-friendly.com\/fr\/destinations-cruise-friendly\/frejus\/cloitre-de-la-cathedrale\/\",\"url\":\"https:\/\/www.cruise-friendly.com\/fr\/destinations-cruise-friendly\/frejus\/cloitre-de-la-cathedrale\/\",\"name\":\"Clo\\u00eetre de la cath\\u00e9drale\"}}]}]}<\/script>\n<!-- \/ Yoast SEO plugin. -->","_links":{"self":[{"href":"https:\/\/www.cruise-friendly.com\/fr\/wp-json\/wp\/v2\/pages\/2095"}],"collection":[{"href":"https:\/\/www.cruise-friendly.com\/fr\/wp-json\/wp\/v2\/pages"}],"about":[{"href":"https:\/\/www.cruise-friendly.com\/fr\/wp-json\/wp\/v2\/types\/page"}],"author":[{"embeddable":true,"href":"https:\/\/www.cruise-friendly.com\/fr\/wp-json\/wp\/v2\/users\/1"}],"replies":[{"embeddable":true,"href":"https:\/\/www.cruise-friendly.com\/fr\/wp-json\/wp\/v2\/comments?post=2095"}],"version-history":[{"count":2,"href":"https:\/\/www.cruise-friendly.com\/fr\/wp-json\/wp\/v2\/pages\/2095\/revisions"}],"predecessor-version":[{"id":7511,"href":"https:\/\/www.cruise-friendly.com\/fr\/wp-json\/wp\/v2\/pages\/2095\/revisions\/7511"}],"up":[{"embeddable":true,"href":"https:\/\/www.cruise-friendly.com\/fr\/wp-json\/wp\/v2\/pages\/2074"}],"wp:featuredmedia":[{"embeddable":true,"href":"https:\/\/www.cruise-friendly.com\/fr\/wp-json\/wp\/v2\/media\/2120"}],"wp:attachment":[{"href":"https:\/\/www.cruise-friendly.com\/fr\/wp-json\/wp\/v2\/media?parent=2095"}],"curies":[{"name":"wp","href":"https:\/\/api.w.org\/{rel}","templated":true}]}}