{"id":2501,"date":"2022-01-31T16:08:30","date_gmt":"2022-01-31T15:08:30","guid":{"rendered":"https:\/\/www.cruise-friendly.com\/fr\/cruise-friendly-benefits"},"modified":"2022-02-05T20:48:08","modified_gmt":"2022-02-05T20:48:08","slug":"cruise-friendly-benefits","status":"publish","type":"page","link":"https:\/\/www.cruise-friendly.com\/fr\/cruise-friendly-benefits\/","title":{"rendered":"Les avantages Cruise Friendly"},"content":{"rendered":"\n<p class=\"is-style-excerpt\">Nous nous appliquons \u00e0 vous faire vivre la meilleure exp\u00e9rience \u00e0 terre pendant votre visite de notre ville avec ses commer\u00e7ants et ses prestataires de loisirs.<\/p>\n\n\n\n<div class=\"wp-block-columns alignwide are-vertically-aligned-center\">\n<div class=\"wp-block-column is-vertically-aligned-center\" style=\"flex-basis:100%\">\n<div class=\"wp-block-columns\">\n<div class=\"wp-block-column\">\n<p class=\"has-text-align-left\">D\u00e8s votre d\u00e9barquement, n&rsquo;oubliez pas de demander <strong>votre carte Cruise Friendly<\/strong> \u00e0 nos h\u00f4tesses au comptoir d&rsquo;accueil du Terminal ou \u00e0 l&rsquo;Office de tourisme local. Vous pouvez \u00e9galement choisir de la t\u00e9l\u00e9charger chez vous pour pr\u00e9parer au mieux votre shopping lors de votre escale ou de la consulter en ligne en vous connectant dans les points Wifi de la ville pour acc\u00e9der \u00e0 la liste de tous nos partenaires recommand\u00e9s par Cruise Friendly : boutiques, restaurants, mus\u00e9es par g\u00e9olocalisation. <strong>(Application Cruise Friendly disponible!<\/strong>)<\/p>\n<\/div>\n\n\n\n<div class=\"wp-block-column\">\n<figure class=\"wp-block-image size-large\"><img loading=\"lazy\" width=\"1200\" height=\"800\" data-src=\"https:\/\/www.cruise-friendly.com\/fr\/wp-content\/uploads\/2021\/03\/LA-SEYNE-SUR-MER-104-1200x800.jpg\" alt=\"\" class=\"wp-image-2296\" data-srcset=\"https:\/\/www.cruise-friendly.com\/fr\/wp-content\/uploads\/sites\/3\/2021\/03\/LA-SEYNE-SUR-MER-104-1200x800.jpg 1200w, https:\/\/www.cruise-friendly.com\/fr\/wp-content\/uploads\/sites\/3\/2021\/03\/LA-SEYNE-SUR-MER-104-600x400.jpg 600w, https:\/\/www.cruise-friendly.com\/fr\/wp-content\/uploads\/sites\/3\/2021\/03\/LA-SEYNE-SUR-MER-104-900x600.jpg 900w, https:\/\/www.cruise-friendly.com\/fr\/wp-content\/uploads\/sites\/3\/2021\/03\/LA-SEYNE-SUR-MER-104-1536x1024.jpg 1536w, https:\/\/www.cruise-friendly.com\/fr\/wp-content\/uploads\/sites\/3\/2021\/03\/LA-SEYNE-SUR-MER-104-200x133.jpg 200w, https:\/\/www.cruise-friendly.com\/fr\/wp-content\/uploads\/sites\/3\/2021\/03\/LA-SEYNE-SUR-MER-104-120x80.jpg 120w, https:\/\/www.cruise-friendly.com\/fr\/wp-content\/uploads\/sites\/3\/2021\/03\/LA-SEYNE-SUR-MER-104.jpg 1920w\" sizes=\"(max-width: 1200px) 100vw, 1200px\" \/><\/figure>\n<\/div>\n<\/div>\n\n\n\n<p class=\"has-text-align-center\"><strong>La garantie de recevoir un accueil tr\u00e8s chaleureux, comprenant une r\u00e9duction sp\u00e9ciale ou un cadeau pour tout achat.<\/strong><br>(sur pr\u00e9sentation de votre carte\/bracelet Cruise Friendly ou en montrant notre carte t\u00e9l\u00e9charg\u00e9e sur votre mobile depuis notre site Cruise Friendly)<\/p>\n<\/div>\n<\/div>\n\n\n\n<div class=\"wp-block-columns alignwide are-vertically-aligned-center\">\n<div class=\"wp-block-column is-vertically-aligned-center\" style=\"flex-basis:50%\">\n<div class=\"wp-block-image\"><figure class=\"aligncenter size-large is-resized\"><img loading=\"lazy\" data-src=\"https:\/\/www.cruise-friendly.com\/fr\/wp-content\/uploads\/2021\/03\/gift.png\" alt=\"\" class=\"wp-image-2198\" width=\"154\" height=\"154\" data-srcset=\"https:\/\/www.cruise-friendly.com\/fr\/wp-content\/uploads\/sites\/3\/2021\/03\/gift.png 100w, https:\/\/www.cruise-friendly.com\/fr\/wp-content\/uploads\/sites\/3\/2021\/03\/gift-65x65.png 65w, https:\/\/www.cruise-friendly.com\/fr\/wp-content\/uploads\/sites\/3\/2021\/03\/gift-80x80.png 80w\" sizes=\"(max-width: 154px) 100vw, 154px\" \/><\/figure><\/div>\n<\/div>\n\n\n\n<div class=\"wp-block-column is-vertically-aligned-center\" style=\"flex-basis:50%\">\n<p>Selon l&rsquo;\u00e9tablissement, vous b\u00e9n\u00e9ficierez d&rsquo;une r\u00e9duction ou obtiendrez un caf\u00e9 gratuit ou un petit cadeau (porte-cl\u00e9s, carte postale&#8230;), un <strong>geste commercial<\/strong> pour vous faire plaisir et optimiser votre visite. Vous trouverez \u00e9galement quelques indications sur les lieux, les attractions touristiques \u00e0 <strong>ne pas manquer<\/strong> lors de votre escale. Les boutiques pratiquant le <strong>hors-taxes<\/strong> sont \u00e9galement mentionn\u00e9es sur la carte.<\/p>\n<\/div>\n<\/div>\n\n\n\n<p class=\"has-text-align-center\"><strong>Cruise Friendly<\/strong> est une certification qui garantit de la qualit\u00e9 chez nos partenaires afin de vous rendre Cruise Happy \u263a. Nous esp\u00e9rons que vous appr\u00e9cierez votre visite et que vous reviendrez bient\u00f4t pour un s\u00e9jour plus long ! D\u00e9couvrez notre offre de s\u00e9jour pr\u00e9\/post-croisi\u00e8re <a href=\"https:\/\/www.varprovence-cruise.com\/experience-var-provence\/pre-post-cruise\/\" target=\"_blank\" rel=\"noreferrer noopener\">ici<\/a>. <\/p>\n","protected":false},"excerpt":{"rendered":"<p>Nous nous appliquons \u00e0 vous faire vivre la meilleure exp\u00e9rience \u00e0 terre pendant votre visite de notre ville avec ses commer\u00e7ants et ses prestataires de loisirs. La garantie de recevoir un accueil tr\u00e8s chaleureux, comprenant une r\u00e9duction sp\u00e9ciale ou un cadeau pour tout achat.(sur pr\u00e9sentation de votre carte\/bracelet Cruise Friendly ou en montrant notre carte [&hellip;]<\/p>\n","protected":false},"author":1,"featured_media":0,"parent":0,"menu_order":10,"comment_status":"closed","ping_status":"closed","template":"","meta":{"_relevanssi_hide_post":"","_relevanssi_pin_for_all":"","_relevanssi_pin_keywords":"","_relevanssi_unpin_keywords":"","_relevanssi_related_keywords":"","_relevanssi_related_include_ids":"","_relevanssi_related_exclude_ids":"","_relevanssi_related_no_append":"","_relevanssi_related_not_related":"","_relevanssi_related_posts":"837,252,521,251,245,847","_relevanssi_noindex_reason":""},"yoast_head":"<!-- This site is optimized with the Yoast SEO plugin v16.1.1 - https:\/\/yoast.com\/wordpress\/plugins\/seo\/ -->\n<meta name=\"description\" content=\"Nous nous appliquons \u00e0 vous faire vivre la meilleure exp\u00e9rience \u00e0 terre pendant votre visite de notre ville avec ses commer\u00e7ants et ses prestataires de\" \/>\n<link rel=\"canonical\" href=\"https:\/\/www.cruise-friendly.com\/fr\/cruise-friendly-benefits\/\" \/>\n<meta property=\"og:locale\" content=\"fr_FR\" \/>\n<meta property=\"og:type\" content=\"article\" \/>\n<meta property=\"og:title\" content=\"Les avantages Cruise Friendly - Cruise Friendly FR\" \/>\n<meta property=\"og:description\" content=\"Nous nous appliquons \u00e0 vous faire vivre la meilleure exp\u00e9rience \u00e0 terre pendant votre visite de notre ville avec ses commer\u00e7ants et ses prestataires de\" \/>\n<meta property=\"og:url\" content=\"https:\/\/www.cruise-friendly.com\/fr\/cruise-friendly-benefits\/\" \/>\n<meta property=\"og:site_name\" content=\"Cruise Friendly FR\" \/>\n<meta property=\"article:modified_time\" content=\"2022-02-05T20:48:08+00:00\" \/>\n<meta property=\"og:image\" content=\"https:\/\/www.cruise-friendly.com\/fr\/wp-content\/uploads\/2021\/03\/LA-SEYNE-SUR-MER-104-1200x800.jpg\" \/>\n<meta name=\"twitter:card\" content=\"summary_large_image\" \/>\n<meta name=\"twitter:label1\" content=\"Dur\u00e9e de lecture est.\">\n\t<meta name=\"twitter:data1\" content=\"2 minutes\">\n<script type=\"application\/ld+json\" class=\"yoast-schema-graph\">{\"@context\":\"https:\/\/schema.org\",\"@graph\":[{\"@type\":\"WebSite\",\"@id\":\"https:\/\/www.cruise-friendly.com\/fr\/#website\",\"url\":\"https:\/\/www.cruise-friendly.com\/fr\/\",\"name\":\"Cruise Friendly FR\",\"description\":\"Nous nous effor\\u00e7ons de vous offrir la meilleure exp\\u00e9rience \\u00e0 terre lors de votre visite dans notre ville.\",\"potentialAction\":[{\"@type\":\"SearchAction\",\"target\":\"https:\/\/www.cruise-friendly.com\/fr\/?s={search_term_string}\",\"query-input\":\"required name=search_term_string\"}],\"inLanguage\":\"fr-FR\"},{\"@type\":\"ImageObject\",\"@id\":\"https:\/\/www.cruise-friendly.com\/fr\/cruise-friendly-benefits\/#primaryimage\",\"inLanguage\":\"fr-FR\",\"url\":\"https:\/\/www.cruise-friendly.com\/fr\/wp-content\/uploads\/2021\/03\/LA-SEYNE-SUR-MER-104-1200x800.jpg\",\"contentUrl\":\"https:\/\/www.cruise-friendly.com\/fr\/wp-content\/uploads\/2021\/03\/LA-SEYNE-SUR-MER-104-1200x800.jpg\"},{\"@type\":\"WebPage\",\"@id\":\"https:\/\/www.cruise-friendly.com\/fr\/cruise-friendly-benefits\/#webpage\",\"url\":\"https:\/\/www.cruise-friendly.com\/fr\/cruise-friendly-benefits\/\",\"name\":\"Les avantages Cruise Friendly - Cruise Friendly FR\",\"isPartOf\":{\"@id\":\"https:\/\/www.cruise-friendly.com\/fr\/#website\"},\"primaryImageOfPage\":{\"@id\":\"https:\/\/www.cruise-friendly.com\/fr\/cruise-friendly-benefits\/#primaryimage\"},\"datePublished\":\"2022-01-31T15:08:30+00:00\",\"dateModified\":\"2022-02-05T20:48:08+00:00\",\"description\":\"Nous nous appliquons \\u00e0 vous faire vivre la meilleure exp\\u00e9rience \\u00e0 terre pendant votre visite de notre ville avec ses commer\\u00e7ants et ses prestataires de\",\"breadcrumb\":{\"@id\":\"https:\/\/www.cruise-friendly.com\/fr\/cruise-friendly-benefits\/#breadcrumb\"},\"inLanguage\":\"fr-FR\",\"potentialAction\":[{\"@type\":\"ReadAction\",\"target\":[\"https:\/\/www.cruise-friendly.com\/fr\/cruise-friendly-benefits\/\"]}]},{\"@type\":\"BreadcrumbList\",\"@id\":\"https:\/\/www.cruise-friendly.com\/fr\/cruise-friendly-benefits\/#breadcrumb\",\"itemListElement\":[{\"@type\":\"ListItem\",\"position\":1,\"item\":{\"@type\":\"WebPage\",\"@id\":\"https:\/\/www.cruise-friendly.com\/fr\/\",\"url\":\"https:\/\/www.cruise-friendly.com\/fr\/\",\"name\":\"Accueil\"}},{\"@type\":\"ListItem\",\"position\":2,\"item\":{\"@type\":\"WebPage\",\"@id\":\"https:\/\/www.cruise-friendly.com\/fr\/cruise-friendly-benefits\/\",\"url\":\"https:\/\/www.cruise-friendly.com\/fr\/cruise-friendly-benefits\/\",\"name\":\"Les avantages Cruise Friendly\"}}]}]}<\/script>\n<!-- \/ Yoast SEO plugin. -->","_links":{"self":[{"href":"https:\/\/www.cruise-friendly.com\/fr\/wp-json\/wp\/v2\/pages\/2501"}],"collection":[{"href":"https:\/\/www.cruise-friendly.com\/fr\/wp-json\/wp\/v2\/pages"}],"about":[{"href":"https:\/\/www.cruise-friendly.com\/fr\/wp-json\/wp\/v2\/types\/page"}],"author":[{"embeddable":true,"href":"https:\/\/www.cruise-friendly.com\/fr\/wp-json\/wp\/v2\/users\/1"}],"replies":[{"embeddable":true,"href":"https:\/\/www.cruise-friendly.com\/fr\/wp-json\/wp\/v2\/comments?post=2501"}],"version-history":[{"count":2,"href":"https:\/\/www.cruise-friendly.com\/fr\/wp-json\/wp\/v2\/pages\/2501\/revisions"}],"predecessor-version":[{"id":6796,"href":"https:\/\/www.cruise-friendly.com\/fr\/wp-json\/wp\/v2\/pages\/2501\/revisions\/6796"}],"wp:attachment":[{"href":"https:\/\/www.cruise-friendly.com\/fr\/wp-json\/wp\/v2\/media?parent=2501"}],"curies":[{"name":"wp","href":"https:\/\/api.w.org\/{rel}","templated":true}]}}