{"id":4180,"date":"2022-01-31T16:08:30","date_gmt":"2022-01-31T15:08:30","guid":{"rendered":"https:\/\/www.cruise-friendly.com\/fr\/?page_id=4180"},"modified":"2023-02-06T10:57:07","modified_gmt":"2023-02-06T10:57:07","slug":"la-martinique","status":"publish","type":"page","link":"https:\/\/www.cruise-friendly.com\/fr\/destinations-cruise-friendly\/la-martinique\/","title":{"rendered":"La Martinique"},"content":{"rendered":"\n<p>La Martinique d&rsquo;aujourd&rsquo;hui est vraiment \u00ab\u00a0<strong>un petit bout de France dans les Cara\u00efbes<\/strong>\u00ab\u00a0. <\/p>\n\n\n\n<p>Elle d\u00e9gage une sensibilit\u00e9 s\u00e9duisante et typiquement fran\u00e7aise dans l&rsquo;<strong>excellence de sa cuisine<\/strong>, de ses <strong>rhums<\/strong> <strong>AOC<\/strong>, son <strong>caf\u00e9<\/strong>, la sophistication chic de ses <strong>complexes et h\u00f4tels raffin\u00e9s<\/strong>, sa <strong>sc\u00e8ne de la mode et de l&rsquo;art<\/strong>, et plus encore. <\/p>\n\n\n\n<p>La Martinique poss\u00e8de \u00e9galement une <strong>chaleur antillaise<\/strong> attachante dans sa personnalit\u00e9. Sa musique , son b\u00e8l\u00e8, danse ancestrale m\u00eal\u00e9s de rythmes venus d\u2019Afrique, ses plats locaux uniques, son patrimoine culturel et son mode de vie, en font une \u00eele avec du style et bien plus encore.<\/p>\n\n\n\n<p>La Martinique regorge de merveilles naturelles, ce qui en fait l\u2019une des premi\u00e8res <strong>\u00e9co-destinations<\/strong> des Cara\u00efbes inscrites au patrimoine mondial de l&rsquo;UNESCO\u2026<\/p>\n\n\n\n<div class=\"wp-block-buttons is-content-justification-center\">\n<div class=\"wp-block-button\"><a class=\"wp-block-button__link\" href=\"https:\/\/www.cruise-friendly.com\/fr\/destinations-cruise-friendly\/la-martinique\/la-martinique-ile-paradisiaque\/\" target=\"_blank\" rel=\"noreferrer noopener\">plus d&rsquo;informations<\/a><\/div>\n<\/div>\n\n\n\n<figure class=\"wp-block-embed is-type-video is-provider-youtube wp-block-embed-youtube wp-embed-aspect-16-9 wp-has-aspect-ratio\"><div class=\"wp-block-embed__wrapper\">\n<iframe loading=\"lazy\" title=\"What&#039;s New in Martinique 2021 ?\" width=\"500\" height=\"281\" data-src=\"https:\/\/www.youtube.com\/embed\/QGx3aH3ASuw?feature=oembed\" frameborder=\"0\" allow=\"accelerometer; autoplay; clipboard-write; encrypted-media; gyroscope; picture-in-picture; web-share\" referrerpolicy=\"strict-origin-when-cross-origin\" allowfullscreen><\/iframe>\n<\/div><\/figure>\n\n\n<div class=\"wp-block-related-post alignwide\">\n\n            <h2 class=\"wp-block-related-post-title text-center\">\n            Les Incontournables        <\/h2>\n    \n    <div class=\"wp-block-related-post-inner alignwide clear\">\n        <div class=\"wp-block-related-post-slider-block\">\n            \n                <div class=\"wp-block-related-post-inner-item\" data-mh data-trigger=\"wpiris-click\">\n\n                    <div class=\"wp-block-related-post-inner-item-thumbnail\">\n                        <img data-src=\"https:\/\/www.cruise-friendly.com\/fr\/wp-content\/uploads\/sites\/3\/2021\/07\/View-of-Anses-dArlet-village-@Antoine-Omere2-367x367.jpg\" alt=\"Anses d&rsquo;Arlet &#038; son Village Typique\">\n                    <\/div>\n\n                    <div class=\"wp-block-related-post-inner-item-content\">\n                        \n                        <h3 class=\"wp-block-related-post-inner-item-content-title\">\n                            <a href=\"https:\/\/www.cruise-friendly.com\/fr\/destinations-cruise-friendly\/la-martinique\/anses-darlet-son-village-typique\/\">Anses d&rsquo;Arlet &#038; son Village Typique<\/a>\n                        <\/h3>\n                    <\/div>\n                <\/div>\n            \n                <div class=\"wp-block-related-post-inner-item\" data-mh data-trigger=\"wpiris-click\">\n\n                    <div class=\"wp-block-related-post-inner-item-thumbnail\">\n                        <img data-src=\"https:\/\/www.cruise-friendly.com\/fr\/wp-content\/uploads\/sites\/3\/2021\/06\/Balata-Garden-2-min-367x367.jpg\" alt=\"Jardin botanique de Balata\">\n                    <\/div>\n\n                    <div class=\"wp-block-related-post-inner-item-content\">\n                        \n                        <h3 class=\"wp-block-related-post-inner-item-content-title\">\n                            <a href=\"https:\/\/www.cruise-friendly.com\/fr\/destinations-cruise-friendly\/la-martinique\/jardin-botanique-de-balata\/\">Jardin botanique de Balata<\/a>\n                        <\/h3>\n                    <\/div>\n                <\/div>\n            \n                <div class=\"wp-block-related-post-inner-item\" data-mh data-trigger=\"wpiris-click\">\n\n                    <div class=\"wp-block-related-post-inner-item-thumbnail\">\n                        <img data-src=\"https:\/\/www.cruise-friendly.com\/fr\/wp-content\/uploads\/sites\/3\/2021\/06\/Museum-Franck-perret-.-Rights-reserved-min-367x367.jpg\" alt=\"Mus\u00e9e M\u00e9morial de la catastrophe de 1902 \u00e0 Saint-Pierre\">\n                    <\/div>\n\n                    <div class=\"wp-block-related-post-inner-item-content\">\n                        \n                        <h3 class=\"wp-block-related-post-inner-item-content-title\">\n                            <a href=\"https:\/\/www.cruise-friendly.com\/fr\/destinations-cruise-friendly\/la-martinique\/musee-memorial-de-la-catastrophe-de-1902-a-saint-pierre\/\">Mus\u00e9e M\u00e9morial de la catastrophe de 1902 \u00e0 Saint-Pierre<\/a>\n                        <\/h3>\n                    <\/div>\n                <\/div>\n                    <\/div>\n    <\/div>\n<\/div>\n\n<div class=\"wp-block-related-post alignwide\">\n\n    \n    <div class=\"wp-block-related-post-inner alignwide clear\">\n        <div class=\"wp-block-related-post-slider-block\">\n            \n                <div class=\"wp-block-related-post-inner-item\" data-mh data-trigger=\"wpiris-click\">\n\n                    <div class=\"wp-block-related-post-inner-item-thumbnail\">\n                        <img data-src=\"https:\/\/www.cruise-friendly.com\/fr\/wp-content\/uploads\/sites\/3\/2021\/07\/Catherale-St-Louis-FDF-@R.-Haughton2-367x367.jpg\" alt=\"Cath\u00e9drale Saint Louis\">\n                    <\/div>\n\n                    <div class=\"wp-block-related-post-inner-item-content\">\n                        \n                        <h3 class=\"wp-block-related-post-inner-item-content-title\">\n                            <a href=\"https:\/\/www.cruise-friendly.com\/fr\/destinations-cruise-friendly\/la-martinique\/cathedrale-saint-louis\/\">Cath\u00e9drale Saint Louis<\/a>\n                        <\/h3>\n                    <\/div>\n                <\/div>\n            \n                <div class=\"wp-block-related-post-inner-item\" data-mh data-trigger=\"wpiris-click\">\n\n                    <div class=\"wp-block-related-post-inner-item-thumbnail\">\n                        <img data-src=\"https:\/\/www.cruise-friendly.com\/fr\/wp-content\/uploads\/sites\/3\/2021\/07\/Marche-Fort-de-France_-R.-Haughton2-367x367.jpg\" alt=\"March\u00e9 de Fort de France et restaurants locaux\">\n                    <\/div>\n\n                    <div class=\"wp-block-related-post-inner-item-content\">\n                        \n                        <h3 class=\"wp-block-related-post-inner-item-content-title\">\n                            <a href=\"https:\/\/www.cruise-friendly.com\/fr\/destinations-cruise-friendly\/la-martinique\/marche-de-fort-de-france-et-restaurants-locaux\/\">March\u00e9 de Fort de France et restaurants locaux<\/a>\n                        <\/h3>\n                    <\/div>\n                <\/div>\n            \n                <div class=\"wp-block-related-post-inner-item\" data-mh data-trigger=\"wpiris-click\">\n\n                    <div class=\"wp-block-related-post-inner-item-thumbnail\">\n                        <img data-src=\"https:\/\/www.cruise-friendly.com\/fr\/wp-content\/uploads\/sites\/3\/2021\/06\/Habitation-Clement-Modern-Art2-min-367x367.jpg\" alt=\"Habitation Cl\u00e9ment &#038; Fondation d&rsquo;art moderne\">\n                    <\/div>\n\n                    <div class=\"wp-block-related-post-inner-item-content\">\n                        \n                        <h3 class=\"wp-block-related-post-inner-item-content-title\">\n                            <a href=\"https:\/\/www.cruise-friendly.com\/fr\/destinations-cruise-friendly\/la-martinique\/habitation-clement-fondation-dart-moderne\/\">Habitation Cl\u00e9ment &#038; Fondation d&rsquo;art moderne<\/a>\n                        <\/h3>\n                    <\/div>\n                <\/div>\n                    <\/div>\n    <\/div>\n<\/div>\n\n<div class=\"wp-block-related-post alignwide\">\n\n    \n    <div class=\"wp-block-related-post-inner alignwide clear\">\n        <div class=\"wp-block-related-post-slider-block\">\n            \n                <div class=\"wp-block-related-post-inner-item\" data-mh data-trigger=\"wpiris-click\">\n\n                    <div class=\"wp-block-related-post-inner-item-thumbnail\">\n                        <img data-src=\"https:\/\/www.cruise-friendly.com\/fr\/wp-content\/uploads\/sites\/3\/2021\/07\/Mount-Pelee-St-Pierre-_-A.-Petton2-367x367.jpg\" alt=\"La montagne Pel\u00e9e &#038; ses sentiers de randonn\u00e9e\">\n                    <\/div>\n\n                    <div class=\"wp-block-related-post-inner-item-content\">\n                        \n                        <h3 class=\"wp-block-related-post-inner-item-content-title\">\n                            <a href=\"https:\/\/www.cruise-friendly.com\/fr\/destinations-cruise-friendly\/la-martinique\/la-montagne-pelee-ses-sentiers-de-randonnee\/\">La montagne Pel\u00e9e &#038; ses sentiers de randonn\u00e9e<\/a>\n                        <\/h3>\n                    <\/div>\n                <\/div>\n            \n                <div class=\"wp-block-related-post-inner-item\" data-mh data-trigger=\"wpiris-click\">\n\n                    <div class=\"wp-block-related-post-inner-item-thumbnail\">\n                        <img data-src=\"https:\/\/www.cruise-friendly.com\/fr\/wp-content\/uploads\/sites\/3\/2021\/06\/Slaves-Savannah-min-367x367.jpg\" alt=\"La Savane des Esclaves\">\n                    <\/div>\n\n                    <div class=\"wp-block-related-post-inner-item-content\">\n                        \n                        <h3 class=\"wp-block-related-post-inner-item-content-title\">\n                            <a href=\"https:\/\/www.cruise-friendly.com\/fr\/destinations-cruise-friendly\/la-martinique\/la-savane-des-esclaves\/\">La Savane des Esclaves<\/a>\n                        <\/h3>\n                    <\/div>\n                <\/div>\n            \n                <div class=\"wp-block-related-post-inner-item\" data-mh data-trigger=\"wpiris-click\">\n\n                    <div class=\"wp-block-related-post-inner-item-thumbnail\">\n                        <img data-src=\"https:\/\/www.cruise-friendly.com\/fr\/wp-content\/uploads\/sites\/3\/2021\/06\/ntbm-2-367x367.png\" alt=\"Shopping \u00e0 Fort de France &#038; Les Trois-Ilets\">\n                    <\/div>\n\n                    <div class=\"wp-block-related-post-inner-item-content\">\n                        \n                        <h3 class=\"wp-block-related-post-inner-item-content-title\">\n                            <a href=\"https:\/\/www.cruise-friendly.com\/fr\/destinations-cruise-friendly\/la-martinique\/shopping-a-fort-de-france-les-trois-ilets\/\">Shopping \u00e0 Fort de France &#038; Les Trois-Ilets<\/a>\n                        <\/h3>\n                    <\/div>\n                <\/div>\n                    <\/div>\n    <\/div>\n<\/div>\n\n<div class=\"wp-block-related-post alignwide\">\n\n    \n    <div class=\"wp-block-related-post-inner alignwide clear\">\n        <div class=\"wp-block-related-post-slider-block\">\n            \n                <div class=\"wp-block-related-post-inner-item\" data-mh data-trigger=\"wpiris-click\">\n\n                    <div class=\"wp-block-related-post-inner-item-thumbnail\">\n                        <img data-src=\"https:\/\/www.cruise-friendly.com\/fr\/wp-content\/uploads\/sites\/3\/2021\/06\/ntbm-1-367x367.png\" alt=\"Plages des Cara\u00efbes &#8211; Sud de l&rsquo;\u00eele\">\n                    <\/div>\n\n                    <div class=\"wp-block-related-post-inner-item-content\">\n                        \n                        <h3 class=\"wp-block-related-post-inner-item-content-title\">\n                            <a href=\"https:\/\/www.cruise-friendly.com\/fr\/destinations-cruise-friendly\/la-martinique\/plages-des-caraibes-au-sud-de-lile\/\">Plages des Cara\u00efbes &#8211; Sud de l&rsquo;\u00eele<\/a>\n                        <\/h3>\n                    <\/div>\n                <\/div>\n                    <\/div>\n    <\/div>\n<\/div>","protected":false},"excerpt":{"rendered":"<p>La Martinique d&rsquo;aujourd&rsquo;hui est vraiment \u00ab\u00a0un petit bout de France dans les Cara\u00efbes\u00ab\u00a0. Elle d\u00e9gage une sensibilit\u00e9 s\u00e9duisante et typiquement fran\u00e7aise dans l&rsquo;excellence de sa cuisine, de ses rhums AOC, son caf\u00e9, la sophistication chic de ses complexes et h\u00f4tels raffin\u00e9s, sa sc\u00e8ne de la mode et de l&rsquo;art, et plus encore. La Martinique poss\u00e8de [&hellip;]<\/p>\n","protected":false},"author":1,"featured_media":4592,"parent":67,"menu_order":0,"comment_status":"closed","ping_status":"closed","template":"","meta":{"_relevanssi_hide_post":"","_relevanssi_pin_for_all":"","_relevanssi_pin_keywords":"","_relevanssi_unpin_keywords":"","_relevanssi_related_keywords":"","_relevanssi_related_include_ids":"","_relevanssi_related_exclude_ids":"","_relevanssi_related_no_append":"","_relevanssi_related_not_related":"","_relevanssi_related_posts":"245,837,521,847","_relevanssi_noindex_reason":""},"yoast_head":"<!-- This site is optimized with the Yoast SEO plugin v16.1.1 - https:\/\/yoast.com\/wordpress\/plugins\/seo\/ -->\n<meta name=\"description\" content=\"La Martinique d&#039;aujourd&#039;hui est vraiment &quot;un petit bout de France dans les Cara\u00efbes&quot;. Elle d\u00e9gage une sensibilit\u00e9 s\u00e9duisante et typiquement fran\u00e7aise dans\" \/>\n<link rel=\"canonical\" href=\"https:\/\/www.cruise-friendly.com\/fr\/destinations-cruise-friendly\/la-martinique\/\" \/>\n<meta property=\"og:locale\" content=\"fr_FR\" \/>\n<meta property=\"og:type\" content=\"article\" \/>\n<meta property=\"og:title\" content=\"La Martinique - Cruise Friendly FR\" \/>\n<meta property=\"og:description\" content=\"La Martinique d&#039;aujourd&#039;hui est vraiment &quot;un petit bout de France dans les Cara\u00efbes&quot;. Elle d\u00e9gage une sensibilit\u00e9 s\u00e9duisante et typiquement fran\u00e7aise dans\" \/>\n<meta property=\"og:url\" content=\"https:\/\/www.cruise-friendly.com\/fr\/destinations-cruise-friendly\/la-martinique\/\" \/>\n<meta property=\"og:site_name\" content=\"Cruise Friendly FR\" \/>\n<meta property=\"article:modified_time\" content=\"2023-02-06T10:57:07+00:00\" \/>\n<meta property=\"og:image\" content=\"https:\/\/www.cruise-friendly.com\/fr\/wp-content\/uploads\/sites\/3\/2021\/06\/Bourg-Anses-darlet-_ANTOINE-OMERE-1600x730-px.png\" \/>\n\t<meta property=\"og:image:width\" content=\"1600\" \/>\n\t<meta property=\"og:image:height\" content=\"730\" \/>\n<meta name=\"twitter:card\" content=\"summary_large_image\" \/>\n<meta name=\"twitter:label1\" content=\"Dur\u00e9e de lecture est.\">\n\t<meta name=\"twitter:data1\" content=\"1 minute\">\n<script type=\"application\/ld+json\" class=\"yoast-schema-graph\">{\"@context\":\"https:\/\/schema.org\",\"@graph\":[{\"@type\":\"WebSite\",\"@id\":\"https:\/\/www.cruise-friendly.com\/fr\/#website\",\"url\":\"https:\/\/www.cruise-friendly.com\/fr\/\",\"name\":\"Cruise Friendly FR\",\"description\":\"Nous nous effor\\u00e7ons de vous offrir la meilleure exp\\u00e9rience \\u00e0 terre lors de votre visite dans notre ville.\",\"potentialAction\":[{\"@type\":\"SearchAction\",\"target\":\"https:\/\/www.cruise-friendly.com\/fr\/?s={search_term_string}\",\"query-input\":\"required name=search_term_string\"}],\"inLanguage\":\"fr-FR\"},{\"@type\":\"ImageObject\",\"@id\":\"https:\/\/www.cruise-friendly.com\/fr\/destinations-cruise-friendly\/la-martinique\/#primaryimage\",\"inLanguage\":\"fr-FR\",\"url\":\"https:\/\/www.cruise-friendly.com\/fr\/wp-content\/uploads\/sites\/3\/2021\/06\/Bourg-Anses-darlet-_ANTOINE-OMERE-1600x730-px.png\",\"contentUrl\":\"https:\/\/www.cruise-friendly.com\/fr\/wp-content\/uploads\/sites\/3\/2021\/06\/Bourg-Anses-darlet-_ANTOINE-OMERE-1600x730-px.png\",\"width\":1600,\"height\":730},{\"@type\":\"WebPage\",\"@id\":\"https:\/\/www.cruise-friendly.com\/fr\/destinations-cruise-friendly\/la-martinique\/#webpage\",\"url\":\"https:\/\/www.cruise-friendly.com\/fr\/destinations-cruise-friendly\/la-martinique\/\",\"name\":\"La Martinique - Cruise Friendly FR\",\"isPartOf\":{\"@id\":\"https:\/\/www.cruise-friendly.com\/fr\/#website\"},\"primaryImageOfPage\":{\"@id\":\"https:\/\/www.cruise-friendly.com\/fr\/destinations-cruise-friendly\/la-martinique\/#primaryimage\"},\"datePublished\":\"2022-01-31T15:08:30+00:00\",\"dateModified\":\"2023-02-06T10:57:07+00:00\",\"description\":\"La Martinique d'aujourd'hui est vraiment \\\"un petit bout de France dans les Cara\\u00efbes\\\". Elle d\\u00e9gage une sensibilit\\u00e9 s\\u00e9duisante et typiquement fran\\u00e7aise dans\",\"breadcrumb\":{\"@id\":\"https:\/\/www.cruise-friendly.com\/fr\/destinations-cruise-friendly\/la-martinique\/#breadcrumb\"},\"inLanguage\":\"fr-FR\",\"potentialAction\":[{\"@type\":\"ReadAction\",\"target\":[\"https:\/\/www.cruise-friendly.com\/fr\/destinations-cruise-friendly\/la-martinique\/\"]}]},{\"@type\":\"BreadcrumbList\",\"@id\":\"https:\/\/www.cruise-friendly.com\/fr\/destinations-cruise-friendly\/la-martinique\/#breadcrumb\",\"itemListElement\":[{\"@type\":\"ListItem\",\"position\":1,\"item\":{\"@type\":\"WebPage\",\"@id\":\"https:\/\/www.cruise-friendly.com\/fr\/\",\"url\":\"https:\/\/www.cruise-friendly.com\/fr\/\",\"name\":\"Accueil\"}},{\"@type\":\"ListItem\",\"position\":2,\"item\":{\"@type\":\"WebPage\",\"@id\":\"https:\/\/www.cruise-friendly.com\/fr\/destinations-cruise-friendly\/\",\"url\":\"https:\/\/www.cruise-friendly.com\/fr\/destinations-cruise-friendly\/\",\"name\":\"Destinations Cruise Friendly\"}},{\"@type\":\"ListItem\",\"position\":3,\"item\":{\"@type\":\"WebPage\",\"@id\":\"https:\/\/www.cruise-friendly.com\/fr\/destinations-cruise-friendly\/la-martinique\/\",\"url\":\"https:\/\/www.cruise-friendly.com\/fr\/destinations-cruise-friendly\/la-martinique\/\",\"name\":\"La Martinique\"}}]}]}<\/script>\n<!-- \/ Yoast SEO plugin. -->","_links":{"self":[{"href":"https:\/\/www.cruise-friendly.com\/fr\/wp-json\/wp\/v2\/pages\/4180"}],"collection":[{"href":"https:\/\/www.cruise-friendly.com\/fr\/wp-json\/wp\/v2\/pages"}],"about":[{"href":"https:\/\/www.cruise-friendly.com\/fr\/wp-json\/wp\/v2\/types\/page"}],"author":[{"embeddable":true,"href":"https:\/\/www.cruise-friendly.com\/fr\/wp-json\/wp\/v2\/users\/1"}],"replies":[{"embeddable":true,"href":"https:\/\/www.cruise-friendly.com\/fr\/wp-json\/wp\/v2\/comments?post=4180"}],"version-history":[{"count":4,"href":"https:\/\/www.cruise-friendly.com\/fr\/wp-json\/wp\/v2\/pages\/4180\/revisions"}],"predecessor-version":[{"id":8692,"href":"https:\/\/www.cruise-friendly.com\/fr\/wp-json\/wp\/v2\/pages\/4180\/revisions\/8692"}],"up":[{"embeddable":true,"href":"https:\/\/www.cruise-friendly.com\/fr\/wp-json\/wp\/v2\/pages\/67"}],"wp:featuredmedia":[{"embeddable":true,"href":"https:\/\/www.cruise-friendly.com\/fr\/wp-json\/wp\/v2\/media\/4592"}],"wp:attachment":[{"href":"https:\/\/www.cruise-friendly.com\/fr\/wp-json\/wp\/v2\/media?parent=4180"}],"curies":[{"name":"wp","href":"https:\/\/api.w.org\/{rel}","templated":true}]}}