{"id":4183,"date":"2022-01-31T16:08:30","date_gmt":"2022-01-31T15:08:30","guid":{"rendered":"https:\/\/www.cruise-friendly.com\/fr\/?page_id=4183"},"modified":"2022-02-25T09:37:00","modified_gmt":"2022-02-25T09:37:00","slug":"la-martinique-ile-paradisiaque","status":"publish","type":"page","link":"https:\/\/www.cruise-friendly.com\/fr\/destinations-cruise-friendly\/la-martinique\/la-martinique-ile-paradisiaque\/","title":{"rendered":"La Martinique : Ile paradisiaque"},"content":{"rendered":"\n<p>La Martinique d&rsquo;aujourd&rsquo;hui est vraiment \u00ab\u00a0un petit bout de France dans les Cara\u00efbes\u00a0\u00bb.&nbsp;Elle d\u00e9gage une sensibilit\u00e9 s\u00e9duisante et typiquement fran\u00e7aise dans l&rsquo;excellence de sa cuisine, de ses rhums AOC, son caf\u00e9, la sophistication chic de ses complexes et h\u00f4tels raffin\u00e9s, sa sc\u00e8ne de la mode et de l&rsquo;art, et plus encore.&nbsp;La Martinique poss\u00e8de \u00e9galement une chaleur antillaise attachante dans sa personnalit\u00e9.&nbsp; Sa musique , son b\u00e8l\u00e8, danse ancestrale m\u00eal\u00e9s de rythmes venus d\u2019Afrique, ses plats locaux uniques, son patrimoine culturel et son mode de vie, en font une \u00eele avec du style et bien plus encore.&nbsp;<\/p>\n\n\n\n<p>La Martinique regorge de merveilles naturelles, ce qui en fait l\u2019une des premi\u00e8res \u00e9co-destinations des Cara\u00efbes inscrites au patrimoine mondial de l&rsquo;UNESCO\u2026.<\/p>\n\n\n\n<p>En effet, la Martinique est inscrite depuis d\u00e9cembre 2020 au pinacle du patrimoine culturel immat\u00e9riel de&nbsp; l\u2019UNESCO par sa Yole, cette embarcation traditionnelle de p\u00eacheurs drainant la ferveur populaire lors des r\u00e9gates locales. En r\u00e9alit\u00e9, la Martinique a un cachet qui lui est propre.&nbsp;<br>En 2021, la Martinique est candidate \u00e0 l\u2019UNESCO pour \u00eatre une r\u00e9serve mondiale de biosph\u00e8re.&nbsp;<br>En 2022, la Martinique est aussi candidate au patrimoine de l\u2019UNESCO pour le classement des Volcans et For\u00eats de la Montagne Pel\u00e9e et des Pitons du Nord de la Martinique.<\/p>\n\n\n\n<p>\u00c0 la fin du XV\u00e8me si\u00e8cle, c\u2019est lors des exp\u00e9ditions du navigateur europ\u00e9en Christophe Colomb vers la route des \u00e9pices que la Martinique r\u00e9v\u00e8le ses beaut\u00e9s au reste du monde.&nbsp; Et jusqu\u2019 au XVII\u00e8me si\u00e8cle, deux grandes puissances europ\u00e9ennes, la France et la l\u2019Angleterre se disputent d\u00e9j\u00e0 ce bout de terre rempli de potentiels et de richesses jusqu\u2019en 1815. Une colonisation fran\u00e7aise s\u2019y \u00e9tablit par la force d\u2019une main d\u2019\u0153uvre esclavis\u00e9e en provenance de l\u2019Afrique. L\u2019esclavage aboli en 1848, fait place \u00e0 une autre main d\u2019\u0153uvre engag\u00e9e et libre sur les plantations sucri\u00e8res et cacaoy\u00e8res originaire en g\u00e9n\u00e9ral de l\u2019Inde. En 1946, la Martinique est devenue un D\u00e9partement de France et en 1974 une R\u00e9gion de France, son statut actuel.<\/p>\n\n\n\n<p>Un endroit sp\u00e9cial, bien s\u00fbr, avec tant \u00e0 offrir ! La Martinique, elle vous aime&nbsp;! <\/p>\n\n\n\n<div class=\"wp-block-buttons is-content-justification-center\">\n<div class=\"wp-block-button\"><a class=\"wp-block-button__link\" href=\"https:\/\/www.martinique.org\/\" target=\"_blank\" rel=\"noreferrer noopener\">Plus d&rsquo;informations<\/a><\/div>\n<\/div>\n\n\n\n<figure class=\"wp-block-embed is-type-video is-provider-youtube wp-block-embed-youtube wp-embed-aspect-16-9 wp-has-aspect-ratio\"><div class=\"wp-block-embed__wrapper\">\n<iframe loading=\"lazy\" title=\"SPOT MARTINIQUE 2020\" width=\"500\" height=\"281\" data-src=\"https:\/\/www.youtube.com\/embed\/7171SD4OhCk?feature=oembed\" frameborder=\"0\" allow=\"accelerometer; autoplay; clipboard-write; encrypted-media; gyroscope; picture-in-picture\" allowfullscreen><\/iframe>\n<\/div><\/figure>\n","protected":false},"excerpt":{"rendered":"<p>La Martinique d&rsquo;aujourd&rsquo;hui est vraiment \u00ab\u00a0un petit bout de France dans les Cara\u00efbes\u00a0\u00bb.&nbsp;Elle d\u00e9gage une sensibilit\u00e9 s\u00e9duisante et typiquement fran\u00e7aise dans l&rsquo;excellence de sa cuisine, de ses rhums AOC, son caf\u00e9, la sophistication chic de ses complexes et h\u00f4tels raffin\u00e9s, sa sc\u00e8ne de la mode et de l&rsquo;art, et plus encore.&nbsp;La Martinique poss\u00e8de \u00e9galement une [&hellip;]<\/p>\n","protected":false},"author":1,"featured_media":0,"parent":4180,"menu_order":0,"comment_status":"closed","ping_status":"closed","template":"","meta":{"_relevanssi_hide_post":"","_relevanssi_pin_for_all":"","_relevanssi_pin_keywords":"","_relevanssi_unpin_keywords":"","_relevanssi_related_keywords":"","_relevanssi_related_include_ids":"","_relevanssi_related_exclude_ids":"","_relevanssi_related_no_append":"","_relevanssi_related_not_related":"","_relevanssi_related_posts":"521,847,245,837","_relevanssi_noindex_reason":""},"yoast_head":"<!-- This site is optimized with the Yoast SEO plugin v16.1.1 - https:\/\/yoast.com\/wordpress\/plugins\/seo\/ -->\n<meta name=\"description\" content=\"La Martinique d&#039;aujourd&#039;hui est vraiment &quot;un petit bout de France dans les Cara\u00efbes&quot;.&nbsp;Elle d\u00e9gage une sensibilit\u00e9 s\u00e9duisante et typiquement fran\u00e7aise\" \/>\n<link rel=\"canonical\" href=\"https:\/\/www.cruise-friendly.com\/fr\/destinations-cruise-friendly\/la-martinique\/la-martinique-ile-paradisiaque\/\" \/>\n<meta property=\"og:locale\" content=\"fr_FR\" \/>\n<meta property=\"og:type\" content=\"article\" \/>\n<meta property=\"og:title\" content=\"La Martinique : Ile paradisiaque - Cruise Friendly FR\" \/>\n<meta property=\"og:description\" content=\"La Martinique d&#039;aujourd&#039;hui est vraiment &quot;un petit bout de France dans les Cara\u00efbes&quot;.&nbsp;Elle d\u00e9gage une sensibilit\u00e9 s\u00e9duisante et typiquement fran\u00e7aise\" \/>\n<meta property=\"og:url\" content=\"https:\/\/www.cruise-friendly.com\/fr\/destinations-cruise-friendly\/la-martinique\/la-martinique-ile-paradisiaque\/\" \/>\n<meta property=\"og:site_name\" content=\"Cruise Friendly FR\" \/>\n<meta property=\"article:modified_time\" content=\"2022-02-25T09:37:00+00:00\" \/>\n<meta property=\"og:image\" content=\"https:\/\/www.cruise-friendly.com\/fr\/wp-content\/uploads\/sites\/3\/2020\/06\/sun-var-provence-cruise-pro.jpg\" \/>\n\t<meta property=\"og:image:width\" content=\"1220\" \/>\n\t<meta property=\"og:image:height\" content=\"540\" \/>\n<meta name=\"twitter:card\" content=\"summary_large_image\" \/>\n<meta name=\"twitter:label1\" content=\"Dur\u00e9e de lecture est.\">\n\t<meta name=\"twitter:data1\" content=\"2 minutes\">\n<script type=\"application\/ld+json\" class=\"yoast-schema-graph\">{\"@context\":\"https:\/\/schema.org\",\"@graph\":[{\"@type\":\"WebSite\",\"@id\":\"https:\/\/www.cruise-friendly.com\/fr\/#website\",\"url\":\"https:\/\/www.cruise-friendly.com\/fr\/\",\"name\":\"Cruise Friendly FR\",\"description\":\"Nous nous effor\\u00e7ons de vous offrir la meilleure exp\\u00e9rience \\u00e0 terre lors de votre visite dans notre ville.\",\"potentialAction\":[{\"@type\":\"SearchAction\",\"target\":\"https:\/\/www.cruise-friendly.com\/fr\/?s={search_term_string}\",\"query-input\":\"required name=search_term_string\"}],\"inLanguage\":\"fr-FR\"},{\"@type\":\"WebPage\",\"@id\":\"https:\/\/www.cruise-friendly.com\/fr\/destinations-cruise-friendly\/la-martinique\/la-martinique-ile-paradisiaque\/#webpage\",\"url\":\"https:\/\/www.cruise-friendly.com\/fr\/destinations-cruise-friendly\/la-martinique\/la-martinique-ile-paradisiaque\/\",\"name\":\"La Martinique : Ile paradisiaque - Cruise Friendly FR\",\"isPartOf\":{\"@id\":\"https:\/\/www.cruise-friendly.com\/fr\/#website\"},\"datePublished\":\"2022-01-31T15:08:30+00:00\",\"dateModified\":\"2022-02-25T09:37:00+00:00\",\"description\":\"La Martinique d'aujourd'hui est vraiment \\\"un petit bout de France dans les Cara\\u00efbes\\\".&nbsp;Elle d\\u00e9gage une sensibilit\\u00e9 s\\u00e9duisante et typiquement fran\\u00e7aise\",\"breadcrumb\":{\"@id\":\"https:\/\/www.cruise-friendly.com\/fr\/destinations-cruise-friendly\/la-martinique\/la-martinique-ile-paradisiaque\/#breadcrumb\"},\"inLanguage\":\"fr-FR\",\"potentialAction\":[{\"@type\":\"ReadAction\",\"target\":[\"https:\/\/www.cruise-friendly.com\/fr\/destinations-cruise-friendly\/la-martinique\/la-martinique-ile-paradisiaque\/\"]}]},{\"@type\":\"BreadcrumbList\",\"@id\":\"https:\/\/www.cruise-friendly.com\/fr\/destinations-cruise-friendly\/la-martinique\/la-martinique-ile-paradisiaque\/#breadcrumb\",\"itemListElement\":[{\"@type\":\"ListItem\",\"position\":1,\"item\":{\"@type\":\"WebPage\",\"@id\":\"https:\/\/www.cruise-friendly.com\/fr\/\",\"url\":\"https:\/\/www.cruise-friendly.com\/fr\/\",\"name\":\"Accueil\"}},{\"@type\":\"ListItem\",\"position\":2,\"item\":{\"@type\":\"WebPage\",\"@id\":\"https:\/\/www.cruise-friendly.com\/fr\/destinations-cruise-friendly\/\",\"url\":\"https:\/\/www.cruise-friendly.com\/fr\/destinations-cruise-friendly\/\",\"name\":\"Destinations Cruise Friendly\"}},{\"@type\":\"ListItem\",\"position\":3,\"item\":{\"@type\":\"WebPage\",\"@id\":\"https:\/\/www.cruise-friendly.com\/fr\/destinations-cruise-friendly\/la-martinique\/\",\"url\":\"https:\/\/www.cruise-friendly.com\/fr\/destinations-cruise-friendly\/la-martinique\/\",\"name\":\"La Martinique\"}},{\"@type\":\"ListItem\",\"position\":4,\"item\":{\"@type\":\"WebPage\",\"@id\":\"https:\/\/www.cruise-friendly.com\/fr\/destinations-cruise-friendly\/la-martinique\/la-martinique-ile-paradisiaque\/\",\"url\":\"https:\/\/www.cruise-friendly.com\/fr\/destinations-cruise-friendly\/la-martinique\/la-martinique-ile-paradisiaque\/\",\"name\":\"La Martinique : Ile paradisiaque\"}}]}]}<\/script>\n<!-- \/ Yoast SEO plugin. -->","_links":{"self":[{"href":"https:\/\/www.cruise-friendly.com\/fr\/wp-json\/wp\/v2\/pages\/4183"}],"collection":[{"href":"https:\/\/www.cruise-friendly.com\/fr\/wp-json\/wp\/v2\/pages"}],"about":[{"href":"https:\/\/www.cruise-friendly.com\/fr\/wp-json\/wp\/v2\/types\/page"}],"author":[{"embeddable":true,"href":"https:\/\/www.cruise-friendly.com\/fr\/wp-json\/wp\/v2\/users\/1"}],"replies":[{"embeddable":true,"href":"https:\/\/www.cruise-friendly.com\/fr\/wp-json\/wp\/v2\/comments?post=4183"}],"version-history":[{"count":4,"href":"https:\/\/www.cruise-friendly.com\/fr\/wp-json\/wp\/v2\/pages\/4183\/revisions"}],"predecessor-version":[{"id":7039,"href":"https:\/\/www.cruise-friendly.com\/fr\/wp-json\/wp\/v2\/pages\/4183\/revisions\/7039"}],"up":[{"embeddable":true,"href":"https:\/\/www.cruise-friendly.com\/fr\/wp-json\/wp\/v2\/pages\/4180"}],"wp:attachment":[{"href":"https:\/\/www.cruise-friendly.com\/fr\/wp-json\/wp\/v2\/media?parent=4183"}],"curies":[{"name":"wp","href":"https:\/\/api.w.org\/{rel}","templated":true}]}}