{"id":4276,"date":"2022-01-31T16:08:30","date_gmt":"2022-01-31T15:08:30","guid":{"rendered":"https:\/\/www.cruise-friendly.com\/fr\/?page_id=4276"},"modified":"2022-02-06T23:43:12","modified_gmt":"2022-02-06T23:43:12","slug":"musee-memorial-de-la-catastrophe-de-1902-a-saint-pierre","status":"publish","type":"page","link":"https:\/\/www.cruise-friendly.com\/fr\/destinations-cruise-friendly\/la-martinique\/musee-memorial-de-la-catastrophe-de-1902-a-saint-pierre\/","title":{"rendered":"Mus\u00e9e M\u00e9morial de la catastrophe de 1902 \u00e0 Saint-Pierre"},"content":{"rendered":"\n<p>En 1933, sous l&rsquo;\u00e9gide de l&rsquo;ing\u00e9nieur Franck A. Perret, le premier mus\u00e9e de l&rsquo;\u00eele ouvre ses portes avec une exposition qui, outre les vestiges de la catastrophe, fait une place importante \u00e0 la volcanologie.<br>Ce b\u00e2timent d&rsquo;inspiration art d\u00e9co a \u00e9t\u00e9 r\u00e9nov\u00e9 en 1969 dans une architecture moderniste inspir\u00e9e du style international. Le nom \u00ab\u00a0Mus\u00e9e Franck A. Perret\u00a0\u00bb est alors inscrit en lettres contrefaites sur la fa\u00e7ade.<br>En d\u00e9cembre 2018, il a \u00e9t\u00e9 enti\u00e8rement r\u00e9nov\u00e9 dans le cadre d&rsquo;une d\u00e9l\u00e9gation de service public accord\u00e9e \u00e0 la Fondation Cl\u00e9ment. L&rsquo;appellation \u00ab M\u00e9morial de la catastrophe de 1902 \u00bb est ajout\u00e9e au nom historique du fondateur du mus\u00e9e pour marquer la nouvelle orientation avec une approche plus culturelle de la catastrophe qui met en valeur l&rsquo;exp\u00e9rience v\u00e9cue par les Martiniquais et son retentissement mondial.<\/p>\n\n\n\n<div class=\"wp-block-buttons is-content-justification-center\">\n<div class=\"wp-block-button\"><a class=\"wp-block-button__link\" href=\"https:\/\/www.memorial1902.org\/\" target=\"_blank\" rel=\"noreferrer noopener\">Plus d&rsquo;informations<\/a><\/div>\n<\/div>\n","protected":false},"excerpt":{"rendered":"<p>En 1933, sous l&rsquo;\u00e9gide de l&rsquo;ing\u00e9nieur Franck A. Perret, le premier mus\u00e9e de l&rsquo;\u00eele ouvre ses portes avec une exposition qui, outre les vestiges de la catastrophe, fait une place importante \u00e0 la volcanologie.Ce b\u00e2timent d&rsquo;inspiration art d\u00e9co a \u00e9t\u00e9 r\u00e9nov\u00e9 en 1969 dans une architecture moderniste inspir\u00e9e du style international. Le nom \u00ab\u00a0Mus\u00e9e Franck [&hellip;]<\/p>\n","protected":false},"author":1,"featured_media":4554,"parent":4180,"menu_order":0,"comment_status":"closed","ping_status":"closed","template":"","meta":{"_relevanssi_hide_post":"","_relevanssi_pin_for_all":"","_relevanssi_pin_keywords":"","_relevanssi_unpin_keywords":"","_relevanssi_related_keywords":"","_relevanssi_related_include_ids":"","_relevanssi_related_exclude_ids":"","_relevanssi_related_no_append":"","_relevanssi_related_not_related":"","_relevanssi_related_posts":"847,837,521,245","_relevanssi_noindex_reason":""},"yoast_head":"<!-- This site is optimized with the Yoast SEO plugin v16.1.1 - https:\/\/yoast.com\/wordpress\/plugins\/seo\/ -->\n<meta name=\"description\" content=\"En 1933, sous l&#039;\u00e9gide de l&#039;ing\u00e9nieur Franck A. Perret, le premier mus\u00e9e de l&#039;\u00eele ouvre ses portes avec une exposition qui, outre les vestiges de la\" \/>\n<link rel=\"canonical\" href=\"https:\/\/www.cruise-friendly.com\/fr\/destinations-cruise-friendly\/la-martinique\/musee-memorial-de-la-catastrophe-de-1902-a-saint-pierre\/\" \/>\n<meta property=\"og:locale\" content=\"fr_FR\" \/>\n<meta property=\"og:type\" content=\"article\" \/>\n<meta property=\"og:title\" content=\"Mus\u00e9e M\u00e9morial de la catastrophe de 1902 \u00e0 Saint-Pierre - Cruise Friendly FR\" \/>\n<meta property=\"og:description\" content=\"En 1933, sous l&#039;\u00e9gide de l&#039;ing\u00e9nieur Franck A. Perret, le premier mus\u00e9e de l&#039;\u00eele ouvre ses portes avec une exposition qui, outre les vestiges de la\" \/>\n<meta property=\"og:url\" content=\"https:\/\/www.cruise-friendly.com\/fr\/destinations-cruise-friendly\/la-martinique\/musee-memorial-de-la-catastrophe-de-1902-a-saint-pierre\/\" \/>\n<meta property=\"og:site_name\" content=\"Cruise Friendly FR\" \/>\n<meta property=\"article:modified_time\" content=\"2022-02-06T23:43:12+00:00\" \/>\n<meta property=\"og:image\" content=\"https:\/\/www.cruise-friendly.com\/fr\/wp-content\/uploads\/sites\/3\/2021\/06\/Museum-Franck-perret-.-Rights-reserved-min.jpg\" \/>\n\t<meta property=\"og:image:width\" content=\"1200\" \/>\n\t<meta property=\"og:image:height\" content=\"1200\" \/>\n<meta name=\"twitter:card\" content=\"summary_large_image\" \/>\n<meta name=\"twitter:label1\" content=\"Dur\u00e9e de lecture est.\">\n\t<meta name=\"twitter:data1\" content=\"1 minute\">\n<script type=\"application\/ld+json\" class=\"yoast-schema-graph\">{\"@context\":\"https:\/\/schema.org\",\"@graph\":[{\"@type\":\"WebSite\",\"@id\":\"https:\/\/www.cruise-friendly.com\/fr\/#website\",\"url\":\"https:\/\/www.cruise-friendly.com\/fr\/\",\"name\":\"Cruise Friendly FR\",\"description\":\"Nous nous effor\\u00e7ons de vous offrir la meilleure exp\\u00e9rience \\u00e0 terre lors de votre visite dans notre ville.\",\"potentialAction\":[{\"@type\":\"SearchAction\",\"target\":\"https:\/\/www.cruise-friendly.com\/fr\/?s={search_term_string}\",\"query-input\":\"required name=search_term_string\"}],\"inLanguage\":\"fr-FR\"},{\"@type\":\"ImageObject\",\"@id\":\"https:\/\/www.cruise-friendly.com\/fr\/destinations-cruise-friendly\/la-martinique\/musee-memorial-de-la-catastrophe-de-1902-a-saint-pierre\/#primaryimage\",\"inLanguage\":\"fr-FR\",\"url\":\"https:\/\/www.cruise-friendly.com\/fr\/wp-content\/uploads\/sites\/3\/2021\/06\/Museum-Franck-perret-.-Rights-reserved-min.jpg\",\"contentUrl\":\"https:\/\/www.cruise-friendly.com\/fr\/wp-content\/uploads\/sites\/3\/2021\/06\/Museum-Franck-perret-.-Rights-reserved-min.jpg\",\"width\":1200,\"height\":1200},{\"@type\":\"WebPage\",\"@id\":\"https:\/\/www.cruise-friendly.com\/fr\/destinations-cruise-friendly\/la-martinique\/musee-memorial-de-la-catastrophe-de-1902-a-saint-pierre\/#webpage\",\"url\":\"https:\/\/www.cruise-friendly.com\/fr\/destinations-cruise-friendly\/la-martinique\/musee-memorial-de-la-catastrophe-de-1902-a-saint-pierre\/\",\"name\":\"Mus\\u00e9e M\\u00e9morial de la catastrophe de 1902 \\u00e0 Saint-Pierre - Cruise Friendly FR\",\"isPartOf\":{\"@id\":\"https:\/\/www.cruise-friendly.com\/fr\/#website\"},\"primaryImageOfPage\":{\"@id\":\"https:\/\/www.cruise-friendly.com\/fr\/destinations-cruise-friendly\/la-martinique\/musee-memorial-de-la-catastrophe-de-1902-a-saint-pierre\/#primaryimage\"},\"datePublished\":\"2022-01-31T15:08:30+00:00\",\"dateModified\":\"2022-02-06T23:43:12+00:00\",\"description\":\"En 1933, sous l'\\u00e9gide de l'ing\\u00e9nieur Franck A. Perret, le premier mus\\u00e9e de l'\\u00eele ouvre ses portes avec une exposition qui, outre les vestiges de la\",\"breadcrumb\":{\"@id\":\"https:\/\/www.cruise-friendly.com\/fr\/destinations-cruise-friendly\/la-martinique\/musee-memorial-de-la-catastrophe-de-1902-a-saint-pierre\/#breadcrumb\"},\"inLanguage\":\"fr-FR\",\"potentialAction\":[{\"@type\":\"ReadAction\",\"target\":[\"https:\/\/www.cruise-friendly.com\/fr\/destinations-cruise-friendly\/la-martinique\/musee-memorial-de-la-catastrophe-de-1902-a-saint-pierre\/\"]}]},{\"@type\":\"BreadcrumbList\",\"@id\":\"https:\/\/www.cruise-friendly.com\/fr\/destinations-cruise-friendly\/la-martinique\/musee-memorial-de-la-catastrophe-de-1902-a-saint-pierre\/#breadcrumb\",\"itemListElement\":[{\"@type\":\"ListItem\",\"position\":1,\"item\":{\"@type\":\"WebPage\",\"@id\":\"https:\/\/www.cruise-friendly.com\/fr\/\",\"url\":\"https:\/\/www.cruise-friendly.com\/fr\/\",\"name\":\"Accueil\"}},{\"@type\":\"ListItem\",\"position\":2,\"item\":{\"@type\":\"WebPage\",\"@id\":\"https:\/\/www.cruise-friendly.com\/fr\/destinations-cruise-friendly\/\",\"url\":\"https:\/\/www.cruise-friendly.com\/fr\/destinations-cruise-friendly\/\",\"name\":\"Destinations Cruise Friendly\"}},{\"@type\":\"ListItem\",\"position\":3,\"item\":{\"@type\":\"WebPage\",\"@id\":\"https:\/\/www.cruise-friendly.com\/fr\/destinations-cruise-friendly\/la-martinique\/\",\"url\":\"https:\/\/www.cruise-friendly.com\/fr\/destinations-cruise-friendly\/la-martinique\/\",\"name\":\"La Martinique\"}},{\"@type\":\"ListItem\",\"position\":4,\"item\":{\"@type\":\"WebPage\",\"@id\":\"https:\/\/www.cruise-friendly.com\/fr\/destinations-cruise-friendly\/la-martinique\/musee-memorial-de-la-catastrophe-de-1902-a-saint-pierre\/\",\"url\":\"https:\/\/www.cruise-friendly.com\/fr\/destinations-cruise-friendly\/la-martinique\/musee-memorial-de-la-catastrophe-de-1902-a-saint-pierre\/\",\"name\":\"Mus\\u00e9e M\\u00e9morial de la catastrophe de 1902 \\u00e0 Saint-Pierre\"}}]}]}<\/script>\n<!-- \/ Yoast SEO plugin. -->","_links":{"self":[{"href":"https:\/\/www.cruise-friendly.com\/fr\/wp-json\/wp\/v2\/pages\/4276"}],"collection":[{"href":"https:\/\/www.cruise-friendly.com\/fr\/wp-json\/wp\/v2\/pages"}],"about":[{"href":"https:\/\/www.cruise-friendly.com\/fr\/wp-json\/wp\/v2\/types\/page"}],"author":[{"embeddable":true,"href":"https:\/\/www.cruise-friendly.com\/fr\/wp-json\/wp\/v2\/users\/1"}],"replies":[{"embeddable":true,"href":"https:\/\/www.cruise-friendly.com\/fr\/wp-json\/wp\/v2\/comments?post=4276"}],"version-history":[{"count":1,"href":"https:\/\/www.cruise-friendly.com\/fr\/wp-json\/wp\/v2\/pages\/4276\/revisions"}],"predecessor-version":[{"id":6965,"href":"https:\/\/www.cruise-friendly.com\/fr\/wp-json\/wp\/v2\/pages\/4276\/revisions\/6965"}],"up":[{"embeddable":true,"href":"https:\/\/www.cruise-friendly.com\/fr\/wp-json\/wp\/v2\/pages\/4180"}],"wp:featuredmedia":[{"embeddable":true,"href":"https:\/\/www.cruise-friendly.com\/fr\/wp-json\/wp\/v2\/media\/4554"}],"wp:attachment":[{"href":"https:\/\/www.cruise-friendly.com\/fr\/wp-json\/wp\/v2\/media?parent=4276"}],"curies":[{"name":"wp","href":"https:\/\/api.w.org\/{rel}","templated":true}]}}