{"id":4285,"date":"2022-01-31T16:08:30","date_gmt":"2022-01-31T15:08:30","guid":{"rendered":"https:\/\/www.cruise-friendly.com\/fr\/?page_id=4285"},"modified":"2022-02-06T23:44:09","modified_gmt":"2022-02-06T23:44:09","slug":"anses-darlet-son-village-typique","status":"publish","type":"page","link":"https:\/\/www.cruise-friendly.com\/fr\/destinations-cruise-friendly\/la-martinique\/anses-darlet-son-village-typique\/","title":{"rendered":"Anses d&rsquo;Arlet &#038; son Village Typique"},"content":{"rendered":"\n<p>Village situ\u00e9 sur la c\u00f4te sud cara\u00efbe de l&rsquo;\u00eele, la petite ville des Anses d&rsquo;Arlet est tr\u00e8s connue pour son c\u00f4t\u00e9 pittoresque, ses petites maisons color\u00e9es align\u00e9es le long de la route face \u00e0 la mer. Une longue jet\u00e9e en bois fait face \u00e0 l&rsquo;\u00e9glise Saint-Henri. Loin de toute agitation, la paisible commune est entour\u00e9e de belles collines tr\u00e8s appr\u00e9ci\u00e9es pour de belles randonn\u00e9es. Les Anses d&rsquo;Arlet comprend l&rsquo;Anse Dufour tr\u00e8s connue pour l&rsquo;observation des tortues, la plage \u00e9ponyme de sable noir d&rsquo;Anse Noire qui vous ravira par sa singularit\u00e9, la Grande Anse et sa magnifique plage de sable blanc, un des points de d\u00e9part pour des plong\u00e9es inoubliables et des moments de d\u00e9tente absolue.<\/p>\n\n\n\n<div class=\"wp-block-buttons is-content-justification-center\">\n<div class=\"wp-block-button\"><a class=\"wp-block-button__link\" href=\"https:\/\/www.martinique.org\/node\/24382\/PNAMAR972V5007TZ\/detail\/les-anses-d-arlet\/anse-noire\" target=\"_blank\" rel=\"noreferrer noopener\">Plus d&rsquo;informations<\/a><\/div>\n<\/div>\n\n\n\n<p><\/p>\n","protected":false},"excerpt":{"rendered":"<p>Village situ\u00e9 sur la c\u00f4te sud cara\u00efbe de l&rsquo;\u00eele, la petite ville des Anses d&rsquo;Arlet est tr\u00e8s connue pour son c\u00f4t\u00e9 pittoresque, ses petites maisons color\u00e9es align\u00e9es le long de la route face \u00e0 la mer. Une longue jet\u00e9e en bois fait face \u00e0 l&rsquo;\u00e9glise Saint-Henri. Loin de toute agitation, la paisible commune est entour\u00e9e [&hellip;]<\/p>\n","protected":false},"author":1,"featured_media":4665,"parent":4180,"menu_order":0,"comment_status":"closed","ping_status":"closed","template":"","meta":{"_relevanssi_hide_post":"","_relevanssi_pin_for_all":"","_relevanssi_pin_keywords":"","_relevanssi_unpin_keywords":"","_relevanssi_related_keywords":"","_relevanssi_related_include_ids":"","_relevanssi_related_exclude_ids":"","_relevanssi_related_no_append":"","_relevanssi_related_not_related":"","_relevanssi_related_posts":"521,837,245,847","_relevanssi_noindex_reason":""},"yoast_head":"<!-- This site is optimized with the Yoast SEO plugin v16.1.1 - https:\/\/yoast.com\/wordpress\/plugins\/seo\/ -->\n<meta name=\"description\" content=\"Village situ\u00e9 sur la c\u00f4te sud cara\u00efbe de l&#039;\u00eele, la petite ville des Anses d&#039;Arlet est tr\u00e8s connue pour son c\u00f4t\u00e9 pittoresque, ses petites maisons color\u00e9es\" \/>\n<link rel=\"canonical\" href=\"https:\/\/www.cruise-friendly.com\/fr\/destinations-cruise-friendly\/la-martinique\/anses-darlet-son-village-typique\/\" \/>\n<meta property=\"og:locale\" content=\"fr_FR\" \/>\n<meta property=\"og:type\" content=\"article\" \/>\n<meta property=\"og:title\" content=\"Anses d&#039;Arlet &amp; son Village Typique - Cruise Friendly FR\" \/>\n<meta property=\"og:description\" content=\"Village situ\u00e9 sur la c\u00f4te sud cara\u00efbe de l&#039;\u00eele, la petite ville des Anses d&#039;Arlet est tr\u00e8s connue pour son c\u00f4t\u00e9 pittoresque, ses petites maisons color\u00e9es\" \/>\n<meta property=\"og:url\" content=\"https:\/\/www.cruise-friendly.com\/fr\/destinations-cruise-friendly\/la-martinique\/anses-darlet-son-village-typique\/\" \/>\n<meta property=\"og:site_name\" content=\"Cruise Friendly FR\" \/>\n<meta property=\"article:modified_time\" content=\"2022-02-06T23:44:09+00:00\" \/>\n<meta property=\"og:image\" content=\"https:\/\/www.cruise-friendly.com\/fr\/wp-content\/uploads\/sites\/3\/2021\/07\/View-of-Anses-dArlet-village-@Antoine-Omere2.jpg\" \/>\n\t<meta property=\"og:image:width\" content=\"1920\" \/>\n\t<meta property=\"og:image:height\" content=\"1080\" \/>\n<meta name=\"twitter:card\" content=\"summary_large_image\" \/>\n<meta name=\"twitter:label1\" content=\"Dur\u00e9e de lecture est.\">\n\t<meta name=\"twitter:data1\" content=\"1 minute\">\n<script type=\"application\/ld+json\" class=\"yoast-schema-graph\">{\"@context\":\"https:\/\/schema.org\",\"@graph\":[{\"@type\":\"WebSite\",\"@id\":\"https:\/\/www.cruise-friendly.com\/fr\/#website\",\"url\":\"https:\/\/www.cruise-friendly.com\/fr\/\",\"name\":\"Cruise Friendly FR\",\"description\":\"Nous nous effor\\u00e7ons de vous offrir la meilleure exp\\u00e9rience \\u00e0 terre lors de votre visite dans notre ville.\",\"potentialAction\":[{\"@type\":\"SearchAction\",\"target\":\"https:\/\/www.cruise-friendly.com\/fr\/?s={search_term_string}\",\"query-input\":\"required name=search_term_string\"}],\"inLanguage\":\"fr-FR\"},{\"@type\":\"ImageObject\",\"@id\":\"https:\/\/www.cruise-friendly.com\/fr\/destinations-cruise-friendly\/la-martinique\/anses-darlet-son-village-typique\/#primaryimage\",\"inLanguage\":\"fr-FR\",\"url\":\"https:\/\/www.cruise-friendly.com\/fr\/wp-content\/uploads\/sites\/3\/2021\/07\/View-of-Anses-dArlet-village-@Antoine-Omere2.jpg\",\"contentUrl\":\"https:\/\/www.cruise-friendly.com\/fr\/wp-content\/uploads\/sites\/3\/2021\/07\/View-of-Anses-dArlet-village-@Antoine-Omere2.jpg\",\"width\":1920,\"height\":1080,\"caption\":\"View of Anses d'Arlet village\"},{\"@type\":\"WebPage\",\"@id\":\"https:\/\/www.cruise-friendly.com\/fr\/destinations-cruise-friendly\/la-martinique\/anses-darlet-son-village-typique\/#webpage\",\"url\":\"https:\/\/www.cruise-friendly.com\/fr\/destinations-cruise-friendly\/la-martinique\/anses-darlet-son-village-typique\/\",\"name\":\"Anses d'Arlet & son Village Typique - Cruise Friendly FR\",\"isPartOf\":{\"@id\":\"https:\/\/www.cruise-friendly.com\/fr\/#website\"},\"primaryImageOfPage\":{\"@id\":\"https:\/\/www.cruise-friendly.com\/fr\/destinations-cruise-friendly\/la-martinique\/anses-darlet-son-village-typique\/#primaryimage\"},\"datePublished\":\"2022-01-31T15:08:30+00:00\",\"dateModified\":\"2022-02-06T23:44:09+00:00\",\"description\":\"Village situ\\u00e9 sur la c\\u00f4te sud cara\\u00efbe de l'\\u00eele, la petite ville des Anses d'Arlet est tr\\u00e8s connue pour son c\\u00f4t\\u00e9 pittoresque, ses petites maisons color\\u00e9es\",\"breadcrumb\":{\"@id\":\"https:\/\/www.cruise-friendly.com\/fr\/destinations-cruise-friendly\/la-martinique\/anses-darlet-son-village-typique\/#breadcrumb\"},\"inLanguage\":\"fr-FR\",\"potentialAction\":[{\"@type\":\"ReadAction\",\"target\":[\"https:\/\/www.cruise-friendly.com\/fr\/destinations-cruise-friendly\/la-martinique\/anses-darlet-son-village-typique\/\"]}]},{\"@type\":\"BreadcrumbList\",\"@id\":\"https:\/\/www.cruise-friendly.com\/fr\/destinations-cruise-friendly\/la-martinique\/anses-darlet-son-village-typique\/#breadcrumb\",\"itemListElement\":[{\"@type\":\"ListItem\",\"position\":1,\"item\":{\"@type\":\"WebPage\",\"@id\":\"https:\/\/www.cruise-friendly.com\/fr\/\",\"url\":\"https:\/\/www.cruise-friendly.com\/fr\/\",\"name\":\"Accueil\"}},{\"@type\":\"ListItem\",\"position\":2,\"item\":{\"@type\":\"WebPage\",\"@id\":\"https:\/\/www.cruise-friendly.com\/fr\/destinations-cruise-friendly\/\",\"url\":\"https:\/\/www.cruise-friendly.com\/fr\/destinations-cruise-friendly\/\",\"name\":\"Destinations Cruise Friendly\"}},{\"@type\":\"ListItem\",\"position\":3,\"item\":{\"@type\":\"WebPage\",\"@id\":\"https:\/\/www.cruise-friendly.com\/fr\/destinations-cruise-friendly\/la-martinique\/\",\"url\":\"https:\/\/www.cruise-friendly.com\/fr\/destinations-cruise-friendly\/la-martinique\/\",\"name\":\"La Martinique\"}},{\"@type\":\"ListItem\",\"position\":4,\"item\":{\"@type\":\"WebPage\",\"@id\":\"https:\/\/www.cruise-friendly.com\/fr\/destinations-cruise-friendly\/la-martinique\/anses-darlet-son-village-typique\/\",\"url\":\"https:\/\/www.cruise-friendly.com\/fr\/destinations-cruise-friendly\/la-martinique\/anses-darlet-son-village-typique\/\",\"name\":\"Anses d&rsquo;Arlet &#038; son Village Typique\"}}]}]}<\/script>\n<!-- \/ Yoast SEO plugin. -->","_links":{"self":[{"href":"https:\/\/www.cruise-friendly.com\/fr\/wp-json\/wp\/v2\/pages\/4285"}],"collection":[{"href":"https:\/\/www.cruise-friendly.com\/fr\/wp-json\/wp\/v2\/pages"}],"about":[{"href":"https:\/\/www.cruise-friendly.com\/fr\/wp-json\/wp\/v2\/types\/page"}],"author":[{"embeddable":true,"href":"https:\/\/www.cruise-friendly.com\/fr\/wp-json\/wp\/v2\/users\/1"}],"replies":[{"embeddable":true,"href":"https:\/\/www.cruise-friendly.com\/fr\/wp-json\/wp\/v2\/comments?post=4285"}],"version-history":[{"count":1,"href":"https:\/\/www.cruise-friendly.com\/fr\/wp-json\/wp\/v2\/pages\/4285\/revisions"}],"predecessor-version":[{"id":6968,"href":"https:\/\/www.cruise-friendly.com\/fr\/wp-json\/wp\/v2\/pages\/4285\/revisions\/6968"}],"up":[{"embeddable":true,"href":"https:\/\/www.cruise-friendly.com\/fr\/wp-json\/wp\/v2\/pages\/4180"}],"wp:featuredmedia":[{"embeddable":true,"href":"https:\/\/www.cruise-friendly.com\/fr\/wp-json\/wp\/v2\/media\/4665"}],"wp:attachment":[{"href":"https:\/\/www.cruise-friendly.com\/fr\/wp-json\/wp\/v2\/media?parent=4285"}],"curies":[{"name":"wp","href":"https:\/\/api.w.org\/{rel}","templated":true}]}}