{"id":67,"date":"2022-01-31T16:08:30","date_gmt":"2022-01-31T15:08:30","guid":{"rendered":"https:\/\/www.cruise-friendly.com\/fr\/cruise-friendly-destinations"},"modified":"2022-02-06T23:59:06","modified_gmt":"2022-02-06T23:59:06","slug":"destinations-cruise-friendly","status":"publish","type":"page","link":"https:\/\/www.cruise-friendly.com\/fr\/destinations-cruise-friendly\/","title":{"rendered":"Destinations Cruise Friendly"},"content":{"rendered":"\n<p class=\"is-style-excerpt\">Bienvenue dans une destination Cruise Friendly!<\/p>\n\n\n\n<div class=\"wp-block-columns\">\n<div class=\"wp-block-column is-vertically-aligned-center\" style=\"flex-basis:100%\">\n<p class=\"has-text-align-center is-style-default\">Nous nous appliquons \u00e0 vous faire vivre la meilleure exp\u00e9rience \u00e0 terre lors de votre visite de notre ville, ses commer\u00e7ants et ses prestataires de loisirs.<\/p>\n<\/div>\n<\/div>\n","protected":false},"excerpt":{"rendered":"<p>Bienvenue dans une destination Cruise Friendly! Nous nous appliquons \u00e0 vous faire vivre la meilleure exp\u00e9rience \u00e0 terre lors de votre visite de notre ville, ses commer\u00e7ants et ses prestataires de loisirs.<\/p>\n","protected":false},"author":1,"featured_media":0,"parent":0,"menu_order":15,"comment_status":"closed","ping_status":"closed","template":"page-templates\/intermediaire.php","meta":{"_relevanssi_hide_post":"","_relevanssi_pin_for_all":"","_relevanssi_pin_keywords":"","_relevanssi_unpin_keywords":"","_relevanssi_related_keywords":"","_relevanssi_related_include_ids":"","_relevanssi_related_exclude_ids":"","_relevanssi_related_no_append":"","_relevanssi_related_not_related":"","_relevanssi_related_posts":"251,252,245,247","_relevanssi_noindex_reason":""},"yoast_head":"<!-- This site is optimized with the Yoast SEO plugin v16.1.1 - https:\/\/yoast.com\/wordpress\/plugins\/seo\/ -->\n<meta name=\"description\" content=\"Bienvenue dans une destination Cruise Friendly! Nous nous appliquons \u00e0 vous faire vivre la meilleure exp\u00e9rience \u00e0 terre lors de votre visite de notre\" \/>\n<link rel=\"canonical\" href=\"https:\/\/www.cruise-friendly.com\/fr\/destinations-cruise-friendly\/\" \/>\n<meta property=\"og:locale\" content=\"fr_FR\" \/>\n<meta property=\"og:type\" content=\"article\" \/>\n<meta property=\"og:title\" content=\"Destinations Cruise Friendly - Cruise Friendly FR\" \/>\n<meta property=\"og:description\" content=\"Bienvenue dans une destination Cruise Friendly! Nous nous appliquons \u00e0 vous faire vivre la meilleure exp\u00e9rience \u00e0 terre lors de votre visite de notre\" \/>\n<meta property=\"og:url\" content=\"https:\/\/www.cruise-friendly.com\/fr\/destinations-cruise-friendly\/\" \/>\n<meta property=\"og:site_name\" content=\"Cruise Friendly FR\" \/>\n<meta property=\"article:modified_time\" content=\"2022-02-06T23:59:06+00:00\" \/>\n<meta property=\"og:image\" content=\"https:\/\/www.cruise-friendly.com\/fr\/wp-content\/uploads\/sites\/3\/2020\/06\/sun-var-provence-cruise-pro.jpg\" \/>\n\t<meta property=\"og:image:width\" content=\"1220\" \/>\n\t<meta property=\"og:image:height\" content=\"540\" \/>\n<meta name=\"twitter:card\" content=\"summary_large_image\" \/>\n<meta name=\"twitter:label1\" content=\"Dur\u00e9e de lecture est.\">\n\t<meta name=\"twitter:data1\" content=\"1 minute\">\n<script type=\"application\/ld+json\" class=\"yoast-schema-graph\">{\"@context\":\"https:\/\/schema.org\",\"@graph\":[{\"@type\":\"WebSite\",\"@id\":\"https:\/\/www.cruise-friendly.com\/fr\/#website\",\"url\":\"https:\/\/www.cruise-friendly.com\/fr\/\",\"name\":\"Cruise Friendly FR\",\"description\":\"Nous nous effor\\u00e7ons de vous offrir la meilleure exp\\u00e9rience \\u00e0 terre lors de votre visite dans notre ville.\",\"potentialAction\":[{\"@type\":\"SearchAction\",\"target\":\"https:\/\/www.cruise-friendly.com\/fr\/?s={search_term_string}\",\"query-input\":\"required name=search_term_string\"}],\"inLanguage\":\"fr-FR\"},{\"@type\":\"WebPage\",\"@id\":\"https:\/\/www.cruise-friendly.com\/fr\/destinations-cruise-friendly\/#webpage\",\"url\":\"https:\/\/www.cruise-friendly.com\/fr\/destinations-cruise-friendly\/\",\"name\":\"Destinations Cruise Friendly - Cruise Friendly FR\",\"isPartOf\":{\"@id\":\"https:\/\/www.cruise-friendly.com\/fr\/#website\"},\"datePublished\":\"2022-01-31T15:08:30+00:00\",\"dateModified\":\"2022-02-06T23:59:06+00:00\",\"description\":\"Bienvenue dans une destination Cruise Friendly! Nous nous appliquons \\u00e0 vous faire vivre la meilleure exp\\u00e9rience \\u00e0 terre lors de votre visite de notre\",\"breadcrumb\":{\"@id\":\"https:\/\/www.cruise-friendly.com\/fr\/destinations-cruise-friendly\/#breadcrumb\"},\"inLanguage\":\"fr-FR\",\"potentialAction\":[{\"@type\":\"ReadAction\",\"target\":[\"https:\/\/www.cruise-friendly.com\/fr\/destinations-cruise-friendly\/\"]}]},{\"@type\":\"BreadcrumbList\",\"@id\":\"https:\/\/www.cruise-friendly.com\/fr\/destinations-cruise-friendly\/#breadcrumb\",\"itemListElement\":[{\"@type\":\"ListItem\",\"position\":1,\"item\":{\"@type\":\"WebPage\",\"@id\":\"https:\/\/www.cruise-friendly.com\/fr\/\",\"url\":\"https:\/\/www.cruise-friendly.com\/fr\/\",\"name\":\"Accueil\"}},{\"@type\":\"ListItem\",\"position\":2,\"item\":{\"@type\":\"WebPage\",\"@id\":\"https:\/\/www.cruise-friendly.com\/fr\/destinations-cruise-friendly\/\",\"url\":\"https:\/\/www.cruise-friendly.com\/fr\/destinations-cruise-friendly\/\",\"name\":\"Destinations Cruise Friendly\"}}]}]}<\/script>\n<!-- \/ Yoast SEO plugin. -->","_links":{"self":[{"href":"https:\/\/www.cruise-friendly.com\/fr\/wp-json\/wp\/v2\/pages\/67"}],"collection":[{"href":"https:\/\/www.cruise-friendly.com\/fr\/wp-json\/wp\/v2\/pages"}],"about":[{"href":"https:\/\/www.cruise-friendly.com\/fr\/wp-json\/wp\/v2\/types\/page"}],"author":[{"embeddable":true,"href":"https:\/\/www.cruise-friendly.com\/fr\/wp-json\/wp\/v2\/users\/1"}],"replies":[{"embeddable":true,"href":"https:\/\/www.cruise-friendly.com\/fr\/wp-json\/wp\/v2\/comments?post=67"}],"version-history":[{"count":3,"href":"https:\/\/www.cruise-friendly.com\/fr\/wp-json\/wp\/v2\/pages\/67\/revisions"}],"predecessor-version":[{"id":6972,"href":"https:\/\/www.cruise-friendly.com\/fr\/wp-json\/wp\/v2\/pages\/67\/revisions\/6972"}],"wp:attachment":[{"href":"https:\/\/www.cruise-friendly.com\/fr\/wp-json\/wp\/v2\/media?parent=67"}],"curies":[{"name":"wp","href":"https:\/\/api.w.org\/{rel}","templated":true}]}}