{"id":68,"date":"2022-01-31T16:08:30","date_gmt":"2022-01-31T15:08:30","guid":{"rendered":"https:\/\/www.cruise-friendly.com\/fr\/become-a-cruise-friendly-partner"},"modified":"2022-10-28T07:45:45","modified_gmt":"2022-10-28T07:45:45","slug":"become-a-cruise-friendly-partner","status":"publish","type":"page","link":"https:\/\/www.cruise-friendly.com\/fr\/become-a-cruise-friendly-partner\/","title":{"rendered":"Comment adh\u00e9rer \u00e0 la d\u00e9marche Cruise Friendly ?"},"content":{"rendered":"<div class=\"wp-block-related-post alignwide\">\n\n            <h2 class=\"wp-block-related-post-title text-center\">\n                     <\/h2>\n    \n    <div class=\"wp-block-related-post-inner alignwide clear\">\n        <div class=\"wp-block-related-post-slider-block\">\n            \n                <div class=\"wp-block-related-post-inner-item\" data-mh data-trigger=\"wpiris-click\">\n\n                    <div class=\"wp-block-related-post-inner-item-thumbnail\">\n                        <img data-src=\"https:\/\/www.cruise-friendly.com\/fr\/wp-content\/uploads\/sites\/3\/2021\/03\/Cruise-Friendly2-367x367.png\" alt=\"Je suis un commer\u00e7ant ou un prestataire de loisirs\">\n                    <\/div>\n\n                    <div class=\"wp-block-related-post-inner-item-content\">\n                        \n                        <h3 class=\"wp-block-related-post-inner-item-content-title\">\n                            <a href=\"https:\/\/www.cruise-friendly.com\/fr\/become-a-cruise-friendly-partner\/i-am-a-strorekeeper-or-a-leisure-provider\/\">Je suis un commer\u00e7ant ou un prestataire de loisirs<\/a>\n                        <\/h3>\n                    <\/div>\n                <\/div>\n            \n                <div class=\"wp-block-related-post-inner-item\" data-mh data-trigger=\"wpiris-click\">\n\n                    <div class=\"wp-block-related-post-inner-item-thumbnail\">\n                        <img data-src=\"https:\/\/www.cruise-friendly.com\/fr\/wp-content\/uploads\/sites\/3\/2021\/03\/cruise-friendly1-367x367.png\" alt=\"Je suis une destination\">\n                    <\/div>\n\n                    <div class=\"wp-block-related-post-inner-item-content\">\n                        \n                        <h3 class=\"wp-block-related-post-inner-item-content-title\">\n                            <a href=\"https:\/\/www.cruise-friendly.com\/fr\/become-a-cruise-friendly-partner\/je-suis-une-destination\/\">Je suis une destination<\/a>\n                        <\/h3>\n                    <\/div>\n                <\/div>\n                    <\/div>\n    <\/div>\n<\/div>\n\n\n<div class=\"wp-block-columns alignwide\">\n<div class=\"wp-block-column is-vertically-aligned-center\">\n<figure class=\"wp-block-embed is-type-video is-provider-youtube wp-block-embed-youtube wp-embed-aspect-16-9 wp-has-aspect-ratio\"><div class=\"wp-block-embed__wrapper\">\n<iframe loading=\"lazy\" title=\"A Testimony of a Cruise Friendly Partner !\" width=\"500\" height=\"281\" data-src=\"https:\/\/www.youtube.com\/embed\/OU5359CZUvA?feature=oembed\" frameborder=\"0\" allow=\"accelerometer; autoplay; clipboard-write; encrypted-media; gyroscope; picture-in-picture\" allowfullscreen><\/iframe>\n<\/div><\/figure>\n<\/div>\n\n\n\n<div class=\"wp-block-column is-vertically-aligned-center\">\n<figure class=\"wp-block-embed is-type-video is-provider-youtube wp-block-embed-youtube wp-embed-aspect-16-9 wp-has-aspect-ratio\"><div class=\"wp-block-embed__wrapper\">\n<iframe loading=\"lazy\" title=\"Cruise Friendly Program special movie\" width=\"500\" height=\"281\" data-src=\"https:\/\/www.youtube.com\/embed\/3t7gpj30SPI?feature=oembed\" frameborder=\"0\" allow=\"accelerometer; autoplay; clipboard-write; encrypted-media; gyroscope; picture-in-picture\" allowfullscreen><\/iframe>\n<\/div><\/figure>\n<\/div>\n<\/div>\n","protected":false},"excerpt":{"rendered":"","protected":false},"author":1,"featured_media":0,"parent":0,"menu_order":10,"comment_status":"closed","ping_status":"closed","template":"","meta":{"_relevanssi_hide_post":"","_relevanssi_pin_for_all":"","_relevanssi_pin_keywords":"","_relevanssi_unpin_keywords":"","_relevanssi_related_keywords":"","_relevanssi_related_include_ids":"","_relevanssi_related_exclude_ids":"","_relevanssi_related_no_append":"","_relevanssi_related_not_related":"","_relevanssi_related_posts":"245,521,252,247,245,251","_relevanssi_noindex_reason":""},"yoast_head":"<!-- This site is optimized with the Yoast SEO plugin v16.1.1 - https:\/\/yoast.com\/wordpress\/plugins\/seo\/ -->\n<meta name=\"description\" content=\"https:\/\/youtu.be\/OU5359CZUvA    https:\/\/youtu.be\/3t7gpj30SPI\" \/>\n<link rel=\"canonical\" href=\"https:\/\/www.cruise-friendly.com\/fr\/become-a-cruise-friendly-partner\/\" \/>\n<meta property=\"og:locale\" content=\"fr_FR\" \/>\n<meta property=\"og:type\" content=\"article\" \/>\n<meta property=\"og:title\" content=\"Comment adh\u00e9rer \u00e0 la d\u00e9marche Cruise Friendly ? - Cruise Friendly FR\" \/>\n<meta property=\"og:description\" content=\"https:\/\/youtu.be\/OU5359CZUvA    https:\/\/youtu.be\/3t7gpj30SPI\" \/>\n<meta property=\"og:url\" content=\"https:\/\/www.cruise-friendly.com\/fr\/become-a-cruise-friendly-partner\/\" \/>\n<meta property=\"og:site_name\" content=\"Cruise Friendly FR\" \/>\n<meta property=\"article:modified_time\" content=\"2022-10-28T07:45:45+00:00\" \/>\n<meta property=\"og:image\" content=\"https:\/\/www.cruise-friendly.com\/fr\/wp-content\/uploads\/sites\/3\/2020\/06\/sun-var-provence-cruise-pro.jpg\" \/>\n\t<meta property=\"og:image:width\" content=\"1220\" \/>\n\t<meta property=\"og:image:height\" content=\"540\" \/>\n<meta name=\"twitter:card\" content=\"summary_large_image\" \/>\n<meta name=\"twitter:label1\" content=\"Dur\u00e9e de lecture est.\">\n\t<meta name=\"twitter:data1\" content=\"1 minute\">\n<script type=\"application\/ld+json\" class=\"yoast-schema-graph\">{\"@context\":\"https:\/\/schema.org\",\"@graph\":[{\"@type\":\"WebSite\",\"@id\":\"https:\/\/www.cruise-friendly.com\/fr\/#website\",\"url\":\"https:\/\/www.cruise-friendly.com\/fr\/\",\"name\":\"Cruise Friendly FR\",\"description\":\"Nous nous effor\\u00e7ons de vous offrir la meilleure exp\\u00e9rience \\u00e0 terre lors de votre visite dans notre ville.\",\"potentialAction\":[{\"@type\":\"SearchAction\",\"target\":\"https:\/\/www.cruise-friendly.com\/fr\/?s={search_term_string}\",\"query-input\":\"required name=search_term_string\"}],\"inLanguage\":\"fr-FR\"},{\"@type\":\"WebPage\",\"@id\":\"https:\/\/www.cruise-friendly.com\/fr\/become-a-cruise-friendly-partner\/#webpage\",\"url\":\"https:\/\/www.cruise-friendly.com\/fr\/become-a-cruise-friendly-partner\/\",\"name\":\"Comment adh\\u00e9rer \\u00e0 la d\\u00e9marche Cruise Friendly ? - Cruise Friendly FR\",\"isPartOf\":{\"@id\":\"https:\/\/www.cruise-friendly.com\/fr\/#website\"},\"datePublished\":\"2022-01-31T15:08:30+00:00\",\"dateModified\":\"2022-10-28T07:45:45+00:00\",\"description\":\"https:\/\/youtu.be\/OU5359CZUvA https:\/\/youtu.be\/3t7gpj30SPI\",\"breadcrumb\":{\"@id\":\"https:\/\/www.cruise-friendly.com\/fr\/become-a-cruise-friendly-partner\/#breadcrumb\"},\"inLanguage\":\"fr-FR\",\"potentialAction\":[{\"@type\":\"ReadAction\",\"target\":[\"https:\/\/www.cruise-friendly.com\/fr\/become-a-cruise-friendly-partner\/\"]}]},{\"@type\":\"BreadcrumbList\",\"@id\":\"https:\/\/www.cruise-friendly.com\/fr\/become-a-cruise-friendly-partner\/#breadcrumb\",\"itemListElement\":[{\"@type\":\"ListItem\",\"position\":1,\"item\":{\"@type\":\"WebPage\",\"@id\":\"https:\/\/www.cruise-friendly.com\/fr\/\",\"url\":\"https:\/\/www.cruise-friendly.com\/fr\/\",\"name\":\"Accueil\"}},{\"@type\":\"ListItem\",\"position\":2,\"item\":{\"@type\":\"WebPage\",\"@id\":\"https:\/\/www.cruise-friendly.com\/fr\/become-a-cruise-friendly-partner\/\",\"url\":\"https:\/\/www.cruise-friendly.com\/fr\/become-a-cruise-friendly-partner\/\",\"name\":\"Comment adh\\u00e9rer \\u00e0 la d\\u00e9marche Cruise Friendly ?\"}}]}]}<\/script>\n<!-- \/ Yoast SEO plugin. -->","_links":{"self":[{"href":"https:\/\/www.cruise-friendly.com\/fr\/wp-json\/wp\/v2\/pages\/68"}],"collection":[{"href":"https:\/\/www.cruise-friendly.com\/fr\/wp-json\/wp\/v2\/pages"}],"about":[{"href":"https:\/\/www.cruise-friendly.com\/fr\/wp-json\/wp\/v2\/types\/page"}],"author":[{"embeddable":true,"href":"https:\/\/www.cruise-friendly.com\/fr\/wp-json\/wp\/v2\/users\/1"}],"replies":[{"embeddable":true,"href":"https:\/\/www.cruise-friendly.com\/fr\/wp-json\/wp\/v2\/comments?post=68"}],"version-history":[{"count":3,"href":"https:\/\/www.cruise-friendly.com\/fr\/wp-json\/wp\/v2\/pages\/68\/revisions"}],"predecessor-version":[{"id":7810,"href":"https:\/\/www.cruise-friendly.com\/fr\/wp-json\/wp\/v2\/pages\/68\/revisions\/7810"}],"wp:attachment":[{"href":"https:\/\/www.cruise-friendly.com\/fr\/wp-json\/wp\/v2\/media?parent=68"}],"curies":[{"name":"wp","href":"https:\/\/api.w.org\/{rel}","templated":true}]}}