{"id":71,"date":"2022-01-31T16:08:30","date_gmt":"2022-01-31T15:08:30","guid":{"rendered":"https:\/\/www.cruise-friendly.com\/fr\/i-am-a-strorekeeper-or-a-leisure-provider"},"modified":"2022-10-28T07:20:33","modified_gmt":"2022-10-28T07:20:33","slug":"i-am-a-strorekeeper-or-a-leisure-provider","status":"publish","type":"page","link":"https:\/\/www.cruise-friendly.com\/fr\/become-a-cruise-friendly-partner\/i-am-a-strorekeeper-or-a-leisure-provider\/","title":{"rendered":"Je suis un commer\u00e7ant ou un prestataire de loisirs"},"content":{"rendered":"\n<p class=\"is-style-default\"><strong>Vous \u00eates commer\u00e7ant, restaurateur, prestataire de services ou de loisirs et vous souhaitez :<\/strong> <\/p>\n\n\n\n<ul class=\"has-background\" style=\"background:linear-gradient(135deg,rgb(212,235,240) 38%,rgb(242,242,242) 100%)\"><li><strong>B\u00e9n\u00e9ficier des retomb\u00e9es \u00e9conomiques<\/strong> du secteur de la croisi\u00e8re en profitant d&rsquo;une visibilit\u00e9 accrue. <\/li><li><strong>\u00catre r\u00e9pertori\u00e9 sur le guide shopping, le site web et l&rsquo;application Cruise Friendly<\/strong> pour canaliser le flux des passagers et des membres d&rsquo;\u00e9quipage afin de les encourager \u00e0 visiter votre \u00e9tablissement. <\/li><li>Stimuler et <strong>augmenter votre chiffre d&rsquo;affaires<\/strong><\/li><li>Offrir un accueil de qualit\u00e9 aux croisi\u00e9ristes afin d&rsquo;am\u00e9liorer leur exp\u00e9rience \u00e0 terre. <\/li><li><strong>Utiliser la qualit\u00e9 comme un levier essentiel pour vous d\u00e9marquer de vos concurrents.<\/strong>\u00a0<\/li><\/ul>\n\n\n\n<h3 class=\"has-text-align-center\"><strong><br>Comment augmenter ma visibilit\u00e9 et mon chiffre d&rsquo;affaires vis-\u00e0-vis des croisi\u00e9ristes ?<\/strong><\/h3>\n\n\n\n<div class=\"wp-block-image\"><figure class=\"aligncenter size-large is-resized\"><img loading=\"lazy\" data-src=\"https:\/\/www.cruise-friendly.com\/fr\/wp-content\/uploads\/2021\/03\/shopping.png\" alt=\"\" class=\"wp-image-2200\" width=\"101\" height=\"100\" data-srcset=\"https:\/\/www.cruise-friendly.com\/fr\/wp-content\/uploads\/sites\/3\/2021\/03\/shopping.png 101w, https:\/\/www.cruise-friendly.com\/fr\/wp-content\/uploads\/sites\/3\/2021\/03\/shopping-65x65.png 65w, https:\/\/www.cruise-friendly.com\/fr\/wp-content\/uploads\/sites\/3\/2021\/03\/shopping-81x80.png 81w\" sizes=\"(max-width: 101px) 100vw, 101px\" \/><\/figure><\/div>\n\n\n\n<p class=\"has-text-align-left\">En tant que membre du r\u00e9seau Cruise Friendly, vous \u00eates r\u00e9pertori\u00e9 sur la carte et le site web Cruise Friendly des \u00e9tablissements recommand\u00e9s aux croisi\u00e9ristes (magasins, restaurants, prestataires de loisirs\/services).<\/p>\n\n\n\n<div class=\"wp-block-image\"><figure class=\"aligncenter\"><img data-src=\"https:\/\/www.cruise-friendly.com\/fr\/wp-content\/uploads\/2021\/03\/smiley.png\" alt=\"This image has an empty alt attribute; its file name is smiley.png\"\/><\/figure><\/div>\n\n\n\n<p class=\"has-text-align-left\">Si vous souhaitez drainer davantage de visiteurs, vous pouvez proposer votre offre sp\u00e9ciale par la publication d&rsquo;une fen\u00eatre publicitaire informant les croisi\u00e9ristes qu&rsquo;ils peuvent b\u00e9n\u00e9ficier d&rsquo;une r\u00e9duction ou d&rsquo;un geste commercial sp\u00e9cial pendant leur escale. <\/p>\n\n\n\n<div class=\"wp-block-image\"><figure class=\"aligncenter size-large\"><img loading=\"lazy\" width=\"100\" height=\"100\" data-src=\"https:\/\/www.cruise-friendly.com\/fr\/wp-content\/uploads\/2021\/03\/gift.png\" alt=\"\" class=\"wp-image-2198\" data-srcset=\"https:\/\/www.cruise-friendly.com\/fr\/wp-content\/uploads\/sites\/3\/2021\/03\/gift.png 100w, https:\/\/www.cruise-friendly.com\/fr\/wp-content\/uploads\/sites\/3\/2021\/03\/gift-65x65.png 65w, https:\/\/www.cruise-friendly.com\/fr\/wp-content\/uploads\/sites\/3\/2021\/03\/gift-80x80.png 80w\" sizes=\"(max-width: 100px) 100vw, 100px\" \/><\/figure><\/div>\n\n\n\n<p class=\"has-text-align-center\"><strong>Une occasion unique d&rsquo;accro\u00eetre votre visibilit\u00e9 et vos revenus !<\/strong> <\/p>\n\n\n\n<div class=\"wp-block-columns\">\n<div class=\"wp-block-column\" style=\"flex-basis:100%\"><\/div>\n<\/div>\n\n\n\n<div class=\"wp-block-columns\">\n<div class=\"wp-block-column\" style=\"flex-basis:100%\">\n<div class=\"wp-block-columns\">\n<div class=\"wp-block-column\">\n<div class=\"wp-block-columns\">\n<div class=\"wp-block-column\" style=\"flex-basis:33.33%\">\n<figure class=\"wp-block-image size-large is-resized is-style-default\"><img loading=\"lazy\" data-src=\"https:\/\/www.cruise-friendly.com\/fr\/wp-content\/uploads\/2021\/04\/FRIENDLY-15x21-BAT-VPCC-21-22-e1635466772276.jpg\" alt=\"\" class=\"wp-image-3320\" width=\"226\" height=\"320\" data-srcset=\"https:\/\/www.cruise-friendly.com\/fr\/wp-content\/uploads\/sites\/3\/2021\/04\/FRIENDLY-15x21-BAT-VPCC-21-22-e1635466772276.jpg 312w, https:\/\/www.cruise-friendly.com\/fr\/wp-content\/uploads\/sites\/3\/2021\/04\/FRIENDLY-15x21-BAT-VPCC-21-22-e1635466772276-200x284.jpg 200w, https:\/\/www.cruise-friendly.com\/fr\/wp-content\/uploads\/sites\/3\/2021\/04\/FRIENDLY-15x21-BAT-VPCC-21-22-e1635466772276-56x80.jpg 56w\" sizes=\"(max-width: 226px) 100vw, 226px\" \/><\/figure>\n<\/div>\n\n\n\n<div class=\"wp-block-column\" style=\"flex-basis:66.66%\">\n<div class=\"wp-block-columns\">\n<div class=\"wp-block-column\" style=\"flex-basis:100%\">\n<div class=\"wp-block-columns\">\n<div class=\"wp-block-column\" style=\"flex-basis:100%\">\n<p style=\"font-size:25px\"><strong>Rejoignez le r\u00e9seau Cruise Friendly des commer\u00e7ants, restaurants et prestataires de loisirs recommand\u00e9s !<\/strong><\/p>\n<\/div>\n<\/div>\n<\/div>\n<\/div>\n\n\n\n<p style=\"font-size:27px\"><strong>Comment proc\u00e9der ?<\/strong><\/p>\n\n\n\n<p>Contactez-nous via notre formulaire de contact ci-dessous pour plus d&rsquo;informations ou appelez-nous au <strong>+33 (0) 494 228&nbsp;060<\/strong> <\/p>\n<\/div>\n<\/div>\n<\/div>\n<\/div>\n<\/div>\n<\/div>\n\n\n\n<h3>Contactez-nous&nbsp;:<\/h3>\n\n\n<div class=\"frm_forms  with_frm_style frm_style_formidable-style\" id=\"frm_form_4_container\" >\n<form enctype=\"multipart\/form-data\" method=\"post\" class=\"frm-show-form  frm_js_validate  frm_pro_form \" id=\"form_contact-form79c75c6592f535b38e6e\"  >\n<div class=\"frm_form_fields \">\n<fieldset>\n<legend class=\"frm_screen_reader\">Formulaire Je suis commer\u00e7ant ou prestataire de loisirs <\/legend>\r\n\r\n<div class=\"frm_fields_container\">\n<input type=\"hidden\" name=\"frm_action\" value=\"create\" \/>\n<input type=\"hidden\" name=\"form_id\" value=\"4\" \/>\n<input type=\"hidden\" name=\"frm_hide_fields_4\" id=\"frm_hide_fields_4\" value=\"\" \/>\n<input type=\"hidden\" name=\"form_key\" value=\"contact-form79c75c6592f535b38e6e\" \/>\n<input type=\"hidden\" name=\"item_meta[0]\" value=\"\" \/>\n<input type=\"hidden\" id=\"frm_submit_entry_4\" name=\"frm_submit_entry_4\" value=\"22ad966432\" \/><input type=\"hidden\" name=\"_wp_http_referer\" value=\"\/fr\/wp-json\/wp\/v2\/pages\/71\" \/><div id=\"frm_field_23_container\" class=\"frm_form_field form-field  frm_required_field frm_top_container\">\r\n    <label for=\"field_qh4icyd04987db41f5e55fad52\" id=\"field_qh4icyd04987db41f5e55fad52_label\" class=\"frm_primary_label\">Pr\u00e9nom\r\n        <span class=\"frm_required\" aria-hidden=\"true\">*<\/span>\r\n    <\/label>\r\n    <input type=\"text\" id=\"field_qh4icyd04987db41f5e55fad52\" name=\"item_meta[23]\" value=\"\"  data-reqmsg=\"Ce champ ne peut pas \u00eatre vide\" aria-required=\"true\" data-invmsg=\"Name est non valide\" aria-invalid=\"false\"  \/>\r\n    \r\n    \r\n<\/div>\n<div id=\"frm_field_24_container\" class=\"frm_form_field form-field  frm_required_field frm_top_container\">\r\n    <label for=\"field_jevddd713c47c76\" id=\"field_jevddd713c47c76_label\" class=\"frm_primary_label\">Nom\r\n        <span class=\"frm_required\" aria-hidden=\"true\">*<\/span>\r\n    <\/label>\r\n    <input type=\"text\" id=\"field_jevddd713c47c76\" name=\"item_meta[24]\" value=\"\"  data-reqmsg=\"Ce champ ne peut pas \u00eatre vide\" aria-required=\"true\" data-invmsg=\"Name is invalid\" aria-invalid=\"false\"  \/>\r\n    \r\n    \r\n<\/div>\n<div id=\"frm_field_25_container\" class=\"frm_form_field form-field  frm_required_field frm_top_container frm_full\">\r\n    <label for=\"field_29yf4dfa202bcc3b26f69f6ca8\" id=\"field_29yf4dfa202bcc3b26f69f6ca8_label\" class=\"frm_primary_label\">Email\r\n        <span class=\"frm_required\" aria-hidden=\"true\">*<\/span>\r\n    <\/label>\r\n    <input type=\"email\" id=\"field_29yf4dfa202bcc3b26f69f6ca8\" name=\"item_meta[25]\" value=\"\"  data-reqmsg=\"Ce champ ne peut pas \u00eatre vide\" aria-required=\"true\" data-invmsg=\"Please enter a valid email address\" aria-invalid=\"false\"  \/>\r\n    \r\n    \r\n<\/div>\n<div id=\"frm_field_26_container\" class=\"frm_form_field form-field  frm_top_container\">\r\n    <label for=\"field_6zd6s687cfdba1aa8d790255a\" id=\"field_6zd6s687cfdba1aa8d790255a_label\" class=\"frm_primary_label\">T\u00e9l\u00e9phone\r\n        <span class=\"frm_required\" aria-hidden=\"true\"><\/span>\r\n    <\/label>\r\n    <input type=\"tel\" id=\"field_6zd6s687cfdba1aa8d790255a\" name=\"item_meta[26]\" value=\"\"  data-invmsg=\"Phone est non valide\" aria-invalid=\"false\" pattern=\"((\\+\\d{1,3}(-|.| )?\\(?\\d\\)?(-| |.)?\\d{1,5})|(\\(?\\d{2,6}\\)?))(-|.| )?(\\d{3,4})(-|.| )?(\\d{4})(( x| ext)\\d{1,5}){0,1}$\"  \/>\r\n    \r\n    \r\n<\/div>\n<div id=\"frm_field_27_container\" class=\"frm_form_field form-field  frm_required_field frm_top_container frm_full\">\r\n    <label for=\"field_9jv0r1f67bf79877138cf33329\" id=\"field_9jv0r1f67bf79877138cf33329_label\" class=\"frm_primary_label\">Message\r\n        <span class=\"frm_required\" aria-hidden=\"true\">*<\/span>\r\n    <\/label>\r\n    <textarea name=\"item_meta[27]\" id=\"field_9jv0r1f67bf79877138cf33329\" rows=\"5\"  data-reqmsg=\"Ce champ ne peut pas \u00eatre vide\" aria-required=\"true\" data-invmsg=\"Message est non valide\" aria-invalid=\"false\"  ><\/textarea>\r\n    \r\n    \r\n<\/div>\n<div id=\"frm_field_28_container\" class=\"frm_form_field form-field  frm_required_field frm_top_container js-axeptioInsert-commercant vertical_radio\">\r\n    <div  id=\"field_7v8io_label\" class=\"frm_primary_label\">RGPD\r\n        <span class=\"frm_required\" aria-hidden=\"true\">*<\/span>\r\n    <\/div>\r\n    <div class=\"frm_opt_container\" aria-labelledby=\"field_7v8io_label\" role=\"group\">\t\t<div class=\"frm_checkbox\" id=\"frm_checkbox_28-0\"><label for=\"field_7v8io-0\"><input type=\"checkbox\" name=\"item_meta[28][]\" id=\"field_7v8io-0\" value=\"J&#039;accepte la collecte de mes donn\u00e9es personnelles\"  data-reqmsg=\"Ce champ ne peut pas \u00eatre vide\" data-invmsg=\"RGPD est non valide\" aria-invalid=\"false\"   \/> J'accepte la collecte de mes donn\u00e9es personnelles<\/label><\/div>\n<\/div>\r\n    \r\n    \r\n<\/div>\n<input type=\"hidden\" name=\"item_key\" value=\"\" \/>\n\t<div class=\"frm_verify\" >\n\t<label for=\"frm_email_4\">\n\t\tSi vous \u00eates un humain, ne remplissez pas ce champ.\t<\/label>\n\t<input type=\"email\" class=\"frm_verify\" id=\"frm_email_4\" name=\"frm_verify\" value=\"\"  \/>\n<\/div>\n\t\t<p class=\"required\">Fields marked with the symbol * are compulsory.<\/p><div class=\"frm_submit\">\r\n\r\n<button class=\"frm_button_submit frm_final_submit\" type=\"submit\"   formnovalidate=\"formnovalidate\">Envoyer<\/button>\r\n\r\n<\/div><\/div>\n<\/fieldset>\n<\/div>\n<\/form>\n<\/div>\n\n\n\n\n<p><\/p>\n","protected":false},"excerpt":{"rendered":"<p>Vous \u00eates commer\u00e7ant, restaurateur, prestataire de services ou de loisirs et vous souhaitez : B\u00e9n\u00e9ficier des retomb\u00e9es \u00e9conomiques du secteur de la croisi\u00e8re en profitant d&rsquo;une visibilit\u00e9 accrue. \u00catre r\u00e9pertori\u00e9 sur le guide shopping, le site web et l&rsquo;application Cruise Friendly pour canaliser le flux des passagers et des membres d&rsquo;\u00e9quipage afin de les encourager [&hellip;]<\/p>\n","protected":false},"author":1,"featured_media":2463,"parent":68,"menu_order":10,"comment_status":"closed","ping_status":"closed","template":"","meta":{"_relevanssi_hide_post":"","_relevanssi_pin_for_all":"","_relevanssi_pin_keywords":"","_relevanssi_unpin_keywords":"","_relevanssi_related_keywords":"","_relevanssi_related_include_ids":"","_relevanssi_related_exclude_ids":"","_relevanssi_related_no_append":"","_relevanssi_related_not_related":"","_relevanssi_related_posts":"247,245,251,252","_relevanssi_noindex_reason":""},"yoast_head":"<!-- This site is optimized with the Yoast SEO plugin v16.1.1 - https:\/\/yoast.com\/wordpress\/plugins\/seo\/ -->\n<meta name=\"description\" content=\"Vous \u00eates commer\u00e7ant, restaurateur, prestataire de services ou de loisirs et vous souhaitez : B\u00e9n\u00e9ficier des retomb\u00e9es \u00e9conomiques du secteur de la\" \/>\n<link rel=\"canonical\" href=\"https:\/\/www.cruise-friendly.com\/fr\/become-a-cruise-friendly-partner\/i-am-a-strorekeeper-or-a-leisure-provider\/\" \/>\n<meta property=\"og:locale\" content=\"fr_FR\" \/>\n<meta property=\"og:type\" content=\"article\" \/>\n<meta property=\"og:title\" content=\"Je suis un commer\u00e7ant ou un prestataire de loisirs - Cruise Friendly FR\" \/>\n<meta property=\"og:description\" content=\"Vous \u00eates commer\u00e7ant, restaurateur, prestataire de services ou de loisirs et vous souhaitez : B\u00e9n\u00e9ficier des retomb\u00e9es \u00e9conomiques du secteur de la\" \/>\n<meta property=\"og:url\" content=\"https:\/\/www.cruise-friendly.com\/fr\/become-a-cruise-friendly-partner\/i-am-a-strorekeeper-or-a-leisure-provider\/\" \/>\n<meta property=\"og:site_name\" content=\"Cruise Friendly FR\" \/>\n<meta property=\"article:modified_time\" content=\"2022-10-28T07:20:33+00:00\" \/>\n<meta property=\"og:image\" content=\"https:\/\/www.cruise-friendly.com\/fr\/wp-content\/uploads\/sites\/3\/2021\/03\/Cruise-Friendly2.png\" \/>\n\t<meta property=\"og:image:width\" content=\"661\" \/>\n\t<meta property=\"og:image:height\" content=\"437\" \/>\n<meta name=\"twitter:card\" content=\"summary_large_image\" \/>\n<meta name=\"twitter:label1\" content=\"Dur\u00e9e de lecture est.\">\n\t<meta name=\"twitter:data1\" content=\"2 minutes\">\n<script type=\"application\/ld+json\" class=\"yoast-schema-graph\">{\"@context\":\"https:\/\/schema.org\",\"@graph\":[{\"@type\":\"WebSite\",\"@id\":\"https:\/\/www.cruise-friendly.com\/fr\/#website\",\"url\":\"https:\/\/www.cruise-friendly.com\/fr\/\",\"name\":\"Cruise Friendly FR\",\"description\":\"Nous nous effor\\u00e7ons de vous offrir la meilleure exp\\u00e9rience \\u00e0 terre lors de votre visite dans notre ville.\",\"potentialAction\":[{\"@type\":\"SearchAction\",\"target\":\"https:\/\/www.cruise-friendly.com\/fr\/?s={search_term_string}\",\"query-input\":\"required name=search_term_string\"}],\"inLanguage\":\"fr-FR\"},{\"@type\":\"ImageObject\",\"@id\":\"https:\/\/www.cruise-friendly.com\/fr\/become-a-cruise-friendly-partner\/i-am-a-strorekeeper-or-a-leisure-provider\/#primaryimage\",\"inLanguage\":\"fr-FR\",\"url\":\"https:\/\/www.cruise-friendly.com\/fr\/wp-content\/uploads\/sites\/3\/2021\/03\/Cruise-Friendly2.png\",\"contentUrl\":\"https:\/\/www.cruise-friendly.com\/fr\/wp-content\/uploads\/sites\/3\/2021\/03\/Cruise-Friendly2.png\",\"width\":661,\"height\":437},{\"@type\":\"WebPage\",\"@id\":\"https:\/\/www.cruise-friendly.com\/fr\/become-a-cruise-friendly-partner\/i-am-a-strorekeeper-or-a-leisure-provider\/#webpage\",\"url\":\"https:\/\/www.cruise-friendly.com\/fr\/become-a-cruise-friendly-partner\/i-am-a-strorekeeper-or-a-leisure-provider\/\",\"name\":\"Je suis un commer\\u00e7ant ou un prestataire de loisirs - Cruise Friendly FR\",\"isPartOf\":{\"@id\":\"https:\/\/www.cruise-friendly.com\/fr\/#website\"},\"primaryImageOfPage\":{\"@id\":\"https:\/\/www.cruise-friendly.com\/fr\/become-a-cruise-friendly-partner\/i-am-a-strorekeeper-or-a-leisure-provider\/#primaryimage\"},\"datePublished\":\"2022-01-31T15:08:30+00:00\",\"dateModified\":\"2022-10-28T07:20:33+00:00\",\"description\":\"Vous \\u00eates commer\\u00e7ant, restaurateur, prestataire de services ou de loisirs et vous souhaitez : B\\u00e9n\\u00e9ficier des retomb\\u00e9es \\u00e9conomiques du secteur de la\",\"breadcrumb\":{\"@id\":\"https:\/\/www.cruise-friendly.com\/fr\/become-a-cruise-friendly-partner\/i-am-a-strorekeeper-or-a-leisure-provider\/#breadcrumb\"},\"inLanguage\":\"fr-FR\",\"potentialAction\":[{\"@type\":\"ReadAction\",\"target\":[\"https:\/\/www.cruise-friendly.com\/fr\/become-a-cruise-friendly-partner\/i-am-a-strorekeeper-or-a-leisure-provider\/\"]}]},{\"@type\":\"BreadcrumbList\",\"@id\":\"https:\/\/www.cruise-friendly.com\/fr\/become-a-cruise-friendly-partner\/i-am-a-strorekeeper-or-a-leisure-provider\/#breadcrumb\",\"itemListElement\":[{\"@type\":\"ListItem\",\"position\":1,\"item\":{\"@type\":\"WebPage\",\"@id\":\"https:\/\/www.cruise-friendly.com\/fr\/\",\"url\":\"https:\/\/www.cruise-friendly.com\/fr\/\",\"name\":\"Accueil\"}},{\"@type\":\"ListItem\",\"position\":2,\"item\":{\"@type\":\"WebPage\",\"@id\":\"https:\/\/www.cruise-friendly.com\/fr\/become-a-cruise-friendly-partner\/\",\"url\":\"https:\/\/www.cruise-friendly.com\/fr\/become-a-cruise-friendly-partner\/\",\"name\":\"Comment adh\\u00e9rer \\u00e0 la d\\u00e9marche Cruise Friendly ?\"}},{\"@type\":\"ListItem\",\"position\":3,\"item\":{\"@type\":\"WebPage\",\"@id\":\"https:\/\/www.cruise-friendly.com\/fr\/become-a-cruise-friendly-partner\/i-am-a-strorekeeper-or-a-leisure-provider\/\",\"url\":\"https:\/\/www.cruise-friendly.com\/fr\/become-a-cruise-friendly-partner\/i-am-a-strorekeeper-or-a-leisure-provider\/\",\"name\":\"Je suis un commer\\u00e7ant ou un prestataire de loisirs\"}}]}]}<\/script>\n<!-- \/ Yoast SEO plugin. -->","_links":{"self":[{"href":"https:\/\/www.cruise-friendly.com\/fr\/wp-json\/wp\/v2\/pages\/71"}],"collection":[{"href":"https:\/\/www.cruise-friendly.com\/fr\/wp-json\/wp\/v2\/pages"}],"about":[{"href":"https:\/\/www.cruise-friendly.com\/fr\/wp-json\/wp\/v2\/types\/page"}],"author":[{"embeddable":true,"href":"https:\/\/www.cruise-friendly.com\/fr\/wp-json\/wp\/v2\/users\/1"}],"replies":[{"embeddable":true,"href":"https:\/\/www.cruise-friendly.com\/fr\/wp-json\/wp\/v2\/comments?post=71"}],"version-history":[{"count":4,"href":"https:\/\/www.cruise-friendly.com\/fr\/wp-json\/wp\/v2\/pages\/71\/revisions"}],"predecessor-version":[{"id":7814,"href":"https:\/\/www.cruise-friendly.com\/fr\/wp-json\/wp\/v2\/pages\/71\/revisions\/7814"}],"up":[{"embeddable":true,"href":"https:\/\/www.cruise-friendly.com\/fr\/wp-json\/wp\/v2\/pages\/68"}],"wp:featuredmedia":[{"embeddable":true,"href":"https:\/\/www.cruise-friendly.com\/fr\/wp-json\/wp\/v2\/media\/2463"}],"wp:attachment":[{"href":"https:\/\/www.cruise-friendly.com\/fr\/wp-json\/wp\/v2\/media?parent=71"}],"curies":[{"name":"wp","href":"https:\/\/api.w.org\/{rel}","templated":true}]}}