{"id":72,"date":"2022-01-31T16:08:30","date_gmt":"2022-01-31T15:08:30","guid":{"rendered":"https:\/\/www.cruise-friendly.com\/fr\/im-a-destination"},"modified":"2022-10-04T12:42:51","modified_gmt":"2022-10-04T12:42:51","slug":"je-suis-une-destination","status":"publish","type":"page","link":"https:\/\/www.cruise-friendly.com\/fr\/become-a-cruise-friendly-partner\/je-suis-une-destination\/","title":{"rendered":"Je suis une destination"},"content":{"rendered":"\n<p class=\"has-text-align-left is-style-excerpt\">En adoptant ce label au niveau local dans votre ville, vous aidez et stimulez la relation entre le tourisme de croisi\u00e8re et le commerce : une situation gagnant-gagnant&nbsp;!<\/p>\n\n\n\n<h3>Pourquoi devenir une destination \u00ab\u00a0Cruise Friendly\u00a0\u00bb ?<\/h3>\n\n\n\n<div class=\"wp-block-columns\">\n<div class=\"wp-block-column\">\n<div class=\"wp-block-image\"><figure class=\"aligncenter size-large\"><img loading=\"lazy\" width=\"101\" height=\"100\" data-src=\"https:\/\/www.cruise-friendly.com\/fr\/wp-content\/uploads\/2021\/03\/money.png\" alt=\"\" class=\"wp-image-2199\" data-srcset=\"https:\/\/www.cruise-friendly.com\/fr\/wp-content\/uploads\/sites\/3\/2021\/03\/money.png 101w, https:\/\/www.cruise-friendly.com\/fr\/wp-content\/uploads\/sites\/3\/2021\/03\/money-65x65.png 65w, https:\/\/www.cruise-friendly.com\/fr\/wp-content\/uploads\/sites\/3\/2021\/03\/money-81x80.png 81w\" sizes=\"(max-width: 101px) 100vw, 101px\" \/><\/figure><\/div>\n\n\n\n<ul><li>La certification Cruise Friendly vise \u00e0 stimuler les retomb\u00e9es du secteur de la croisi\u00e8re sur le d\u00e9veloppement \u00e9conomique de votre territoire.<\/li><li>Elle a pour but d&rsquo;accompagner les acteurs locaux et les commer\u00e7ants dans l&rsquo;accueil de la client\u00e8le de croisi\u00e8re, de garantir un standard de qualit\u00e9 \u00e9lev\u00e9, de valoriser certaines rues commer\u00e7antes, d&rsquo;entra\u00eener et de canaliser les flux de passagers vers les zones les plus pertinentes et les partenaires de la Charte (restaurants, boutiques, mus\u00e9es..). <\/li><\/ul>\n<\/div>\n\n\n\n<div class=\"wp-block-column\">\n<div class=\"wp-block-image\"><figure class=\"aligncenter size-large\"><img loading=\"lazy\" width=\"101\" height=\"101\" data-src=\"https:\/\/www.cruise-friendly.com\/fr\/wp-content\/uploads\/2021\/03\/smiley.png\" alt=\"\" class=\"wp-image-2201\" data-srcset=\"https:\/\/www.cruise-friendly.com\/fr\/wp-content\/uploads\/sites\/3\/2021\/03\/smiley.png 101w, https:\/\/www.cruise-friendly.com\/fr\/wp-content\/uploads\/sites\/3\/2021\/03\/smiley-65x65.png 65w, https:\/\/www.cruise-friendly.com\/fr\/wp-content\/uploads\/sites\/3\/2021\/03\/smiley-80x80.png 80w\" sizes=\"(max-width: 101px) 100vw, 101px\" \/><\/figure><\/div>\n\n\n\n<ul><li>Globalement, fid\u00e9liser les croisi\u00e9ristes (et par extension les escales des compagnies de croisi\u00e8re dans votre port) en \u00e9levant le niveau de satisfaction envers votre destination.&nbsp;<\/li><li>Sans oublier qu&rsquo;en offrant cette exp\u00e9rience exceptionnelle \u00e0 terre, les passagers seront encourag\u00e9s \u00e0 planifier un futur s\u00e9jour plus long dans votre commune. Gardez \u00e0 l&rsquo;esprit que le croisi\u00e9riste n&rsquo;est pas seulement un ambassadeur mais un futur touriste !<\/li><\/ul>\n<\/div>\n<\/div>\n\n\n\n<h3>Avantages pour vous en tant que destination&nbsp;: <\/h3>\n\n\n\n<div class=\"wp-block-columns\">\n<div class=\"wp-block-column\">\n<figure class=\"wp-block-image size-large\"><img loading=\"lazy\" width=\"1200\" height=\"675\" data-src=\"https:\/\/www.cruise-friendly.com\/fr\/wp-content\/uploads\/2021\/03\/ACCUEIL-PROVENCAL-DE-CHARME-1200x675.jpg\" alt=\"\" class=\"wp-image-2286\" data-srcset=\"https:\/\/www.cruise-friendly.com\/fr\/wp-content\/uploads\/sites\/3\/2021\/03\/ACCUEIL-PROVENCAL-DE-CHARME-1200x675.jpg 1200w, https:\/\/www.cruise-friendly.com\/fr\/wp-content\/uploads\/sites\/3\/2021\/03\/ACCUEIL-PROVENCAL-DE-CHARME-600x338.jpg 600w, https:\/\/www.cruise-friendly.com\/fr\/wp-content\/uploads\/sites\/3\/2021\/03\/ACCUEIL-PROVENCAL-DE-CHARME-900x506.jpg 900w, https:\/\/www.cruise-friendly.com\/fr\/wp-content\/uploads\/sites\/3\/2021\/03\/ACCUEIL-PROVENCAL-DE-CHARME-1536x864.jpg 1536w, https:\/\/www.cruise-friendly.com\/fr\/wp-content\/uploads\/sites\/3\/2021\/03\/ACCUEIL-PROVENCAL-DE-CHARME-1600x900.jpg 1600w, https:\/\/www.cruise-friendly.com\/fr\/wp-content\/uploads\/sites\/3\/2021\/03\/ACCUEIL-PROVENCAL-DE-CHARME-200x113.jpg 200w, https:\/\/www.cruise-friendly.com\/fr\/wp-content\/uploads\/sites\/3\/2021\/03\/ACCUEIL-PROVENCAL-DE-CHARME-142x80.jpg 142w, https:\/\/www.cruise-friendly.com\/fr\/wp-content\/uploads\/sites\/3\/2021\/03\/ACCUEIL-PROVENCAL-DE-CHARME.jpg 1920w\" sizes=\"(max-width: 1200px) 100vw, 1200px\" \/><\/figure>\n\n\n\n<div class=\"wp-block-columns\">\n<div class=\"wp-block-column\" style=\"flex-basis:50%\">\n<ul id=\"block-fee94e8b-e8f7-4d35-87b6-93c9299c7b09\"><li>Augmenter le taux de satisfaction des passagers \u00e0 l&rsquo;\u00e9gard de votre destination et, par cons\u00e9quent, fid\u00e9liser les compagnies de croisi\u00e8re.<\/li><li>Veiller \u00e0 ce que les r\u00e9sidents\/clients\/utilisateurs locaux et les touristes, autres que les croisi\u00e9ristes, b\u00e9n\u00e9ficient de la certification \u00ab\u00a0Cruise Friendly\u00a0\u00bb. <\/li><\/ul>\n<\/div>\n\n\n\n<div class=\"wp-block-column\" style=\"flex-basis:50%\">\n<ul id=\"block-fee94e8b-e8f7-4d35-87b6-93c9299c7b09\"><li>Cruise Friendly est un atout pour se diff\u00e9rencier des autres ports.<\/li><li>Une exp\u00e9rience am\u00e9lior\u00e9e pour vous en termes d&rsquo;accueil de la client\u00e8le \u00e9trang\u00e8re<\/li><li>Une visibilit\u00e9 accrue et valoris\u00e9e aupr\u00e8s des compagnies de croisi\u00e8re, de leurs passagers et des membres d&rsquo;\u00e9quipage.<\/li><\/ul>\n<\/div>\n<\/div>\n<\/div>\n<\/div>\n\n\n\n<h3>Avantages pour les croisi\u00e9ristes<\/h3>\n\n\n\n<p>La promesse d&rsquo;un accueil sur mesure, d&rsquo;une exp\u00e9rience positive et inoubliable \u00e0 terre et d&rsquo;offres sp\u00e9ciales.<\/p>\n\n\n\n<figure class=\"wp-block-image size-large\"><img loading=\"lazy\" width=\"1200\" height=\"675\" data-src=\"https:\/\/www.cruise-friendly.com\/fr\/wp-content\/uploads\/2021\/03\/Resized_20170528_092722-1200x675.jpg\" alt=\"\" class=\"wp-image-2358\" data-srcset=\"https:\/\/www.cruise-friendly.com\/fr\/wp-content\/uploads\/sites\/3\/2021\/03\/Resized_20170528_092722-1200x675.jpg 1200w, https:\/\/www.cruise-friendly.com\/fr\/wp-content\/uploads\/sites\/3\/2021\/03\/Resized_20170528_092722-600x338.jpg 600w, https:\/\/www.cruise-friendly.com\/fr\/wp-content\/uploads\/sites\/3\/2021\/03\/Resized_20170528_092722-900x506.jpg 900w, https:\/\/www.cruise-friendly.com\/fr\/wp-content\/uploads\/sites\/3\/2021\/03\/Resized_20170528_092722-1536x864.jpg 1536w, https:\/\/www.cruise-friendly.com\/fr\/wp-content\/uploads\/sites\/3\/2021\/03\/Resized_20170528_092722-1600x900.jpg 1600w, https:\/\/www.cruise-friendly.com\/fr\/wp-content\/uploads\/sites\/3\/2021\/03\/Resized_20170528_092722-200x113.jpg 200w, https:\/\/www.cruise-friendly.com\/fr\/wp-content\/uploads\/sites\/3\/2021\/03\/Resized_20170528_092722-142x80.jpg 142w, https:\/\/www.cruise-friendly.com\/fr\/wp-content\/uploads\/sites\/3\/2021\/03\/Resized_20170528_092722.jpg 1920w\" sizes=\"(max-width: 1200px) 100vw, 1200px\" \/><\/figure>\n\n\n\n<h3>Avantages pour les commer\u00e7ants<\/h3>\n\n\n\n<p>Croissance potentielle des ventes pour les partenaires Cruise Friendly gr\u00e2ce \u00e0 l&rsquo;augmentation des visites de croisi\u00e9ristes.<\/p>\n\n\n\n<div class=\"wp-block-image\"><figure class=\"aligncenter size-large is-resized\"><img loading=\"lazy\" data-src=\"https:\/\/www.cruise-friendly.com\/fr\/wp-content\/uploads\/sites\/3\/2022\/10\/Cruise-Friendly-2021-2022-panonceau-1200x900.jpg\" alt=\"\" class=\"wp-image-7736\" width=\"664\" height=\"498\" data-srcset=\"https:\/\/www.cruise-friendly.com\/fr\/wp-content\/uploads\/sites\/3\/2022\/10\/Cruise-Friendly-2021-2022-panonceau-1200x900.jpg 1200w, https:\/\/www.cruise-friendly.com\/fr\/wp-content\/uploads\/sites\/3\/2022\/10\/Cruise-Friendly-2021-2022-panonceau-600x450.jpg 600w, https:\/\/www.cruise-friendly.com\/fr\/wp-content\/uploads\/sites\/3\/2022\/10\/Cruise-Friendly-2021-2022-panonceau-900x675.jpg 900w, https:\/\/www.cruise-friendly.com\/fr\/wp-content\/uploads\/sites\/3\/2022\/10\/Cruise-Friendly-2021-2022-panonceau-1536x1152.jpg 1536w, https:\/\/www.cruise-friendly.com\/fr\/wp-content\/uploads\/sites\/3\/2022\/10\/Cruise-Friendly-2021-2022-panonceau-2048x1536.jpg 2048w, https:\/\/www.cruise-friendly.com\/fr\/wp-content\/uploads\/sites\/3\/2022\/10\/Cruise-Friendly-2021-2022-panonceau-200x150.jpg 200w, https:\/\/www.cruise-friendly.com\/fr\/wp-content\/uploads\/sites\/3\/2022\/10\/Cruise-Friendly-2021-2022-panonceau-107x80.jpg 107w\" sizes=\"(max-width: 664px) 100vw, 664px\" \/><\/figure><\/div>\n\n\n\n\n<div class=\"wp-block-highlight clear\">\n\n            <h3 class=\"wp-block-highlight-item wp-block-highlight-title\"><strong>Pour plus d&rsquo;informations<\/strong><\/h3>\n    \n    <p class=\"wp-block-highlight-item wp-block-highlight-excerpt\">Contactez-nous via notre <a href=\"https:\/\/www.cruise-friendly.com\/fr\/contact\/\" target=\"_blank\" rel=\"noreferrer noopener\">formulaire de contact<\/a>. <br>Tel. : +33 494 228 060<\/p>\n<\/div>","protected":false},"excerpt":{"rendered":"<p>En adoptant ce label au niveau local dans votre ville, vous aidez et stimulez la relation entre le tourisme de croisi\u00e8re et le commerce : une situation gagnant-gagnant&nbsp;! Pourquoi devenir une destination \u00ab\u00a0Cruise Friendly\u00a0\u00bb ? La certification Cruise Friendly vise \u00e0 stimuler les retomb\u00e9es du secteur de la croisi\u00e8re sur le d\u00e9veloppement \u00e9conomique de votre [&hellip;]<\/p>\n","protected":false},"author":1,"featured_media":2464,"parent":68,"menu_order":20,"comment_status":"closed","ping_status":"closed","template":"","meta":{"_relevanssi_hide_post":"","_relevanssi_pin_for_all":"","_relevanssi_pin_keywords":"","_relevanssi_unpin_keywords":"","_relevanssi_related_keywords":"","_relevanssi_related_include_ids":"","_relevanssi_related_exclude_ids":"","_relevanssi_related_no_append":"","_relevanssi_related_not_related":"","_relevanssi_related_posts":"247,245,252,251","_relevanssi_noindex_reason":""},"yoast_head":"<!-- This site is optimized with the Yoast SEO plugin v16.1.1 - https:\/\/yoast.com\/wordpress\/plugins\/seo\/ -->\n<meta name=\"description\" content=\"En adoptant ce label au niveau local dans votre ville, vous aidez et stimulez la relation entre le tourisme de croisi\u00e8re et le commerce : une situation\" \/>\n<link rel=\"canonical\" href=\"https:\/\/www.cruise-friendly.com\/fr\/become-a-cruise-friendly-partner\/je-suis-une-destination\/\" \/>\n<meta property=\"og:locale\" content=\"fr_FR\" \/>\n<meta property=\"og:type\" content=\"article\" \/>\n<meta property=\"og:title\" content=\"Je suis une destination - Cruise Friendly FR\" \/>\n<meta property=\"og:description\" content=\"En adoptant ce label au niveau local dans votre ville, vous aidez et stimulez la relation entre le tourisme de croisi\u00e8re et le commerce : une situation\" \/>\n<meta property=\"og:url\" content=\"https:\/\/www.cruise-friendly.com\/fr\/become-a-cruise-friendly-partner\/je-suis-une-destination\/\" \/>\n<meta property=\"og:site_name\" content=\"Cruise Friendly FR\" \/>\n<meta property=\"article:modified_time\" content=\"2022-10-04T12:42:51+00:00\" \/>\n<meta property=\"og:image\" content=\"https:\/\/www.cruise-friendly.com\/fr\/wp-content\/uploads\/sites\/3\/2021\/03\/cruise-friendly1.png\" \/>\n\t<meta property=\"og:image:width\" content=\"896\" \/>\n\t<meta property=\"og:image:height\" content=\"447\" \/>\n<meta name=\"twitter:card\" content=\"summary_large_image\" \/>\n<meta name=\"twitter:label1\" content=\"Dur\u00e9e de lecture est.\">\n\t<meta name=\"twitter:data1\" content=\"3 minutes\">\n<script type=\"application\/ld+json\" class=\"yoast-schema-graph\">{\"@context\":\"https:\/\/schema.org\",\"@graph\":[{\"@type\":\"WebSite\",\"@id\":\"https:\/\/www.cruise-friendly.com\/fr\/#website\",\"url\":\"https:\/\/www.cruise-friendly.com\/fr\/\",\"name\":\"Cruise Friendly FR\",\"description\":\"Nous nous effor\\u00e7ons de vous offrir la meilleure exp\\u00e9rience \\u00e0 terre lors de votre visite dans notre ville.\",\"potentialAction\":[{\"@type\":\"SearchAction\",\"target\":\"https:\/\/www.cruise-friendly.com\/fr\/?s={search_term_string}\",\"query-input\":\"required name=search_term_string\"}],\"inLanguage\":\"fr-FR\"},{\"@type\":\"ImageObject\",\"@id\":\"https:\/\/www.cruise-friendly.com\/fr\/become-a-cruise-friendly-partner\/je-suis-une-destination\/#primaryimage\",\"inLanguage\":\"fr-FR\",\"url\":\"https:\/\/www.cruise-friendly.com\/fr\/wp-content\/uploads\/sites\/3\/2021\/03\/cruise-friendly1.png\",\"contentUrl\":\"https:\/\/www.cruise-friendly.com\/fr\/wp-content\/uploads\/sites\/3\/2021\/03\/cruise-friendly1.png\",\"width\":896,\"height\":447},{\"@type\":\"WebPage\",\"@id\":\"https:\/\/www.cruise-friendly.com\/fr\/become-a-cruise-friendly-partner\/je-suis-une-destination\/#webpage\",\"url\":\"https:\/\/www.cruise-friendly.com\/fr\/become-a-cruise-friendly-partner\/je-suis-une-destination\/\",\"name\":\"Je suis une destination - Cruise Friendly FR\",\"isPartOf\":{\"@id\":\"https:\/\/www.cruise-friendly.com\/fr\/#website\"},\"primaryImageOfPage\":{\"@id\":\"https:\/\/www.cruise-friendly.com\/fr\/become-a-cruise-friendly-partner\/je-suis-une-destination\/#primaryimage\"},\"datePublished\":\"2022-01-31T15:08:30+00:00\",\"dateModified\":\"2022-10-04T12:42:51+00:00\",\"description\":\"En adoptant ce label au niveau local dans votre ville, vous aidez et stimulez la relation entre le tourisme de croisi\\u00e8re et le commerce : une situation\",\"breadcrumb\":{\"@id\":\"https:\/\/www.cruise-friendly.com\/fr\/become-a-cruise-friendly-partner\/je-suis-une-destination\/#breadcrumb\"},\"inLanguage\":\"fr-FR\",\"potentialAction\":[{\"@type\":\"ReadAction\",\"target\":[\"https:\/\/www.cruise-friendly.com\/fr\/become-a-cruise-friendly-partner\/je-suis-une-destination\/\"]}]},{\"@type\":\"BreadcrumbList\",\"@id\":\"https:\/\/www.cruise-friendly.com\/fr\/become-a-cruise-friendly-partner\/je-suis-une-destination\/#breadcrumb\",\"itemListElement\":[{\"@type\":\"ListItem\",\"position\":1,\"item\":{\"@type\":\"WebPage\",\"@id\":\"https:\/\/www.cruise-friendly.com\/fr\/\",\"url\":\"https:\/\/www.cruise-friendly.com\/fr\/\",\"name\":\"Accueil\"}},{\"@type\":\"ListItem\",\"position\":2,\"item\":{\"@type\":\"WebPage\",\"@id\":\"https:\/\/www.cruise-friendly.com\/fr\/become-a-cruise-friendly-partner\/\",\"url\":\"https:\/\/www.cruise-friendly.com\/fr\/become-a-cruise-friendly-partner\/\",\"name\":\"Comment adh\\u00e9rer \\u00e0 la d\\u00e9marche Cruise Friendly ?\"}},{\"@type\":\"ListItem\",\"position\":3,\"item\":{\"@type\":\"WebPage\",\"@id\":\"https:\/\/www.cruise-friendly.com\/fr\/become-a-cruise-friendly-partner\/je-suis-une-destination\/\",\"url\":\"https:\/\/www.cruise-friendly.com\/fr\/become-a-cruise-friendly-partner\/je-suis-une-destination\/\",\"name\":\"Je suis une destination\"}}]}]}<\/script>\n<!-- \/ Yoast SEO plugin. -->","_links":{"self":[{"href":"https:\/\/www.cruise-friendly.com\/fr\/wp-json\/wp\/v2\/pages\/72"}],"collection":[{"href":"https:\/\/www.cruise-friendly.com\/fr\/wp-json\/wp\/v2\/pages"}],"about":[{"href":"https:\/\/www.cruise-friendly.com\/fr\/wp-json\/wp\/v2\/types\/page"}],"author":[{"embeddable":true,"href":"https:\/\/www.cruise-friendly.com\/fr\/wp-json\/wp\/v2\/users\/1"}],"replies":[{"embeddable":true,"href":"https:\/\/www.cruise-friendly.com\/fr\/wp-json\/wp\/v2\/comments?post=72"}],"version-history":[{"count":6,"href":"https:\/\/www.cruise-friendly.com\/fr\/wp-json\/wp\/v2\/pages\/72\/revisions"}],"predecessor-version":[{"id":7740,"href":"https:\/\/www.cruise-friendly.com\/fr\/wp-json\/wp\/v2\/pages\/72\/revisions\/7740"}],"up":[{"embeddable":true,"href":"https:\/\/www.cruise-friendly.com\/fr\/wp-json\/wp\/v2\/pages\/68"}],"wp:featuredmedia":[{"embeddable":true,"href":"https:\/\/www.cruise-friendly.com\/fr\/wp-json\/wp\/v2\/media\/2464"}],"wp:attachment":[{"href":"https:\/\/www.cruise-friendly.com\/fr\/wp-json\/wp\/v2\/media?parent=72"}],"curies":[{"name":"wp","href":"https:\/\/api.w.org\/{rel}","templated":true}]}}