{"id":75,"date":"2022-01-31T16:08:30","date_gmt":"2022-01-31T15:08:30","guid":{"rendered":"https:\/\/www.cruise-friendly.com\/fr\/toulon"},"modified":"2024-08-30T13:19:06","modified_gmt":"2024-08-30T13:19:06","slug":"toulon","status":"publish","type":"page","link":"https:\/\/www.cruise-friendly.com\/fr\/destinations-cruise-friendly\/toulon\/","title":{"rendered":"Toulon"},"content":{"rendered":"\n<p><strong>Bienvenue<\/strong> dans la plus belle et la plus s\u00fbre des rades, si\u00e8ge de la premi\u00e8re base navale d&rsquo;Europe !<\/p>\n\n\n\n<p>Il est temps de se <strong>d\u00e9tendre<\/strong> et de <strong>d\u00e9couvrir<\/strong> nos joyaux cach\u00e9s. <\/p>\n\n\n\n<p>En ville, ne manquez pas l&rsquo;Op\u00e9ra, v\u00e9ritable \u0153uvre architecturale de l&rsquo;art haussmannien. <strong>Fl\u00e2nez<\/strong> sur les places anim\u00e9es au c\u0153ur de la ville : Place d\u2019Armes, Place de l\u2019\u00c9querre, Place de la Libert\u00e9. <strong>\u00c9coutez<\/strong> le ruissellement de l\u2019eau des fontaines, comme celle des trois dauphins, Place Puget.&nbsp; Enfin, <strong>enrichissez <\/strong>votre exp\u00e9rience shopping \u00e0 l\u2019aide de notre guide Cruise Friendly : une liste de boutiques et de prestataires de loisirs recommand\u00e9s aux croisi\u00e9ristes en escale dans lesquels un accueil privil\u00e9gi\u00e9 de qualit\u00e9 vous est r\u00e9serv\u00e9 (accompagn\u00e9 d\u2019un geste commercial offert d\u00e8s acte d\u2019achat) . <strong>Recevez<\/strong> d&rsquo;excellents conseils shopping pour vous aider \u00e0 d\u00e9nicher des souvenirs locaux originaux et authentiques pour vous et vos proches ! <strong>D\u00e9couvrez<\/strong> nos nombreux partenaires Cruise Friendly, s\u00e9lectionn\u00e9s avec soin et indiqu\u00e9s sur notre carte du centre-ville, incluant le centre commercial Mayol, l\u2019enseigne Monoprix et les Galeries Lafayette !<\/p>\n\n\n\n<p><strong>Promenez-vous<\/strong> le long du march\u00e9 proven\u00e7al du Cours Lafayette (le plus prestigieux de Provence). Respirez les parfums de Lavande, de Romarin et de Thym. <strong>Go\u00fbtez<\/strong> nos produits frais et locaux. <strong>Flanez <\/strong>dans les rues du quartier des arts. <strong>Rep\u00e9rez <\/strong>des cr\u00e9ateurs talentueux qui ont \u00e0 c\u0153ur de vous faire partager leur passion. <strong>Enchantez<\/strong> vos yeux avec leurs cr\u00e9ations authentiques. <strong>D\u00e9tendez-vous<\/strong> sur les plages du Mourillon. <strong>Humez<\/strong> l\u2019odeur iod\u00e9e de la mer M\u00e9diterran\u00e9e et <strong>sentez<\/strong> le sable fin sous vos pieds.<\/p>\n\n\n\n<p><strong>Acc\u00e9dez <\/strong>en t\u00e9l\u00e9ph\u00e9rique jusqu&rsquo;au Mont Faron et <strong>admirez <\/strong>un panorama \u00e9poustouflant. <strong>Plongez <\/strong>ensuite dans l&rsquo;histoire par une visite du M\u00e9morial du d\u00e9barquement, une exp\u00e9rience \u00e9mouvante et qui en vaut la peine.<\/p>\n\n\n\n<p><\/p>\n\n\n\n<figure class=\"wp-block-embed is-type-video is-provider-youtube wp-block-embed-youtube wp-embed-aspect-16-9 wp-has-aspect-ratio\"><div class=\"wp-block-embed__wrapper\">\n<iframe loading=\"lazy\" title=\"A Day in Toulon Bay\" width=\"500\" height=\"281\" data-src=\"https:\/\/www.youtube.com\/embed\/PEbXa4gM7Z4?feature=oembed\" frameborder=\"0\" allow=\"accelerometer; autoplay; clipboard-write; encrypted-media; gyroscope; picture-in-picture; web-share\" referrerpolicy=\"strict-origin-when-cross-origin\" allowfullscreen><\/iframe>\n<\/div><\/figure>\n\n\n\n<p><\/p>\n\n\n\n<div class=\"wp-block-buttons is-content-justification-center\">\n<div class=\"wp-block-button\"><a class=\"wp-block-button__link\" href=\"https:\/\/www.calameo.com\/read\/0064270651302fdf428dd\" target=\"_blank\" rel=\"noreferrer noopener\">Plan CRUISE FRIENDLY &#8211; Toulon<\/a><\/div>\n<\/div>\n\n\n<div class=\"wp-block-related-post alignwide\">\n\n            <h2 class=\"wp-block-related-post-title text-center\">\n            Les Incontournables        <\/h2>\n    \n    <div class=\"wp-block-related-post-inner alignwide clear\">\n        <div class=\"wp-block-related-post-slider-block\">\n            \n                <div class=\"wp-block-related-post-inner-item\" data-mh data-trigger=\"wpiris-click\">\n\n                    <div class=\"wp-block-related-post-inner-item-thumbnail\">\n                        <img data-src=\"https:\/\/www.cruise-friendly.com\/fr\/wp-content\/uploads\/sites\/3\/2021\/01\/54-1-367x367.jpg\" alt=\"Mus\u00e9e national de la marine\">\n                    <\/div>\n\n                    <div class=\"wp-block-related-post-inner-item-content\">\n                        \n                        <h3 class=\"wp-block-related-post-inner-item-content-title\">\n                            <a href=\"https:\/\/www.cruise-friendly.com\/fr\/destinations-cruise-friendly\/toulon\/musee-national-de-la-marine\/\">Mus\u00e9e national de la marine<\/a>\n                        <\/h3>\n                    <\/div>\n                <\/div>\n            \n                <div class=\"wp-block-related-post-inner-item\" data-mh data-trigger=\"wpiris-click\">\n\n                    <div class=\"wp-block-related-post-inner-item-thumbnail\">\n                        <img data-src=\"https:\/\/www.cruise-friendly.com\/fr\/wp-content\/uploads\/sites\/3\/2021\/01\/place-de-lop\u00e9ra-terre.tv_-367x367.jpg\" alt=\"Op\u00e9ra de Toulon\">\n                    <\/div>\n\n                    <div class=\"wp-block-related-post-inner-item-content\">\n                        \n                        <h3 class=\"wp-block-related-post-inner-item-content-title\">\n                            <a href=\"https:\/\/www.cruise-friendly.com\/fr\/destinations-cruise-friendly\/toulon\/opera-de-toulon\/\">Op\u00e9ra de Toulon<\/a>\n                        <\/h3>\n                    <\/div>\n                <\/div>\n            \n                <div class=\"wp-block-related-post-inner-item\" data-mh data-trigger=\"wpiris-click\">\n\n                    <div class=\"wp-block-related-post-inner-item-thumbnail\">\n                        <img data-src=\"https:\/\/www.cruise-friendly.com\/fr\/wp-content\/uploads\/sites\/3\/2021\/01\/cable-cart-toulon-office-de-tourisme-de-toulon-367x367.jpg\" alt=\"T\u00e9l\u00e9ph\u00e9rique du Mont Faron et  mus\u00e9e de la Seconde\u00a0Guerre mondiale\">\n                    <\/div>\n\n                    <div class=\"wp-block-related-post-inner-item-content\">\n                        \n                        <h3 class=\"wp-block-related-post-inner-item-content-title\">\n                            <a href=\"https:\/\/www.cruise-friendly.com\/fr\/destinations-cruise-friendly\/toulon\/telepherique-du-mont-faron-et-musee-de-la-seconde-guerre-mondiale\/\">T\u00e9l\u00e9ph\u00e9rique du Mont Faron et  mus\u00e9e de la Seconde\u00a0Guerre mondiale<\/a>\n                        <\/h3>\n                    <\/div>\n                <\/div>\n            \n                <div class=\"wp-block-related-post-inner-item\" data-mh data-trigger=\"wpiris-click\">\n\n                    <div class=\"wp-block-related-post-inner-item-thumbnail\">\n                        <img data-src=\"https:\/\/www.cruise-friendly.com\/fr\/wp-content\/uploads\/sites\/3\/2021\/01\/plages-du-mourillon-367x367.jpg\" alt=\"Plages du Mourillon\">\n                    <\/div>\n\n                    <div class=\"wp-block-related-post-inner-item-content\">\n                        \n                        <h3 class=\"wp-block-related-post-inner-item-content-title\">\n                            <a href=\"https:\/\/www.cruise-friendly.com\/fr\/destinations-cruise-friendly\/toulon\/places-du-mourillon\/\">Plages du Mourillon<\/a>\n                        <\/h3>\n                    <\/div>\n                <\/div>\n            \n                <div class=\"wp-block-related-post-inner-item\" data-mh data-trigger=\"wpiris-click\">\n\n                    <div class=\"wp-block-related-post-inner-item-thumbnail\">\n                        <img data-src=\"https:\/\/www.cruise-friendly.com\/fr\/wp-content\/uploads\/sites\/3\/2021\/02\/proven\u00e7al-market-1-367x367.jpg\" alt=\"March\u00e9 proven\u00e7al\">\n                    <\/div>\n\n                    <div class=\"wp-block-related-post-inner-item-content\">\n                        \n                        <h3 class=\"wp-block-related-post-inner-item-content-title\">\n                            <a href=\"https:\/\/www.cruise-friendly.com\/fr\/destinations-cruise-friendly\/toulon\/marche-provencal-quotidien\/\">March\u00e9 proven\u00e7al<\/a>\n                        <\/h3>\n                    <\/div>\n                <\/div>\n            \n                <div class=\"wp-block-related-post-inner-item\" data-mh data-trigger=\"wpiris-click\">\n\n                    <div class=\"wp-block-related-post-inner-item-thumbnail\">\n                        <img data-src=\"https:\/\/www.cruise-friendly.com\/fr\/wp-content\/uploads\/sites\/3\/2021\/02\/Rade-de-Toulon-OT-Toulon-367x367.jpg\" alt=\"Visite de la rade de Toulon en bateau\">\n                    <\/div>\n\n                    <div class=\"wp-block-related-post-inner-item-content\">\n                        \n                        <h3 class=\"wp-block-related-post-inner-item-content-title\">\n                            <a href=\"https:\/\/www.cruise-friendly.com\/fr\/destinations-cruise-friendly\/toulon\/visite-de-la-rade-de-toulon-en-bateau\/\">Visite de la rade de Toulon en bateau<\/a>\n                        <\/h3>\n                    <\/div>\n                <\/div>\n            \n                <div class=\"wp-block-related-post-inner-item\" data-mh data-trigger=\"wpiris-click\">\n\n                    <div class=\"wp-block-related-post-inner-item-thumbnail\">\n                        <img data-src=\"https:\/\/www.cruise-friendly.com\/fr\/wp-content\/uploads\/sites\/3\/2023\/07\/touristic-train-toulon-367x367.jpg\" alt=\"Petit Train touristique de Toulon\">\n                    <\/div>\n\n                    <div class=\"wp-block-related-post-inner-item-content\">\n                        \n                        <h3 class=\"wp-block-related-post-inner-item-content-title\">\n                            <a href=\"https:\/\/www.cruise-friendly.com\/fr\/destinations-cruise-friendly\/toulon\/petit-train-touristique-de-toulon\/\">Petit Train touristique de Toulon<\/a>\n                        <\/h3>\n                    <\/div>\n                <\/div>\n                    <\/div>\n    <\/div>\n<\/div>","protected":false},"excerpt":{"rendered":"<p>Bienvenue dans la plus belle et la plus s\u00fbre des rades, si\u00e8ge de la premi\u00e8re base navale d&rsquo;Europe ! Il est temps de se d\u00e9tendre et de d\u00e9couvrir nos joyaux cach\u00e9s. En ville, ne manquez pas l&rsquo;Op\u00e9ra, v\u00e9ritable \u0153uvre architecturale de l&rsquo;art haussmannien. Fl\u00e2nez sur les places anim\u00e9es au c\u0153ur de la ville : Place [&hellip;]<\/p>\n","protected":false},"author":1,"featured_media":2451,"parent":67,"menu_order":10,"comment_status":"closed","ping_status":"closed","template":"page-templates\/sit.php","meta":{"_relevanssi_hide_post":"","_relevanssi_pin_for_all":"","_relevanssi_pin_keywords":"","_relevanssi_unpin_keywords":"","_relevanssi_related_keywords":"","_relevanssi_related_include_ids":"","_relevanssi_related_exclude_ids":"","_relevanssi_related_no_append":"","_relevanssi_related_not_related":"","_relevanssi_related_posts":"245,252,247,251","_relevanssi_noindex_reason":""},"yoast_head":"<!-- This site is optimized with the Yoast SEO plugin v16.1.1 - https:\/\/yoast.com\/wordpress\/plugins\/seo\/ -->\n<meta name=\"description\" content=\"Bienvenue dans la plus belle et la plus s\u00fbre des rades, si\u00e8ge de la premi\u00e8re base navale d&#039;Europe ! Il est temps de se d\u00e9tendre et de d\u00e9couvrir nos joyaux\" \/>\n<link rel=\"canonical\" href=\"https:\/\/www.cruise-friendly.com\/fr\/destinations-cruise-friendly\/toulon\/\" \/>\n<meta property=\"og:locale\" content=\"fr_FR\" \/>\n<meta property=\"og:type\" content=\"article\" \/>\n<meta property=\"og:title\" content=\"Toulon - Cruise Friendly FR\" \/>\n<meta property=\"og:description\" content=\"Bienvenue dans la plus belle et la plus s\u00fbre des rades, si\u00e8ge de la premi\u00e8re base navale d&#039;Europe ! Il est temps de se d\u00e9tendre et de d\u00e9couvrir nos joyaux\" \/>\n<meta property=\"og:url\" content=\"https:\/\/www.cruise-friendly.com\/fr\/destinations-cruise-friendly\/toulon\/\" \/>\n<meta property=\"og:site_name\" content=\"Cruise Friendly FR\" \/>\n<meta property=\"article:modified_time\" content=\"2024-08-30T13:19:06+00:00\" \/>\n<meta property=\"og:image\" content=\"https:\/\/www.cruise-friendly.com\/fr\/wp-content\/uploads\/sites\/3\/2021\/03\/Opera-compresse.jpg\" \/>\n\t<meta property=\"og:image:width\" content=\"1920\" \/>\n\t<meta property=\"og:image:height\" content=\"1550\" \/>\n<meta name=\"twitter:card\" content=\"summary_large_image\" \/>\n<meta name=\"twitter:label1\" content=\"Dur\u00e9e de lecture est.\">\n\t<meta name=\"twitter:data1\" content=\"2 minutes\">\n<script type=\"application\/ld+json\" class=\"yoast-schema-graph\">{\"@context\":\"https:\/\/schema.org\",\"@graph\":[{\"@type\":\"WebSite\",\"@id\":\"https:\/\/www.cruise-friendly.com\/fr\/#website\",\"url\":\"https:\/\/www.cruise-friendly.com\/fr\/\",\"name\":\"Cruise Friendly FR\",\"description\":\"Nous nous effor\\u00e7ons de vous offrir la meilleure exp\\u00e9rience \\u00e0 terre lors de votre visite dans notre ville.\",\"potentialAction\":[{\"@type\":\"SearchAction\",\"target\":\"https:\/\/www.cruise-friendly.com\/fr\/?s={search_term_string}\",\"query-input\":\"required name=search_term_string\"}],\"inLanguage\":\"fr-FR\"},{\"@type\":\"ImageObject\",\"@id\":\"https:\/\/www.cruise-friendly.com\/fr\/destinations-cruise-friendly\/toulon\/#primaryimage\",\"inLanguage\":\"fr-FR\",\"url\":\"https:\/\/www.cruise-friendly.com\/fr\/wp-content\/uploads\/sites\/3\/2021\/03\/Opera-compresse.jpg\",\"contentUrl\":\"https:\/\/www.cruise-friendly.com\/fr\/wp-content\/uploads\/sites\/3\/2021\/03\/Opera-compresse.jpg\",\"width\":1920,\"height\":1550},{\"@type\":\"WebPage\",\"@id\":\"https:\/\/www.cruise-friendly.com\/fr\/destinations-cruise-friendly\/toulon\/#webpage\",\"url\":\"https:\/\/www.cruise-friendly.com\/fr\/destinations-cruise-friendly\/toulon\/\",\"name\":\"Toulon - Cruise Friendly FR\",\"isPartOf\":{\"@id\":\"https:\/\/www.cruise-friendly.com\/fr\/#website\"},\"primaryImageOfPage\":{\"@id\":\"https:\/\/www.cruise-friendly.com\/fr\/destinations-cruise-friendly\/toulon\/#primaryimage\"},\"datePublished\":\"2022-01-31T15:08:30+00:00\",\"dateModified\":\"2024-08-30T13:19:06+00:00\",\"description\":\"Bienvenue dans la plus belle et la plus s\\u00fbre des rades, si\\u00e8ge de la premi\\u00e8re base navale d'Europe ! Il est temps de se d\\u00e9tendre et de d\\u00e9couvrir nos joyaux\",\"breadcrumb\":{\"@id\":\"https:\/\/www.cruise-friendly.com\/fr\/destinations-cruise-friendly\/toulon\/#breadcrumb\"},\"inLanguage\":\"fr-FR\",\"potentialAction\":[{\"@type\":\"ReadAction\",\"target\":[\"https:\/\/www.cruise-friendly.com\/fr\/destinations-cruise-friendly\/toulon\/\"]}]},{\"@type\":\"BreadcrumbList\",\"@id\":\"https:\/\/www.cruise-friendly.com\/fr\/destinations-cruise-friendly\/toulon\/#breadcrumb\",\"itemListElement\":[{\"@type\":\"ListItem\",\"position\":1,\"item\":{\"@type\":\"WebPage\",\"@id\":\"https:\/\/www.cruise-friendly.com\/fr\/\",\"url\":\"https:\/\/www.cruise-friendly.com\/fr\/\",\"name\":\"Accueil\"}},{\"@type\":\"ListItem\",\"position\":2,\"item\":{\"@type\":\"WebPage\",\"@id\":\"https:\/\/www.cruise-friendly.com\/fr\/destinations-cruise-friendly\/\",\"url\":\"https:\/\/www.cruise-friendly.com\/fr\/destinations-cruise-friendly\/\",\"name\":\"Destinations Cruise Friendly\"}},{\"@type\":\"ListItem\",\"position\":3,\"item\":{\"@type\":\"WebPage\",\"@id\":\"https:\/\/www.cruise-friendly.com\/fr\/destinations-cruise-friendly\/toulon\/\",\"url\":\"https:\/\/www.cruise-friendly.com\/fr\/destinations-cruise-friendly\/toulon\/\",\"name\":\"Toulon\"}}]}]}<\/script>\n<!-- \/ Yoast SEO plugin. -->","_links":{"self":[{"href":"https:\/\/www.cruise-friendly.com\/fr\/wp-json\/wp\/v2\/pages\/75"}],"collection":[{"href":"https:\/\/www.cruise-friendly.com\/fr\/wp-json\/wp\/v2\/pages"}],"about":[{"href":"https:\/\/www.cruise-friendly.com\/fr\/wp-json\/wp\/v2\/types\/page"}],"author":[{"embeddable":true,"href":"https:\/\/www.cruise-friendly.com\/fr\/wp-json\/wp\/v2\/users\/1"}],"replies":[{"embeddable":true,"href":"https:\/\/www.cruise-friendly.com\/fr\/wp-json\/wp\/v2\/comments?post=75"}],"version-history":[{"count":5,"href":"https:\/\/www.cruise-friendly.com\/fr\/wp-json\/wp\/v2\/pages\/75\/revisions"}],"predecessor-version":[{"id":8206,"href":"https:\/\/www.cruise-friendly.com\/fr\/wp-json\/wp\/v2\/pages\/75\/revisions\/8206"}],"up":[{"embeddable":true,"href":"https:\/\/www.cruise-friendly.com\/fr\/wp-json\/wp\/v2\/pages\/67"}],"wp:featuredmedia":[{"embeddable":true,"href":"https:\/\/www.cruise-friendly.com\/fr\/wp-json\/wp\/v2\/media\/2451"}],"wp:attachment":[{"href":"https:\/\/www.cruise-friendly.com\/fr\/wp-json\/wp\/v2\/media?parent=75"}],"curies":[{"name":"wp","href":"https:\/\/api.w.org\/{rel}","templated":true}]}}