{"id":7756,"date":"2023-02-14T10:00:00","date_gmt":"2023-02-14T10:00:00","guid":{"rendered":"https:\/\/www.cruise-friendly.com\/fr\/?page_id=7756"},"modified":"2023-03-07T11:58:18","modified_gmt":"2023-03-07T11:58:18","slug":"la-cite-de-la-mer","status":"publish","type":"page","link":"https:\/\/www.cruise-friendly.com\/fr\/destinations-cruise-friendly\/cherbourg\/la-cite-de-la-mer\/","title":{"rendered":"La Cit\u00e9 de la Mer"},"content":{"rendered":"\n<p>La Cit\u00e9 de la Mer vous plonge dans l\u2019aventure de l\u2019homme et de la mer. Explorez le dernier territoire sauvage de la plan\u00e8te avec l\u2019Oc\u00e9an du Futur et embarquez \u00e0 bord du sous-marin Le Redoutable. Revivez les derni\u00e8res heures du Titanic et suivez les 20 derniers jours de la bataille de Normandie.<\/p>\n\n\n\n<div class=\"wp-block-buttons is-content-justification-center\">\n<div class=\"wp-block-button\"><a class=\"wp-block-button__link\" href=\"https:\/\/www.citedelamer.com\/\" style=\"border-radius:5px\" target=\"_blank\" rel=\"noreferrer noopener\">Plus d&rsquo;informations<\/a><\/div>\n<\/div>\n","protected":false},"excerpt":{"rendered":"<p>La Cit\u00e9 de la Mer vous plonge dans l\u2019aventure de l\u2019homme et de la mer. Explorez le dernier territoire sauvage de la plan\u00e8te avec l\u2019Oc\u00e9an du Futur et embarquez \u00e0 bord du sous-marin Le Redoutable. Revivez les derni\u00e8res heures du Titanic et suivez les 20 derniers jours de la bataille de Normandie.<\/p>\n","protected":false},"author":2,"featured_media":7761,"parent":7743,"menu_order":0,"comment_status":"closed","ping_status":"closed","template":"","meta":{"_relevanssi_hide_post":"","_relevanssi_pin_for_all":"","_relevanssi_pin_keywords":"","_relevanssi_unpin_keywords":"","_relevanssi_related_keywords":"","_relevanssi_related_include_ids":"","_relevanssi_related_exclude_ids":"","_relevanssi_related_no_append":"","_relevanssi_related_not_related":"","_relevanssi_related_posts":"245,521,837,847","_relevanssi_noindex_reason":""},"yoast_head":"<!-- This site is optimized with the Yoast SEO plugin v16.1.1 - https:\/\/yoast.com\/wordpress\/plugins\/seo\/ -->\n<meta name=\"description\" content=\"La Cit\u00e9 de la Mer vous plonge dans l\u2019aventure de l\u2019homme et de la mer. Explorez le dernier territoire sauvage de la plan\u00e8te avec l\u2019Oc\u00e9an du Futur et\" \/>\n<link rel=\"canonical\" href=\"https:\/\/www.cruise-friendly.com\/fr\/destinations-cruise-friendly\/cherbourg\/la-cite-de-la-mer\/\" \/>\n<meta property=\"og:locale\" content=\"fr_FR\" \/>\n<meta property=\"og:type\" content=\"article\" \/>\n<meta property=\"og:title\" content=\"La Cit\u00e9 de la Mer - Cruise Friendly FR\" \/>\n<meta property=\"og:description\" content=\"La Cit\u00e9 de la Mer vous plonge dans l\u2019aventure de l\u2019homme et de la mer. Explorez le dernier territoire sauvage de la plan\u00e8te avec l\u2019Oc\u00e9an du Futur et\" \/>\n<meta property=\"og:url\" content=\"https:\/\/www.cruise-friendly.com\/fr\/destinations-cruise-friendly\/cherbourg\/la-cite-de-la-mer\/\" \/>\n<meta property=\"og:site_name\" content=\"Cruise Friendly FR\" \/>\n<meta property=\"article:modified_time\" content=\"2023-03-07T11:58:18+00:00\" \/>\n<meta property=\"og:image\" content=\"https:\/\/www.cruise-friendly.com\/fr\/wp-content\/uploads\/sites\/3\/2022\/10\/L-OCEAN-DU-FUTUR_-AQUARIUM-ABYSSAL-\u00a9-B.Almodovar.jpg\" \/>\n\t<meta property=\"og:image:width\" content=\"1200\" \/>\n\t<meta property=\"og:image:height\" content=\"800\" \/>\n<meta name=\"twitter:card\" content=\"summary_large_image\" \/>\n<meta name=\"twitter:label1\" content=\"Dur\u00e9e de lecture est.\">\n\t<meta name=\"twitter:data1\" content=\"1 minute\">\n<script type=\"application\/ld+json\" class=\"yoast-schema-graph\">{\"@context\":\"https:\/\/schema.org\",\"@graph\":[{\"@type\":\"WebSite\",\"@id\":\"https:\/\/www.cruise-friendly.com\/fr\/#website\",\"url\":\"https:\/\/www.cruise-friendly.com\/fr\/\",\"name\":\"Cruise Friendly FR\",\"description\":\"Nous nous effor\\u00e7ons de vous offrir la meilleure exp\\u00e9rience \\u00e0 terre lors de votre visite dans notre ville.\",\"potentialAction\":[{\"@type\":\"SearchAction\",\"target\":\"https:\/\/www.cruise-friendly.com\/fr\/?s={search_term_string}\",\"query-input\":\"required name=search_term_string\"}],\"inLanguage\":\"fr-FR\"},{\"@type\":\"ImageObject\",\"@id\":\"https:\/\/www.cruise-friendly.com\/fr\/destinations-cruise-friendly\/cherbourg\/la-cite-de-la-mer\/#primaryimage\",\"inLanguage\":\"fr-FR\",\"url\":\"https:\/\/www.cruise-friendly.com\/fr\/wp-content\/uploads\/sites\/3\/2022\/10\/L-OCEAN-DU-FUTUR_-AQUARIUM-ABYSSAL-\\u00a9-B.Almodovar.jpg\",\"contentUrl\":\"https:\/\/www.cruise-friendly.com\/fr\/wp-content\/uploads\/sites\/3\/2022\/10\/L-OCEAN-DU-FUTUR_-AQUARIUM-ABYSSAL-\\u00a9-B.Almodovar.jpg\",\"width\":1200,\"height\":800,\"caption\":\"Ocean du futur Aquarium Abyssal \\u00a9B.Almodovar\"},{\"@type\":\"WebPage\",\"@id\":\"https:\/\/www.cruise-friendly.com\/fr\/destinations-cruise-friendly\/cherbourg\/la-cite-de-la-mer\/#webpage\",\"url\":\"https:\/\/www.cruise-friendly.com\/fr\/destinations-cruise-friendly\/cherbourg\/la-cite-de-la-mer\/\",\"name\":\"La Cit\\u00e9 de la Mer - Cruise Friendly FR\",\"isPartOf\":{\"@id\":\"https:\/\/www.cruise-friendly.com\/fr\/#website\"},\"primaryImageOfPage\":{\"@id\":\"https:\/\/www.cruise-friendly.com\/fr\/destinations-cruise-friendly\/cherbourg\/la-cite-de-la-mer\/#primaryimage\"},\"datePublished\":\"2023-02-14T10:00:00+00:00\",\"dateModified\":\"2023-03-07T11:58:18+00:00\",\"description\":\"La Cit\\u00e9 de la Mer vous plonge dans l\\u2019aventure de l\\u2019homme et de la mer. Explorez le dernier territoire sauvage de la plan\\u00e8te avec l\\u2019Oc\\u00e9an du Futur et\",\"breadcrumb\":{\"@id\":\"https:\/\/www.cruise-friendly.com\/fr\/destinations-cruise-friendly\/cherbourg\/la-cite-de-la-mer\/#breadcrumb\"},\"inLanguage\":\"fr-FR\",\"potentialAction\":[{\"@type\":\"ReadAction\",\"target\":[\"https:\/\/www.cruise-friendly.com\/fr\/destinations-cruise-friendly\/cherbourg\/la-cite-de-la-mer\/\"]}]},{\"@type\":\"BreadcrumbList\",\"@id\":\"https:\/\/www.cruise-friendly.com\/fr\/destinations-cruise-friendly\/cherbourg\/la-cite-de-la-mer\/#breadcrumb\",\"itemListElement\":[{\"@type\":\"ListItem\",\"position\":1,\"item\":{\"@type\":\"WebPage\",\"@id\":\"https:\/\/www.cruise-friendly.com\/fr\/\",\"url\":\"https:\/\/www.cruise-friendly.com\/fr\/\",\"name\":\"Accueil\"}},{\"@type\":\"ListItem\",\"position\":2,\"item\":{\"@type\":\"WebPage\",\"@id\":\"https:\/\/www.cruise-friendly.com\/fr\/destinations-cruise-friendly\/\",\"url\":\"https:\/\/www.cruise-friendly.com\/fr\/destinations-cruise-friendly\/\",\"name\":\"Destinations Cruise Friendly\"}},{\"@type\":\"ListItem\",\"position\":3,\"item\":{\"@type\":\"WebPage\",\"@id\":\"https:\/\/www.cruise-friendly.com\/fr\/destinations-cruise-friendly\/cherbourg\/\",\"url\":\"https:\/\/www.cruise-friendly.com\/fr\/destinations-cruise-friendly\/cherbourg\/\",\"name\":\"Cherbourg\"}},{\"@type\":\"ListItem\",\"position\":4,\"item\":{\"@type\":\"WebPage\",\"@id\":\"https:\/\/www.cruise-friendly.com\/fr\/destinations-cruise-friendly\/cherbourg\/la-cite-de-la-mer\/\",\"url\":\"https:\/\/www.cruise-friendly.com\/fr\/destinations-cruise-friendly\/cherbourg\/la-cite-de-la-mer\/\",\"name\":\"La Cit\\u00e9 de la Mer\"}}]}]}<\/script>\n<!-- \/ Yoast SEO plugin. -->","_links":{"self":[{"href":"https:\/\/www.cruise-friendly.com\/fr\/wp-json\/wp\/v2\/pages\/7756"}],"collection":[{"href":"https:\/\/www.cruise-friendly.com\/fr\/wp-json\/wp\/v2\/pages"}],"about":[{"href":"https:\/\/www.cruise-friendly.com\/fr\/wp-json\/wp\/v2\/types\/page"}],"author":[{"embeddable":true,"href":"https:\/\/www.cruise-friendly.com\/fr\/wp-json\/wp\/v2\/users\/2"}],"replies":[{"embeddable":true,"href":"https:\/\/www.cruise-friendly.com\/fr\/wp-json\/wp\/v2\/comments?post=7756"}],"version-history":[{"count":8,"href":"https:\/\/www.cruise-friendly.com\/fr\/wp-json\/wp\/v2\/pages\/7756\/revisions"}],"predecessor-version":[{"id":7863,"href":"https:\/\/www.cruise-friendly.com\/fr\/wp-json\/wp\/v2\/pages\/7756\/revisions\/7863"}],"up":[{"embeddable":true,"href":"https:\/\/www.cruise-friendly.com\/fr\/wp-json\/wp\/v2\/pages\/7743"}],"wp:featuredmedia":[{"embeddable":true,"href":"https:\/\/www.cruise-friendly.com\/fr\/wp-json\/wp\/v2\/media\/7761"}],"wp:attachment":[{"href":"https:\/\/www.cruise-friendly.com\/fr\/wp-json\/wp\/v2\/media?parent=7756"}],"curies":[{"name":"wp","href":"https:\/\/api.w.org\/{rel}","templated":true}]}}