{"id":7758,"date":"2023-02-14T10:00:00","date_gmt":"2023-02-14T10:00:00","guid":{"rendered":"https:\/\/www.cruise-friendly.com\/fr\/?page_id=7758"},"modified":"2023-03-07T12:32:15","modified_gmt":"2023-03-07T12:32:15","slug":"statue-de-napoleon","status":"publish","type":"page","link":"https:\/\/www.cruise-friendly.com\/fr\/destinations-cruise-friendly\/cherbourg\/statue-de-napoleon\/","title":{"rendered":"Statue de Napol\u00e9on"},"content":{"rendered":"\n<p>\u00c9rig\u00e9e en 1858, la statue \u00e9questre de Napol\u00e9on Ier, \u0153uvre d\u2019Armand Le V\u00e9el, est devenue au fil des ans le \u00ab&nbsp;totem&nbsp;\u00bb des Cherbourgeois. Son doigt est point\u00e9 vers le port militaire de Cherbourg dont il termina la construction, souhait\u00e9 et entam\u00e9 par Louis XVI.<\/p>\n\n\n\n<div class=\"wp-block-buttons is-content-justification-center\">\n<div class=\"wp-block-button\"><a class=\"wp-block-button__link\" href=\"https:\/\/www.varprovence-cruise.com\/fr\/equipments\/port-du-lavandou\/\" style=\"border-radius:5px\" target=\"_blank\" rel=\"noreferrer noopener\">Plus d&rsquo;informations<\/a><\/div>\n<\/div>\n","protected":false},"excerpt":{"rendered":"<p>\u00c9rig\u00e9e en 1858, la statue \u00e9questre de Napol\u00e9on Ier, \u0153uvre d\u2019Armand Le V\u00e9el, est devenue au fil des ans le \u00ab&nbsp;totem&nbsp;\u00bb des Cherbourgeois. Son doigt est point\u00e9 vers le port militaire de Cherbourg dont il termina la construction, souhait\u00e9 et entam\u00e9 par Louis XVI.<\/p>\n","protected":false},"author":2,"featured_media":7771,"parent":7743,"menu_order":0,"comment_status":"closed","ping_status":"closed","template":"","meta":{"_relevanssi_hide_post":"","_relevanssi_pin_for_all":"","_relevanssi_pin_keywords":"","_relevanssi_unpin_keywords":"","_relevanssi_related_keywords":"","_relevanssi_related_include_ids":"","_relevanssi_related_exclude_ids":"","_relevanssi_related_no_append":"","_relevanssi_related_not_related":"","_relevanssi_related_posts":"847,837,245,521","_relevanssi_noindex_reason":""},"yoast_head":"<!-- This site is optimized with the Yoast SEO plugin v16.1.1 - https:\/\/yoast.com\/wordpress\/plugins\/seo\/ -->\n<meta name=\"description\" content=\"\u00c9rig\u00e9e en 1858, la statue \u00e9questre de Napol\u00e9on Ier, \u0153uvre d\u2019Armand Le V\u00e9el, est devenue au fil des ans le \u00ab&nbsp;totem&nbsp;\u00bb des Cherbourgeois. Son doigt\" \/>\n<link rel=\"canonical\" href=\"https:\/\/www.cruise-friendly.com\/fr\/destinations-cruise-friendly\/cherbourg\/statue-de-napoleon\/\" \/>\n<meta property=\"og:locale\" content=\"fr_FR\" \/>\n<meta property=\"og:type\" content=\"article\" \/>\n<meta property=\"og:title\" content=\"Statue de Napol\u00e9on - Cruise Friendly FR\" \/>\n<meta property=\"og:description\" content=\"\u00c9rig\u00e9e en 1858, la statue \u00e9questre de Napol\u00e9on Ier, \u0153uvre d\u2019Armand Le V\u00e9el, est devenue au fil des ans le \u00ab&nbsp;totem&nbsp;\u00bb des Cherbourgeois. Son doigt\" \/>\n<meta property=\"og:url\" content=\"https:\/\/www.cruise-friendly.com\/fr\/destinations-cruise-friendly\/cherbourg\/statue-de-napoleon\/\" \/>\n<meta property=\"og:site_name\" content=\"Cruise Friendly FR\" \/>\n<meta property=\"article:modified_time\" content=\"2023-03-07T12:32:15+00:00\" \/>\n<meta property=\"og:image\" content=\"https:\/\/www.cruise-friendly.com\/fr\/wp-content\/uploads\/sites\/3\/2022\/10\/AlmodovarDiplopie_Napoleon.jpg\" \/>\n\t<meta property=\"og:image:width\" content=\"792\" \/>\n\t<meta property=\"og:image:height\" content=\"528\" \/>\n<meta name=\"twitter:card\" content=\"summary_large_image\" \/>\n<meta name=\"twitter:label1\" content=\"Dur\u00e9e de lecture est.\">\n\t<meta name=\"twitter:data1\" content=\"1 minute\">\n<script type=\"application\/ld+json\" class=\"yoast-schema-graph\">{\"@context\":\"https:\/\/schema.org\",\"@graph\":[{\"@type\":\"WebSite\",\"@id\":\"https:\/\/www.cruise-friendly.com\/fr\/#website\",\"url\":\"https:\/\/www.cruise-friendly.com\/fr\/\",\"name\":\"Cruise Friendly FR\",\"description\":\"Nous nous effor\\u00e7ons de vous offrir la meilleure exp\\u00e9rience \\u00e0 terre lors de votre visite dans notre ville.\",\"potentialAction\":[{\"@type\":\"SearchAction\",\"target\":\"https:\/\/www.cruise-friendly.com\/fr\/?s={search_term_string}\",\"query-input\":\"required name=search_term_string\"}],\"inLanguage\":\"fr-FR\"},{\"@type\":\"ImageObject\",\"@id\":\"https:\/\/www.cruise-friendly.com\/fr\/destinations-cruise-friendly\/cherbourg\/statue-de-napoleon\/#primaryimage\",\"inLanguage\":\"fr-FR\",\"url\":\"https:\/\/www.cruise-friendly.com\/fr\/wp-content\/uploads\/sites\/3\/2022\/10\/AlmodovarDiplopie_Napoleon.jpg\",\"contentUrl\":\"https:\/\/www.cruise-friendly.com\/fr\/wp-content\/uploads\/sites\/3\/2022\/10\/AlmodovarDiplopie_Napoleon.jpg\",\"width\":792,\"height\":528,\"caption\":\"Diplopie Napol\\u00e9on @Baptiste Almodovar\"},{\"@type\":\"WebPage\",\"@id\":\"https:\/\/www.cruise-friendly.com\/fr\/destinations-cruise-friendly\/cherbourg\/statue-de-napoleon\/#webpage\",\"url\":\"https:\/\/www.cruise-friendly.com\/fr\/destinations-cruise-friendly\/cherbourg\/statue-de-napoleon\/\",\"name\":\"Statue de Napol\\u00e9on - Cruise Friendly FR\",\"isPartOf\":{\"@id\":\"https:\/\/www.cruise-friendly.com\/fr\/#website\"},\"primaryImageOfPage\":{\"@id\":\"https:\/\/www.cruise-friendly.com\/fr\/destinations-cruise-friendly\/cherbourg\/statue-de-napoleon\/#primaryimage\"},\"datePublished\":\"2023-02-14T10:00:00+00:00\",\"dateModified\":\"2023-03-07T12:32:15+00:00\",\"description\":\"\\u00c9rig\\u00e9e en 1858, la statue \\u00e9questre de Napol\\u00e9on Ier, \\u0153uvre d\\u2019Armand Le V\\u00e9el, est devenue au fil des ans le \\u00ab&nbsp;totem&nbsp;\\u00bb des Cherbourgeois. Son doigt\",\"breadcrumb\":{\"@id\":\"https:\/\/www.cruise-friendly.com\/fr\/destinations-cruise-friendly\/cherbourg\/statue-de-napoleon\/#breadcrumb\"},\"inLanguage\":\"fr-FR\",\"potentialAction\":[{\"@type\":\"ReadAction\",\"target\":[\"https:\/\/www.cruise-friendly.com\/fr\/destinations-cruise-friendly\/cherbourg\/statue-de-napoleon\/\"]}]},{\"@type\":\"BreadcrumbList\",\"@id\":\"https:\/\/www.cruise-friendly.com\/fr\/destinations-cruise-friendly\/cherbourg\/statue-de-napoleon\/#breadcrumb\",\"itemListElement\":[{\"@type\":\"ListItem\",\"position\":1,\"item\":{\"@type\":\"WebPage\",\"@id\":\"https:\/\/www.cruise-friendly.com\/fr\/\",\"url\":\"https:\/\/www.cruise-friendly.com\/fr\/\",\"name\":\"Accueil\"}},{\"@type\":\"ListItem\",\"position\":2,\"item\":{\"@type\":\"WebPage\",\"@id\":\"https:\/\/www.cruise-friendly.com\/fr\/destinations-cruise-friendly\/\",\"url\":\"https:\/\/www.cruise-friendly.com\/fr\/destinations-cruise-friendly\/\",\"name\":\"Destinations Cruise Friendly\"}},{\"@type\":\"ListItem\",\"position\":3,\"item\":{\"@type\":\"WebPage\",\"@id\":\"https:\/\/www.cruise-friendly.com\/fr\/destinations-cruise-friendly\/cherbourg\/\",\"url\":\"https:\/\/www.cruise-friendly.com\/fr\/destinations-cruise-friendly\/cherbourg\/\",\"name\":\"Cherbourg\"}},{\"@type\":\"ListItem\",\"position\":4,\"item\":{\"@type\":\"WebPage\",\"@id\":\"https:\/\/www.cruise-friendly.com\/fr\/destinations-cruise-friendly\/cherbourg\/statue-de-napoleon\/\",\"url\":\"https:\/\/www.cruise-friendly.com\/fr\/destinations-cruise-friendly\/cherbourg\/statue-de-napoleon\/\",\"name\":\"Statue de Napol\\u00e9on\"}}]}]}<\/script>\n<!-- \/ Yoast SEO plugin. -->","_links":{"self":[{"href":"https:\/\/www.cruise-friendly.com\/fr\/wp-json\/wp\/v2\/pages\/7758"}],"collection":[{"href":"https:\/\/www.cruise-friendly.com\/fr\/wp-json\/wp\/v2\/pages"}],"about":[{"href":"https:\/\/www.cruise-friendly.com\/fr\/wp-json\/wp\/v2\/types\/page"}],"author":[{"embeddable":true,"href":"https:\/\/www.cruise-friendly.com\/fr\/wp-json\/wp\/v2\/users\/2"}],"replies":[{"embeddable":true,"href":"https:\/\/www.cruise-friendly.com\/fr\/wp-json\/wp\/v2\/comments?post=7758"}],"version-history":[{"count":6,"href":"https:\/\/www.cruise-friendly.com\/fr\/wp-json\/wp\/v2\/pages\/7758\/revisions"}],"predecessor-version":[{"id":7984,"href":"https:\/\/www.cruise-friendly.com\/fr\/wp-json\/wp\/v2\/pages\/7758\/revisions\/7984"}],"up":[{"embeddable":true,"href":"https:\/\/www.cruise-friendly.com\/fr\/wp-json\/wp\/v2\/pages\/7743"}],"wp:featuredmedia":[{"embeddable":true,"href":"https:\/\/www.cruise-friendly.com\/fr\/wp-json\/wp\/v2\/media\/7771"}],"wp:attachment":[{"href":"https:\/\/www.cruise-friendly.com\/fr\/wp-json\/wp\/v2\/media?parent=7758"}],"curies":[{"name":"wp","href":"https:\/\/api.w.org\/{rel}","templated":true}]}}