{"id":7760,"date":"2023-02-14T10:00:00","date_gmt":"2023-02-14T10:00:00","guid":{"rendered":"https:\/\/www.cruise-friendly.com\/fr\/?page_id=7760"},"modified":"2023-03-07T12:13:34","modified_gmt":"2023-03-07T12:13:34","slug":"parc-emmanuel-liais","status":"publish","type":"page","link":"https:\/\/www.cruise-friendly.com\/fr\/destinations-cruise-friendly\/cherbourg\/parc-emmanuel-liais\/","title":{"rendered":"Parc Emmanuel Liais"},"content":{"rendered":"\n<p>\u00c9crin de verdure au c\u0153ur de la ville, le Parc Liais regroupe un patrimoine v\u00e9g\u00e9tal surprenant et d\u00e9paysant avec des esp\u00e8ces ramen\u00e9es d\u2019Am\u00e9rique du Sud et d\u2019Asie.<\/p>\n\n\n\n<div class=\"wp-block-buttons is-content-justification-center\">\n<div class=\"wp-block-button\"><a class=\"wp-block-button__link\" href=\"https:\/\/www.encotentin.fr\/patrimoine-culturel\/parc-emmanuel-liais\/\" target=\"_blank\" rel=\"noreferrer noopener\">Plus d&rsquo;infoRMATIONS<\/a><\/div>\n<\/div>\n\n\n\n<p><\/p>\n","protected":false},"excerpt":{"rendered":"<p>\u00c9crin de verdure au c\u0153ur de la ville, le Parc Liais regroupe un patrimoine v\u00e9g\u00e9tal surprenant et d\u00e9paysant avec des esp\u00e8ces ramen\u00e9es d\u2019Am\u00e9rique du Sud et d\u2019Asie.<\/p>\n","protected":false},"author":2,"featured_media":7828,"parent":7743,"menu_order":0,"comment_status":"closed","ping_status":"closed","template":"","meta":{"_relevanssi_hide_post":"","_relevanssi_pin_for_all":"","_relevanssi_pin_keywords":"","_relevanssi_unpin_keywords":"","_relevanssi_related_keywords":"","_relevanssi_related_include_ids":"","_relevanssi_related_exclude_ids":"","_relevanssi_related_no_append":"","_relevanssi_related_not_related":"","_relevanssi_related_posts":"245,521,837,847","_relevanssi_noindex_reason":""},"yoast_head":"<!-- This site is optimized with the Yoast SEO plugin v16.1.1 - https:\/\/yoast.com\/wordpress\/plugins\/seo\/ -->\n<meta name=\"description\" content=\"\u00c9crin de verdure au c\u0153ur de la ville, le Parc Liais regroupe un patrimoine v\u00e9g\u00e9tal surprenant et d\u00e9paysant avec des esp\u00e8ces ramen\u00e9es d\u2019Am\u00e9rique du Sud et\" \/>\n<link rel=\"canonical\" href=\"https:\/\/www.cruise-friendly.com\/fr\/destinations-cruise-friendly\/cherbourg\/parc-emmanuel-liais\/\" \/>\n<meta property=\"og:locale\" content=\"fr_FR\" \/>\n<meta property=\"og:type\" content=\"article\" \/>\n<meta property=\"og:title\" content=\"Parc Emmanuel Liais - Cruise Friendly FR\" \/>\n<meta property=\"og:description\" content=\"\u00c9crin de verdure au c\u0153ur de la ville, le Parc Liais regroupe un patrimoine v\u00e9g\u00e9tal surprenant et d\u00e9paysant avec des esp\u00e8ces ramen\u00e9es d\u2019Am\u00e9rique du Sud et\" \/>\n<meta property=\"og:url\" content=\"https:\/\/www.cruise-friendly.com\/fr\/destinations-cruise-friendly\/cherbourg\/parc-emmanuel-liais\/\" \/>\n<meta property=\"og:site_name\" content=\"Cruise Friendly FR\" \/>\n<meta property=\"article:modified_time\" content=\"2023-03-07T12:13:34+00:00\" \/>\n<meta property=\"og:image\" content=\"https:\/\/www.cruise-friendly.com\/fr\/wp-content\/uploads\/sites\/3\/2023\/01\/Parc-Emmanuel-Liais-Baptiste-Almodovar.jpg\" \/>\n\t<meta property=\"og:image:width\" content=\"1200\" \/>\n\t<meta property=\"og:image:height\" content=\"800\" \/>\n<meta name=\"twitter:card\" content=\"summary_large_image\" \/>\n<meta name=\"twitter:label1\" content=\"Dur\u00e9e de lecture est.\">\n\t<meta name=\"twitter:data1\" content=\"1 minute\">\n<script type=\"application\/ld+json\" class=\"yoast-schema-graph\">{\"@context\":\"https:\/\/schema.org\",\"@graph\":[{\"@type\":\"WebSite\",\"@id\":\"https:\/\/www.cruise-friendly.com\/fr\/#website\",\"url\":\"https:\/\/www.cruise-friendly.com\/fr\/\",\"name\":\"Cruise Friendly FR\",\"description\":\"Nous nous effor\\u00e7ons de vous offrir la meilleure exp\\u00e9rience \\u00e0 terre lors de votre visite dans notre ville.\",\"potentialAction\":[{\"@type\":\"SearchAction\",\"target\":\"https:\/\/www.cruise-friendly.com\/fr\/?s={search_term_string}\",\"query-input\":\"required name=search_term_string\"}],\"inLanguage\":\"fr-FR\"},{\"@type\":\"ImageObject\",\"@id\":\"https:\/\/www.cruise-friendly.com\/fr\/destinations-cruise-friendly\/cherbourg\/parc-emmanuel-liais\/#primaryimage\",\"inLanguage\":\"fr-FR\",\"url\":\"https:\/\/www.cruise-friendly.com\/fr\/wp-content\/uploads\/sites\/3\/2023\/01\/Parc-Emmanuel-Liais-Baptiste-Almodovar.jpg\",\"contentUrl\":\"https:\/\/www.cruise-friendly.com\/fr\/wp-content\/uploads\/sites\/3\/2023\/01\/Parc-Emmanuel-Liais-Baptiste-Almodovar.jpg\",\"width\":1200,\"height\":800,\"caption\":\"Parc Emmanuel Liais, Cherbourg \/ Emmanuel Liais Park, Cherbourg \\u00a9Baptiste Almodovar\"},{\"@type\":\"WebPage\",\"@id\":\"https:\/\/www.cruise-friendly.com\/fr\/destinations-cruise-friendly\/cherbourg\/parc-emmanuel-liais\/#webpage\",\"url\":\"https:\/\/www.cruise-friendly.com\/fr\/destinations-cruise-friendly\/cherbourg\/parc-emmanuel-liais\/\",\"name\":\"Parc Emmanuel Liais - Cruise Friendly FR\",\"isPartOf\":{\"@id\":\"https:\/\/www.cruise-friendly.com\/fr\/#website\"},\"primaryImageOfPage\":{\"@id\":\"https:\/\/www.cruise-friendly.com\/fr\/destinations-cruise-friendly\/cherbourg\/parc-emmanuel-liais\/#primaryimage\"},\"datePublished\":\"2023-02-14T10:00:00+00:00\",\"dateModified\":\"2023-03-07T12:13:34+00:00\",\"description\":\"\\u00c9crin de verdure au c\\u0153ur de la ville, le Parc Liais regroupe un patrimoine v\\u00e9g\\u00e9tal surprenant et d\\u00e9paysant avec des esp\\u00e8ces ramen\\u00e9es d\\u2019Am\\u00e9rique du Sud et\",\"breadcrumb\":{\"@id\":\"https:\/\/www.cruise-friendly.com\/fr\/destinations-cruise-friendly\/cherbourg\/parc-emmanuel-liais\/#breadcrumb\"},\"inLanguage\":\"fr-FR\",\"potentialAction\":[{\"@type\":\"ReadAction\",\"target\":[\"https:\/\/www.cruise-friendly.com\/fr\/destinations-cruise-friendly\/cherbourg\/parc-emmanuel-liais\/\"]}]},{\"@type\":\"BreadcrumbList\",\"@id\":\"https:\/\/www.cruise-friendly.com\/fr\/destinations-cruise-friendly\/cherbourg\/parc-emmanuel-liais\/#breadcrumb\",\"itemListElement\":[{\"@type\":\"ListItem\",\"position\":1,\"item\":{\"@type\":\"WebPage\",\"@id\":\"https:\/\/www.cruise-friendly.com\/fr\/\",\"url\":\"https:\/\/www.cruise-friendly.com\/fr\/\",\"name\":\"Accueil\"}},{\"@type\":\"ListItem\",\"position\":2,\"item\":{\"@type\":\"WebPage\",\"@id\":\"https:\/\/www.cruise-friendly.com\/fr\/destinations-cruise-friendly\/\",\"url\":\"https:\/\/www.cruise-friendly.com\/fr\/destinations-cruise-friendly\/\",\"name\":\"Destinations Cruise Friendly\"}},{\"@type\":\"ListItem\",\"position\":3,\"item\":{\"@type\":\"WebPage\",\"@id\":\"https:\/\/www.cruise-friendly.com\/fr\/destinations-cruise-friendly\/cherbourg\/\",\"url\":\"https:\/\/www.cruise-friendly.com\/fr\/destinations-cruise-friendly\/cherbourg\/\",\"name\":\"Cherbourg\"}},{\"@type\":\"ListItem\",\"position\":4,\"item\":{\"@type\":\"WebPage\",\"@id\":\"https:\/\/www.cruise-friendly.com\/fr\/destinations-cruise-friendly\/cherbourg\/parc-emmanuel-liais\/\",\"url\":\"https:\/\/www.cruise-friendly.com\/fr\/destinations-cruise-friendly\/cherbourg\/parc-emmanuel-liais\/\",\"name\":\"Parc Emmanuel Liais\"}}]}]}<\/script>\n<!-- \/ Yoast SEO plugin. -->","_links":{"self":[{"href":"https:\/\/www.cruise-friendly.com\/fr\/wp-json\/wp\/v2\/pages\/7760"}],"collection":[{"href":"https:\/\/www.cruise-friendly.com\/fr\/wp-json\/wp\/v2\/pages"}],"about":[{"href":"https:\/\/www.cruise-friendly.com\/fr\/wp-json\/wp\/v2\/types\/page"}],"author":[{"embeddable":true,"href":"https:\/\/www.cruise-friendly.com\/fr\/wp-json\/wp\/v2\/users\/2"}],"replies":[{"embeddable":true,"href":"https:\/\/www.cruise-friendly.com\/fr\/wp-json\/wp\/v2\/comments?post=7760"}],"version-history":[{"count":6,"href":"https:\/\/www.cruise-friendly.com\/fr\/wp-json\/wp\/v2\/pages\/7760\/revisions"}],"predecessor-version":[{"id":7955,"href":"https:\/\/www.cruise-friendly.com\/fr\/wp-json\/wp\/v2\/pages\/7760\/revisions\/7955"}],"up":[{"embeddable":true,"href":"https:\/\/www.cruise-friendly.com\/fr\/wp-json\/wp\/v2\/pages\/7743"}],"wp:featuredmedia":[{"embeddable":true,"href":"https:\/\/www.cruise-friendly.com\/fr\/wp-json\/wp\/v2\/media\/7828"}],"wp:attachment":[{"href":"https:\/\/www.cruise-friendly.com\/fr\/wp-json\/wp\/v2\/media?parent=7760"}],"curies":[{"name":"wp","href":"https:\/\/api.w.org\/{rel}","templated":true}]}}