{"id":7778,"date":"2023-02-14T10:00:00","date_gmt":"2023-02-14T10:00:00","guid":{"rendered":"https:\/\/www.cruise-friendly.com\/fr\/?page_id=7778"},"modified":"2023-03-07T11:58:08","modified_gmt":"2023-03-07T11:58:08","slug":"basilique-sainte-trinite","status":"publish","type":"page","link":"https:\/\/www.cruise-friendly.com\/fr\/destinations-cruise-friendly\/cherbourg\/basilique-sainte-trinite\/","title":{"rendered":"Basilique Sainte-Trinit\u00e9"},"content":{"rendered":"\n<p>Adoss\u00e9e au rempart de la ville m\u00e9di\u00e9vale de Cherbourg, la basilique de la Trinit\u00e9 est l\u2019un des plus anciens monuments de la ville. Cet \u00e9difice gothique, inscrit aux Monuments historiques, abrite de nombreux mobiliers d\u00e9j\u00e0 class\u00e9s&nbsp;comme les bas-reliefs de la nef (danse macabre et sc\u00e8nes de la vie du Christ).<\/p>\n\n\n\n<div class=\"wp-block-buttons is-content-justification-center\">\n<div class=\"wp-block-button\"><a class=\"wp-block-button__link\" href=\"https:\/\/www.encotentin.fr\/patrimoine-culturel\/basilique-sainte-trinite\/\" target=\"_blank\" rel=\"noreferrer noopener\">Plus d&rsquo;INFORMATIONS<\/a><\/div>\n<\/div>\n","protected":false},"excerpt":{"rendered":"<p>Adoss\u00e9e au rempart de la ville m\u00e9di\u00e9vale de Cherbourg, la basilique de la Trinit\u00e9 est l\u2019un des plus anciens monuments de la ville. Cet \u00e9difice gothique, inscrit aux Monuments historiques, abrite de nombreux mobiliers d\u00e9j\u00e0 class\u00e9s&nbsp;comme les bas-reliefs de la nef (danse macabre et sc\u00e8nes de la vie du Christ).<\/p>\n","protected":false},"author":2,"featured_media":7773,"parent":7743,"menu_order":0,"comment_status":"closed","ping_status":"closed","template":"","meta":{"_relevanssi_hide_post":"","_relevanssi_pin_for_all":"","_relevanssi_pin_keywords":"","_relevanssi_unpin_keywords":"","_relevanssi_related_keywords":"","_relevanssi_related_include_ids":"","_relevanssi_related_exclude_ids":"","_relevanssi_related_no_append":"","_relevanssi_related_not_related":"","_relevanssi_related_posts":"245,521,847,837","_relevanssi_noindex_reason":""},"yoast_head":"<!-- This site is optimized with the Yoast SEO plugin v16.1.1 - https:\/\/yoast.com\/wordpress\/plugins\/seo\/ -->\n<meta name=\"description\" content=\"Adoss\u00e9e au rempart de la ville m\u00e9di\u00e9vale de Cherbourg, la basilique de la Trinit\u00e9 est l\u2019un des plus anciens monuments de la ville. Cet \u00e9difice gothique,\" \/>\n<link rel=\"canonical\" href=\"https:\/\/www.cruise-friendly.com\/fr\/destinations-cruise-friendly\/cherbourg\/basilique-sainte-trinite\/\" \/>\n<meta property=\"og:locale\" content=\"fr_FR\" \/>\n<meta property=\"og:type\" content=\"article\" \/>\n<meta property=\"og:title\" content=\"Basilique Sainte-Trinit\u00e9 - Cruise Friendly FR\" \/>\n<meta property=\"og:description\" content=\"Adoss\u00e9e au rempart de la ville m\u00e9di\u00e9vale de Cherbourg, la basilique de la Trinit\u00e9 est l\u2019un des plus anciens monuments de la ville. Cet \u00e9difice gothique,\" \/>\n<meta property=\"og:url\" content=\"https:\/\/www.cruise-friendly.com\/fr\/destinations-cruise-friendly\/cherbourg\/basilique-sainte-trinite\/\" \/>\n<meta property=\"og:site_name\" content=\"Cruise Friendly FR\" \/>\n<meta property=\"article:modified_time\" content=\"2023-03-07T11:58:08+00:00\" \/>\n<meta property=\"og:image\" content=\"https:\/\/www.cruise-friendly.com\/fr\/wp-content\/uploads\/sites\/3\/2022\/10\/Basilique-Ste-Trinite-31-Credit-photo-Marc-LEROUGE.jpg\" \/>\n\t<meta property=\"og:image:width\" content=\"800\" \/>\n\t<meta property=\"og:image:height\" content=\"533\" \/>\n<meta name=\"twitter:card\" content=\"summary_large_image\" \/>\n<meta name=\"twitter:label1\" content=\"Dur\u00e9e de lecture est.\">\n\t<meta name=\"twitter:data1\" content=\"1 minute\">\n<script type=\"application\/ld+json\" class=\"yoast-schema-graph\">{\"@context\":\"https:\/\/schema.org\",\"@graph\":[{\"@type\":\"WebSite\",\"@id\":\"https:\/\/www.cruise-friendly.com\/fr\/#website\",\"url\":\"https:\/\/www.cruise-friendly.com\/fr\/\",\"name\":\"Cruise Friendly FR\",\"description\":\"Nous nous effor\\u00e7ons de vous offrir la meilleure exp\\u00e9rience \\u00e0 terre lors de votre visite dans notre ville.\",\"potentialAction\":[{\"@type\":\"SearchAction\",\"target\":\"https:\/\/www.cruise-friendly.com\/fr\/?s={search_term_string}\",\"query-input\":\"required name=search_term_string\"}],\"inLanguage\":\"fr-FR\"},{\"@type\":\"ImageObject\",\"@id\":\"https:\/\/www.cruise-friendly.com\/fr\/destinations-cruise-friendly\/cherbourg\/basilique-sainte-trinite\/#primaryimage\",\"inLanguage\":\"fr-FR\",\"url\":\"https:\/\/www.cruise-friendly.com\/fr\/wp-content\/uploads\/sites\/3\/2022\/10\/Basilique-Ste-Trinite-31-Credit-photo-Marc-LEROUGE.jpg\",\"contentUrl\":\"https:\/\/www.cruise-friendly.com\/fr\/wp-content\/uploads\/sites\/3\/2022\/10\/Basilique-Ste-Trinite-31-Credit-photo-Marc-LEROUGE.jpg\",\"width\":800,\"height\":533,\"caption\":\"Basilique Sainte Trinit\\u00e9, Cherbourg \/ Sainte Trinit\\u00e9 Basilica, Cherbourg @Marc Lerouge\"},{\"@type\":\"WebPage\",\"@id\":\"https:\/\/www.cruise-friendly.com\/fr\/destinations-cruise-friendly\/cherbourg\/basilique-sainte-trinite\/#webpage\",\"url\":\"https:\/\/www.cruise-friendly.com\/fr\/destinations-cruise-friendly\/cherbourg\/basilique-sainte-trinite\/\",\"name\":\"Basilique Sainte-Trinit\\u00e9 - Cruise Friendly FR\",\"isPartOf\":{\"@id\":\"https:\/\/www.cruise-friendly.com\/fr\/#website\"},\"primaryImageOfPage\":{\"@id\":\"https:\/\/www.cruise-friendly.com\/fr\/destinations-cruise-friendly\/cherbourg\/basilique-sainte-trinite\/#primaryimage\"},\"datePublished\":\"2023-02-14T10:00:00+00:00\",\"dateModified\":\"2023-03-07T11:58:08+00:00\",\"description\":\"Adoss\\u00e9e au rempart de la ville m\\u00e9di\\u00e9vale de Cherbourg, la basilique de la Trinit\\u00e9 est l\\u2019un des plus anciens monuments de la ville. Cet \\u00e9difice gothique,\",\"breadcrumb\":{\"@id\":\"https:\/\/www.cruise-friendly.com\/fr\/destinations-cruise-friendly\/cherbourg\/basilique-sainte-trinite\/#breadcrumb\"},\"inLanguage\":\"fr-FR\",\"potentialAction\":[{\"@type\":\"ReadAction\",\"target\":[\"https:\/\/www.cruise-friendly.com\/fr\/destinations-cruise-friendly\/cherbourg\/basilique-sainte-trinite\/\"]}]},{\"@type\":\"BreadcrumbList\",\"@id\":\"https:\/\/www.cruise-friendly.com\/fr\/destinations-cruise-friendly\/cherbourg\/basilique-sainte-trinite\/#breadcrumb\",\"itemListElement\":[{\"@type\":\"ListItem\",\"position\":1,\"item\":{\"@type\":\"WebPage\",\"@id\":\"https:\/\/www.cruise-friendly.com\/fr\/\",\"url\":\"https:\/\/www.cruise-friendly.com\/fr\/\",\"name\":\"Accueil\"}},{\"@type\":\"ListItem\",\"position\":2,\"item\":{\"@type\":\"WebPage\",\"@id\":\"https:\/\/www.cruise-friendly.com\/fr\/destinations-cruise-friendly\/\",\"url\":\"https:\/\/www.cruise-friendly.com\/fr\/destinations-cruise-friendly\/\",\"name\":\"Destinations Cruise Friendly\"}},{\"@type\":\"ListItem\",\"position\":3,\"item\":{\"@type\":\"WebPage\",\"@id\":\"https:\/\/www.cruise-friendly.com\/fr\/destinations-cruise-friendly\/cherbourg\/\",\"url\":\"https:\/\/www.cruise-friendly.com\/fr\/destinations-cruise-friendly\/cherbourg\/\",\"name\":\"Cherbourg\"}},{\"@type\":\"ListItem\",\"position\":4,\"item\":{\"@type\":\"WebPage\",\"@id\":\"https:\/\/www.cruise-friendly.com\/fr\/destinations-cruise-friendly\/cherbourg\/basilique-sainte-trinite\/\",\"url\":\"https:\/\/www.cruise-friendly.com\/fr\/destinations-cruise-friendly\/cherbourg\/basilique-sainte-trinite\/\",\"name\":\"Basilique Sainte-Trinit\\u00e9\"}}]}]}<\/script>\n<!-- \/ Yoast SEO plugin. -->","_links":{"self":[{"href":"https:\/\/www.cruise-friendly.com\/fr\/wp-json\/wp\/v2\/pages\/7778"}],"collection":[{"href":"https:\/\/www.cruise-friendly.com\/fr\/wp-json\/wp\/v2\/pages"}],"about":[{"href":"https:\/\/www.cruise-friendly.com\/fr\/wp-json\/wp\/v2\/types\/page"}],"author":[{"embeddable":true,"href":"https:\/\/www.cruise-friendly.com\/fr\/wp-json\/wp\/v2\/users\/2"}],"replies":[{"embeddable":true,"href":"https:\/\/www.cruise-friendly.com\/fr\/wp-json\/wp\/v2\/comments?post=7778"}],"version-history":[{"count":10,"href":"https:\/\/www.cruise-friendly.com\/fr\/wp-json\/wp\/v2\/pages\/7778\/revisions"}],"predecessor-version":[{"id":7957,"href":"https:\/\/www.cruise-friendly.com\/fr\/wp-json\/wp\/v2\/pages\/7778\/revisions\/7957"}],"up":[{"embeddable":true,"href":"https:\/\/www.cruise-friendly.com\/fr\/wp-json\/wp\/v2\/pages\/7743"}],"wp:featuredmedia":[{"embeddable":true,"href":"https:\/\/www.cruise-friendly.com\/fr\/wp-json\/wp\/v2\/media\/7773"}],"wp:attachment":[{"href":"https:\/\/www.cruise-friendly.com\/fr\/wp-json\/wp\/v2\/media?parent=7778"}],"curies":[{"name":"wp","href":"https:\/\/api.w.org\/{rel}","templated":true}]}}