{"id":7780,"date":"2023-02-14T10:00:00","date_gmt":"2023-02-14T10:00:00","guid":{"rendered":"https:\/\/www.cruise-friendly.com\/fr\/?page_id=7780"},"modified":"2023-03-07T12:13:45","modified_gmt":"2023-03-07T12:13:45","slug":"parc-et-chateau-de-ravalet","status":"publish","type":"page","link":"https:\/\/www.cruise-friendly.com\/fr\/destinations-cruise-friendly\/cherbourg\/parc-et-chateau-de-ravalet\/","title":{"rendered":"Parc et Ch\u00e2teau de Ravalet"},"content":{"rendered":"\n<p>D\u00e9couvrez l\u2019histoire romanesque des enfants Ravalet dans ce ch\u00e2teau Renaissance en schiste bleu, restaur\u00e9 \u00e0 la fin du XIXe si\u00e8cle par Ren\u00e9 de Tocqueville. Visitez le parc bucolique qui s\u2019\u00e9tend sur 18 ha, ses sentiers sinueux vous conduiront au Jardin \u00e0 la Fran\u00e7aise, au Jardin Mandala et la Prairie en \u00eele.<\/p>\n\n\n\n<div class=\"wp-block-buttons is-content-justification-center\">\n<div class=\"wp-block-button\"><a class=\"wp-block-button__link\" href=\"https:\/\/www.encotentin.fr\/patrimoine-culturel\/parc-et-chateau-des-ravalet\/\" target=\"_blank\" rel=\"noreferrer noopener\">PLUS D&rsquo;INFORMATIONS<\/a><\/div>\n<\/div>\n","protected":false},"excerpt":{"rendered":"<p>D\u00e9couvrez l\u2019histoire romanesque des enfants Ravalet dans ce ch\u00e2teau Renaissance en schiste bleu, restaur\u00e9 \u00e0 la fin du XIXe si\u00e8cle par Ren\u00e9 de Tocqueville. Visitez le parc bucolique qui s\u2019\u00e9tend sur 18 ha, ses sentiers sinueux vous conduiront au Jardin \u00e0 la Fran\u00e7aise, au Jardin Mandala et la Prairie en \u00eele.<\/p>\n","protected":false},"author":2,"featured_media":7772,"parent":7743,"menu_order":0,"comment_status":"closed","ping_status":"closed","template":"","meta":{"_relevanssi_hide_post":"","_relevanssi_pin_for_all":"","_relevanssi_pin_keywords":"","_relevanssi_unpin_keywords":"","_relevanssi_related_keywords":"","_relevanssi_related_include_ids":"","_relevanssi_related_exclude_ids":"","_relevanssi_related_no_append":"","_relevanssi_related_not_related":"","_relevanssi_related_posts":"837,847,245,521","_relevanssi_noindex_reason":""},"yoast_head":"<!-- This site is optimized with the Yoast SEO plugin v16.1.1 - https:\/\/yoast.com\/wordpress\/plugins\/seo\/ -->\n<meta name=\"description\" content=\"D\u00e9couvrez l\u2019histoire romanesque des enfants Ravalet dans ce ch\u00e2teau Renaissance en schiste bleu, restaur\u00e9 \u00e0 la fin du XIXe si\u00e8cle par Ren\u00e9 de Tocqueville.\" \/>\n<link rel=\"canonical\" href=\"https:\/\/www.cruise-friendly.com\/fr\/destinations-cruise-friendly\/cherbourg\/parc-et-chateau-de-ravalet\/\" \/>\n<meta property=\"og:locale\" content=\"fr_FR\" \/>\n<meta property=\"og:type\" content=\"article\" \/>\n<meta property=\"og:title\" content=\"Parc et Ch\u00e2teau de Ravalet - Cruise Friendly FR\" \/>\n<meta property=\"og:description\" content=\"D\u00e9couvrez l\u2019histoire romanesque des enfants Ravalet dans ce ch\u00e2teau Renaissance en schiste bleu, restaur\u00e9 \u00e0 la fin du XIXe si\u00e8cle par Ren\u00e9 de Tocqueville.\" \/>\n<meta property=\"og:url\" content=\"https:\/\/www.cruise-friendly.com\/fr\/destinations-cruise-friendly\/cherbourg\/parc-et-chateau-de-ravalet\/\" \/>\n<meta property=\"og:site_name\" content=\"Cruise Friendly FR\" \/>\n<meta property=\"article:modified_time\" content=\"2023-03-07T12:13:45+00:00\" \/>\n<meta property=\"og:image\" content=\"https:\/\/www.cruise-friendly.com\/fr\/wp-content\/uploads\/sites\/3\/2022\/10\/Aymeric-PICOT_ChateauDesRavalet.jpg\" \/>\n\t<meta property=\"og:image:width\" content=\"792\" \/>\n\t<meta property=\"og:image:height\" content=\"528\" \/>\n<meta name=\"twitter:card\" content=\"summary_large_image\" \/>\n<meta name=\"twitter:label1\" content=\"Dur\u00e9e de lecture est.\">\n\t<meta name=\"twitter:data1\" content=\"1 minute\">\n<script type=\"application\/ld+json\" class=\"yoast-schema-graph\">{\"@context\":\"https:\/\/schema.org\",\"@graph\":[{\"@type\":\"WebSite\",\"@id\":\"https:\/\/www.cruise-friendly.com\/fr\/#website\",\"url\":\"https:\/\/www.cruise-friendly.com\/fr\/\",\"name\":\"Cruise Friendly FR\",\"description\":\"Nous nous effor\\u00e7ons de vous offrir la meilleure exp\\u00e9rience \\u00e0 terre lors de votre visite dans notre ville.\",\"potentialAction\":[{\"@type\":\"SearchAction\",\"target\":\"https:\/\/www.cruise-friendly.com\/fr\/?s={search_term_string}\",\"query-input\":\"required name=search_term_string\"}],\"inLanguage\":\"fr-FR\"},{\"@type\":\"ImageObject\",\"@id\":\"https:\/\/www.cruise-friendly.com\/fr\/destinations-cruise-friendly\/cherbourg\/parc-et-chateau-de-ravalet\/#primaryimage\",\"inLanguage\":\"fr-FR\",\"url\":\"https:\/\/www.cruise-friendly.com\/fr\/wp-content\/uploads\/sites\/3\/2022\/10\/Aymeric-PICOT_ChateauDesRavalet.jpg\",\"contentUrl\":\"https:\/\/www.cruise-friendly.com\/fr\/wp-content\/uploads\/sites\/3\/2022\/10\/Aymeric-PICOT_ChateauDesRavalet.jpg\",\"width\":792,\"height\":528,\"caption\":\"Ch\\u00e2teau Ravalet, Cherbourg \/ Ravalet Castle, Cherbourg \\u00a9Aymeric Picot\"},{\"@type\":\"WebPage\",\"@id\":\"https:\/\/www.cruise-friendly.com\/fr\/destinations-cruise-friendly\/cherbourg\/parc-et-chateau-de-ravalet\/#webpage\",\"url\":\"https:\/\/www.cruise-friendly.com\/fr\/destinations-cruise-friendly\/cherbourg\/parc-et-chateau-de-ravalet\/\",\"name\":\"Parc et Ch\\u00e2teau de Ravalet - Cruise Friendly FR\",\"isPartOf\":{\"@id\":\"https:\/\/www.cruise-friendly.com\/fr\/#website\"},\"primaryImageOfPage\":{\"@id\":\"https:\/\/www.cruise-friendly.com\/fr\/destinations-cruise-friendly\/cherbourg\/parc-et-chateau-de-ravalet\/#primaryimage\"},\"datePublished\":\"2023-02-14T10:00:00+00:00\",\"dateModified\":\"2023-03-07T12:13:45+00:00\",\"description\":\"D\\u00e9couvrez l\\u2019histoire romanesque des enfants Ravalet dans ce ch\\u00e2teau Renaissance en schiste bleu, restaur\\u00e9 \\u00e0 la fin du XIXe si\\u00e8cle par Ren\\u00e9 de Tocqueville.\",\"breadcrumb\":{\"@id\":\"https:\/\/www.cruise-friendly.com\/fr\/destinations-cruise-friendly\/cherbourg\/parc-et-chateau-de-ravalet\/#breadcrumb\"},\"inLanguage\":\"fr-FR\",\"potentialAction\":[{\"@type\":\"ReadAction\",\"target\":[\"https:\/\/www.cruise-friendly.com\/fr\/destinations-cruise-friendly\/cherbourg\/parc-et-chateau-de-ravalet\/\"]}]},{\"@type\":\"BreadcrumbList\",\"@id\":\"https:\/\/www.cruise-friendly.com\/fr\/destinations-cruise-friendly\/cherbourg\/parc-et-chateau-de-ravalet\/#breadcrumb\",\"itemListElement\":[{\"@type\":\"ListItem\",\"position\":1,\"item\":{\"@type\":\"WebPage\",\"@id\":\"https:\/\/www.cruise-friendly.com\/fr\/\",\"url\":\"https:\/\/www.cruise-friendly.com\/fr\/\",\"name\":\"Accueil\"}},{\"@type\":\"ListItem\",\"position\":2,\"item\":{\"@type\":\"WebPage\",\"@id\":\"https:\/\/www.cruise-friendly.com\/fr\/destinations-cruise-friendly\/\",\"url\":\"https:\/\/www.cruise-friendly.com\/fr\/destinations-cruise-friendly\/\",\"name\":\"Destinations Cruise Friendly\"}},{\"@type\":\"ListItem\",\"position\":3,\"item\":{\"@type\":\"WebPage\",\"@id\":\"https:\/\/www.cruise-friendly.com\/fr\/destinations-cruise-friendly\/cherbourg\/\",\"url\":\"https:\/\/www.cruise-friendly.com\/fr\/destinations-cruise-friendly\/cherbourg\/\",\"name\":\"Cherbourg\"}},{\"@type\":\"ListItem\",\"position\":4,\"item\":{\"@type\":\"WebPage\",\"@id\":\"https:\/\/www.cruise-friendly.com\/fr\/destinations-cruise-friendly\/cherbourg\/parc-et-chateau-de-ravalet\/\",\"url\":\"https:\/\/www.cruise-friendly.com\/fr\/destinations-cruise-friendly\/cherbourg\/parc-et-chateau-de-ravalet\/\",\"name\":\"Parc et Ch\\u00e2teau de Ravalet\"}}]}]}<\/script>\n<!-- \/ Yoast SEO plugin. -->","_links":{"self":[{"href":"https:\/\/www.cruise-friendly.com\/fr\/wp-json\/wp\/v2\/pages\/7780"}],"collection":[{"href":"https:\/\/www.cruise-friendly.com\/fr\/wp-json\/wp\/v2\/pages"}],"about":[{"href":"https:\/\/www.cruise-friendly.com\/fr\/wp-json\/wp\/v2\/types\/page"}],"author":[{"embeddable":true,"href":"https:\/\/www.cruise-friendly.com\/fr\/wp-json\/wp\/v2\/users\/2"}],"replies":[{"embeddable":true,"href":"https:\/\/www.cruise-friendly.com\/fr\/wp-json\/wp\/v2\/comments?post=7780"}],"version-history":[{"count":6,"href":"https:\/\/www.cruise-friendly.com\/fr\/wp-json\/wp\/v2\/pages\/7780\/revisions"}],"predecessor-version":[{"id":7951,"href":"https:\/\/www.cruise-friendly.com\/fr\/wp-json\/wp\/v2\/pages\/7780\/revisions\/7951"}],"up":[{"embeddable":true,"href":"https:\/\/www.cruise-friendly.com\/fr\/wp-json\/wp\/v2\/pages\/7743"}],"wp:featuredmedia":[{"embeddable":true,"href":"https:\/\/www.cruise-friendly.com\/fr\/wp-json\/wp\/v2\/media\/7772"}],"wp:attachment":[{"href":"https:\/\/www.cruise-friendly.com\/fr\/wp-json\/wp\/v2\/media?parent=7780"}],"curies":[{"name":"wp","href":"https:\/\/api.w.org\/{rel}","templated":true}]}}