{"id":82,"date":"2022-01-31T16:08:30","date_gmt":"2022-01-31T15:08:30","guid":{"rendered":"https:\/\/www.cruise-friendly.com\/fr\/saint-raphael"},"modified":"2022-07-15T09:28:49","modified_gmt":"2022-07-15T09:28:49","slug":"saint-raphael","status":"publish","type":"page","link":"https:\/\/www.cruise-friendly.com\/fr\/destinations-cruise-friendly\/saint-raphael\/","title":{"rendered":"Saint-Rapha\u00ebl"},"content":{"rendered":"\n<p>Bien connue pour son <strong>club nautique<\/strong> et sa <strong>promenade de front de mer<\/strong>, Saint Rapha\u00ebl peut s\u2019enorgueillir de 2 si\u00e8cles d\u2019histoire en tant que<strong> station baln\u00e9aire<\/strong>. Fl\u00e2nez sur le <strong>march\u00e9 proven\u00e7al<\/strong> ou les boutiques et commerces de proximit\u00e9 \u00e0 la recherche du souvenir que vous emporterez chez vous. Les <strong>boutiques partenaires Cruise Friendly<\/strong> se feront un plaisir de vous \u00e9pauler dans vos choix.<\/p>\n\n\n\n<div class=\"wp-block-columns\">\n<div class=\"wp-block-column is-vertically-aligned-center\" style=\"flex-basis:100%\">\n<div class=\"wp-block-buttons is-content-justification-center\">\n<div class=\"wp-block-button\"><a class=\"wp-block-button__link\" href=\"https:\/\/www.cruise-friendly.com\/fr\/destinations-cruise-friendly\/saint-raphael\/saint-raphael-une-station-balneaire-animee\" style=\"border-radius:5px\" target=\"_blank\" rel=\"noreferrer noopener\">Plus d&rsquo;informations<\/a><\/div>\n<\/div>\n\n\n\n<div class=\"wp-block-columns\">\n<div class=\"wp-block-column is-vertically-aligned-top\" style=\"flex-basis:100%\">\n<figure class=\"wp-block-embed is-type-video is-provider-youtube wp-block-embed-youtube wp-embed-aspect-16-9 wp-has-aspect-ratio\"><div class=\"wp-block-embed__wrapper\">\n<iframe loading=\"lazy\" title=\"Destination Saint-Rapha\u00ebl\" width=\"500\" height=\"281\" data-src=\"https:\/\/www.youtube.com\/embed\/I1hV9LnSy40?feature=oembed\" frameborder=\"0\" allow=\"accelerometer; autoplay; clipboard-write; encrypted-media; gyroscope; picture-in-picture; web-share\" referrerpolicy=\"strict-origin-when-cross-origin\" allowfullscreen><\/iframe>\n<\/div><\/figure>\n<\/div>\n<\/div>\n<\/div>\n<\/div>\n\n\n<div class=\"wp-block-related-post alignwide\">\n\n            <h2 class=\"wp-block-related-post-title text-center\">\n            Les Incontournables        <\/h2>\n    \n    <div class=\"wp-block-related-post-inner alignwide clear\">\n        <div class=\"wp-block-related-post-slider-block\">\n            \n                <div class=\"wp-block-related-post-inner-item\" data-mh data-trigger=\"wpiris-click\">\n\n                    <div class=\"wp-block-related-post-inner-item-thumbnail\">\n                        <img data-src=\"https:\/\/www.cruise-friendly.com\/fr\/wp-content\/uploads\/sites\/3\/2021\/01\/r\u00e9public-market-367x367.jpg\" alt=\"March\u00e9 alimentaire R\u00e9publique\">\n                    <\/div>\n\n                    <div class=\"wp-block-related-post-inner-item-content\">\n                        \n                        <h3 class=\"wp-block-related-post-inner-item-content-title\">\n                            <a href=\"https:\/\/www.cruise-friendly.com\/fr\/destinations-cruise-friendly\/saint-raphael\/marche-alimentaire-republique\/\">March\u00e9 alimentaire R\u00e9publique<\/a>\n                        <\/h3>\n                    <\/div>\n                <\/div>\n            \n                <div class=\"wp-block-related-post-inner-item\" data-mh data-trigger=\"wpiris-click\">\n\n                    <div class=\"wp-block-related-post-inner-item-thumbnail\">\n                        <img data-src=\"https:\/\/www.cruise-friendly.com\/fr\/wp-content\/uploads\/sites\/3\/2021\/01\/louis-de-fun\u00e8s-museum-367x367.jpg\" alt=\"Mus\u00e9e Louis de Fun\u00e8s\">\n                    <\/div>\n\n                    <div class=\"wp-block-related-post-inner-item-content\">\n                        \n                        <h3 class=\"wp-block-related-post-inner-item-content-title\">\n                            <a href=\"https:\/\/www.cruise-friendly.com\/fr\/destinations-cruise-friendly\/saint-raphael\/musee-louis-de-funes\/\">Mus\u00e9e Louis de Fun\u00e8s<\/a>\n                        <\/h3>\n                    <\/div>\n                <\/div>\n            \n                <div class=\"wp-block-related-post-inner-item\" data-mh data-trigger=\"wpiris-click\">\n\n                    <div class=\"wp-block-related-post-inner-item-thumbnail\">\n                        <img data-src=\"https:\/\/www.cruise-friendly.com\/fr\/wp-content\/uploads\/sites\/3\/2021\/01\/notre-dame-de-la-victoire-saint-rapha\u00ebl-367x367.jpg\" alt=\"Basilique Notre Dame de la Victoire\">\n                    <\/div>\n\n                    <div class=\"wp-block-related-post-inner-item-content\">\n                        \n                        <h3 class=\"wp-block-related-post-inner-item-content-title\">\n                            <a href=\"https:\/\/www.cruise-friendly.com\/fr\/destinations-cruise-friendly\/saint-raphael\/basilique-notre-dame-de-la-victoire\/\">Basilique Notre Dame de la Victoire<\/a>\n                        <\/h3>\n                    <\/div>\n                <\/div>\n            \n                <div class=\"wp-block-related-post-inner-item\" data-mh data-trigger=\"wpiris-click\">\n\n                    <div class=\"wp-block-related-post-inner-item-thumbnail\">\n                        <img data-src=\"https:\/\/www.cruise-friendly.com\/fr\/wp-content\/uploads\/sites\/3\/2021\/01\/jardin-bonaparte-367x367.jpg\" alt=\"Jardin Bonaparte\">\n                    <\/div>\n\n                    <div class=\"wp-block-related-post-inner-item-content\">\n                        \n                        <h3 class=\"wp-block-related-post-inner-item-content-title\">\n                            <a href=\"https:\/\/www.cruise-friendly.com\/fr\/destinations-cruise-friendly\/saint-raphael\/jardin-bonaparte\/\">Jardin Bonaparte<\/a>\n                        <\/h3>\n                    <\/div>\n                <\/div>\n            \n                <div class=\"wp-block-related-post-inner-item\" data-mh data-trigger=\"wpiris-click\">\n\n                    <div class=\"wp-block-related-post-inner-item-thumbnail\">\n                        <img data-src=\"https:\/\/www.cruise-friendly.com\/fr\/wp-content\/uploads\/sites\/3\/2021\/01\/landing-beach-367x367.jpg\" alt=\"Plage du d\u00e9barquement du Dramont\">\n                    <\/div>\n\n                    <div class=\"wp-block-related-post-inner-item-content\">\n                        \n                        <h3 class=\"wp-block-related-post-inner-item-content-title\">\n                            <a href=\"https:\/\/www.cruise-friendly.com\/fr\/destinations-cruise-friendly\/saint-raphael\/plage-du-debarquement-du-dramont\/\">Plage du d\u00e9barquement du Dramont<\/a>\n                        <\/h3>\n                    <\/div>\n                <\/div>\n            \n                <div class=\"wp-block-related-post-inner-item\" data-mh data-trigger=\"wpiris-click\">\n\n                    <div class=\"wp-block-related-post-inner-item-thumbnail\">\n                        <img data-src=\"https:\/\/www.cruise-friendly.com\/fr\/wp-content\/uploads\/sites\/3\/2021\/01\/musee-d-histoire-de-prehistoire-et-d-archeologie-sous-marine_799926_2-367x367.jpg\" alt=\"Mus\u00e9e d&rsquo;Histoire, de Pr\u00e9histoire &#038; d&rsquo;Arch\u00e9ologie sous marine\">\n                    <\/div>\n\n                    <div class=\"wp-block-related-post-inner-item-content\">\n                        \n                        <h3 class=\"wp-block-related-post-inner-item-content-title\">\n                            <a href=\"https:\/\/www.cruise-friendly.com\/fr\/destinations-cruise-friendly\/saint-raphael\/musee-dhistoire-de-prehistoire-darcheologie-sous-marine\/\">Mus\u00e9e d&rsquo;Histoire, de Pr\u00e9histoire &#038; d&rsquo;Arch\u00e9ologie sous marine<\/a>\n                        <\/h3>\n                    <\/div>\n                <\/div>\n            \n                <div class=\"wp-block-related-post-inner-item\" data-mh data-trigger=\"wpiris-click\">\n\n                    <div class=\"wp-block-related-post-inner-item-thumbnail\">\n                        <img data-src=\"https:\/\/www.cruise-friendly.com\/fr\/wp-content\/uploads\/sites\/3\/2021\/02\/Golf-Valescure-Copyright-P-Berlan-367x367.jpg\" alt=\"Golf de Valescure\">\n                    <\/div>\n\n                    <div class=\"wp-block-related-post-inner-item-content\">\n                        \n                        <h3 class=\"wp-block-related-post-inner-item-content-title\">\n                            <a href=\"https:\/\/www.cruise-friendly.com\/fr\/destinations-cruise-friendly\/saint-raphael\/golf-de-valescure\/\">Golf de Valescure<\/a>\n                        <\/h3>\n                    <\/div>\n                <\/div>\n            \n                <div class=\"wp-block-related-post-inner-item\" data-mh data-trigger=\"wpiris-click\">\n\n                    <div class=\"wp-block-related-post-inner-item-thumbnail\">\n                        <img data-src=\"https:\/\/www.cruise-friendly.com\/fr\/wp-content\/uploads\/sites\/3\/2021\/02\/Copyright-L.Salemi-depuis-lEst\u00e9rel--367x367.jpg\" alt=\"Massif de l&rsquo;Est\u00e9rel\">\n                    <\/div>\n\n                    <div class=\"wp-block-related-post-inner-item-content\">\n                        \n                        <h3 class=\"wp-block-related-post-inner-item-content-title\">\n                            <a href=\"https:\/\/www.cruise-friendly.com\/fr\/destinations-cruise-friendly\/saint-raphael\/massif-de-lesterel\/\">Massif de l&rsquo;Est\u00e9rel<\/a>\n                        <\/h3>\n                    <\/div>\n                <\/div>\n                    <\/div>\n    <\/div>\n<\/div>\n\n\n<p><\/p>\n","protected":false},"excerpt":{"rendered":"<p>Bien connue pour son club nautique et sa promenade de front de mer, Saint Rapha\u00ebl peut s\u2019enorgueillir de 2 si\u00e8cles d\u2019histoire en tant que station baln\u00e9aire. Fl\u00e2nez sur le march\u00e9 proven\u00e7al ou les boutiques et commerces de proximit\u00e9 \u00e0 la recherche du souvenir que vous emporterez chez vous. Les boutiques partenaires Cruise Friendly se feront [&hellip;]<\/p>\n","protected":false},"author":1,"featured_media":2133,"parent":67,"menu_order":80,"comment_status":"closed","ping_status":"closed","template":"page-templates\/sit.php","meta":{"_relevanssi_hide_post":"","_relevanssi_pin_for_all":"","_relevanssi_pin_keywords":"","_relevanssi_unpin_keywords":"","_relevanssi_related_keywords":"","_relevanssi_related_include_ids":"","_relevanssi_related_exclude_ids":"","_relevanssi_related_no_append":"","_relevanssi_related_not_related":"","_relevanssi_related_posts":"252,247,847,521,251,837","_relevanssi_noindex_reason":""},"yoast_head":"<!-- This site is optimized with the Yoast SEO plugin v16.1.1 - https:\/\/yoast.com\/wordpress\/plugins\/seo\/ -->\n<meta name=\"description\" content=\"Bien connue pour son club nautique et sa promenade de front de mer, Saint Rapha\u00ebl peut s\u2019enorgueillir de 2 si\u00e8cles d\u2019histoire en tant que station\" \/>\n<link rel=\"canonical\" href=\"https:\/\/www.cruise-friendly.com\/fr\/destinations-cruise-friendly\/saint-raphael\/\" \/>\n<meta property=\"og:locale\" content=\"fr_FR\" \/>\n<meta property=\"og:type\" content=\"article\" \/>\n<meta property=\"og:title\" content=\"Saint-Rapha\u00ebl - Cruise Friendly FR\" \/>\n<meta property=\"og:description\" content=\"Bien connue pour son club nautique et sa promenade de front de mer, Saint Rapha\u00ebl peut s\u2019enorgueillir de 2 si\u00e8cles d\u2019histoire en tant que station\" \/>\n<meta property=\"og:url\" content=\"https:\/\/www.cruise-friendly.com\/fr\/destinations-cruise-friendly\/saint-raphael\/\" \/>\n<meta property=\"og:site_name\" content=\"Cruise Friendly FR\" \/>\n<meta property=\"article:modified_time\" content=\"2022-07-15T09:28:49+00:00\" \/>\n<meta property=\"og:image\" content=\"https:\/\/www.cruise-friendly.com\/fr\/wp-content\/uploads\/sites\/3\/2021\/03\/Plage-ville-stRaph@StraphaelTourismeNicoGomez.jpg\" \/>\n\t<meta property=\"og:image:width\" content=\"1056\" \/>\n\t<meta property=\"og:image:height\" content=\"713\" \/>\n<meta name=\"twitter:card\" content=\"summary_large_image\" \/>\n<meta name=\"twitter:label1\" content=\"Dur\u00e9e de lecture est.\">\n\t<meta name=\"twitter:data1\" content=\"1 minute\">\n<script type=\"application\/ld+json\" class=\"yoast-schema-graph\">{\"@context\":\"https:\/\/schema.org\",\"@graph\":[{\"@type\":\"WebSite\",\"@id\":\"https:\/\/www.cruise-friendly.com\/fr\/#website\",\"url\":\"https:\/\/www.cruise-friendly.com\/fr\/\",\"name\":\"Cruise Friendly FR\",\"description\":\"Nous nous effor\\u00e7ons de vous offrir la meilleure exp\\u00e9rience \\u00e0 terre lors de votre visite dans notre ville.\",\"potentialAction\":[{\"@type\":\"SearchAction\",\"target\":\"https:\/\/www.cruise-friendly.com\/fr\/?s={search_term_string}\",\"query-input\":\"required name=search_term_string\"}],\"inLanguage\":\"fr-FR\"},{\"@type\":\"ImageObject\",\"@id\":\"https:\/\/www.cruise-friendly.com\/fr\/destinations-cruise-friendly\/saint-raphael\/#primaryimage\",\"inLanguage\":\"fr-FR\",\"url\":\"https:\/\/www.cruise-friendly.com\/fr\/wp-content\/uploads\/sites\/3\/2021\/03\/Plage-ville-stRaph@StraphaelTourismeNicoGomez.jpg\",\"contentUrl\":\"https:\/\/www.cruise-friendly.com\/fr\/wp-content\/uploads\/sites\/3\/2021\/03\/Plage-ville-stRaph@StraphaelTourismeNicoGomez.jpg\",\"width\":1056,\"height\":713},{\"@type\":\"WebPage\",\"@id\":\"https:\/\/www.cruise-friendly.com\/fr\/destinations-cruise-friendly\/saint-raphael\/#webpage\",\"url\":\"https:\/\/www.cruise-friendly.com\/fr\/destinations-cruise-friendly\/saint-raphael\/\",\"name\":\"Saint-Rapha\\u00ebl - Cruise Friendly FR\",\"isPartOf\":{\"@id\":\"https:\/\/www.cruise-friendly.com\/fr\/#website\"},\"primaryImageOfPage\":{\"@id\":\"https:\/\/www.cruise-friendly.com\/fr\/destinations-cruise-friendly\/saint-raphael\/#primaryimage\"},\"datePublished\":\"2022-01-31T15:08:30+00:00\",\"dateModified\":\"2022-07-15T09:28:49+00:00\",\"description\":\"Bien connue pour son club nautique et sa promenade de front de mer, Saint Rapha\\u00ebl peut s\\u2019enorgueillir de 2 si\\u00e8cles d\\u2019histoire en tant que station\",\"breadcrumb\":{\"@id\":\"https:\/\/www.cruise-friendly.com\/fr\/destinations-cruise-friendly\/saint-raphael\/#breadcrumb\"},\"inLanguage\":\"fr-FR\",\"potentialAction\":[{\"@type\":\"ReadAction\",\"target\":[\"https:\/\/www.cruise-friendly.com\/fr\/destinations-cruise-friendly\/saint-raphael\/\"]}]},{\"@type\":\"BreadcrumbList\",\"@id\":\"https:\/\/www.cruise-friendly.com\/fr\/destinations-cruise-friendly\/saint-raphael\/#breadcrumb\",\"itemListElement\":[{\"@type\":\"ListItem\",\"position\":1,\"item\":{\"@type\":\"WebPage\",\"@id\":\"https:\/\/www.cruise-friendly.com\/fr\/\",\"url\":\"https:\/\/www.cruise-friendly.com\/fr\/\",\"name\":\"Accueil\"}},{\"@type\":\"ListItem\",\"position\":2,\"item\":{\"@type\":\"WebPage\",\"@id\":\"https:\/\/www.cruise-friendly.com\/fr\/destinations-cruise-friendly\/\",\"url\":\"https:\/\/www.cruise-friendly.com\/fr\/destinations-cruise-friendly\/\",\"name\":\"Destinations Cruise Friendly\"}},{\"@type\":\"ListItem\",\"position\":3,\"item\":{\"@type\":\"WebPage\",\"@id\":\"https:\/\/www.cruise-friendly.com\/fr\/destinations-cruise-friendly\/saint-raphael\/\",\"url\":\"https:\/\/www.cruise-friendly.com\/fr\/destinations-cruise-friendly\/saint-raphael\/\",\"name\":\"Saint-Rapha\\u00ebl\"}}]}]}<\/script>\n<!-- \/ Yoast SEO plugin. -->","_links":{"self":[{"href":"https:\/\/www.cruise-friendly.com\/fr\/wp-json\/wp\/v2\/pages\/82"}],"collection":[{"href":"https:\/\/www.cruise-friendly.com\/fr\/wp-json\/wp\/v2\/pages"}],"about":[{"href":"https:\/\/www.cruise-friendly.com\/fr\/wp-json\/wp\/v2\/types\/page"}],"author":[{"embeddable":true,"href":"https:\/\/www.cruise-friendly.com\/fr\/wp-json\/wp\/v2\/users\/1"}],"replies":[{"embeddable":true,"href":"https:\/\/www.cruise-friendly.com\/fr\/wp-json\/wp\/v2\/comments?post=82"}],"version-history":[{"count":4,"href":"https:\/\/www.cruise-friendly.com\/fr\/wp-json\/wp\/v2\/pages\/82\/revisions"}],"predecessor-version":[{"id":8790,"href":"https:\/\/www.cruise-friendly.com\/fr\/wp-json\/wp\/v2\/pages\/82\/revisions\/8790"}],"up":[{"embeddable":true,"href":"https:\/\/www.cruise-friendly.com\/fr\/wp-json\/wp\/v2\/pages\/67"}],"wp:featuredmedia":[{"embeddable":true,"href":"https:\/\/www.cruise-friendly.com\/fr\/wp-json\/wp\/v2\/media\/2133"}],"wp:attachment":[{"href":"https:\/\/www.cruise-friendly.com\/fr\/wp-json\/wp\/v2\/media?parent=82"}],"curies":[{"name":"wp","href":"https:\/\/api.w.org\/{rel}","templated":true}]}}