{"id":8653,"date":"2024-07-05T09:09:44","date_gmt":"2024-07-05T09:09:44","guid":{"rendered":"https:\/\/www.cruise-friendly.com\/fr\/?page_id=8653"},"modified":"2024-08-30T13:59:01","modified_gmt":"2024-08-30T13:59:01","slug":"saint-tropez","status":"publish","type":"page","link":"https:\/\/www.cruise-friendly.com\/fr\/destinations-cruise-friendly\/saint-tropez\/","title":{"rendered":"Saint-Tropez"},"content":{"rendered":"\n<p>Saint-Tropez, c&rsquo;est \u00e0 la fois la Provence et la C\u00f4te d&rsquo;Azur, destination de r\u00eave o\u00f9 l&rsquo;on trouve le meilleur de la lumi\u00e8re, des couleurs et des traditions proven\u00e7ales, ainsi qu&rsquo;un art de vivre chic, d\u00e9contract\u00e9 et tr\u00e9pidant, propre au littoral m\u00e9diterran\u00e9en.<\/p>\n\n\n\n<p class=\"is-style-default\">Que vous y veniez seul, en couple, en famille ou entre amis, Saint-Tropez saura toujours vous \u00e9merveiller et vous proposer, dans un p\u00e9rim\u00e8tre \u00e0 taille humaine, des activit\u00e9s \u00e0 la hauteur de vos envies : farniente sur la plage, cocooning dans les spas des plus beaux h\u00f4tels, vir\u00e9es shopping, d\u00e9couvertes culturelles, saveurs concoct\u00e9es par les meilleurs chefs ou f\u00eates jusqu&rsquo;au bout de la nuit.<\/p>\n\n\n\n<p>Entre le port, la place des Lices et l\u2019ancienne gendarmerie, bat le c\u0153ur d\u2019une destination \u00e0 nulle autre pareille, regroupant un patrimoine exceptionnel tant architectural que naturel, une myriade de commerces qui en font l\u2019un des hauts lieux du shopping sur la C\u00f4te d\u2019Azur, des mus\u00e9es et de tr\u00e8s nombreuses galeries d\u2019art ainsi, bien s\u00fbr, qu\u2019une multitude de restaurants et de caf\u00e9s pour passer des moments inoubliables.<\/p>\n\n\n\n<figure class=\"wp-block-embed is-type-video is-provider-youtube wp-block-embed-youtube wp-embed-aspect-16-9 wp-has-aspect-ratio\"><div class=\"wp-block-embed__wrapper\">\n<iframe loading=\"lazy\" title=\"Official Secret Saint Tropez video\" width=\"500\" height=\"281\" data-src=\"https:\/\/www.youtube.com\/embed\/KhXUNQa7f9g?feature=oembed\" frameborder=\"0\" allow=\"accelerometer; autoplay; clipboard-write; encrypted-media; gyroscope; picture-in-picture; web-share\" referrerpolicy=\"strict-origin-when-cross-origin\" allowfullscreen><\/iframe>\n<\/div><\/figure>\n\n\n<div class=\"wp-block-related-post alignwide\">\n\n            <h2 class=\"wp-block-related-post-title text-center\">\n            Les Incontournables        <\/h2>\n    \n    <div class=\"wp-block-related-post-inner alignwide clear\">\n        <div class=\"wp-block-related-post-slider-block\">\n            \n                <div class=\"wp-block-related-post-inner-item\" data-mh data-trigger=\"wpiris-click\">\n\n                    <div class=\"wp-block-related-post-inner-item-thumbnail\">\n                        <img data-src=\"https:\/\/www.cruise-friendly.com\/fr\/wp-content\/uploads\/sites\/3\/2024\/07\/Annonciade-GVoiturier-367x367.jpg\" alt=\"L&rsquo;Annonciade\">\n                    <\/div>\n\n                    <div class=\"wp-block-related-post-inner-item-content\">\n                        \n                        <h3 class=\"wp-block-related-post-inner-item-content-title\">\n                            <a href=\"https:\/\/www.cruise-friendly.com\/fr\/lannonciade\/\">L&rsquo;Annonciade<\/a>\n                        <\/h3>\n                    <\/div>\n                <\/div>\n            \n                <div class=\"wp-block-related-post-inner-item\" data-mh data-trigger=\"wpiris-click\">\n\n                    <div class=\"wp-block-related-post-inner-item-thumbnail\">\n                        <img data-src=\"https:\/\/www.cruise-friendly.com\/fr\/wp-content\/uploads\/sites\/3\/2024\/07\/EgliseParoissiale-PFluche\u0300re-367x367.jpg\" alt=\"L&rsquo;\u00e9glise paroissiale\">\n                    <\/div>\n\n                    <div class=\"wp-block-related-post-inner-item-content\">\n                        \n                        <h3 class=\"wp-block-related-post-inner-item-content-title\">\n                            <a href=\"https:\/\/www.cruise-friendly.com\/fr\/leglise-paroissiale\/\">L&rsquo;\u00e9glise paroissiale<\/a>\n                        <\/h3>\n                    <\/div>\n                <\/div>\n            \n                <div class=\"wp-block-related-post-inner-item\" data-mh data-trigger=\"wpiris-click\">\n\n                    <div class=\"wp-block-related-post-inner-item-thumbnail\">\n                        <img data-src=\"https:\/\/www.cruise-friendly.com\/fr\/wp-content\/uploads\/sites\/3\/2022\/01\/LOGO_CRUISE_FRIENDLY-2-367x367.jpg\" alt=\"La chapelle de la Mis\u00e9ricorde\">\n                    <\/div>\n\n                    <div class=\"wp-block-related-post-inner-item-content\">\n                        \n                        <h3 class=\"wp-block-related-post-inner-item-content-title\">\n                            <a href=\"https:\/\/www.cruise-friendly.com\/fr\/la-chapelle-de-la-misericorde\/\">La chapelle de la Mis\u00e9ricorde<\/a>\n                        <\/h3>\n                    <\/div>\n                <\/div>\n            \n                <div class=\"wp-block-related-post-inner-item\" data-mh data-trigger=\"wpiris-click\">\n\n                    <div class=\"wp-block-related-post-inner-item-thumbnail\">\n                        <img data-src=\"https:\/\/www.cruise-friendly.com\/fr\/wp-content\/uploads\/sites\/3\/2024\/07\/citadelle-JLChaix-367x367.jpg\" alt=\"La citadelle\">\n                    <\/div>\n\n                    <div class=\"wp-block-related-post-inner-item-content\">\n                        \n                        <h3 class=\"wp-block-related-post-inner-item-content-title\">\n                            <a href=\"https:\/\/www.cruise-friendly.com\/fr\/la-citadelle\/\">La citadelle<\/a>\n                        <\/h3>\n                    <\/div>\n                <\/div>\n            \n                <div class=\"wp-block-related-post-inner-item\" data-mh data-trigger=\"wpiris-click\">\n\n                    <div class=\"wp-block-related-post-inner-item-thumbnail\">\n                        <img data-src=\"https:\/\/www.cruise-friendly.com\/fr\/wp-content\/uploads\/sites\/3\/2024\/07\/papillons-GVoiturier-367x367.jpg\" alt=\"La Maison des Papillons\">\n                    <\/div>\n\n                    <div class=\"wp-block-related-post-inner-item-content\">\n                        \n                        <h3 class=\"wp-block-related-post-inner-item-content-title\">\n                            <a href=\"https:\/\/www.cruise-friendly.com\/fr\/la-maison-des-papillons\/\">La Maison des Papillons<\/a>\n                        <\/h3>\n                    <\/div>\n                <\/div>\n            \n                <div class=\"wp-block-related-post-inner-item\" data-mh data-trigger=\"wpiris-click\">\n\n                    <div class=\"wp-block-related-post-inner-item-thumbnail\">\n                        <img data-src=\"https:\/\/www.cruise-friendly.com\/fr\/wp-content\/uploads\/sites\/3\/2024\/07\/placedeslices-JLChaix-367x367.jpg\" alt=\"La Place des Lices\">\n                    <\/div>\n\n                    <div class=\"wp-block-related-post-inner-item-content\">\n                        \n                        <h3 class=\"wp-block-related-post-inner-item-content-title\">\n                            <a href=\"https:\/\/www.cruise-friendly.com\/fr\/la-place-des-lices\/\">La Place des Lices<\/a>\n                        <\/h3>\n                    <\/div>\n                <\/div>\n            \n                <div class=\"wp-block-related-post-inner-item\" data-mh data-trigger=\"wpiris-click\">\n\n                    <div class=\"wp-block-related-post-inner-item-thumbnail\">\n                        <img data-src=\"https:\/\/www.cruise-friendly.com\/fr\/wp-content\/uploads\/sites\/3\/2024\/07\/statueBB-OT-367x367.jpg\" alt=\"La statue de Brigitte Bardot\">\n                    <\/div>\n\n                    <div class=\"wp-block-related-post-inner-item-content\">\n                        \n                        <h3 class=\"wp-block-related-post-inner-item-content-title\">\n                            <a href=\"https:\/\/www.cruise-friendly.com\/fr\/la-statue-de-brigitte-bardot\/\">La statue de Brigitte Bardot<\/a>\n                        <\/h3>\n                    <\/div>\n                <\/div>\n                    <\/div>\n    <\/div>\n<\/div>","protected":false},"excerpt":{"rendered":"<p>Saint-Tropez, c&rsquo;est \u00e0 la fois la Provence et la C\u00f4te d&rsquo;Azur, destination de r\u00eave o\u00f9 l&rsquo;on trouve le meilleur de la lumi\u00e8re, des couleurs et des traditions proven\u00e7ales, ainsi qu&rsquo;un art de vivre chic, d\u00e9contract\u00e9 et tr\u00e9pidant, propre au littoral m\u00e9diterran\u00e9en. Que vous y veniez seul, en couple, en famille ou entre amis, Saint-Tropez saura [&hellip;]<\/p>\n","protected":false},"author":2,"featured_media":8656,"parent":67,"menu_order":0,"comment_status":"closed","ping_status":"closed","template":"page-templates\/sit.php","meta":{"_relevanssi_hide_post":"","_relevanssi_pin_for_all":"","_relevanssi_pin_keywords":"","_relevanssi_unpin_keywords":"","_relevanssi_related_keywords":"","_relevanssi_related_include_ids":"","_relevanssi_related_exclude_ids":"","_relevanssi_related_no_append":"","_relevanssi_related_not_related":"","_relevanssi_related_posts":"847,245,521,837","_relevanssi_noindex_reason":""},"yoast_head":"<!-- This site is optimized with the Yoast SEO plugin v16.1.1 - https:\/\/yoast.com\/wordpress\/plugins\/seo\/ -->\n<meta name=\"description\" content=\"Saint-Tropez, c&#039;est \u00e0 la fois la Provence et la C\u00f4te d&#039;Azur, destination de r\u00eave o\u00f9 l&#039;on trouve le meilleur de la lumi\u00e8re, des couleurs et des traditions\" \/>\n<link rel=\"canonical\" href=\"https:\/\/www.cruise-friendly.com\/fr\/destinations-cruise-friendly\/saint-tropez\/\" \/>\n<meta property=\"og:locale\" content=\"fr_FR\" \/>\n<meta property=\"og:type\" content=\"article\" \/>\n<meta property=\"og:title\" content=\"Saint-Tropez - Cruise Friendly FR\" \/>\n<meta property=\"og:description\" content=\"Saint-Tropez, c&#039;est \u00e0 la fois la Provence et la C\u00f4te d&#039;Azur, destination de r\u00eave o\u00f9 l&#039;on trouve le meilleur de la lumi\u00e8re, des couleurs et des traditions\" \/>\n<meta property=\"og:url\" content=\"https:\/\/www.cruise-friendly.com\/fr\/destinations-cruise-friendly\/saint-tropez\/\" \/>\n<meta property=\"og:site_name\" content=\"Cruise Friendly FR\" \/>\n<meta property=\"article:modified_time\" content=\"2024-08-30T13:59:01+00:00\" \/>\n<meta property=\"og:image\" content=\"https:\/\/www.cruise-friendly.com\/fr\/wp-content\/uploads\/sites\/3\/2024\/07\/Port-c-JL-Chaix.jpg\" \/>\n\t<meta property=\"og:image:width\" content=\"1600\" \/>\n\t<meta property=\"og:image:height\" content=\"730\" \/>\n<meta name=\"twitter:card\" content=\"summary_large_image\" \/>\n<meta name=\"twitter:label1\" content=\"Dur\u00e9e de lecture est.\">\n\t<meta name=\"twitter:data1\" content=\"1 minute\">\n<script type=\"application\/ld+json\" class=\"yoast-schema-graph\">{\"@context\":\"https:\/\/schema.org\",\"@graph\":[{\"@type\":\"WebSite\",\"@id\":\"https:\/\/www.cruise-friendly.com\/fr\/#website\",\"url\":\"https:\/\/www.cruise-friendly.com\/fr\/\",\"name\":\"Cruise Friendly FR\",\"description\":\"Nous nous effor\\u00e7ons de vous offrir la meilleure exp\\u00e9rience \\u00e0 terre lors de votre visite dans notre ville.\",\"potentialAction\":[{\"@type\":\"SearchAction\",\"target\":\"https:\/\/www.cruise-friendly.com\/fr\/?s={search_term_string}\",\"query-input\":\"required name=search_term_string\"}],\"inLanguage\":\"fr-FR\"},{\"@type\":\"ImageObject\",\"@id\":\"https:\/\/www.cruise-friendly.com\/fr\/destinations-cruise-friendly\/saint-tropez\/#primaryimage\",\"inLanguage\":\"fr-FR\",\"url\":\"https:\/\/www.cruise-friendly.com\/fr\/wp-content\/uploads\/sites\/3\/2024\/07\/Port-c-JL-Chaix.jpg\",\"contentUrl\":\"https:\/\/www.cruise-friendly.com\/fr\/wp-content\/uploads\/sites\/3\/2024\/07\/Port-c-JL-Chaix.jpg\",\"width\":1600,\"height\":730},{\"@type\":\"WebPage\",\"@id\":\"https:\/\/www.cruise-friendly.com\/fr\/destinations-cruise-friendly\/saint-tropez\/#webpage\",\"url\":\"https:\/\/www.cruise-friendly.com\/fr\/destinations-cruise-friendly\/saint-tropez\/\",\"name\":\"Saint-Tropez - Cruise Friendly FR\",\"isPartOf\":{\"@id\":\"https:\/\/www.cruise-friendly.com\/fr\/#website\"},\"primaryImageOfPage\":{\"@id\":\"https:\/\/www.cruise-friendly.com\/fr\/destinations-cruise-friendly\/saint-tropez\/#primaryimage\"},\"datePublished\":\"2024-07-05T09:09:44+00:00\",\"dateModified\":\"2024-08-30T13:59:01+00:00\",\"description\":\"Saint-Tropez, c'est \\u00e0 la fois la Provence et la C\\u00f4te d'Azur, destination de r\\u00eave o\\u00f9 l'on trouve le meilleur de la lumi\\u00e8re, des couleurs et des traditions\",\"breadcrumb\":{\"@id\":\"https:\/\/www.cruise-friendly.com\/fr\/destinations-cruise-friendly\/saint-tropez\/#breadcrumb\"},\"inLanguage\":\"fr-FR\",\"potentialAction\":[{\"@type\":\"ReadAction\",\"target\":[\"https:\/\/www.cruise-friendly.com\/fr\/destinations-cruise-friendly\/saint-tropez\/\"]}]},{\"@type\":\"BreadcrumbList\",\"@id\":\"https:\/\/www.cruise-friendly.com\/fr\/destinations-cruise-friendly\/saint-tropez\/#breadcrumb\",\"itemListElement\":[{\"@type\":\"ListItem\",\"position\":1,\"item\":{\"@type\":\"WebPage\",\"@id\":\"https:\/\/www.cruise-friendly.com\/fr\/\",\"url\":\"https:\/\/www.cruise-friendly.com\/fr\/\",\"name\":\"Accueil\"}},{\"@type\":\"ListItem\",\"position\":2,\"item\":{\"@type\":\"WebPage\",\"@id\":\"https:\/\/www.cruise-friendly.com\/fr\/destinations-cruise-friendly\/\",\"url\":\"https:\/\/www.cruise-friendly.com\/fr\/destinations-cruise-friendly\/\",\"name\":\"Destinations Cruise Friendly\"}},{\"@type\":\"ListItem\",\"position\":3,\"item\":{\"@type\":\"WebPage\",\"@id\":\"https:\/\/www.cruise-friendly.com\/fr\/destinations-cruise-friendly\/saint-tropez\/\",\"url\":\"https:\/\/www.cruise-friendly.com\/fr\/destinations-cruise-friendly\/saint-tropez\/\",\"name\":\"Saint-Tropez\"}}]}]}<\/script>\n<!-- \/ Yoast SEO plugin. -->","_links":{"self":[{"href":"https:\/\/www.cruise-friendly.com\/fr\/wp-json\/wp\/v2\/pages\/8653"}],"collection":[{"href":"https:\/\/www.cruise-friendly.com\/fr\/wp-json\/wp\/v2\/pages"}],"about":[{"href":"https:\/\/www.cruise-friendly.com\/fr\/wp-json\/wp\/v2\/types\/page"}],"author":[{"embeddable":true,"href":"https:\/\/www.cruise-friendly.com\/fr\/wp-json\/wp\/v2\/users\/2"}],"replies":[{"embeddable":true,"href":"https:\/\/www.cruise-friendly.com\/fr\/wp-json\/wp\/v2\/comments?post=8653"}],"version-history":[{"count":9,"href":"https:\/\/www.cruise-friendly.com\/fr\/wp-json\/wp\/v2\/pages\/8653\/revisions"}],"predecessor-version":[{"id":8794,"href":"https:\/\/www.cruise-friendly.com\/fr\/wp-json\/wp\/v2\/pages\/8653\/revisions\/8794"}],"up":[{"embeddable":true,"href":"https:\/\/www.cruise-friendly.com\/fr\/wp-json\/wp\/v2\/pages\/67"}],"wp:featuredmedia":[{"embeddable":true,"href":"https:\/\/www.cruise-friendly.com\/fr\/wp-json\/wp\/v2\/media\/8656"}],"wp:attachment":[{"href":"https:\/\/www.cruise-friendly.com\/fr\/wp-json\/wp\/v2\/media?parent=8653"}],"curies":[{"name":"wp","href":"https:\/\/api.w.org\/{rel}","templated":true}]}}