{"id":8657,"date":"2024-07-05T08:56:18","date_gmt":"2024-07-05T08:56:18","guid":{"rendered":"https:\/\/www.cruise-friendly.com\/fr\/?page_id=8657"},"modified":"2024-07-05T08:56:19","modified_gmt":"2024-07-05T08:56:19","slug":"leglise-paroissiale","status":"publish","type":"page","link":"https:\/\/www.cruise-friendly.com\/fr\/leglise-paroissiale\/","title":{"rendered":"L&rsquo;\u00e9glise paroissiale"},"content":{"rendered":"\n<p>L&rsquo;\u00e9glise paroissiale Notre-Dame de l&rsquo;Assomption de Saint-Tropez se situe au c\u0153ur de la vieille ville, \u00e0 deux pas du port.<\/p>\n\n\n\n<p>Construite au XVIIe si\u00e8cle dans un style baroque italien, elle est reconnaissable \u00e0 son clocher de couleur ocre et jaune surmont\u00e9 d&rsquo;un campanile, v\u00e9ritable symbole de la cit\u00e9. L&rsquo;int\u00e9rieur, lumineux et d\u00e9cor\u00e9 de fresques et de dorures, abrite un remarquable orgue datant du XVIIIe si\u00e8cle, qui contribue \u00e0 la splendeur des c\u00e9l\u00e9brations liturgiques. Ce lieu de culte, embl\u00e9matique de Saint-Tropez, est \u00e0 la fois un t\u00e9moignage historique et un joyau architectural.<\/p>\n\n\n\n<div class=\"wp-block-buttons is-content-justification-center\">\n<div class=\"wp-block-button\"><a class=\"wp-block-button__link\">PLUS D&rsquo;INFORMATIONS<\/a><\/div>\n<\/div>\n","protected":false},"excerpt":{"rendered":"<p>L&rsquo;\u00e9glise paroissiale Notre-Dame de l&rsquo;Assomption de Saint-Tropez se situe au c\u0153ur de la vieille ville, \u00e0 deux pas du port. Construite au XVIIe si\u00e8cle dans un style baroque italien, elle est reconnaissable \u00e0 son clocher de couleur ocre et jaune surmont\u00e9 d&rsquo;un campanile, v\u00e9ritable symbole de la cit\u00e9. L&rsquo;int\u00e9rieur, lumineux et d\u00e9cor\u00e9 de fresques et [&hellip;]<\/p>\n","protected":false},"author":2,"featured_media":8683,"parent":0,"menu_order":0,"comment_status":"closed","ping_status":"closed","template":"","meta":{"_relevanssi_hide_post":"","_relevanssi_pin_for_all":"","_relevanssi_pin_keywords":"","_relevanssi_unpin_keywords":"","_relevanssi_related_keywords":"","_relevanssi_related_include_ids":"","_relevanssi_related_exclude_ids":"","_relevanssi_related_no_append":"","_relevanssi_related_not_related":"","_relevanssi_related_posts":"521,847,837,245","_relevanssi_noindex_reason":""},"yoast_head":"<!-- This site is optimized with the Yoast SEO plugin v16.1.1 - https:\/\/yoast.com\/wordpress\/plugins\/seo\/ -->\n<meta name=\"description\" content=\"L&#039;\u00e9glise paroissiale Notre-Dame de l&#039;Assomption de Saint-Tropez se situe au c\u0153ur de la vieille ville, \u00e0 deux pas du port. Construite au XVIIe si\u00e8cle dans\" \/>\n<link rel=\"canonical\" href=\"https:\/\/www.cruise-friendly.com\/fr\/leglise-paroissiale\/\" \/>\n<meta property=\"og:locale\" content=\"fr_FR\" \/>\n<meta property=\"og:type\" content=\"article\" \/>\n<meta property=\"og:title\" content=\"L&#039;\u00e9glise paroissiale - Cruise Friendly FR\" \/>\n<meta property=\"og:description\" content=\"L&#039;\u00e9glise paroissiale Notre-Dame de l&#039;Assomption de Saint-Tropez se situe au c\u0153ur de la vieille ville, \u00e0 deux pas du port. Construite au XVIIe si\u00e8cle dans\" \/>\n<meta property=\"og:url\" content=\"https:\/\/www.cruise-friendly.com\/fr\/leglise-paroissiale\/\" \/>\n<meta property=\"og:site_name\" content=\"Cruise Friendly FR\" \/>\n<meta property=\"article:modified_time\" content=\"2024-07-05T08:56:19+00:00\" \/>\n<meta property=\"og:image\" content=\"https:\/\/www.cruise-friendly.com\/fr\/wp-content\/uploads\/sites\/3\/2024\/07\/EgliseParoissiale-PFluche\u0300re.jpg\" \/>\n\t<meta property=\"og:image:width\" content=\"1920\" \/>\n\t<meta property=\"og:image:height\" content=\"1440\" \/>\n<meta name=\"twitter:card\" content=\"summary_large_image\" \/>\n<meta name=\"twitter:label1\" content=\"Dur\u00e9e de lecture est.\">\n\t<meta name=\"twitter:data1\" content=\"1 minute\">\n<script type=\"application\/ld+json\" class=\"yoast-schema-graph\">{\"@context\":\"https:\/\/schema.org\",\"@graph\":[{\"@type\":\"WebSite\",\"@id\":\"https:\/\/www.cruise-friendly.com\/fr\/#website\",\"url\":\"https:\/\/www.cruise-friendly.com\/fr\/\",\"name\":\"Cruise Friendly FR\",\"description\":\"Nous nous effor\\u00e7ons de vous offrir la meilleure exp\\u00e9rience \\u00e0 terre lors de votre visite dans notre ville.\",\"potentialAction\":[{\"@type\":\"SearchAction\",\"target\":\"https:\/\/www.cruise-friendly.com\/fr\/?s={search_term_string}\",\"query-input\":\"required name=search_term_string\"}],\"inLanguage\":\"fr-FR\"},{\"@type\":\"ImageObject\",\"@id\":\"https:\/\/www.cruise-friendly.com\/fr\/leglise-paroissiale\/#primaryimage\",\"inLanguage\":\"fr-FR\",\"url\":\"https:\/\/www.cruise-friendly.com\/fr\/wp-content\/uploads\/sites\/3\/2024\/07\/EgliseParoissiale-PFluche\\u0300re.jpg\",\"contentUrl\":\"https:\/\/www.cruise-friendly.com\/fr\/wp-content\/uploads\/sites\/3\/2024\/07\/EgliseParoissiale-PFluche\\u0300re.jpg\",\"width\":1920,\"height\":1440},{\"@type\":\"WebPage\",\"@id\":\"https:\/\/www.cruise-friendly.com\/fr\/leglise-paroissiale\/#webpage\",\"url\":\"https:\/\/www.cruise-friendly.com\/fr\/leglise-paroissiale\/\",\"name\":\"L'\\u00e9glise paroissiale - Cruise Friendly FR\",\"isPartOf\":{\"@id\":\"https:\/\/www.cruise-friendly.com\/fr\/#website\"},\"primaryImageOfPage\":{\"@id\":\"https:\/\/www.cruise-friendly.com\/fr\/leglise-paroissiale\/#primaryimage\"},\"datePublished\":\"2024-07-05T08:56:18+00:00\",\"dateModified\":\"2024-07-05T08:56:19+00:00\",\"description\":\"L'\\u00e9glise paroissiale Notre-Dame de l'Assomption de Saint-Tropez se situe au c\\u0153ur de la vieille ville, \\u00e0 deux pas du port. Construite au XVIIe si\\u00e8cle dans\",\"breadcrumb\":{\"@id\":\"https:\/\/www.cruise-friendly.com\/fr\/leglise-paroissiale\/#breadcrumb\"},\"inLanguage\":\"fr-FR\",\"potentialAction\":[{\"@type\":\"ReadAction\",\"target\":[\"https:\/\/www.cruise-friendly.com\/fr\/leglise-paroissiale\/\"]}]},{\"@type\":\"BreadcrumbList\",\"@id\":\"https:\/\/www.cruise-friendly.com\/fr\/leglise-paroissiale\/#breadcrumb\",\"itemListElement\":[{\"@type\":\"ListItem\",\"position\":1,\"item\":{\"@type\":\"WebPage\",\"@id\":\"https:\/\/www.cruise-friendly.com\/fr\/\",\"url\":\"https:\/\/www.cruise-friendly.com\/fr\/\",\"name\":\"Accueil\"}},{\"@type\":\"ListItem\",\"position\":2,\"item\":{\"@type\":\"WebPage\",\"@id\":\"https:\/\/www.cruise-friendly.com\/fr\/leglise-paroissiale\/\",\"url\":\"https:\/\/www.cruise-friendly.com\/fr\/leglise-paroissiale\/\",\"name\":\"L&rsquo;\\u00e9glise paroissiale\"}}]}]}<\/script>\n<!-- \/ Yoast SEO plugin. -->","_links":{"self":[{"href":"https:\/\/www.cruise-friendly.com\/fr\/wp-json\/wp\/v2\/pages\/8657"}],"collection":[{"href":"https:\/\/www.cruise-friendly.com\/fr\/wp-json\/wp\/v2\/pages"}],"about":[{"href":"https:\/\/www.cruise-friendly.com\/fr\/wp-json\/wp\/v2\/types\/page"}],"author":[{"embeddable":true,"href":"https:\/\/www.cruise-friendly.com\/fr\/wp-json\/wp\/v2\/users\/2"}],"replies":[{"embeddable":true,"href":"https:\/\/www.cruise-friendly.com\/fr\/wp-json\/wp\/v2\/comments?post=8657"}],"version-history":[{"count":3,"href":"https:\/\/www.cruise-friendly.com\/fr\/wp-json\/wp\/v2\/pages\/8657\/revisions"}],"predecessor-version":[{"id":8664,"href":"https:\/\/www.cruise-friendly.com\/fr\/wp-json\/wp\/v2\/pages\/8657\/revisions\/8664"}],"wp:featuredmedia":[{"embeddable":true,"href":"https:\/\/www.cruise-friendly.com\/fr\/wp-json\/wp\/v2\/media\/8683"}],"wp:attachment":[{"href":"https:\/\/www.cruise-friendly.com\/fr\/wp-json\/wp\/v2\/media?parent=8657"}],"curies":[{"name":"wp","href":"https:\/\/api.w.org\/{rel}","templated":true}]}}