{"id":8660,"date":"2024-07-05T08:56:51","date_gmt":"2024-07-05T08:56:51","guid":{"rendered":"https:\/\/www.cruise-friendly.com\/fr\/?page_id=8660"},"modified":"2024-07-05T12:28:00","modified_gmt":"2024-07-05T12:28:00","slug":"la-citadelle","status":"publish","type":"page","link":"https:\/\/www.cruise-friendly.com\/fr\/la-citadelle\/","title":{"rendered":"La citadelle"},"content":{"rendered":"\n<p class=\"has-text-align-left\">Install\u00e9 dans le beau donjon de la Citadelle, qui veille sur la ville depuis le d\u00e9but du XVIIe si\u00e8cle, le Mus\u00e9e d\u2019histoire maritime de Saint-Tropez, qui a f\u00eat\u00e9 ses dix ans en 2023, propose aux visiteurs de d\u00e9couvrir l&rsquo;importance historique du port et la vie des marins trop\u00e9ziens qui, des si\u00e8cles durant, ont navigu\u00e9s sur toutes les mers du globe. Le site offre, en outre, parmi les plus beaux points de vue sur la ville et ses environs.<\/p>\n\n\n\n<div class=\"wp-block-buttons is-content-justification-center\">\n<div class=\"wp-block-button\"><a class=\"wp-block-button__link\">PLUS D&rsquo;INFORMATIONS<\/a><\/div>\n<\/div>\n","protected":false},"excerpt":{"rendered":"<p>Install\u00e9 dans le beau donjon de la Citadelle, qui veille sur la ville depuis le d\u00e9but du XVIIe si\u00e8cle, le Mus\u00e9e d\u2019histoire maritime de Saint-Tropez, qui a f\u00eat\u00e9 ses dix ans en 2023, propose aux visiteurs de d\u00e9couvrir l&rsquo;importance historique du port et la vie des marins trop\u00e9ziens qui, des si\u00e8cles durant, ont navigu\u00e9s sur [&hellip;]<\/p>\n","protected":false},"author":2,"featured_media":8661,"parent":0,"menu_order":0,"comment_status":"closed","ping_status":"closed","template":"","meta":{"_relevanssi_hide_post":"","_relevanssi_pin_for_all":"","_relevanssi_pin_keywords":"","_relevanssi_unpin_keywords":"","_relevanssi_related_keywords":"","_relevanssi_related_include_ids":"","_relevanssi_related_exclude_ids":"","_relevanssi_related_no_append":"","_relevanssi_related_not_related":"","_relevanssi_related_posts":"837,847,245,521","_relevanssi_noindex_reason":""},"yoast_head":"<!-- This site is optimized with the Yoast SEO plugin v16.1.1 - https:\/\/yoast.com\/wordpress\/plugins\/seo\/ -->\n<meta name=\"description\" content=\"Install\u00e9 dans le beau donjon de la Citadelle, qui veille sur la ville depuis le d\u00e9but du XVIIe si\u00e8cle, le Mus\u00e9e d\u2019histoire maritime de Saint-Tropez, qui a\" \/>\n<link rel=\"canonical\" href=\"https:\/\/www.cruise-friendly.com\/fr\/la-citadelle\/\" \/>\n<meta property=\"og:locale\" content=\"fr_FR\" \/>\n<meta property=\"og:type\" content=\"article\" \/>\n<meta property=\"og:title\" content=\"La citadelle - Cruise Friendly FR\" \/>\n<meta property=\"og:description\" content=\"Install\u00e9 dans le beau donjon de la Citadelle, qui veille sur la ville depuis le d\u00e9but du XVIIe si\u00e8cle, le Mus\u00e9e d\u2019histoire maritime de Saint-Tropez, qui a\" \/>\n<meta property=\"og:url\" content=\"https:\/\/www.cruise-friendly.com\/fr\/la-citadelle\/\" \/>\n<meta property=\"og:site_name\" content=\"Cruise Friendly FR\" \/>\n<meta property=\"article:modified_time\" content=\"2024-07-05T12:28:00+00:00\" \/>\n<meta property=\"og:image\" content=\"https:\/\/www.cruise-friendly.com\/fr\/wp-content\/uploads\/sites\/3\/2024\/07\/citadelle-JLChaix.jpg\" \/>\n\t<meta property=\"og:image:width\" content=\"1920\" \/>\n\t<meta property=\"og:image:height\" content=\"1108\" \/>\n<meta name=\"twitter:card\" content=\"summary_large_image\" \/>\n<meta name=\"twitter:label1\" content=\"Dur\u00e9e de lecture est.\">\n\t<meta name=\"twitter:data1\" content=\"1 minute\">\n<script type=\"application\/ld+json\" class=\"yoast-schema-graph\">{\"@context\":\"https:\/\/schema.org\",\"@graph\":[{\"@type\":\"WebSite\",\"@id\":\"https:\/\/www.cruise-friendly.com\/fr\/#website\",\"url\":\"https:\/\/www.cruise-friendly.com\/fr\/\",\"name\":\"Cruise Friendly FR\",\"description\":\"Nous nous effor\\u00e7ons de vous offrir la meilleure exp\\u00e9rience \\u00e0 terre lors de votre visite dans notre ville.\",\"potentialAction\":[{\"@type\":\"SearchAction\",\"target\":\"https:\/\/www.cruise-friendly.com\/fr\/?s={search_term_string}\",\"query-input\":\"required name=search_term_string\"}],\"inLanguage\":\"fr-FR\"},{\"@type\":\"ImageObject\",\"@id\":\"https:\/\/www.cruise-friendly.com\/fr\/la-citadelle\/#primaryimage\",\"inLanguage\":\"fr-FR\",\"url\":\"https:\/\/www.cruise-friendly.com\/fr\/wp-content\/uploads\/sites\/3\/2024\/07\/citadelle-JLChaix.jpg\",\"contentUrl\":\"https:\/\/www.cruise-friendly.com\/fr\/wp-content\/uploads\/sites\/3\/2024\/07\/citadelle-JLChaix.jpg\",\"width\":1920,\"height\":1108},{\"@type\":\"WebPage\",\"@id\":\"https:\/\/www.cruise-friendly.com\/fr\/la-citadelle\/#webpage\",\"url\":\"https:\/\/www.cruise-friendly.com\/fr\/la-citadelle\/\",\"name\":\"La citadelle - Cruise Friendly FR\",\"isPartOf\":{\"@id\":\"https:\/\/www.cruise-friendly.com\/fr\/#website\"},\"primaryImageOfPage\":{\"@id\":\"https:\/\/www.cruise-friendly.com\/fr\/la-citadelle\/#primaryimage\"},\"datePublished\":\"2024-07-05T08:56:51+00:00\",\"dateModified\":\"2024-07-05T12:28:00+00:00\",\"description\":\"Install\\u00e9 dans le beau donjon de la Citadelle, qui veille sur la ville depuis le d\\u00e9but du XVIIe si\\u00e8cle, le Mus\\u00e9e d\\u2019histoire maritime de Saint-Tropez, qui a\",\"breadcrumb\":{\"@id\":\"https:\/\/www.cruise-friendly.com\/fr\/la-citadelle\/#breadcrumb\"},\"inLanguage\":\"fr-FR\",\"potentialAction\":[{\"@type\":\"ReadAction\",\"target\":[\"https:\/\/www.cruise-friendly.com\/fr\/la-citadelle\/\"]}]},{\"@type\":\"BreadcrumbList\",\"@id\":\"https:\/\/www.cruise-friendly.com\/fr\/la-citadelle\/#breadcrumb\",\"itemListElement\":[{\"@type\":\"ListItem\",\"position\":1,\"item\":{\"@type\":\"WebPage\",\"@id\":\"https:\/\/www.cruise-friendly.com\/fr\/\",\"url\":\"https:\/\/www.cruise-friendly.com\/fr\/\",\"name\":\"Accueil\"}},{\"@type\":\"ListItem\",\"position\":2,\"item\":{\"@type\":\"WebPage\",\"@id\":\"https:\/\/www.cruise-friendly.com\/fr\/la-citadelle\/\",\"url\":\"https:\/\/www.cruise-friendly.com\/fr\/la-citadelle\/\",\"name\":\"La citadelle\"}}]}]}<\/script>\n<!-- \/ Yoast SEO plugin. -->","_links":{"self":[{"href":"https:\/\/www.cruise-friendly.com\/fr\/wp-json\/wp\/v2\/pages\/8660"}],"collection":[{"href":"https:\/\/www.cruise-friendly.com\/fr\/wp-json\/wp\/v2\/pages"}],"about":[{"href":"https:\/\/www.cruise-friendly.com\/fr\/wp-json\/wp\/v2\/types\/page"}],"author":[{"embeddable":true,"href":"https:\/\/www.cruise-friendly.com\/fr\/wp-json\/wp\/v2\/users\/2"}],"replies":[{"embeddable":true,"href":"https:\/\/www.cruise-friendly.com\/fr\/wp-json\/wp\/v2\/comments?post=8660"}],"version-history":[{"count":2,"href":"https:\/\/www.cruise-friendly.com\/fr\/wp-json\/wp\/v2\/pages\/8660\/revisions"}],"predecessor-version":[{"id":8709,"href":"https:\/\/www.cruise-friendly.com\/fr\/wp-json\/wp\/v2\/pages\/8660\/revisions\/8709"}],"wp:featuredmedia":[{"embeddable":true,"href":"https:\/\/www.cruise-friendly.com\/fr\/wp-json\/wp\/v2\/media\/8661"}],"wp:attachment":[{"href":"https:\/\/www.cruise-friendly.com\/fr\/wp-json\/wp\/v2\/media?parent=8660"}],"curies":[{"name":"wp","href":"https:\/\/api.w.org\/{rel}","templated":true}]}}