{"id":8665,"date":"2024-07-05T08:55:03","date_gmt":"2024-07-05T08:55:03","guid":{"rendered":"https:\/\/www.cruise-friendly.com\/fr\/?page_id=8665"},"modified":"2024-07-05T12:27:30","modified_gmt":"2024-07-05T12:27:30","slug":"lannonciade","status":"publish","type":"page","link":"https:\/\/www.cruise-friendly.com\/fr\/lannonciade\/","title":{"rendered":"L&rsquo;Annonciade"},"content":{"rendered":"\n<p>Le mus\u00e9e de l\u2019Annonciade, install\u00e9 dans une ancienne chapelle du vieux port, rappelle que Saint-Tropez a \u00e9t\u00e9 l\u2019un des foyers les plus actifs de l\u2019avant-garde picturale au d\u00e9but du XXe si\u00e8cle, gr\u00e2ce \u00e0 Paul Signac. Ce mus\u00e9e, connu comme \u00ab&nbsp;le plus beau des petits mus\u00e9es de France&nbsp;\u00bb, rec\u00e8le des joyaux de l\u2019art moderne, principalement des mouvements pointillistes, nabis et fauve, tous influenc\u00e9s par la couleur.&nbsp;<\/p>\n\n\n\n<div class=\"wp-block-buttons is-content-justification-center\">\n<div class=\"wp-block-button\"><a class=\"wp-block-button__link\">PLUS D&rsquo;INFORMATIONS<\/a><\/div>\n<\/div>\n","protected":false},"excerpt":{"rendered":"<p>Le mus\u00e9e de l\u2019Annonciade, install\u00e9 dans une ancienne chapelle du vieux port, rappelle que Saint-Tropez a \u00e9t\u00e9 l\u2019un des foyers les plus actifs de l\u2019avant-garde picturale au d\u00e9but du XXe si\u00e8cle, gr\u00e2ce \u00e0 Paul Signac. Ce mus\u00e9e, connu comme \u00ab&nbsp;le plus beau des petits mus\u00e9es de France&nbsp;\u00bb, rec\u00e8le des joyaux de l\u2019art moderne, principalement des [&hellip;]<\/p>\n","protected":false},"author":2,"featured_media":8680,"parent":0,"menu_order":0,"comment_status":"closed","ping_status":"closed","template":"","meta":{"_relevanssi_hide_post":"","_relevanssi_pin_for_all":"","_relevanssi_pin_keywords":"","_relevanssi_unpin_keywords":"","_relevanssi_related_keywords":"","_relevanssi_related_include_ids":"","_relevanssi_related_exclude_ids":"","_relevanssi_related_no_append":"","_relevanssi_related_not_related":"","_relevanssi_related_posts":"521,837,245,847","_relevanssi_noindex_reason":""},"yoast_head":"<!-- This site is optimized with the Yoast SEO plugin v16.1.1 - https:\/\/yoast.com\/wordpress\/plugins\/seo\/ -->\n<meta name=\"description\" content=\"Le mus\u00e9e de l\u2019Annonciade, install\u00e9 dans une ancienne chapelle du vieux port, rappelle que Saint-Tropez a \u00e9t\u00e9 l\u2019un des foyers les plus actifs de\" \/>\n<link rel=\"canonical\" href=\"https:\/\/www.cruise-friendly.com\/fr\/lannonciade\/\" \/>\n<meta property=\"og:locale\" content=\"fr_FR\" \/>\n<meta property=\"og:type\" content=\"article\" \/>\n<meta property=\"og:title\" content=\"L&#039;Annonciade - Cruise Friendly FR\" \/>\n<meta property=\"og:description\" content=\"Le mus\u00e9e de l\u2019Annonciade, install\u00e9 dans une ancienne chapelle du vieux port, rappelle que Saint-Tropez a \u00e9t\u00e9 l\u2019un des foyers les plus actifs de\" \/>\n<meta property=\"og:url\" content=\"https:\/\/www.cruise-friendly.com\/fr\/lannonciade\/\" \/>\n<meta property=\"og:site_name\" content=\"Cruise Friendly FR\" \/>\n<meta property=\"article:modified_time\" content=\"2024-07-05T12:27:30+00:00\" \/>\n<meta property=\"og:image\" content=\"https:\/\/www.cruise-friendly.com\/fr\/wp-content\/uploads\/sites\/3\/2024\/07\/Annonciade-GVoiturier.jpg\" \/>\n\t<meta property=\"og:image:width\" content=\"1920\" \/>\n\t<meta property=\"og:image:height\" content=\"1280\" \/>\n<meta name=\"twitter:card\" content=\"summary_large_image\" \/>\n<meta name=\"twitter:label1\" content=\"Dur\u00e9e de lecture est.\">\n\t<meta name=\"twitter:data1\" content=\"1 minute\">\n<script type=\"application\/ld+json\" class=\"yoast-schema-graph\">{\"@context\":\"https:\/\/schema.org\",\"@graph\":[{\"@type\":\"WebSite\",\"@id\":\"https:\/\/www.cruise-friendly.com\/fr\/#website\",\"url\":\"https:\/\/www.cruise-friendly.com\/fr\/\",\"name\":\"Cruise Friendly FR\",\"description\":\"Nous nous effor\\u00e7ons de vous offrir la meilleure exp\\u00e9rience \\u00e0 terre lors de votre visite dans notre ville.\",\"potentialAction\":[{\"@type\":\"SearchAction\",\"target\":\"https:\/\/www.cruise-friendly.com\/fr\/?s={search_term_string}\",\"query-input\":\"required name=search_term_string\"}],\"inLanguage\":\"fr-FR\"},{\"@type\":\"ImageObject\",\"@id\":\"https:\/\/www.cruise-friendly.com\/fr\/lannonciade\/#primaryimage\",\"inLanguage\":\"fr-FR\",\"url\":\"https:\/\/www.cruise-friendly.com\/fr\/wp-content\/uploads\/sites\/3\/2024\/07\/Annonciade-GVoiturier.jpg\",\"contentUrl\":\"https:\/\/www.cruise-friendly.com\/fr\/wp-content\/uploads\/sites\/3\/2024\/07\/Annonciade-GVoiturier.jpg\",\"width\":1920,\"height\":1280},{\"@type\":\"WebPage\",\"@id\":\"https:\/\/www.cruise-friendly.com\/fr\/lannonciade\/#webpage\",\"url\":\"https:\/\/www.cruise-friendly.com\/fr\/lannonciade\/\",\"name\":\"L'Annonciade - Cruise Friendly FR\",\"isPartOf\":{\"@id\":\"https:\/\/www.cruise-friendly.com\/fr\/#website\"},\"primaryImageOfPage\":{\"@id\":\"https:\/\/www.cruise-friendly.com\/fr\/lannonciade\/#primaryimage\"},\"datePublished\":\"2024-07-05T08:55:03+00:00\",\"dateModified\":\"2024-07-05T12:27:30+00:00\",\"description\":\"Le mus\\u00e9e de l\\u2019Annonciade, install\\u00e9 dans une ancienne chapelle du vieux port, rappelle que Saint-Tropez a \\u00e9t\\u00e9 l\\u2019un des foyers les plus actifs de\",\"breadcrumb\":{\"@id\":\"https:\/\/www.cruise-friendly.com\/fr\/lannonciade\/#breadcrumb\"},\"inLanguage\":\"fr-FR\",\"potentialAction\":[{\"@type\":\"ReadAction\",\"target\":[\"https:\/\/www.cruise-friendly.com\/fr\/lannonciade\/\"]}]},{\"@type\":\"BreadcrumbList\",\"@id\":\"https:\/\/www.cruise-friendly.com\/fr\/lannonciade\/#breadcrumb\",\"itemListElement\":[{\"@type\":\"ListItem\",\"position\":1,\"item\":{\"@type\":\"WebPage\",\"@id\":\"https:\/\/www.cruise-friendly.com\/fr\/\",\"url\":\"https:\/\/www.cruise-friendly.com\/fr\/\",\"name\":\"Accueil\"}},{\"@type\":\"ListItem\",\"position\":2,\"item\":{\"@type\":\"WebPage\",\"@id\":\"https:\/\/www.cruise-friendly.com\/fr\/lannonciade\/\",\"url\":\"https:\/\/www.cruise-friendly.com\/fr\/lannonciade\/\",\"name\":\"L&rsquo;Annonciade\"}}]}]}<\/script>\n<!-- \/ Yoast SEO plugin. -->","_links":{"self":[{"href":"https:\/\/www.cruise-friendly.com\/fr\/wp-json\/wp\/v2\/pages\/8665"}],"collection":[{"href":"https:\/\/www.cruise-friendly.com\/fr\/wp-json\/wp\/v2\/pages"}],"about":[{"href":"https:\/\/www.cruise-friendly.com\/fr\/wp-json\/wp\/v2\/types\/page"}],"author":[{"embeddable":true,"href":"https:\/\/www.cruise-friendly.com\/fr\/wp-json\/wp\/v2\/users\/2"}],"replies":[{"embeddable":true,"href":"https:\/\/www.cruise-friendly.com\/fr\/wp-json\/wp\/v2\/comments?post=8665"}],"version-history":[{"count":5,"href":"https:\/\/www.cruise-friendly.com\/fr\/wp-json\/wp\/v2\/pages\/8665\/revisions"}],"predecessor-version":[{"id":8708,"href":"https:\/\/www.cruise-friendly.com\/fr\/wp-json\/wp\/v2\/pages\/8665\/revisions\/8708"}],"wp:featuredmedia":[{"embeddable":true,"href":"https:\/\/www.cruise-friendly.com\/fr\/wp-json\/wp\/v2\/media\/8680"}],"wp:attachment":[{"href":"https:\/\/www.cruise-friendly.com\/fr\/wp-json\/wp\/v2\/media?parent=8665"}],"curies":[{"name":"wp","href":"https:\/\/api.w.org\/{rel}","templated":true}]}}