{"id":8667,"date":"2024-07-05T09:07:17","date_gmt":"2024-07-05T09:07:17","guid":{"rendered":"https:\/\/www.cruise-friendly.com\/fr\/?page_id=8667"},"modified":"2024-07-05T12:32:40","modified_gmt":"2024-07-05T12:32:40","slug":"le-musee-de-la-gendarmerie-et-du-cinema","status":"publish","type":"page","link":"https:\/\/www.cruise-friendly.com\/fr\/le-musee-de-la-gendarmerie-et-du-cinema\/","title":{"rendered":"Le mus\u00e9e de la Gendarmerie et du Cin\u00e9ma"},"content":{"rendered":"\n<p>Une visite de Saint-Tropez ne serait pas compl\u00e8te sans pousser la porte de la gendarmerie la plus c\u00e9l\u00e8bre du monde. Le b\u00e2timent rendu internationalement c\u00e9l\u00e8bre par Louis de Fun\u00e8s et ses acolytes, accueille depuis pr\u00e8s d\u2019une d\u00e9cennie, le mus\u00e9e de la Gendarmerie et du Cin\u00e9ma, qui c\u00e9l\u00e8bre le lien devenu ind\u00e9fectible entre Saint-Tropez et le 7e art et les nombreuses vedettes qui sont tomb\u00e9es sous le charme de la cit\u00e9. Embarquez sur la route des vacances pour explorer le mythe et la r\u00e9alit\u00e9 de Saint-Tropez \u00e0 travers le cin\u00e9ma et red\u00e9couvrez tous les grands succ\u00e8s tourn\u00e9s \u00e0 Saint-Tropez et ses environs, comme Et Dieu cr\u00e9a la femme, Les Randonneurs \u00e0 Saint-Tropez, La Piscine ou encore Le Viager.<\/p>\n\n\n\n<div class=\"wp-block-buttons is-content-justification-center\">\n<div class=\"wp-block-button\"><a class=\"wp-block-button__link\">PLUS D&rsquo;INFORMATIONS<\/a><\/div>\n<\/div>\n","protected":false},"excerpt":{"rendered":"<p>Une visite de Saint-Tropez ne serait pas compl\u00e8te sans pousser la porte de la gendarmerie la plus c\u00e9l\u00e8bre du monde. Le b\u00e2timent rendu internationalement c\u00e9l\u00e8bre par Louis de Fun\u00e8s et ses acolytes, accueille depuis pr\u00e8s d\u2019une d\u00e9cennie, le mus\u00e9e de la Gendarmerie et du Cin\u00e9ma, qui c\u00e9l\u00e8bre le lien devenu ind\u00e9fectible entre Saint-Tropez et le [&hellip;]<\/p>\n","protected":false},"author":2,"featured_media":8677,"parent":0,"menu_order":0,"comment_status":"closed","ping_status":"closed","template":"","meta":{"_relevanssi_hide_post":"","_relevanssi_pin_for_all":"","_relevanssi_pin_keywords":"","_relevanssi_unpin_keywords":"","_relevanssi_related_keywords":"","_relevanssi_related_include_ids":"","_relevanssi_related_exclude_ids":"","_relevanssi_related_no_append":"","_relevanssi_related_not_related":"","_relevanssi_related_posts":"847,837,521,245","_relevanssi_noindex_reason":""},"yoast_head":"<!-- This site is optimized with the Yoast SEO plugin v16.1.1 - https:\/\/yoast.com\/wordpress\/plugins\/seo\/ -->\n<meta name=\"description\" content=\"Une visite de Saint-Tropez ne serait pas compl\u00e8te sans pousser la porte de la gendarmerie la plus c\u00e9l\u00e8bre du monde. Le b\u00e2timent rendu internationalement\" \/>\n<link rel=\"canonical\" href=\"https:\/\/www.cruise-friendly.com\/fr\/le-musee-de-la-gendarmerie-et-du-cinema\/\" \/>\n<meta property=\"og:locale\" content=\"fr_FR\" \/>\n<meta property=\"og:type\" content=\"article\" \/>\n<meta property=\"og:title\" content=\"Le mus\u00e9e de la Gendarmerie et du Cin\u00e9ma - Cruise Friendly FR\" \/>\n<meta property=\"og:description\" content=\"Une visite de Saint-Tropez ne serait pas compl\u00e8te sans pousser la porte de la gendarmerie la plus c\u00e9l\u00e8bre du monde. Le b\u00e2timent rendu internationalement\" \/>\n<meta property=\"og:url\" content=\"https:\/\/www.cruise-friendly.com\/fr\/le-musee-de-la-gendarmerie-et-du-cinema\/\" \/>\n<meta property=\"og:site_name\" content=\"Cruise Friendly FR\" \/>\n<meta property=\"article:modified_time\" content=\"2024-07-05T12:32:40+00:00\" \/>\n<meta property=\"og:image\" content=\"https:\/\/www.cruise-friendly.com\/fr\/wp-content\/uploads\/sites\/3\/2024\/07\/MGC-GVoiturier.jpg\" \/>\n\t<meta property=\"og:image:width\" content=\"1920\" \/>\n\t<meta property=\"og:image:height\" content=\"1280\" \/>\n<meta name=\"twitter:card\" content=\"summary_large_image\" \/>\n<meta name=\"twitter:label1\" content=\"Dur\u00e9e de lecture est.\">\n\t<meta name=\"twitter:data1\" content=\"1 minute\">\n<script type=\"application\/ld+json\" class=\"yoast-schema-graph\">{\"@context\":\"https:\/\/schema.org\",\"@graph\":[{\"@type\":\"WebSite\",\"@id\":\"https:\/\/www.cruise-friendly.com\/fr\/#website\",\"url\":\"https:\/\/www.cruise-friendly.com\/fr\/\",\"name\":\"Cruise Friendly FR\",\"description\":\"Nous nous effor\\u00e7ons de vous offrir la meilleure exp\\u00e9rience \\u00e0 terre lors de votre visite dans notre ville.\",\"potentialAction\":[{\"@type\":\"SearchAction\",\"target\":\"https:\/\/www.cruise-friendly.com\/fr\/?s={search_term_string}\",\"query-input\":\"required name=search_term_string\"}],\"inLanguage\":\"fr-FR\"},{\"@type\":\"ImageObject\",\"@id\":\"https:\/\/www.cruise-friendly.com\/fr\/le-musee-de-la-gendarmerie-et-du-cinema\/#primaryimage\",\"inLanguage\":\"fr-FR\",\"url\":\"https:\/\/www.cruise-friendly.com\/fr\/wp-content\/uploads\/sites\/3\/2024\/07\/MGC-GVoiturier.jpg\",\"contentUrl\":\"https:\/\/www.cruise-friendly.com\/fr\/wp-content\/uploads\/sites\/3\/2024\/07\/MGC-GVoiturier.jpg\",\"width\":1920,\"height\":1280},{\"@type\":\"WebPage\",\"@id\":\"https:\/\/www.cruise-friendly.com\/fr\/le-musee-de-la-gendarmerie-et-du-cinema\/#webpage\",\"url\":\"https:\/\/www.cruise-friendly.com\/fr\/le-musee-de-la-gendarmerie-et-du-cinema\/\",\"name\":\"Le mus\\u00e9e de la Gendarmerie et du Cin\\u00e9ma - Cruise Friendly FR\",\"isPartOf\":{\"@id\":\"https:\/\/www.cruise-friendly.com\/fr\/#website\"},\"primaryImageOfPage\":{\"@id\":\"https:\/\/www.cruise-friendly.com\/fr\/le-musee-de-la-gendarmerie-et-du-cinema\/#primaryimage\"},\"datePublished\":\"2024-07-05T09:07:17+00:00\",\"dateModified\":\"2024-07-05T12:32:40+00:00\",\"description\":\"Une visite de Saint-Tropez ne serait pas compl\\u00e8te sans pousser la porte de la gendarmerie la plus c\\u00e9l\\u00e8bre du monde. Le b\\u00e2timent rendu internationalement\",\"breadcrumb\":{\"@id\":\"https:\/\/www.cruise-friendly.com\/fr\/le-musee-de-la-gendarmerie-et-du-cinema\/#breadcrumb\"},\"inLanguage\":\"fr-FR\",\"potentialAction\":[{\"@type\":\"ReadAction\",\"target\":[\"https:\/\/www.cruise-friendly.com\/fr\/le-musee-de-la-gendarmerie-et-du-cinema\/\"]}]},{\"@type\":\"BreadcrumbList\",\"@id\":\"https:\/\/www.cruise-friendly.com\/fr\/le-musee-de-la-gendarmerie-et-du-cinema\/#breadcrumb\",\"itemListElement\":[{\"@type\":\"ListItem\",\"position\":1,\"item\":{\"@type\":\"WebPage\",\"@id\":\"https:\/\/www.cruise-friendly.com\/fr\/\",\"url\":\"https:\/\/www.cruise-friendly.com\/fr\/\",\"name\":\"Accueil\"}},{\"@type\":\"ListItem\",\"position\":2,\"item\":{\"@type\":\"WebPage\",\"@id\":\"https:\/\/www.cruise-friendly.com\/fr\/le-musee-de-la-gendarmerie-et-du-cinema\/\",\"url\":\"https:\/\/www.cruise-friendly.com\/fr\/le-musee-de-la-gendarmerie-et-du-cinema\/\",\"name\":\"Le mus\\u00e9e de la Gendarmerie et du Cin\\u00e9ma\"}}]}]}<\/script>\n<!-- \/ Yoast SEO plugin. -->","_links":{"self":[{"href":"https:\/\/www.cruise-friendly.com\/fr\/wp-json\/wp\/v2\/pages\/8667"}],"collection":[{"href":"https:\/\/www.cruise-friendly.com\/fr\/wp-json\/wp\/v2\/pages"}],"about":[{"href":"https:\/\/www.cruise-friendly.com\/fr\/wp-json\/wp\/v2\/types\/page"}],"author":[{"embeddable":true,"href":"https:\/\/www.cruise-friendly.com\/fr\/wp-json\/wp\/v2\/users\/2"}],"replies":[{"embeddable":true,"href":"https:\/\/www.cruise-friendly.com\/fr\/wp-json\/wp\/v2\/comments?post=8667"}],"version-history":[{"count":2,"href":"https:\/\/www.cruise-friendly.com\/fr\/wp-json\/wp\/v2\/pages\/8667\/revisions"}],"predecessor-version":[{"id":8715,"href":"https:\/\/www.cruise-friendly.com\/fr\/wp-json\/wp\/v2\/pages\/8667\/revisions\/8715"}],"wp:featuredmedia":[{"embeddable":true,"href":"https:\/\/www.cruise-friendly.com\/fr\/wp-json\/wp\/v2\/media\/8677"}],"wp:attachment":[{"href":"https:\/\/www.cruise-friendly.com\/fr\/wp-json\/wp\/v2\/media?parent=8667"}],"curies":[{"name":"wp","href":"https:\/\/api.w.org\/{rel}","templated":true}]}}