{"id":8669,"date":"2024-07-05T08:57:13","date_gmt":"2024-07-05T08:57:13","guid":{"rendered":"https:\/\/www.cruise-friendly.com\/fr\/?page_id=8669"},"modified":"2024-07-05T12:29:32","modified_gmt":"2024-07-05T12:29:32","slug":"la-maison-des-papillons","status":"publish","type":"page","link":"https:\/\/www.cruise-friendly.com\/fr\/la-maison-des-papillons\/","title":{"rendered":"La Maison des Papillons"},"content":{"rendered":"\n<p>Dans le cadre typiquement trop\u00e9zien d\u2019une maison de village, la Maison des Papillons \u2013 mus\u00e9e Dany-Lartigue vous invite \u00e0 d\u00e9couvrir son \u00e9tonnante collection de papillons et d\u2019insectes rassembl\u00e9e durant plusieurs d\u00e9cennies par Dany Lartigue, peintre et entomologiste passionn\u00e9. C\u2019est dans l\u2019originalit\u00e9 de sa pr\u00e9sentation que le mus\u00e9e r\u00e9v\u00e8le son caract\u00e8re unique : sur des fonds paysagers ou des herbiers, Dany Lartigue a compos\u00e9, avec toute sa sensibilit\u00e9 artistique, une description po\u00e9tique des papillons dans leur environnement et une approche in\u00e9dite du mim\u00e9tisme et du camouflage.<\/p>\n\n\n\n<div class=\"wp-block-buttons is-content-justification-center\">\n<div class=\"wp-block-button\"><a class=\"wp-block-button__link\">PLUS D&rsquo;INFORMATIONS<\/a><\/div>\n<\/div>\n","protected":false},"excerpt":{"rendered":"<p>Dans le cadre typiquement trop\u00e9zien d\u2019une maison de village, la Maison des Papillons \u2013 mus\u00e9e Dany-Lartigue vous invite \u00e0 d\u00e9couvrir son \u00e9tonnante collection de papillons et d\u2019insectes rassembl\u00e9e durant plusieurs d\u00e9cennies par Dany Lartigue, peintre et entomologiste passionn\u00e9. C\u2019est dans l\u2019originalit\u00e9 de sa pr\u00e9sentation que le mus\u00e9e r\u00e9v\u00e8le son caract\u00e8re unique : sur des fonds [&hellip;]<\/p>\n","protected":false},"author":2,"featured_media":8678,"parent":0,"menu_order":0,"comment_status":"closed","ping_status":"closed","template":"","meta":{"_relevanssi_hide_post":"","_relevanssi_pin_for_all":"","_relevanssi_pin_keywords":"","_relevanssi_unpin_keywords":"","_relevanssi_related_keywords":"","_relevanssi_related_include_ids":"","_relevanssi_related_exclude_ids":"","_relevanssi_related_no_append":"","_relevanssi_related_not_related":"","_relevanssi_related_posts":"837,521,847,245","_relevanssi_noindex_reason":""},"yoast_head":"<!-- This site is optimized with the Yoast SEO plugin v16.1.1 - https:\/\/yoast.com\/wordpress\/plugins\/seo\/ -->\n<meta name=\"description\" content=\"Dans le cadre typiquement trop\u00e9zien d\u2019une maison de village, la Maison des Papillons \u2013 mus\u00e9e Dany-Lartigue vous invite \u00e0 d\u00e9couvrir son \u00e9tonnante\" \/>\n<link rel=\"canonical\" href=\"https:\/\/www.cruise-friendly.com\/fr\/la-maison-des-papillons\/\" \/>\n<meta property=\"og:locale\" content=\"fr_FR\" \/>\n<meta property=\"og:type\" content=\"article\" \/>\n<meta property=\"og:title\" content=\"La Maison des Papillons - Cruise Friendly FR\" \/>\n<meta property=\"og:description\" content=\"Dans le cadre typiquement trop\u00e9zien d\u2019une maison de village, la Maison des Papillons \u2013 mus\u00e9e Dany-Lartigue vous invite \u00e0 d\u00e9couvrir son \u00e9tonnante\" \/>\n<meta property=\"og:url\" content=\"https:\/\/www.cruise-friendly.com\/fr\/la-maison-des-papillons\/\" \/>\n<meta property=\"og:site_name\" content=\"Cruise Friendly FR\" \/>\n<meta property=\"article:modified_time\" content=\"2024-07-05T12:29:32+00:00\" \/>\n<meta property=\"og:image\" content=\"https:\/\/www.cruise-friendly.com\/fr\/wp-content\/uploads\/sites\/3\/2024\/07\/papillons-GVoiturier.jpg\" \/>\n\t<meta property=\"og:image:width\" content=\"1920\" \/>\n\t<meta property=\"og:image:height\" content=\"1280\" \/>\n<meta name=\"twitter:card\" content=\"summary_large_image\" \/>\n<meta name=\"twitter:label1\" content=\"Dur\u00e9e de lecture est.\">\n\t<meta name=\"twitter:data1\" content=\"1 minute\">\n<script type=\"application\/ld+json\" class=\"yoast-schema-graph\">{\"@context\":\"https:\/\/schema.org\",\"@graph\":[{\"@type\":\"WebSite\",\"@id\":\"https:\/\/www.cruise-friendly.com\/fr\/#website\",\"url\":\"https:\/\/www.cruise-friendly.com\/fr\/\",\"name\":\"Cruise Friendly FR\",\"description\":\"Nous nous effor\\u00e7ons de vous offrir la meilleure exp\\u00e9rience \\u00e0 terre lors de votre visite dans notre ville.\",\"potentialAction\":[{\"@type\":\"SearchAction\",\"target\":\"https:\/\/www.cruise-friendly.com\/fr\/?s={search_term_string}\",\"query-input\":\"required name=search_term_string\"}],\"inLanguage\":\"fr-FR\"},{\"@type\":\"ImageObject\",\"@id\":\"https:\/\/www.cruise-friendly.com\/fr\/la-maison-des-papillons\/#primaryimage\",\"inLanguage\":\"fr-FR\",\"url\":\"https:\/\/www.cruise-friendly.com\/fr\/wp-content\/uploads\/sites\/3\/2024\/07\/papillons-GVoiturier.jpg\",\"contentUrl\":\"https:\/\/www.cruise-friendly.com\/fr\/wp-content\/uploads\/sites\/3\/2024\/07\/papillons-GVoiturier.jpg\",\"width\":1920,\"height\":1280},{\"@type\":\"WebPage\",\"@id\":\"https:\/\/www.cruise-friendly.com\/fr\/la-maison-des-papillons\/#webpage\",\"url\":\"https:\/\/www.cruise-friendly.com\/fr\/la-maison-des-papillons\/\",\"name\":\"La Maison des Papillons - Cruise Friendly FR\",\"isPartOf\":{\"@id\":\"https:\/\/www.cruise-friendly.com\/fr\/#website\"},\"primaryImageOfPage\":{\"@id\":\"https:\/\/www.cruise-friendly.com\/fr\/la-maison-des-papillons\/#primaryimage\"},\"datePublished\":\"2024-07-05T08:57:13+00:00\",\"dateModified\":\"2024-07-05T12:29:32+00:00\",\"description\":\"Dans le cadre typiquement trop\\u00e9zien d\\u2019une maison de village, la Maison des Papillons \\u2013 mus\\u00e9e Dany-Lartigue vous invite \\u00e0 d\\u00e9couvrir son \\u00e9tonnante\",\"breadcrumb\":{\"@id\":\"https:\/\/www.cruise-friendly.com\/fr\/la-maison-des-papillons\/#breadcrumb\"},\"inLanguage\":\"fr-FR\",\"potentialAction\":[{\"@type\":\"ReadAction\",\"target\":[\"https:\/\/www.cruise-friendly.com\/fr\/la-maison-des-papillons\/\"]}]},{\"@type\":\"BreadcrumbList\",\"@id\":\"https:\/\/www.cruise-friendly.com\/fr\/la-maison-des-papillons\/#breadcrumb\",\"itemListElement\":[{\"@type\":\"ListItem\",\"position\":1,\"item\":{\"@type\":\"WebPage\",\"@id\":\"https:\/\/www.cruise-friendly.com\/fr\/\",\"url\":\"https:\/\/www.cruise-friendly.com\/fr\/\",\"name\":\"Accueil\"}},{\"@type\":\"ListItem\",\"position\":2,\"item\":{\"@type\":\"WebPage\",\"@id\":\"https:\/\/www.cruise-friendly.com\/fr\/la-maison-des-papillons\/\",\"url\":\"https:\/\/www.cruise-friendly.com\/fr\/la-maison-des-papillons\/\",\"name\":\"La Maison des Papillons\"}}]}]}<\/script>\n<!-- \/ Yoast SEO plugin. -->","_links":{"self":[{"href":"https:\/\/www.cruise-friendly.com\/fr\/wp-json\/wp\/v2\/pages\/8669"}],"collection":[{"href":"https:\/\/www.cruise-friendly.com\/fr\/wp-json\/wp\/v2\/pages"}],"about":[{"href":"https:\/\/www.cruise-friendly.com\/fr\/wp-json\/wp\/v2\/types\/page"}],"author":[{"embeddable":true,"href":"https:\/\/www.cruise-friendly.com\/fr\/wp-json\/wp\/v2\/users\/2"}],"replies":[{"embeddable":true,"href":"https:\/\/www.cruise-friendly.com\/fr\/wp-json\/wp\/v2\/comments?post=8669"}],"version-history":[{"count":2,"href":"https:\/\/www.cruise-friendly.com\/fr\/wp-json\/wp\/v2\/pages\/8669\/revisions"}],"predecessor-version":[{"id":8710,"href":"https:\/\/www.cruise-friendly.com\/fr\/wp-json\/wp\/v2\/pages\/8669\/revisions\/8710"}],"wp:featuredmedia":[{"embeddable":true,"href":"https:\/\/www.cruise-friendly.com\/fr\/wp-json\/wp\/v2\/media\/8678"}],"wp:attachment":[{"href":"https:\/\/www.cruise-friendly.com\/fr\/wp-json\/wp\/v2\/media?parent=8669"}],"curies":[{"name":"wp","href":"https:\/\/api.w.org\/{rel}","templated":true}]}}