{"id":8671,"date":"2024-07-05T09:00:17","date_gmt":"2024-07-05T09:00:17","guid":{"rendered":"https:\/\/www.cruise-friendly.com\/fr\/?page_id=8671"},"modified":"2024-07-05T12:30:47","modified_gmt":"2024-07-05T12:30:47","slug":"la-place-des-lices","status":"publish","type":"page","link":"https:\/\/www.cruise-friendly.com\/fr\/la-place-des-lices\/","title":{"rendered":"La Place des Lices"},"content":{"rendered":"\n<p>La Place des Lices, situ\u00e9e au c\u0153ur de Saint-Tropez, est un lieu embl\u00e9matique de la vie locale. Bord\u00e9e de platanes centenaires, elle accueille chaque mardi et samedi un march\u00e9 hebdomadaire o\u00f9 l&rsquo;on trouve produits frais, v\u00eatements et artisanat. Cette place anim\u00e9e est \u00e9galement le rendez-vous des boulistes qui se retrouvent pour des parties de p\u00e9tanque, ajoutant au charme typiquement proven\u00e7al de l&rsquo;endroit. V\u00e9ritable centre de convivialit\u00e9, la Place des Lices est un incontournable pour les habitants et les visiteurs de passage.<\/p>\n\n\n\n<div class=\"wp-block-buttons is-content-justification-center\">\n<div class=\"wp-block-button\"><a class=\"wp-block-button__link\">PLUS D&rsquo;INFORMATIONS<\/a><\/div>\n<\/div>\n","protected":false},"excerpt":{"rendered":"<p>La Place des Lices, situ\u00e9e au c\u0153ur de Saint-Tropez, est un lieu embl\u00e9matique de la vie locale. Bord\u00e9e de platanes centenaires, elle accueille chaque mardi et samedi un march\u00e9 hebdomadaire o\u00f9 l&rsquo;on trouve produits frais, v\u00eatements et artisanat. Cette place anim\u00e9e est \u00e9galement le rendez-vous des boulistes qui se retrouvent pour des parties de p\u00e9tanque, [&hellip;]<\/p>\n","protected":false},"author":2,"featured_media":8682,"parent":0,"menu_order":0,"comment_status":"closed","ping_status":"closed","template":"","meta":{"_relevanssi_hide_post":"","_relevanssi_pin_for_all":"","_relevanssi_pin_keywords":"","_relevanssi_unpin_keywords":"","_relevanssi_related_keywords":"","_relevanssi_related_include_ids":"","_relevanssi_related_exclude_ids":"","_relevanssi_related_no_append":"","_relevanssi_related_not_related":"","_relevanssi_related_posts":"847,521,245,837","_relevanssi_noindex_reason":""},"yoast_head":"<!-- This site is optimized with the Yoast SEO plugin v16.1.1 - https:\/\/yoast.com\/wordpress\/plugins\/seo\/ -->\n<meta name=\"description\" content=\"La Place des Lices, situ\u00e9e au c\u0153ur de Saint-Tropez, est un lieu embl\u00e9matique de la vie locale. Bord\u00e9e de platanes centenaires, elle accueille chaque mardi\" \/>\n<link rel=\"canonical\" href=\"https:\/\/www.cruise-friendly.com\/fr\/la-place-des-lices\/\" \/>\n<meta property=\"og:locale\" content=\"fr_FR\" \/>\n<meta property=\"og:type\" content=\"article\" \/>\n<meta property=\"og:title\" content=\"La Place des Lices - Cruise Friendly FR\" \/>\n<meta property=\"og:description\" content=\"La Place des Lices, situ\u00e9e au c\u0153ur de Saint-Tropez, est un lieu embl\u00e9matique de la vie locale. Bord\u00e9e de platanes centenaires, elle accueille chaque mardi\" \/>\n<meta property=\"og:url\" content=\"https:\/\/www.cruise-friendly.com\/fr\/la-place-des-lices\/\" \/>\n<meta property=\"og:site_name\" content=\"Cruise Friendly FR\" \/>\n<meta property=\"article:modified_time\" content=\"2024-07-05T12:30:47+00:00\" \/>\n<meta property=\"og:image\" content=\"https:\/\/www.cruise-friendly.com\/fr\/wp-content\/uploads\/sites\/3\/2024\/07\/placedeslices-JLChaix.jpg\" \/>\n\t<meta property=\"og:image:width\" content=\"1788\" \/>\n\t<meta property=\"og:image:height\" content=\"972\" \/>\n<meta name=\"twitter:card\" content=\"summary_large_image\" \/>\n<meta name=\"twitter:label1\" content=\"Dur\u00e9e de lecture est.\">\n\t<meta name=\"twitter:data1\" content=\"1 minute\">\n<script type=\"application\/ld+json\" class=\"yoast-schema-graph\">{\"@context\":\"https:\/\/schema.org\",\"@graph\":[{\"@type\":\"WebSite\",\"@id\":\"https:\/\/www.cruise-friendly.com\/fr\/#website\",\"url\":\"https:\/\/www.cruise-friendly.com\/fr\/\",\"name\":\"Cruise Friendly FR\",\"description\":\"Nous nous effor\\u00e7ons de vous offrir la meilleure exp\\u00e9rience \\u00e0 terre lors de votre visite dans notre ville.\",\"potentialAction\":[{\"@type\":\"SearchAction\",\"target\":\"https:\/\/www.cruise-friendly.com\/fr\/?s={search_term_string}\",\"query-input\":\"required name=search_term_string\"}],\"inLanguage\":\"fr-FR\"},{\"@type\":\"ImageObject\",\"@id\":\"https:\/\/www.cruise-friendly.com\/fr\/la-place-des-lices\/#primaryimage\",\"inLanguage\":\"fr-FR\",\"url\":\"https:\/\/www.cruise-friendly.com\/fr\/wp-content\/uploads\/sites\/3\/2024\/07\/placedeslices-JLChaix.jpg\",\"contentUrl\":\"https:\/\/www.cruise-friendly.com\/fr\/wp-content\/uploads\/sites\/3\/2024\/07\/placedeslices-JLChaix.jpg\",\"width\":1788,\"height\":972},{\"@type\":\"WebPage\",\"@id\":\"https:\/\/www.cruise-friendly.com\/fr\/la-place-des-lices\/#webpage\",\"url\":\"https:\/\/www.cruise-friendly.com\/fr\/la-place-des-lices\/\",\"name\":\"La Place des Lices - Cruise Friendly FR\",\"isPartOf\":{\"@id\":\"https:\/\/www.cruise-friendly.com\/fr\/#website\"},\"primaryImageOfPage\":{\"@id\":\"https:\/\/www.cruise-friendly.com\/fr\/la-place-des-lices\/#primaryimage\"},\"datePublished\":\"2024-07-05T09:00:17+00:00\",\"dateModified\":\"2024-07-05T12:30:47+00:00\",\"description\":\"La Place des Lices, situ\\u00e9e au c\\u0153ur de Saint-Tropez, est un lieu embl\\u00e9matique de la vie locale. Bord\\u00e9e de platanes centenaires, elle accueille chaque mardi\",\"breadcrumb\":{\"@id\":\"https:\/\/www.cruise-friendly.com\/fr\/la-place-des-lices\/#breadcrumb\"},\"inLanguage\":\"fr-FR\",\"potentialAction\":[{\"@type\":\"ReadAction\",\"target\":[\"https:\/\/www.cruise-friendly.com\/fr\/la-place-des-lices\/\"]}]},{\"@type\":\"BreadcrumbList\",\"@id\":\"https:\/\/www.cruise-friendly.com\/fr\/la-place-des-lices\/#breadcrumb\",\"itemListElement\":[{\"@type\":\"ListItem\",\"position\":1,\"item\":{\"@type\":\"WebPage\",\"@id\":\"https:\/\/www.cruise-friendly.com\/fr\/\",\"url\":\"https:\/\/www.cruise-friendly.com\/fr\/\",\"name\":\"Accueil\"}},{\"@type\":\"ListItem\",\"position\":2,\"item\":{\"@type\":\"WebPage\",\"@id\":\"https:\/\/www.cruise-friendly.com\/fr\/la-place-des-lices\/\",\"url\":\"https:\/\/www.cruise-friendly.com\/fr\/la-place-des-lices\/\",\"name\":\"La Place des Lices\"}}]}]}<\/script>\n<!-- \/ Yoast SEO plugin. -->","_links":{"self":[{"href":"https:\/\/www.cruise-friendly.com\/fr\/wp-json\/wp\/v2\/pages\/8671"}],"collection":[{"href":"https:\/\/www.cruise-friendly.com\/fr\/wp-json\/wp\/v2\/pages"}],"about":[{"href":"https:\/\/www.cruise-friendly.com\/fr\/wp-json\/wp\/v2\/types\/page"}],"author":[{"embeddable":true,"href":"https:\/\/www.cruise-friendly.com\/fr\/wp-json\/wp\/v2\/users\/2"}],"replies":[{"embeddable":true,"href":"https:\/\/www.cruise-friendly.com\/fr\/wp-json\/wp\/v2\/comments?post=8671"}],"version-history":[{"count":3,"href":"https:\/\/www.cruise-friendly.com\/fr\/wp-json\/wp\/v2\/pages\/8671\/revisions"}],"predecessor-version":[{"id":8712,"href":"https:\/\/www.cruise-friendly.com\/fr\/wp-json\/wp\/v2\/pages\/8671\/revisions\/8712"}],"wp:featuredmedia":[{"embeddable":true,"href":"https:\/\/www.cruise-friendly.com\/fr\/wp-json\/wp\/v2\/media\/8682"}],"wp:attachment":[{"href":"https:\/\/www.cruise-friendly.com\/fr\/wp-json\/wp\/v2\/media?parent=8671"}],"curies":[{"name":"wp","href":"https:\/\/api.w.org\/{rel}","templated":true}]}}