{"id":8673,"date":"2024-07-05T09:06:54","date_gmt":"2024-07-05T09:06:54","guid":{"rendered":"https:\/\/www.cruise-friendly.com\/fr\/?page_id=8673"},"modified":"2024-07-05T12:32:08","modified_gmt":"2024-07-05T12:32:08","slug":"la-statue-de-brigitte-bardot","status":"publish","type":"page","link":"https:\/\/www.cruise-friendly.com\/fr\/la-statue-de-brigitte-bardot\/","title":{"rendered":"La statue de Brigitte Bardot"},"content":{"rendered":"\n<p>Pour rendre hommage \u00e0 la plus c\u00e9l\u00e8bre des \u00e9toiles de Saint-Tropez, une sculpture repr\u00e9sentant l\u2019iconique BB orne, depuis 2017, l\u2019entr\u00e9e de ville, \u00e0 proximit\u00e9 du mus\u00e9e de la Gendarmerie et du Cin\u00e9ma. C\u2019est une aquarelle r\u00e9alis\u00e9e par l\u2019artiste Milo Manara, auteur italien de bandes dessin\u00e9es, qui a servi de mod\u00e8le au sculpteur. Cette \u0153uvre flamboyante a \u00e9t\u00e9 offerte \u00e0 la ville par le commissaire-priseur Alexandre Millon, travaillant \u00e0 la fois avec la Fondation Brigitte Bardot et avec l&rsquo;artiste italien Manara<\/p>\n\n\n\n<div class=\"wp-block-buttons is-content-justification-center\">\n<div class=\"wp-block-button\"><a class=\"wp-block-button__link\">PLUS D&rsquo;INFORMATIONS<\/a><\/div>\n<\/div>\n","protected":false},"excerpt":{"rendered":"<p>Pour rendre hommage \u00e0 la plus c\u00e9l\u00e8bre des \u00e9toiles de Saint-Tropez, une sculpture repr\u00e9sentant l\u2019iconique BB orne, depuis 2017, l\u2019entr\u00e9e de ville, \u00e0 proximit\u00e9 du mus\u00e9e de la Gendarmerie et du Cin\u00e9ma. C\u2019est une aquarelle r\u00e9alis\u00e9e par l\u2019artiste Milo Manara, auteur italien de bandes dessin\u00e9es, qui a servi de mod\u00e8le au sculpteur. Cette \u0153uvre flamboyante [&hellip;]<\/p>\n","protected":false},"author":2,"featured_media":8679,"parent":0,"menu_order":0,"comment_status":"closed","ping_status":"closed","template":"","meta":{"_relevanssi_hide_post":"","_relevanssi_pin_for_all":"","_relevanssi_pin_keywords":"","_relevanssi_unpin_keywords":"","_relevanssi_related_keywords":"","_relevanssi_related_include_ids":"","_relevanssi_related_exclude_ids":"","_relevanssi_related_no_append":"","_relevanssi_related_not_related":"","_relevanssi_related_posts":"521,245,837,847","_relevanssi_noindex_reason":""},"yoast_head":"<!-- This site is optimized with the Yoast SEO plugin v16.1.1 - https:\/\/yoast.com\/wordpress\/plugins\/seo\/ -->\n<meta name=\"description\" content=\"Pour rendre hommage \u00e0 la plus c\u00e9l\u00e8bre des \u00e9toiles de Saint-Tropez, une sculpture repr\u00e9sentant l\u2019iconique BB orne, depuis 2017, l\u2019entr\u00e9e de ville, \u00e0\" \/>\n<link rel=\"canonical\" href=\"https:\/\/www.cruise-friendly.com\/fr\/la-statue-de-brigitte-bardot\/\" \/>\n<meta property=\"og:locale\" content=\"fr_FR\" \/>\n<meta property=\"og:type\" content=\"article\" \/>\n<meta property=\"og:title\" content=\"La statue de Brigitte Bardot - Cruise Friendly FR\" \/>\n<meta property=\"og:description\" content=\"Pour rendre hommage \u00e0 la plus c\u00e9l\u00e8bre des \u00e9toiles de Saint-Tropez, une sculpture repr\u00e9sentant l\u2019iconique BB orne, depuis 2017, l\u2019entr\u00e9e de ville, \u00e0\" \/>\n<meta property=\"og:url\" content=\"https:\/\/www.cruise-friendly.com\/fr\/la-statue-de-brigitte-bardot\/\" \/>\n<meta property=\"og:site_name\" content=\"Cruise Friendly FR\" \/>\n<meta property=\"article:modified_time\" content=\"2024-07-05T12:32:08+00:00\" \/>\n<meta property=\"og:image\" content=\"https:\/\/www.cruise-friendly.com\/fr\/wp-content\/uploads\/sites\/3\/2024\/07\/statueBB-OT.jpg\" \/>\n\t<meta property=\"og:image:width\" content=\"1920\" \/>\n\t<meta property=\"og:image:height\" content=\"1440\" \/>\n<meta name=\"twitter:card\" content=\"summary_large_image\" \/>\n<meta name=\"twitter:label1\" content=\"Dur\u00e9e de lecture est.\">\n\t<meta name=\"twitter:data1\" content=\"1 minute\">\n<script type=\"application\/ld+json\" class=\"yoast-schema-graph\">{\"@context\":\"https:\/\/schema.org\",\"@graph\":[{\"@type\":\"WebSite\",\"@id\":\"https:\/\/www.cruise-friendly.com\/fr\/#website\",\"url\":\"https:\/\/www.cruise-friendly.com\/fr\/\",\"name\":\"Cruise Friendly FR\",\"description\":\"Nous nous effor\\u00e7ons de vous offrir la meilleure exp\\u00e9rience \\u00e0 terre lors de votre visite dans notre ville.\",\"potentialAction\":[{\"@type\":\"SearchAction\",\"target\":\"https:\/\/www.cruise-friendly.com\/fr\/?s={search_term_string}\",\"query-input\":\"required name=search_term_string\"}],\"inLanguage\":\"fr-FR\"},{\"@type\":\"ImageObject\",\"@id\":\"https:\/\/www.cruise-friendly.com\/fr\/la-statue-de-brigitte-bardot\/#primaryimage\",\"inLanguage\":\"fr-FR\",\"url\":\"https:\/\/www.cruise-friendly.com\/fr\/wp-content\/uploads\/sites\/3\/2024\/07\/statueBB-OT.jpg\",\"contentUrl\":\"https:\/\/www.cruise-friendly.com\/fr\/wp-content\/uploads\/sites\/3\/2024\/07\/statueBB-OT.jpg\",\"width\":1920,\"height\":1440},{\"@type\":\"WebPage\",\"@id\":\"https:\/\/www.cruise-friendly.com\/fr\/la-statue-de-brigitte-bardot\/#webpage\",\"url\":\"https:\/\/www.cruise-friendly.com\/fr\/la-statue-de-brigitte-bardot\/\",\"name\":\"La statue de Brigitte Bardot - Cruise Friendly FR\",\"isPartOf\":{\"@id\":\"https:\/\/www.cruise-friendly.com\/fr\/#website\"},\"primaryImageOfPage\":{\"@id\":\"https:\/\/www.cruise-friendly.com\/fr\/la-statue-de-brigitte-bardot\/#primaryimage\"},\"datePublished\":\"2024-07-05T09:06:54+00:00\",\"dateModified\":\"2024-07-05T12:32:08+00:00\",\"description\":\"Pour rendre hommage \\u00e0 la plus c\\u00e9l\\u00e8bre des \\u00e9toiles de Saint-Tropez, une sculpture repr\\u00e9sentant l\\u2019iconique BB orne, depuis 2017, l\\u2019entr\\u00e9e de ville, \\u00e0\",\"breadcrumb\":{\"@id\":\"https:\/\/www.cruise-friendly.com\/fr\/la-statue-de-brigitte-bardot\/#breadcrumb\"},\"inLanguage\":\"fr-FR\",\"potentialAction\":[{\"@type\":\"ReadAction\",\"target\":[\"https:\/\/www.cruise-friendly.com\/fr\/la-statue-de-brigitte-bardot\/\"]}]},{\"@type\":\"BreadcrumbList\",\"@id\":\"https:\/\/www.cruise-friendly.com\/fr\/la-statue-de-brigitte-bardot\/#breadcrumb\",\"itemListElement\":[{\"@type\":\"ListItem\",\"position\":1,\"item\":{\"@type\":\"WebPage\",\"@id\":\"https:\/\/www.cruise-friendly.com\/fr\/\",\"url\":\"https:\/\/www.cruise-friendly.com\/fr\/\",\"name\":\"Accueil\"}},{\"@type\":\"ListItem\",\"position\":2,\"item\":{\"@type\":\"WebPage\",\"@id\":\"https:\/\/www.cruise-friendly.com\/fr\/la-statue-de-brigitte-bardot\/\",\"url\":\"https:\/\/www.cruise-friendly.com\/fr\/la-statue-de-brigitte-bardot\/\",\"name\":\"La statue de Brigitte Bardot\"}}]}]}<\/script>\n<!-- \/ Yoast SEO plugin. -->","_links":{"self":[{"href":"https:\/\/www.cruise-friendly.com\/fr\/wp-json\/wp\/v2\/pages\/8673"}],"collection":[{"href":"https:\/\/www.cruise-friendly.com\/fr\/wp-json\/wp\/v2\/pages"}],"about":[{"href":"https:\/\/www.cruise-friendly.com\/fr\/wp-json\/wp\/v2\/types\/page"}],"author":[{"embeddable":true,"href":"https:\/\/www.cruise-friendly.com\/fr\/wp-json\/wp\/v2\/users\/2"}],"replies":[{"embeddable":true,"href":"https:\/\/www.cruise-friendly.com\/fr\/wp-json\/wp\/v2\/comments?post=8673"}],"version-history":[{"count":3,"href":"https:\/\/www.cruise-friendly.com\/fr\/wp-json\/wp\/v2\/pages\/8673\/revisions"}],"predecessor-version":[{"id":8714,"href":"https:\/\/www.cruise-friendly.com\/fr\/wp-json\/wp\/v2\/pages\/8673\/revisions\/8714"}],"wp:featuredmedia":[{"embeddable":true,"href":"https:\/\/www.cruise-friendly.com\/fr\/wp-json\/wp\/v2\/media\/8679"}],"wp:attachment":[{"href":"https:\/\/www.cruise-friendly.com\/fr\/wp-json\/wp\/v2\/media?parent=8673"}],"curies":[{"name":"wp","href":"https:\/\/api.w.org\/{rel}","templated":true}]}}