{"id":8675,"date":"2024-07-05T08:56:41","date_gmt":"2024-07-05T08:56:41","guid":{"rendered":"https:\/\/www.cruise-friendly.com\/fr\/?page_id=8675"},"modified":"2024-07-11T07:29:05","modified_gmt":"2024-07-11T07:29:05","slug":"la-chapelle-de-la-misericorde","status":"publish","type":"page","link":"https:\/\/www.cruise-friendly.com\/fr\/la-chapelle-de-la-misericorde\/","title":{"rendered":"La chapelle de la Mis\u00e9ricorde"},"content":{"rendered":"\n<p>La chapelle de la Mis\u00e9ricorde, situ\u00e9e dans le centre historique de Saint-Tropez, \u00e0 proximit\u00e9 de la Place des Lices, est un joyau d&rsquo;architecture baroque proven\u00e7ale du XVIIe si\u00e8cle. Elle se distingue par son clocher couvert de tuiles verniss\u00e9es multicolores. L&rsquo;int\u00e9rieur, \u00e0 la fois sobre et \u00e9l\u00e9gant, est orn\u00e9 de boiseries sculpt\u00e9es et de peintures religieuses. V\u00e9ritable tr\u00e9sor trop\u00e9zien, la chapelle refl\u00e8te l&rsquo;histoire et le patrimoine de la r\u00e9gion.<\/p>\n\n\n\n<div class=\"wp-block-buttons is-content-justification-center\">\n<div class=\"wp-block-button\"><a class=\"wp-block-button__link\">PLUS D&rsquo;INFORMATIONS<\/a><\/div>\n<\/div>\n","protected":false},"excerpt":{"rendered":"<p>La chapelle de la Mis\u00e9ricorde, situ\u00e9e dans le centre historique de Saint-Tropez, \u00e0 proximit\u00e9 de la Place des Lices, est un joyau d&rsquo;architecture baroque proven\u00e7ale du XVIIe si\u00e8cle. Elle se distingue par son clocher couvert de tuiles verniss\u00e9es multicolores. L&rsquo;int\u00e9rieur, \u00e0 la fois sobre et \u00e9l\u00e9gant, est orn\u00e9 de boiseries sculpt\u00e9es et de peintures religieuses. [&hellip;]<\/p>\n","protected":false},"author":2,"featured_media":0,"parent":0,"menu_order":0,"comment_status":"closed","ping_status":"closed","template":"","meta":{"_relevanssi_hide_post":"","_relevanssi_pin_for_all":"","_relevanssi_pin_keywords":"","_relevanssi_unpin_keywords":"","_relevanssi_related_keywords":"","_relevanssi_related_include_ids":"","_relevanssi_related_exclude_ids":"","_relevanssi_related_no_append":"","_relevanssi_related_not_related":"","_relevanssi_related_posts":"847,521,837,245","_relevanssi_noindex_reason":""},"yoast_head":"<!-- This site is optimized with the Yoast SEO plugin v16.1.1 - https:\/\/yoast.com\/wordpress\/plugins\/seo\/ -->\n<meta name=\"description\" content=\"La chapelle de la Mis\u00e9ricorde, situ\u00e9e dans le centre historique de Saint-Tropez, \u00e0 proximit\u00e9 de la Place des Lices, est un joyau d&#039;architecture baroque\" \/>\n<link rel=\"canonical\" href=\"https:\/\/www.cruise-friendly.com\/fr\/la-chapelle-de-la-misericorde\/\" \/>\n<meta property=\"og:locale\" content=\"fr_FR\" \/>\n<meta property=\"og:type\" content=\"article\" \/>\n<meta property=\"og:title\" content=\"La chapelle de la Mis\u00e9ricorde - Cruise Friendly FR\" \/>\n<meta property=\"og:description\" content=\"La chapelle de la Mis\u00e9ricorde, situ\u00e9e dans le centre historique de Saint-Tropez, \u00e0 proximit\u00e9 de la Place des Lices, est un joyau d&#039;architecture baroque\" \/>\n<meta property=\"og:url\" content=\"https:\/\/www.cruise-friendly.com\/fr\/la-chapelle-de-la-misericorde\/\" \/>\n<meta property=\"og:site_name\" content=\"Cruise Friendly FR\" \/>\n<meta property=\"article:modified_time\" content=\"2024-07-11T07:29:05+00:00\" \/>\n<meta property=\"og:image\" content=\"https:\/\/www.cruise-friendly.com\/fr\/wp-content\/uploads\/sites\/3\/2020\/06\/sun-var-provence-cruise-pro.jpg\" \/>\n\t<meta property=\"og:image:width\" content=\"1220\" \/>\n\t<meta property=\"og:image:height\" content=\"540\" \/>\n<meta name=\"twitter:card\" content=\"summary_large_image\" \/>\n<meta name=\"twitter:label1\" content=\"Dur\u00e9e de lecture est.\">\n\t<meta name=\"twitter:data1\" content=\"1 minute\">\n<script type=\"application\/ld+json\" class=\"yoast-schema-graph\">{\"@context\":\"https:\/\/schema.org\",\"@graph\":[{\"@type\":\"WebSite\",\"@id\":\"https:\/\/www.cruise-friendly.com\/fr\/#website\",\"url\":\"https:\/\/www.cruise-friendly.com\/fr\/\",\"name\":\"Cruise Friendly FR\",\"description\":\"Nous nous effor\\u00e7ons de vous offrir la meilleure exp\\u00e9rience \\u00e0 terre lors de votre visite dans notre ville.\",\"potentialAction\":[{\"@type\":\"SearchAction\",\"target\":\"https:\/\/www.cruise-friendly.com\/fr\/?s={search_term_string}\",\"query-input\":\"required name=search_term_string\"}],\"inLanguage\":\"fr-FR\"},{\"@type\":\"WebPage\",\"@id\":\"https:\/\/www.cruise-friendly.com\/fr\/la-chapelle-de-la-misericorde\/#webpage\",\"url\":\"https:\/\/www.cruise-friendly.com\/fr\/la-chapelle-de-la-misericorde\/\",\"name\":\"La chapelle de la Mis\\u00e9ricorde - Cruise Friendly FR\",\"isPartOf\":{\"@id\":\"https:\/\/www.cruise-friendly.com\/fr\/#website\"},\"datePublished\":\"2024-07-05T08:56:41+00:00\",\"dateModified\":\"2024-07-11T07:29:05+00:00\",\"description\":\"La chapelle de la Mis\\u00e9ricorde, situ\\u00e9e dans le centre historique de Saint-Tropez, \\u00e0 proximit\\u00e9 de la Place des Lices, est un joyau d'architecture baroque\",\"breadcrumb\":{\"@id\":\"https:\/\/www.cruise-friendly.com\/fr\/la-chapelle-de-la-misericorde\/#breadcrumb\"},\"inLanguage\":\"fr-FR\",\"potentialAction\":[{\"@type\":\"ReadAction\",\"target\":[\"https:\/\/www.cruise-friendly.com\/fr\/la-chapelle-de-la-misericorde\/\"]}]},{\"@type\":\"BreadcrumbList\",\"@id\":\"https:\/\/www.cruise-friendly.com\/fr\/la-chapelle-de-la-misericorde\/#breadcrumb\",\"itemListElement\":[{\"@type\":\"ListItem\",\"position\":1,\"item\":{\"@type\":\"WebPage\",\"@id\":\"https:\/\/www.cruise-friendly.com\/fr\/\",\"url\":\"https:\/\/www.cruise-friendly.com\/fr\/\",\"name\":\"Accueil\"}},{\"@type\":\"ListItem\",\"position\":2,\"item\":{\"@type\":\"WebPage\",\"@id\":\"https:\/\/www.cruise-friendly.com\/fr\/la-chapelle-de-la-misericorde\/\",\"url\":\"https:\/\/www.cruise-friendly.com\/fr\/la-chapelle-de-la-misericorde\/\",\"name\":\"La chapelle de la Mis\\u00e9ricorde\"}}]}]}<\/script>\n<!-- \/ Yoast SEO plugin. -->","_links":{"self":[{"href":"https:\/\/www.cruise-friendly.com\/fr\/wp-json\/wp\/v2\/pages\/8675"}],"collection":[{"href":"https:\/\/www.cruise-friendly.com\/fr\/wp-json\/wp\/v2\/pages"}],"about":[{"href":"https:\/\/www.cruise-friendly.com\/fr\/wp-json\/wp\/v2\/types\/page"}],"author":[{"embeddable":true,"href":"https:\/\/www.cruise-friendly.com\/fr\/wp-json\/wp\/v2\/users\/2"}],"replies":[{"embeddable":true,"href":"https:\/\/www.cruise-friendly.com\/fr\/wp-json\/wp\/v2\/comments?post=8675"}],"version-history":[{"count":3,"href":"https:\/\/www.cruise-friendly.com\/fr\/wp-json\/wp\/v2\/pages\/8675\/revisions"}],"predecessor-version":[{"id":8719,"href":"https:\/\/www.cruise-friendly.com\/fr\/wp-json\/wp\/v2\/pages\/8675\/revisions\/8719"}],"wp:attachment":[{"href":"https:\/\/www.cruise-friendly.com\/fr\/wp-json\/wp\/v2\/media?parent=8675"}],"curies":[{"name":"wp","href":"https:\/\/api.w.org\/{rel}","templated":true}]}}